{"id":972,"date":"2018-06-21T14:25:09","date_gmt":"2018-06-21T12:25:09","guid":{"rendered":"https:\/\/www.pamelatarget.com\/?page_id=972"},"modified":"2018-09-23T17:51:11","modified_gmt":"2018-09-23T15:51:11","slug":"pts01e20-credits","status":"publish","type":"page","link":"https:\/\/www.pamelatarget.com\/index.php\/pts01e20-credits\/","title":{"rendered":"PTS01E20 &#8211; Tu vois, Tuco, le monde se divise en deux&#8230;"},"content":{"rendered":"<h3 style=\"text-align: center;\"><strong>PTS01E20 : <em>T<\/em><\/strong><i><strong>u vois, Tuco, le monde se divise en deux&#8230;<\/strong><br \/>\n<\/i><\/h3>\n<p style=\"text-align: center;\"><em>O\u00f9 l&rsquo;ennemi public num\u00e9ro un de l&rsquo;Arche d\u00e9cide de monter un gang !<\/em><\/p>\n<p style=\"text-align: center;\">Branche tes \u00e9couteurs et Bim ! Lance la lecture :<\/p>\n<p>&nbsp;<\/p>\n<p style=\"text-align: left;\"><iframe loading=\"lazy\" src=\"https:\/\/w.soundcloud.com\/player\/?url=https%3A\/\/api.soundcloud.com\/tracks\/464170005&amp;color=%23ff5500&amp;auto_play=false&amp;hide_related=false&amp;show_comments=true&amp;show_user=true&amp;show_reposts=false&amp;show_teaser=true\" width=\"100%\" height=\"166\" frameborder=\"no\" scrolling=\"no\" data-mce-fragment=\"1\"><\/iframe><\/p>\n<p>&nbsp;<\/p>\n<p style=\"text-align: center;\">Pour ne pas rater les prochains \u00e9pisodes et si tu n&rsquo;es pas encore abonn\u00e9,<\/p>\n<p style=\"text-align: center;\">c&rsquo;est ici<span style=\"color: #800080;\"><strong> <a style=\"color: #800080;\" href=\"https:\/\/www.pamelatarget.com\/index.php\/vip-club\/\">CLUB VIP PAMELA TARGET<\/a>\u00a0<\/strong><\/span><\/p>\n<p><img loading=\"lazy\" decoding=\"async\" class=\"size-medium wp-image-983 aligncenter\" src=\"https:\/\/www.pamelatarget.com\/wp-content\/uploads\/2018\/06\/Pamela-Target-S01E20-300-300x300.png\" alt=\"\" width=\"300\" height=\"300\" srcset=\"https:\/\/www.pamelatarget.com\/wp-content\/uploads\/2018\/06\/Pamela-Target-S01E20-300-300x300.png 300w, https:\/\/www.pamelatarget.com\/wp-content\/uploads\/2018\/06\/Pamela-Target-S01E20-300-150x150.png 150w, https:\/\/www.pamelatarget.com\/wp-content\/uploads\/2018\/06\/Pamela-Target-S01E20-300-768x768.png 768w, https:\/\/www.pamelatarget.com\/wp-content\/uploads\/2018\/06\/Pamela-Target-S01E20-300-1024x1024.png 1024w\" sizes=\"auto, (max-width: 300px) 100vw, 300px\" \/><\/p>\n<h3>\u00a0<strong>CREDITS<\/strong><\/h3>\n<p><strong>Ecrit par<\/strong> Katia Grivot, David Neau et Pascal Senicourt<\/p>\n<p><strong>R\u00e9alis\u00e9, mont\u00e9 et mix\u00e9<\/strong> <strong>par<\/strong> Katia Grivot<\/p>\n<p><strong>Anim\u00e9 pour Youtube par<\/strong> Pascal Senicourt<\/p>\n<p><strong>Musiques <\/strong><\/p>\n<p>g\u00e9n\u00e9riques\u00a0par Domingo Olmo Martin<\/p>\n<p align=\"LEFT\">Chapstick par Everet Almond<\/p>\n<p>The_New_Order par <a href=\"https:\/\/www.youtube.com\/channel\/UCVAggfwI4hnkA2WO6-xC06Q\" target=\"_blank\" rel=\"noopener\">Aaron Kenny<\/a><\/p>\n<p>&nbsp;<\/p>\n<h6><strong>Par ordre d\u2019apparition<\/strong><\/h6>\n<p>Rodrigue le cochon Dingue : David Chamalet<\/p>\n<p>Soledad la sole : Grika<\/p>\n<p>Domingo le cochon Dingue : J\u00e9r\u00f4me Th\u00e9venet<\/p>\n<p>Peter Pan Pan le lapin : Domingo Olmo Martin<\/p>\n<p>&nbsp;<\/p>\n<p>Dans cet e\u0301pisode de nombreux sons sont tire\u0301s de Freesound. Voici l\u2019ensemble des cre\u0301dits concerne\u0301s :<\/p>\n<p><a href=\"https:\/\/freesound.org\/people\/matucha\/sounds\/187021\/\" target=\"_blank\" rel=\"noopener\">harley_passby_01.wav<\/a> by <a href=\"https:\/\/freesound.org\/people\/matucha\/\" target=\"_blank\" rel=\"noopener\">matucha<\/a> | <span style=\"color: #808080;\">License: <\/span>Attribution Noncommercial<\/p>\n<p><a href=\"https:\/\/freesound.org\/people\/allencote\/sounds\/81068\/\" target=\"_blank\" rel=\"noopener\">Harley_01.wav<\/a> by <a href=\"https:\/\/freesound.org\/people\/allencote\/\" target=\"_blank\" rel=\"noopener\">allencote<\/a> | <span style=\"color: #808080;\">License: <\/span>Creative Commons 0<\/p>\n<p>&nbsp;<\/p>\n<p align=\"left\"><strong>Vignette<\/strong> :<\/p>\n<div>Icons made by <a title=\"Vectors Market\" href=\"https:\/\/www.flaticon.com\/authors\/vectors-market\" target=\"_blank\" rel=\"noopener\">Vectors Market<\/a> from <a title=\"Flaticon\" href=\"https:\/\/www.flaticon.com\/\" target=\"_blank\" rel=\"noopener\">www.flaticon.com<\/a> is licensed by <a title=\"Creative Commons BY 3.0\" href=\"http:\/\/creativecommons.org\/licenses\/by\/3.0\/\" target=\"_blank\" rel=\"noopener\">CC 3.0 BY<\/a><\/div>\n<div><\/div>\n<div><\/div>\n<div><\/div>\n<div style=\"text-align: center;\">Tu peux aussi choisir un autre moyen d\u2019\u00e9coute. T\u2019inqui\u00e8te, c\u2019est gratuit :<\/div>\n<div>\n<p><a href=\"https:\/\/itunes.apple.com\/fr\/podcast\/pamela-target-saison-1\/id1347089265?mt=2\" target=\"_blank\" rel=\"noopener\"><img loading=\"lazy\" decoding=\"async\" class=\"size-medium wp-image-479 aligncenter\" src=\"https:\/\/www.pamelatarget.com\/wp-content\/uploads\/2018\/02\/Get_it_on_iTunes_Badge_FR_1114-300x109.png\" alt=\"\" width=\"300\" height=\"109\" srcset=\"https:\/\/www.pamelatarget.com\/wp-content\/uploads\/2018\/02\/Get_it_on_iTunes_Badge_FR_1114-300x109.png 300w, https:\/\/www.pamelatarget.com\/wp-content\/uploads\/2018\/02\/Get_it_on_iTunes_Badge_FR_1114-768x279.png 768w, https:\/\/www.pamelatarget.com\/wp-content\/uploads\/2018\/02\/Get_it_on_iTunes_Badge_FR_1114-1024x372.png 1024w, https:\/\/www.pamelatarget.com\/wp-content\/uploads\/2018\/02\/Get_it_on_iTunes_Badge_FR_1114.png 1194w\" sizes=\"auto, (max-width: 300px) 100vw, 300px\" \/><\/a><\/p>\n<p>&nbsp;<\/p>\n<p><a href=\"https:\/\/soundcloud.com\/user-149328996\/pts01e20-tu-vois-tuco-le-monde-se-divise-en-deux\" target=\"_blank\" rel=\"noopener\"><img loading=\"lazy\" decoding=\"async\" class=\"size-medium wp-image-477 aligncenter\" src=\"https:\/\/www.pamelatarget.com\/wp-content\/uploads\/2018\/02\/SoundCloud_logo_orange_color_plain.svg_-300x171.png\" alt=\"\" width=\"300\" height=\"171\" srcset=\"https:\/\/www.pamelatarget.com\/wp-content\/uploads\/2018\/02\/SoundCloud_logo_orange_color_plain.svg_-300x171.png 300w, https:\/\/www.pamelatarget.com\/wp-content\/uploads\/2018\/02\/SoundCloud_logo_orange_color_plain.svg_-768x438.png 768w, https:\/\/www.pamelatarget.com\/wp-content\/uploads\/2018\/02\/SoundCloud_logo_orange_color_plain.svg_-1024x584.png 1024w, https:\/\/www.pamelatarget.com\/wp-content\/uploads\/2018\/02\/SoundCloud_logo_orange_color_plain.svg_.png 1200w\" sizes=\"auto, (max-width: 300px) 100vw, 300px\" \/><\/a><\/p>\n<p>&nbsp;<\/p>\n<p>&nbsp;<\/p>\n<p><a href=\"https:\/\/www.deezer.com\/fr\/episode\/5374531\" target=\"_blank\" rel=\"noopener\"><img loading=\"lazy\" decoding=\"async\" class=\"size-medium wp-image-574 aligncenter\" src=\"https:\/\/www.pamelatarget.com\/wp-content\/uploads\/2018\/02\/deezer-logo-300x168.png\" alt=\"\" width=\"300\" height=\"168\" \/><\/a><\/p>\n<\/div>\n","protected":false},"excerpt":{"rendered":"<p>PTS01E20 : Tu vois, Tuco, le monde se divise en deux&#8230; O\u00f9 l&rsquo;ennemi public num\u00e9ro un de l&rsquo;Arche d\u00e9cide de monter un gang ! Branche tes \u00e9couteurs et Bim ! Lance la lecture : &nbsp; &nbsp; Pour ne pas rater les prochains \u00e9pisodes et si tu n&rsquo;es pas encore abonn\u00e9, c&rsquo;est ici CLUB VIP PAMELA [&hellip;]<\/p>\n","protected":false},"author":2,"featured_media":983,"parent":0,"menu_order":0,"comment_status":"closed","ping_status":"closed","template":"","meta":{"footnotes":""},"class_list":["post-972","page","type-page","status-publish","has-post-thumbnail","hentry"],"_links":{"self":[{"href":"https:\/\/www.pamelatarget.com\/index.php\/wp-json\/wp\/v2\/pages\/972","targetHints":{"allow":["GET"]}}],"collection":[{"href":"https:\/\/www.pamelatarget.com\/index.php\/wp-json\/wp\/v2\/pages"}],"about":[{"href":"https:\/\/www.pamelatarget.com\/index.php\/wp-json\/wp\/v2\/types\/page"}],"author":[{"embeddable":true,"href":"https:\/\/www.pamelatarget.com\/index.php\/wp-json\/wp\/v2\/users\/2"}],"replies":[{"embeddable":true,"href":"https:\/\/www.pamelatarget.com\/index.php\/wp-json\/wp\/v2\/comments?post=972"}],"version-history":[{"count":14,"href":"https:\/\/www.pamelatarget.com\/index.php\/wp-json\/wp\/v2\/pages\/972\/revisions"}],"predecessor-version":[{"id":1264,"href":"https:\/\/www.pamelatarget.com\/index.php\/wp-json\/wp\/v2\/pages\/972\/revisions\/1264"}],"wp:featuredmedia":[{"embeddable":true,"href":"https:\/\/www.pamelatarget.com\/index.php\/wp-json\/wp\/v2\/media\/983"}],"wp:attachment":[{"href":"https:\/\/www.pamelatarget.com\/index.php\/wp-json\/wp\/v2\/media?parent=972"}],"curies":[{"name":"wp","href":"https:\/\/api.w.org\/{rel}","templated":true}]}}