{"id":897,"date":"2018-05-24T12:01:09","date_gmt":"2018-05-24T10:01:09","guid":{"rendered":"https:\/\/www.pamelatarget.com\/?page_id=897"},"modified":"2018-09-28T21:39:10","modified_gmt":"2018-09-28T19:39:10","slug":"pts01e16-credits","status":"publish","type":"page","link":"https:\/\/www.pamelatarget.com\/index.php\/pts01e16-credits\/","title":{"rendered":"PTS01E16 &#8211;  C&rsquo;est quoi ton film d&rsquo;horreur pr\u00e9f\u00e9r\u00e9 ?"},"content":{"rendered":"<h3 style=\"text-align: center;\"><strong>PTS01E16 : <\/strong><i><strong>C&rsquo;est quoi ton film d&rsquo;horreur pr\u00e9f\u00e9r\u00e9 ?<\/strong><br \/>\n<\/i><\/h3>\n<p style=\"text-align: center;\"><em>Le petit coup de fil amical d&rsquo;un PSYCHOPATHE \u00e0 sa victime&#8230;<\/em><\/p>\n<p style=\"text-align: center;\">Branche tes \u00e9couteurs et Bim ! Lance la lecture :<\/p>\n<p>&nbsp;<\/p>\n<p><iframe loading=\"lazy\" src=\"https:\/\/w.soundcloud.com\/player\/?url=https%3A\/\/api.soundcloud.com\/tracks\/451106724&amp;color=%23ff5500&amp;auto_play=false&amp;hide_related=false&amp;show_comments=true&amp;show_user=true&amp;show_reposts=false&amp;show_teaser=true\" width=\"100%\" height=\"166\" frameborder=\"no\" scrolling=\"no\"><\/iframe><\/p>\n<p>&nbsp;<\/p>\n<p style=\"text-align: center;\">Pour ne pas rater les prochains \u00e9pisodes et si tu n&rsquo;es pas encore abonn\u00e9,<\/p>\n<p style=\"text-align: center;\">c&rsquo;est ici<span style=\"color: #800080;\"><strong> <a style=\"color: #800080;\" href=\"https:\/\/www.pamelatarget.com\/index.php\/vip-club\/\">CLUB VIP PAMELA TARGET<\/a>\u00a0<\/strong><\/span><\/p>\n<p>&nbsp;<\/p>\n<p style=\"text-align: center;\"><img loading=\"lazy\" decoding=\"async\" class=\"aligncenter size-medium wp-image-899\" src=\"https:\/\/www.pamelatarget.com\/wp-content\/uploads\/2018\/05\/pamela-target-300DPIep16-micro-300x300.jpg\" alt=\"\" width=\"300\" height=\"300\" srcset=\"https:\/\/www.pamelatarget.com\/wp-content\/uploads\/2018\/05\/pamela-target-300DPIep16-micro-300x300.jpg 300w, https:\/\/www.pamelatarget.com\/wp-content\/uploads\/2018\/05\/pamela-target-300DPIep16-micro-150x150.jpg 150w, https:\/\/www.pamelatarget.com\/wp-content\/uploads\/2018\/05\/pamela-target-300DPIep16-micro-768x768.jpg 768w, https:\/\/www.pamelatarget.com\/wp-content\/uploads\/2018\/05\/pamela-target-300DPIep16-micro-1024x1024.jpg 1024w, https:\/\/www.pamelatarget.com\/wp-content\/uploads\/2018\/05\/pamela-target-300DPIep16-micro.jpg 1250w\" sizes=\"auto, (max-width: 300px) 100vw, 300px\" \/><\/p>\n<h3><\/h3>\n<h3>\u00a0<strong>CREDITS<\/strong><\/h3>\n<p><strong>Ecrit par<\/strong> Katia Grivot, David Neau et Pascal Senicourt<\/p>\n<p><strong>R\u00e9alis\u00e9, mont\u00e9 et mix\u00e9<\/strong> <strong>par<\/strong> Katia Grivot<\/p>\n<p><strong>Anim\u00e9 pour Youtube par<\/strong> Pascal Senicourt (enfin bon il en est encore a l&rsquo;\u00e9pisode 8&#8230; alors avant que ca apparaisse)<\/p>\n<p><strong>Musiques <\/strong><\/p>\n<p>g\u00e9n\u00e9riques\u00a0par Domingo Olmo Martin<br \/>\nClassic Horror 1 &#8211; Dark World par Kevin MacLeod est distribu\u00e9 sous la licence Creative Commons Attribution (https:\/\/creativecommons.org\/licenses\/by\/4.0\/)<\/p>\n<p>Source : http:\/\/incompetech.com\/music\/royalty-free\/index.html?<br \/>\nHorror Music par Audionautix est distribu\u00e9 sous la licence Creative Commons Attribution (https:\/\/creativecommons.org\/licenses\/by\/4.0\/)<\/p>\n<p>&nbsp;<\/p>\n<h6><strong>Par ordre d\u2019apparition<\/strong><\/h6>\n<p>Giulietta la cochonne : Grika<br \/>\nPeter Pan Pan le lapin : Domingo Olmo Martin<br \/>\nHector le porc : David Neau<\/p>\n<p>Dans cet \u00e9pisode de nombreux sons sont tir\u00e9s de Freesound. Voici l\u2019ensemble des cr\u00e9dits concern\u00e9s\u00a0:<br \/>\nAK47 SFX.mp3 by kennysvoice | License: Creative Commons 0<br \/>\nPick Phone Up + Down 1 by FlatHill | License: Creative Commons<br \/>\nPhone pick up \/ hang up by deraj | License: Creative Commons<br \/>\ntele_Ring.wav by KeeKee | License: Creative Commons 0<\/p>\n<p>&nbsp;<\/p>\n<div>Icons made by <a title=\"Vectors Market\" href=\"https:\/\/www.flaticon.com\/authors\/vectors-market\" target=\"_blank\" rel=\"noopener\">Vectors Market<\/a> from <a title=\"Flaticon\" href=\"https:\/\/www.flaticon.com\/\" target=\"_blank\" rel=\"noopener\">www.flaticon.com<\/a> is licensed by <a title=\"Creative Commons BY 3.0\" href=\"http:\/\/creativecommons.org\/licenses\/by\/3.0\/\" target=\"_blank\" rel=\"noopener\">CC 3.0 BY<\/a><\/div>\n<div>\n<p>&nbsp;<\/p>\n<p style=\"text-align: center;\">Tu peux aussi choisir un autre moyen d\u2019\u00e9coute. T\u2019inqui\u00e8te, c\u2019est gratuit :<\/p>\n<p><a href=\"https:\/\/itunes.apple.com\/fr\/podcast\/pamela-target-saison-1\/id1347089265?mt=2\" target=\"_blank\" rel=\"noopener\"><img loading=\"lazy\" decoding=\"async\" class=\"size-medium wp-image-479 aligncenter\" src=\"https:\/\/www.pamelatarget.com\/wp-content\/uploads\/2018\/02\/Get_it_on_iTunes_Badge_FR_1114-300x109.png\" alt=\"\" width=\"300\" height=\"109\" srcset=\"https:\/\/www.pamelatarget.com\/wp-content\/uploads\/2018\/02\/Get_it_on_iTunes_Badge_FR_1114-300x109.png 300w, https:\/\/www.pamelatarget.com\/wp-content\/uploads\/2018\/02\/Get_it_on_iTunes_Badge_FR_1114-768x279.png 768w, https:\/\/www.pamelatarget.com\/wp-content\/uploads\/2018\/02\/Get_it_on_iTunes_Badge_FR_1114-1024x372.png 1024w, https:\/\/www.pamelatarget.com\/wp-content\/uploads\/2018\/02\/Get_it_on_iTunes_Badge_FR_1114.png 1194w\" sizes=\"auto, (max-width: 300px) 100vw, 300px\" \/><\/a><\/p>\n<p>&nbsp;<\/p>\n<p><a href=\"https:\/\/soundcloud.com\/user-149328996\/pts01e16-cest-quoi-ton-film-d-horreur-prefere\" target=\"_blank\" rel=\"noopener\"><img loading=\"lazy\" decoding=\"async\" class=\"size-medium wp-image-477 aligncenter\" src=\"https:\/\/www.pamelatarget.com\/wp-content\/uploads\/2018\/02\/SoundCloud_logo_orange_color_plain.svg_-300x171.png\" alt=\"\" width=\"300\" height=\"171\" srcset=\"https:\/\/www.pamelatarget.com\/wp-content\/uploads\/2018\/02\/SoundCloud_logo_orange_color_plain.svg_-300x171.png 300w, https:\/\/www.pamelatarget.com\/wp-content\/uploads\/2018\/02\/SoundCloud_logo_orange_color_plain.svg_-768x438.png 768w, https:\/\/www.pamelatarget.com\/wp-content\/uploads\/2018\/02\/SoundCloud_logo_orange_color_plain.svg_-1024x584.png 1024w, https:\/\/www.pamelatarget.com\/wp-content\/uploads\/2018\/02\/SoundCloud_logo_orange_color_plain.svg_.png 1200w\" sizes=\"auto, (max-width: 300px) 100vw, 300px\" \/><\/a><\/p>\n<p>&nbsp;<\/p>\n<p>&nbsp;<\/p>\n<p><a href=\"https:\/\/www.deezer.com\/fr\/episode\/5204183\" target=\"_blank\" rel=\"noopener\"><img loading=\"lazy\" decoding=\"async\" class=\"size-medium wp-image-574 aligncenter\" src=\"https:\/\/www.pamelatarget.com\/wp-content\/uploads\/2018\/02\/deezer-logo-300x168.png\" alt=\"\" width=\"300\" height=\"168\" \/><\/a><\/p>\n<\/div>\n","protected":false},"excerpt":{"rendered":"<p>PTS01E16 : C&rsquo;est quoi ton film d&rsquo;horreur pr\u00e9f\u00e9r\u00e9 ? Le petit coup de fil amical d&rsquo;un PSYCHOPATHE \u00e0 sa victime&#8230; Branche tes \u00e9couteurs et Bim ! Lance la lecture : &nbsp; &nbsp; Pour ne pas rater les prochains \u00e9pisodes et si tu n&rsquo;es pas encore abonn\u00e9, c&rsquo;est ici CLUB VIP PAMELA TARGET\u00a0 &nbsp; \u00a0CREDITS Ecrit [&hellip;]<\/p>\n","protected":false},"author":3,"featured_media":899,"parent":0,"menu_order":0,"comment_status":"closed","ping_status":"closed","template":"","meta":{"footnotes":""},"class_list":["post-897","page","type-page","status-publish","has-post-thumbnail","hentry"],"_links":{"self":[{"href":"https:\/\/www.pamelatarget.com\/index.php\/wp-json\/wp\/v2\/pages\/897","targetHints":{"allow":["GET"]}}],"collection":[{"href":"https:\/\/www.pamelatarget.com\/index.php\/wp-json\/wp\/v2\/pages"}],"about":[{"href":"https:\/\/www.pamelatarget.com\/index.php\/wp-json\/wp\/v2\/types\/page"}],"author":[{"embeddable":true,"href":"https:\/\/www.pamelatarget.com\/index.php\/wp-json\/wp\/v2\/users\/3"}],"replies":[{"embeddable":true,"href":"https:\/\/www.pamelatarget.com\/index.php\/wp-json\/wp\/v2\/comments?post=897"}],"version-history":[{"count":15,"href":"https:\/\/www.pamelatarget.com\/index.php\/wp-json\/wp\/v2\/pages\/897\/revisions"}],"predecessor-version":[{"id":1244,"href":"https:\/\/www.pamelatarget.com\/index.php\/wp-json\/wp\/v2\/pages\/897\/revisions\/1244"}],"wp:featuredmedia":[{"embeddable":true,"href":"https:\/\/www.pamelatarget.com\/index.php\/wp-json\/wp\/v2\/media\/899"}],"wp:attachment":[{"href":"https:\/\/www.pamelatarget.com\/index.php\/wp-json\/wp\/v2\/media?parent=897"}],"curies":[{"name":"wp","href":"https:\/\/api.w.org\/{rel}","templated":true}]}}