{"id":750,"date":"2018-03-22T11:50:44","date_gmt":"2018-03-22T10:50:44","guid":{"rendered":"https:\/\/www.pamelatarget.com\/?page_id=750"},"modified":"2019-02-26T15:24:00","modified_gmt":"2019-02-26T14:24:00","slug":"pt-s01e08-credits","status":"publish","type":"page","link":"https:\/\/www.pamelatarget.com\/index.php\/pt-s01e08-credits\/","title":{"rendered":"PT S01E08 &#8211; On est toujours coinc\u00e9 dans cette p&#8230; de boule de morve !"},"content":{"rendered":"<h3 style=\"text-align: center;\"><strong>PTS01E08 : On est toujours coinc\u00e9 dans cette p&#8230; de boule de morve !<\/strong><\/h3>\n<p style=\"text-align: center;\">\u00ab\u00a0Elle est comme une boule de flipper\u2026 Qui roule, qui roule\u00a0!\u00a0\u00bb oui mais jusqu\u2019o\u00f9 ira-t-elle\u00a0?<\/p>\n<p style=\"text-align: center;\">Attachez votre ceinture, \u00e7a va secouer ! Le couvre-feu est imminent, que va-t-il arriver \u00e0 nos h\u00e9ros coinc\u00e9s dans leur p*de boule de morve ?<\/p>\n<p style=\"text-align: center;\">Branche tes \u00e9couteurs et Bim ! Lance la lecture :<\/p>\n<p><iframe loading=\"lazy\" src=\"https:\/\/embed.radiopublic.com\/e?if=pamela-target-8XR1ee&amp;ge=s1!37481e58bf426a16a6cafa74fb11423ebcbda829\" width=\"100%\" height=\"185\" frameborder=\"0\" scrolling=\"no\" sandbox=\"allow-same-origin allow-scripts allow-top-navigation allow-popups\"><\/iframe><\/p>\n<p style=\"text-align: center;\">Pour ne pas rater les prochains \u00e9pisodes et si tu n&rsquo;es pas encore abonn\u00e9,<\/p>\n<p style=\"text-align: center;\">c&rsquo;est ici<span style=\"color: #800080;\"><strong> <a style=\"color: #800080;\" href=\"https:\/\/www.pamelatarget.com\/index.php\/vip-club\/\">CLUB VIP PAMELA TARGET<\/a>\u00a0<\/strong><\/span><\/p>\n<p><img loading=\"lazy\" decoding=\"async\" width=\"300\" height=\"300\" class=\"aligncenter size-medium wp-image-773\" src=\"https:\/\/www.pamelatarget.com\/wp-content\/uploads\/2018\/03\/pamela-target-ep08-300dpi-300x300.png\" alt=\"\" \/><\/p>\n<h3><strong>CREDITS<\/strong><\/h3>\n<p class=\"western\"><strong>Ecrit<\/strong> par Katia Grivot, David Neau et Pascal Senicourt<\/p>\n<p class=\"western\"><strong>R\u00e9alis\u00e9, mont\u00e9 et mix\u00e9<\/strong> par Katia Grivot<\/p>\n<p class=\"western\"><strong>Anim\u00e9 pour Youtube<\/strong> par Pascal Senicourt<\/p>\n<p class=\"western\"><strong>Musiques<\/strong> :<\/p>\n<p class=\"western\">g\u00e9n\u00e9rique\u00a0par Domingo Olmo Martin<\/p>\n<p>R<span style=\"font-size: medium;\">etro par <a href=\"https:\/\/www.youtube.com\/channel\/UCDPtWMRgR85Bus-RSojW60w\" target=\"_blank\" rel=\"noopener\">Wayne Jones<\/a><\/span><\/p>\n<p><span style=\"font-size: medium;\">Cataclysmic_Molten_Core par Jingle Punks<\/span><\/p>\n<p>&nbsp;<\/p>\n<h6 class=\"western\"><strong>Par ordre d\u2019apparition<\/strong><\/h6>\n<p>Bruce l&rsquo;\u00e9meu : David Chamalet<\/p>\n<p>Bill le bousier : J\u00e9r\u00f4me Th\u00e9venet<\/p>\n<p>Giulietta la cochonne : Grika<\/p>\n<p>Ryu le fugu : David Neau<\/p>\n<p>Paulo le blaireau :\u00a0 Pascal Senicourt<\/p>\n<p>Ally, l&rsquo;ordinateur central : Grika<\/p>\n<p>&nbsp;<\/p>\n<p>Cet \u00e9pisode utilise plusieurs sons freesound, retrouvez la liste des cr\u00e9dits ici :<\/p>\n<p><a href=\"https:\/\/freesound.org\/people\/DudeAwesome\/sounds\/386067\/\" target=\"_blank\" rel=\"noopener\">Shuttle to Station Sounds &amp; Sound Bites<\/a> by <a href=\"https:\/\/freesound.org\/people\/DudeAwesome\/\" target=\"_blank\" rel=\"noopener\">DudeAwesome<\/a> | License: Attribution<\/p>\n<p><span style=\"font-size: small;\"><a href=\"https:\/\/freesound.org\/people\/billox30\/sounds\/167927\/\" target=\"_blank\" rel=\"noopener\">Squelch.flac<\/a> by <a href=\"https:\/\/freesound.org\/people\/billox30\/\" target=\"_blank\" rel=\"noopener\">billox30<\/a> | License: Creative Commons 0 <\/span><\/p>\n<p><span style=\"font-size: small;\"><b><a href=\"https:\/\/freesound.org\/people\/bahaish\/sounds\/145786\/\" target=\"_blank\" rel=\"noopener\">Rope Cracking<\/a> by <a href=\"https:\/\/freesound.org\/people\/bahaish\/\" target=\"_blank\" rel=\"noopener\">bahaish<\/a> | <\/b>License: Creative Commons 0 <\/span><\/p>\n<p><a href=\"https:\/\/freesound.org\/people\/jorickhoofd\/sounds\/160045\/\" target=\"_blank\" rel=\"noopener\">Metal hit with metal bar resonance<\/a> by <a href=\"https:\/\/freesound.org\/people\/jorickhoofd\/\" target=\"_blank\" rel=\"noopener\">jorickhoofd<\/a> | <span style=\"color: #808080;\">License: <\/span>Attribution<\/p>\n<p><a href=\"https:\/\/freesound.org\/people\/mikaelfernstrom\/sounds\/68652\/\" target=\"_blank\" rel=\"noopener\">BallWood.wav<\/a> by <a href=\"https:\/\/freesound.org\/people\/mikaelfernstrom\/\" target=\"_blank\" rel=\"noopener\">mikaelfernstrom<\/a> | <span style=\"color: #808080;\">License: <\/span>Attribution<\/p>\n<p><a href=\"https:\/\/freesound.org\/people\/FlatHill\/sounds\/237729\/\" target=\"_blank\" rel=\"noopener\">Rain and Thunder 4<\/a> by <a href=\"https:\/\/freesound.org\/people\/FlatHill\/\" target=\"_blank\" rel=\"noopener\">FlatHill<\/a> | <span style=\"color: #808080;\">License: <\/span>Creative Commons 0<\/p>\n<p><a href=\"https:\/\/freesound.org\/people\/juskiddink\/sounds\/101933\/\" target=\"_blank\" rel=\"noopener\">Dry thunder1.wav<\/a> by <a href=\"https:\/\/freesound.org\/people\/juskiddink\/\" target=\"_blank\" rel=\"noopener\">juskiddink<\/a> | <span style=\"color: #808080;\">License: <\/span>Attribution<\/p>\n<p><a href=\"https:\/\/freesound.org\/people\/Willlewis\/sounds\/244345\/\" target=\"_blank\" rel=\"noopener\">Musket Explosion<\/a> by <a href=\"https:\/\/freesound.org\/people\/Willlewis\/\" target=\"_blank\" rel=\"noopener\">Willlewis<\/a> | <span style=\"color: #808080;\">License: <\/span>Creative Commons 0<\/p>\n<p><a href=\"https:\/\/freesound.org\/people\/THE_bizniss\/sounds\/39459\/\" target=\"_blank\" rel=\"noopener\">laser.wav<\/a> by <a href=\"https:\/\/freesound.org\/people\/THE_bizniss\/\" target=\"_blank\" rel=\"noopener\">THE_bizniss<\/a> | <span style=\"color: #808080;\">License: <\/span>Attribution<\/p>\n<p><a href=\"https:\/\/freesound.org\/people\/belloq\/sounds\/41459\/\" target=\"_blank\" rel=\"noopener\">small_rocket_flybys_and_explosion.aif<\/a> by <a href=\"https:\/\/freesound.org\/people\/belloq\/\" target=\"_blank\" rel=\"noopener\">belloq<\/a> | <span style=\"color: #808080;\">License: <\/span>Sampling+<\/p>\n<p><a href=\"https:\/\/freesound.org\/people\/mitchelk\/sounds\/136804\/\" target=\"_blank\" rel=\"noopener\">Robotfx1<\/a> by <a href=\"https:\/\/freesound.org\/people\/mitchelk\/\" target=\"_blank\" rel=\"noopener\">mitchelk<\/a> | <span style=\"color: #808080;\">License: <\/span>Creative Commons 0<\/p>\n<p><a href=\"https:\/\/freesound.org\/people\/Archeos\/sounds\/325548\/\" target=\"_blank\" rel=\"noopener\">Man screaming.wav<\/a> by <a href=\"https:\/\/freesound.org\/people\/Archeos\/\" target=\"_blank\" rel=\"noopener\">Archeos<\/a> | <span style=\"color: #808080;\">License: <\/span>Creative Commons 0<\/p>\n<p><a href=\"https:\/\/freesound.org\/people\/JohnsonBrandEditing\/sounds\/173945\/\" target=\"_blank\" rel=\"noopener\">human male scream small crowd panic fear.mp3<\/a> by <a href=\"https:\/\/freesound.org\/people\/JohnsonBrandEditing\/\" target=\"_blank\" rel=\"noopener\">JohnsonBrandEditing<\/a> | <span style=\"color: #808080;\">License: <\/span>Creative Commons 0<\/p>\n<p><a href=\"https:\/\/freesound.org\/people\/YleArkisto\/sounds\/340735\/\" target=\"_blank\" rel=\"noopener\">Kamera, taskukamera, pokkari \/ Camera, photo camera, small pocket camera, automatic, film, shots, shutter, click, interior, a close sound (Samsung-Zoom)<\/a> by <a href=\"https:\/\/freesound.org\/people\/YleArkisto\/\" target=\"_blank\" rel=\"noopener\">YleArkisto<\/a> | <span style=\"color: #808080;\">License: <\/span>Attribution<\/p>\n<p>41459__belloq__small-rocket-flybys-and-explosion_1.1<\/p>\n<p>&nbsp;<\/p>\n<p style=\"text-align: center;\">Tu peux aussi choisir un autre moyen d\u2019\u00e9coute. T\u2019inqui\u00e8te, c\u2019est gratuit :<\/p>\n<p style=\"text-align: center;\">\u00a0 <a href=\"https:\/\/itunes.apple.com\/fr\/podcast\/pamela-target-saison-1\/id1347089265?mt=2\" target=\"_blank\" rel=\"noopener\"><img loading=\"lazy\" decoding=\"async\" class=\"size-medium wp-image-479 aligncenter\" src=\"https:\/\/www.pamelatarget.com\/wp-content\/uploads\/2018\/02\/Get_it_on_iTunes_Badge_FR_1114-300x109.png\" alt=\"\" width=\"300\" height=\"109\" srcset=\"https:\/\/www.pamelatarget.com\/wp-content\/uploads\/2018\/02\/Get_it_on_iTunes_Badge_FR_1114-300x109.png 300w, https:\/\/www.pamelatarget.com\/wp-content\/uploads\/2018\/02\/Get_it_on_iTunes_Badge_FR_1114-768x279.png 768w, https:\/\/www.pamelatarget.com\/wp-content\/uploads\/2018\/02\/Get_it_on_iTunes_Badge_FR_1114-1024x372.png 1024w, https:\/\/www.pamelatarget.com\/wp-content\/uploads\/2018\/02\/Get_it_on_iTunes_Badge_FR_1114.png 1194w\" sizes=\"auto, (max-width: 300px) 100vw, 300px\" \/><\/a><\/p>\n<p>&nbsp;<\/p>\n<p style=\"text-align: center;\"><a href=\"https:\/\/soundcloud.com\/user-149328996\/pts01e08-coinces-dans-la-boule-de-morve\" target=\"_blank\" rel=\"noopener\"><img loading=\"lazy\" decoding=\"async\" class=\"size-medium wp-image-477 aligncenter\" src=\"https:\/\/www.pamelatarget.com\/wp-content\/uploads\/2018\/02\/SoundCloud_logo_orange_color_plain.svg_-300x171.png\" alt=\"\" width=\"300\" height=\"171\" srcset=\"https:\/\/www.pamelatarget.com\/wp-content\/uploads\/2018\/02\/SoundCloud_logo_orange_color_plain.svg_-300x171.png 300w, https:\/\/www.pamelatarget.com\/wp-content\/uploads\/2018\/02\/SoundCloud_logo_orange_color_plain.svg_-768x438.png 768w, https:\/\/www.pamelatarget.com\/wp-content\/uploads\/2018\/02\/SoundCloud_logo_orange_color_plain.svg_-1024x584.png 1024w, https:\/\/www.pamelatarget.com\/wp-content\/uploads\/2018\/02\/SoundCloud_logo_orange_color_plain.svg_.png 1200w\" sizes=\"auto, (max-width: 300px) 100vw, 300px\" \/><\/a><\/p>\n<p>&nbsp;<\/p>\n<p style=\"text-align: center;\"><a href=\"https:\/\/www.deezer.com\/fr\/episode\/4804895\" target=\"_blank\" rel=\"noopener\"><img loading=\"lazy\" decoding=\"async\" class=\"size-medium wp-image-574 aligncenter\" src=\"https:\/\/www.pamelatarget.com\/wp-content\/uploads\/2018\/02\/deezer-logo-300x168.png\" alt=\"\" width=\"300\" height=\"168\" \/><\/a><\/p>\n<h3><\/h3>\n","protected":false},"excerpt":{"rendered":"<p>PTS01E08 : On est toujours coinc\u00e9 dans cette p&#8230; de boule de morve ! \u00ab\u00a0Elle est comme une boule de flipper\u2026 Qui roule, qui roule\u00a0!\u00a0\u00bb oui mais jusqu\u2019o\u00f9 ira-t-elle\u00a0? Attachez votre ceinture, \u00e7a va secouer ! Le couvre-feu est imminent, que va-t-il arriver \u00e0 nos h\u00e9ros coinc\u00e9s dans leur p*de boule de morve ? Branche [&hellip;]<\/p>\n","protected":false},"author":2,"featured_media":773,"parent":0,"menu_order":0,"comment_status":"closed","ping_status":"closed","template":"","meta":{"footnotes":""},"class_list":["post-750","page","type-page","status-publish","has-post-thumbnail","hentry"],"_links":{"self":[{"href":"https:\/\/www.pamelatarget.com\/index.php\/wp-json\/wp\/v2\/pages\/750","targetHints":{"allow":["GET"]}}],"collection":[{"href":"https:\/\/www.pamelatarget.com\/index.php\/wp-json\/wp\/v2\/pages"}],"about":[{"href":"https:\/\/www.pamelatarget.com\/index.php\/wp-json\/wp\/v2\/types\/page"}],"author":[{"embeddable":true,"href":"https:\/\/www.pamelatarget.com\/index.php\/wp-json\/wp\/v2\/users\/2"}],"replies":[{"embeddable":true,"href":"https:\/\/www.pamelatarget.com\/index.php\/wp-json\/wp\/v2\/comments?post=750"}],"version-history":[{"count":21,"href":"https:\/\/www.pamelatarget.com\/index.php\/wp-json\/wp\/v2\/pages\/750\/revisions"}],"predecessor-version":[{"id":2213,"href":"https:\/\/www.pamelatarget.com\/index.php\/wp-json\/wp\/v2\/pages\/750\/revisions\/2213"}],"wp:featuredmedia":[{"embeddable":true,"href":"https:\/\/www.pamelatarget.com\/index.php\/wp-json\/wp\/v2\/media\/773"}],"wp:attachment":[{"href":"https:\/\/www.pamelatarget.com\/index.php\/wp-json\/wp\/v2\/media?parent=750"}],"curies":[{"name":"wp","href":"https:\/\/api.w.org\/{rel}","templated":true}]}}