{"id":735,"date":"2018-03-16T14:33:54","date_gmt":"2018-03-16T13:33:54","guid":{"rendered":"https:\/\/www.pamelatarget.com\/?page_id=735"},"modified":"2018-03-16T15:07:27","modified_gmt":"2018-03-16T14:07:27","slug":"cast-and-crew","status":"publish","type":"page","link":"https:\/\/www.pamelatarget.com\/index.php\/cast-and-crew\/","title":{"rendered":"Cast and Crew"},"content":{"rendered":"<p>Mais qui sont les joyeux drilles qui ont permis \u00e0 Pamela Target d&rsquo;exister :<\/p>\n<p>&nbsp;<\/p>\n<h3>David Chamalet :<\/h3>\n<p>Com\u00e9dien de th\u00e9\u00e2tre, membre de la compagnie \u00ab\u00a0FEDUTEATRE\u00a0\u00bb, David br\u00fble les planches, sauvant du ch\u00f4mage toutes les casernes de pompiers de France et de Navarre. Illustrateur membre de l&rsquo;association Atelier BD54, il br\u00fble aussi les feuilles avec ses dessins incandescents. Et en plus, il est webdesigner ! Malgr\u00e9 cet emploi du temps surcharg\u00e9, il a accept\u00e9 d&rsquo;interpr\u00e9ter brillamment le r\u00f4le cl\u00e9 de Bruce l&rsquo;\u00e9meu (il a d&rsquo;ailleurs br\u00fbl\u00e9 le micro). Il ne s&rsquo;est pas arr\u00eat\u00e9 l\u00e0, puisqu&rsquo;il a aussi incarn\u00e9 un membre du gang des cochons d&rsquo;Inde&#8230; Trouverez-vous lequel ?<\/p>\n<p>&nbsp;<\/p>\n<h3>J\u00e9r\u00f4me Th\u00e9venet :<\/h3>\n<p>Acteur plein de ressources, vous avez pu le voir au cin\u00e9ma entre autres dans \u00ab\u00a0Beur sur la ville\u00a0\u00bb de Jamel Bensalah ou encore \u00ab\u00a0Les Portes du D\u00e9sert\u00a0\u00bb de Vincent Tartar, au th\u00e9\u00e2tre dans \u00ab\u00a0Beaucoup de Bruit pour rien\u00a0\u00bb, \u00ab\u00a0Un petit jeu sans cons\u00e9quence\u00a0\u00bb ou d&rsquo;autres pi\u00e8ces encore et \u00e0 la t\u00e9l\u00e9 dans la s\u00e9rie \u00ab\u00a0Nicolas le Floch\u00a0\u00bb et bien d&rsquo;autres programmes. J\u00e9r\u00f4me a crev\u00e9 l&rsquo;\u00e9cran, petit ou grand et les planches pour courir nous rejoindre le temps d&rsquo;interpr\u00e9ter avec talent le r\u00f4le phare de Bill le bousier amn\u00e9sique. Et comme \u00e7a ne lui suffisait pas, il interpr\u00e8te lui aussi un membre du gang des cochons d&rsquo;Inde, l&rsquo;intarissable Augusto dont vous vous souviendrez longtemps.<\/p>\n<p>Et hop, d\u00e9couvrez sa bande-d\u00e9mo :<\/p>\n<p>LIEN<\/p>\n<p>&nbsp;<\/p>\n<h3>Domingo Olmo Martin :<\/h3>\n<p>Par quoi commencer ? R\u00e9alisateur, auteur, musicien, cr\u00e9atif insatiable, rien ne semble pouvoir arr\u00eater Domingo ! Aux commandes de sa soci\u00e9t\u00e9 \u00ab\u00a0MINGOPROD\u00a0\u00bb, il porte de nombreux projets audiovisuels documentaires et fictions. Entre deux riffs satur\u00e9s de guitare, il est venu se glisser habilement dans la peau de Peter Pan Pan, le lapin aux flatulences destructrices. Mais il endosse aussi un autre r\u00f4le important, celui de Julius Washington le hamster clandestin ! Et comme rien ne l&rsquo;arr\u00eate, la musique du g\u00e9n\u00e9rique de Pamela Target, qui vous fait dresser le poil sur la peau, et ben il l&rsquo;a compos\u00e9e, jou\u00e9e et enregistr\u00e9e tout seul comme un grand !<\/p>\n<p>&nbsp;<\/p>\n<h3>Mehdi Deez :<\/h3>\n<p><img loading=\"lazy\" decoding=\"async\" class=\"alignleft size-thumbnail wp-image-739\" src=\"https:\/\/www.pamelatarget.com\/wp-content\/uploads\/2018\/03\/Mehdi-2-150x150.png\" alt=\"\" width=\"150\" height=\"150\" srcset=\"https:\/\/www.pamelatarget.com\/wp-content\/uploads\/2018\/03\/Mehdi-2-150x150.png 150w, https:\/\/www.pamelatarget.com\/wp-content\/uploads\/2018\/03\/Mehdi-2-300x300.png 300w, https:\/\/www.pamelatarget.com\/wp-content\/uploads\/2018\/03\/Mehdi-2.png 500w\" sizes=\"auto, (max-width: 150px) 100vw, 150px\" \/><\/p>\n<p>Individu touche \u00e0 tout, et surtout \u00e0 la pop culture, Mehdi Deez (\u00e7a se prononce D\u00e8ze) aime bien multiplier les plateformes comme d&rsquo;autres le faisaient avec les pains (qui a dit Jean-Claude Van Damme?). Formats audio, vid\u00e9o, \u00e9crits mais aussi ambianceur et passeur (ses mots pour dire organisateur d&rsquo;\u00e9v\u00e9nements et prof\/formateur freelance) sont ses pelotes de laine qu&rsquo;il d\u00e9roule avec brio. Voil\u00e0 pourquoi, en suivant ce fil, Mehdi a bondi sur l&rsquo;occasion pour venir incarner l&rsquo;increvable Riton le chaton\u00a0!<\/p>\n<p>Pour en apprendre plus sur toutes ses pelotes : <span id=\"OBJ_PREFIX_DWT447_com_zimbra_url\" class=\"Object\"><a href=\"http:\/\/www.mehdi-dz.com\" target=\"_blank\" rel=\"noopener\">www.mehdi-dz.com<\/a><\/span><\/p>\n<p>&nbsp;<\/p>\n<h3>Kiff :<\/h3>\n<p>Ing\u00e9nieur du son, mixeur et auteur interpr\u00e8te, Kiff multiplie les casquettes, ce qui ne l&#8217;emp\u00eache pas pour autant de voir et tracer son chemin en collaborant avec les plus grands, comme Olivier Dahan pour \u00ab\u00a0La M\u00f4me\u00a0\u00bb. A c\u00f4t\u00e9 de cela, il a gentiment accept\u00e9 de pr\u00eater sa voix \u00e0 la voix off de la bande-annonce de notre s\u00e9rie audio. Et dans l&rsquo;\u00e9lan, il a aussi pr\u00eat\u00e9 son oreille pour prendre le temps d&rsquo;\u00e9couter nos \u00e9pisodes et nous abreuver de moult conseils afin d&rsquo;am\u00e9liorer les mixages.<\/p>\n<p>&nbsp;<\/p>\n<h3>Pamela Anderson :<\/h3>\n<p>Pamela, si tu lis ces lignes, sache que nous avons pr\u00e9par\u00e9 un cam\u00e9o de folie rien que pour toi. Alors contacte-nous vite !<\/p>\n","protected":false},"excerpt":{"rendered":"<p>Mais qui sont les joyeux drilles qui ont permis \u00e0 Pamela Target d&rsquo;exister : &nbsp; David Chamalet : Com\u00e9dien de th\u00e9\u00e2tre, membre de la compagnie \u00ab\u00a0FEDUTEATRE\u00a0\u00bb, David br\u00fble les planches, sauvant du ch\u00f4mage toutes les casernes de pompiers de France et de Navarre. Illustrateur membre de l&rsquo;association Atelier BD54, il br\u00fble aussi les feuilles avec [&hellip;]<\/p>\n","protected":false},"author":2,"featured_media":0,"parent":0,"menu_order":0,"comment_status":"closed","ping_status":"closed","template":"","meta":{"footnotes":""},"class_list":["post-735","page","type-page","status-publish","hentry"],"_links":{"self":[{"href":"https:\/\/www.pamelatarget.com\/index.php\/wp-json\/wp\/v2\/pages\/735","targetHints":{"allow":["GET"]}}],"collection":[{"href":"https:\/\/www.pamelatarget.com\/index.php\/wp-json\/wp\/v2\/pages"}],"about":[{"href":"https:\/\/www.pamelatarget.com\/index.php\/wp-json\/wp\/v2\/types\/page"}],"author":[{"embeddable":true,"href":"https:\/\/www.pamelatarget.com\/index.php\/wp-json\/wp\/v2\/users\/2"}],"replies":[{"embeddable":true,"href":"https:\/\/www.pamelatarget.com\/index.php\/wp-json\/wp\/v2\/comments?post=735"}],"version-history":[{"count":5,"href":"https:\/\/www.pamelatarget.com\/index.php\/wp-json\/wp\/v2\/pages\/735\/revisions"}],"predecessor-version":[{"id":741,"href":"https:\/\/www.pamelatarget.com\/index.php\/wp-json\/wp\/v2\/pages\/735\/revisions\/741"}],"wp:attachment":[{"href":"https:\/\/www.pamelatarget.com\/index.php\/wp-json\/wp\/v2\/media?parent=735"}],"curies":[{"name":"wp","href":"https:\/\/api.w.org\/{rel}","templated":true}]}}