{"id":718,"date":"2018-03-13T12:18:34","date_gmt":"2018-03-13T11:18:34","guid":{"rendered":"https:\/\/www.pamelatarget.com\/?page_id=718"},"modified":"2018-09-23T13:06:48","modified_gmt":"2018-09-23T11:06:48","slug":"pt-s01e07-credits","status":"publish","type":"page","link":"https:\/\/www.pamelatarget.com\/index.php\/pt-s01e07-credits\/","title":{"rendered":"PT S01E07 &#8211; Vous \u00eates toute verte, Giulietta !"},"content":{"rendered":"<h3 style=\"text-align: center;\"><strong>S01E07 : Vous \u00eates toute verte, Giulietta !<\/strong><\/h3>\n<p style=\"text-align: center;\">Dans la famille des Superh\u00e9ros, je voudrais&#8230; Wonder woman. Oups, \u00e0 moins que ce ne soit Hulk ???<\/p>\n<p style=\"text-align: center;\">Boule de morve et ratatam, Am Stram Gram, c&rsquo;est toi qui pousseras la boule de morve !<\/p>\n<p style=\"text-align: center;\">Branche tes \u00e9couteurs et Bim ! Lance la lecture :<\/p>\n<p><iframe loading=\"lazy\" src=\"https:\/\/w.soundcloud.com\/player\/?url=https%3A\/\/api.soundcloud.com\/tracks\/416963241&amp;color=%23ff5500&amp;auto_play=false&amp;hide_related=false&amp;show_comments=true&amp;show_user=true&amp;show_reposts=false&amp;show_teaser=true\" width=\"100%\" height=\"166\" frameborder=\"no\" scrolling=\"no\"><\/iframe><\/p>\n<p style=\"text-align: center;\">Pour ne pas rater les prochains \u00e9pisodes et si tu n&rsquo;es pas encore abonn\u00e9,<\/p>\n<p style=\"text-align: center;\">c&rsquo;est ici<span style=\"color: #800080;\"><strong> <a style=\"color: #800080;\" href=\"https:\/\/www.pamelatarget.com\/index.php\/vip-club\/\">CLUB VIP PAMELA TARGET<\/a>\u00a0<\/strong><\/span><\/p>\n<p>&nbsp;<\/p>\n<h3><strong>CREDITS<\/strong><\/h3>\n<p class=\"western\"><strong>Ecrit<\/strong> par Katia Grivot, David Neau et Pascal Senicourt<\/p>\n<p class=\"western\"><strong>R\u00e9alis\u00e9, mont\u00e9 et mix\u00e9<\/strong> par Katia Grivot<\/p>\n<p class=\"western\"><strong>Anim\u00e9 pour Youtube<\/strong> par Pascal Senicourt<\/p>\n<p class=\"western\"><strong>Musiques<\/strong> :<\/p>\n<p class=\"western\">G\u00e9n\u00e9rique\u00a0par Domingo Olmo Martin<\/p>\n<p>Epic Battle Speech par<span style=\"color: #000000;\"><span style=\"font-family: Liberation\\ Mono, monospace;\"><span style=\"font-size: small;\">\u00a0<\/span><\/span><\/span><a href=\"https:\/\/www.youtube.com\/channel\/UCDPtWMRgR85Bus-RSojW60w\" target=\"_blank\" rel=\"noopener\"><span style=\"color: #000000;\"><span style=\"font-family: Liberation\\ Mono, monospace;\"><span style=\"font-size: small;\">Wayne Jones<\/span><\/span><\/span><\/a><\/p>\n<p>R\u00e9tro par<span style=\"color: #000000;\"><span style=\"font-family: Liberation\\ Mono, monospace;\"><span style=\"font-size: small;\">\u00a0<\/span><\/span><\/span><a href=\"https:\/\/www.youtube.com\/channel\/UCDPtWMRgR85Bus-RSojW60w\" target=\"_blank\" rel=\"noopener\"><span style=\"color: #000000;\"><span style=\"font-family: Liberation\\ Mono, monospace;\"><span style=\"font-size: small;\">Wayne Jones<\/span><\/span><\/span><\/a><\/p>\n<p>Church Bell Celebration par Doug Maxwell\/Media Right Production<\/p>\n<h4><\/h4>\n<p>&nbsp;<\/p>\n<h6 class=\"western\"><strong>et Par ordre d\u2019apparition<\/strong><\/h6>\n<p class=\"western\">Giulietta la cochonne \u00a0: Grika<\/p>\n<p class=\"western\">Ryu le Fugu\u00a0: David Neau<\/p>\n<p class=\"western\">Paulo Le blaireau \u00a0: Pascal Senicourt<\/p>\n<p class=\"western\">Bill le Bousier\u00a0: J\u00e9rome Th\u00e9venet<\/p>\n<p class=\"western\">Bruce l\u2019\u00e9meu\u00a0: David Chamalet<\/p>\n<p>&nbsp;<\/p>\n<p>Cet \u00e9pisode utilise plusieurs sons freesound, retrouvez la liste des cr\u00e9dits ici :<\/p>\n<p><span style=\"font-size: small;\"><a href=\"https:\/\/freesound.org\/people\/JohnsonBrandEditing\/sounds\/173945\/\" target=\"_blank\" rel=\"noopener\">human male scream small crowd panic fear.mp3<\/a> by <a href=\"https:\/\/freesound.org\/people\/JohnsonBrandEditing\/\" target=\"_blank\" rel=\"noopener\">JohnsonBrandEditing<\/a> | License: Creative Commons 0<br \/>\n<a href=\"https:\/\/freesound.org\/people\/juskiddink\/sounds\/108640\/\" target=\"_blank\" rel=\"noopener\">Distant explosion.wav<\/a> by <a href=\"https:\/\/freesound.org\/people\/juskiddink\/\" target=\"_blank\" rel=\"noopener\">juskiddink<\/a> | License: Attribution <\/span><\/p>\n<p><span style=\"font-size: small;\"><a href=\"https:\/\/freesound.org\/people\/billox30\/sounds\/167927\/\" target=\"_blank\" rel=\"noopener\">Squelch.flac<\/a> by <a href=\"https:\/\/freesound.org\/people\/billox30\/\" target=\"_blank\" rel=\"noopener\">billox30<\/a> | License: Creative Commons 0 <\/span><\/p>\n<p><span style=\"font-size: small;\"><a href=\"https:\/\/freesound.org\/people\/bahaish\/sounds\/145786\/\" target=\"_blank\" rel=\"noopener\">Rope Cracking<\/a> by <a href=\"https:\/\/freesound.org\/people\/bahaish\/\" target=\"_blank\" rel=\"noopener\">bahaish<\/a> | License: Creative Commons 0 <\/span><\/p>\n<p><span style=\"font-size: small;\"><a href=\"https:\/\/freesound.org\/people\/Yuval\/sounds\/205749\/\" target=\"_blank\" rel=\"noopener\">footsteps staircase carpet<\/a> by <a href=\"https:\/\/freesound.org\/people\/Yuval\/\" target=\"_blank\" rel=\"noopener\">Yuval<\/a> | <\/span><span style=\"color: #808080;\"><span style=\"font-size: small;\">License: <\/span><\/span><span style=\"font-size: small;\">Creative Commons 0<\/span><\/p>\n<p>&nbsp;<\/p>\n<p>Cet \u00e9pisode utilise aussi des images freepiks, retrouvez la liste des cr\u00e9dits ici :<\/p>\n<p>Vomit<\/p>\n<div>Icons made by <a title=\"Twitter\" href=\"https:\/\/www.flaticon.com\/authors\/twitter\" target=\"_blank\" rel=\"noopener\">Twitter<\/a> from <a title=\"Flaticon\" href=\"https:\/\/www.flaticon.com\/\" target=\"_blank\" rel=\"noopener\">www.flaticon.com<\/a> is licensed by <a title=\"Creative Commons BY 3.0\" href=\"http:\/\/creativecommons.org\/licenses\/by\/3.0\/\" target=\"_blank\" rel=\"noopener\">CC 3.0 BY<\/a><\/div>\n<p>cherry, watermellon<\/p>\n<div>Icons made by <a title=\"Smashicons\" href=\"https:\/\/www.flaticon.com\/authors\/smashicons\" target=\"_blank\" rel=\"noopener\">Smashicons<\/a> from <a title=\"Flaticon\" href=\"https:\/\/www.flaticon.com\/\" target=\"_blank\" rel=\"noopener\">www.flaticon.com<\/a> is licensed by <a title=\"Creative Commons BY 3.0\" href=\"http:\/\/creativecommons.org\/licenses\/by\/3.0\/\" target=\"_blank\" rel=\"noopener\">CC 3.0 BY<\/a><\/div>\n<p>poo<\/p>\n<div>Icons made by <a title=\"Freepik\" href=\"http:\/\/www.freepik.com\" target=\"_blank\" rel=\"noopener\">Freepik<\/a> from <a title=\"Flaticon\" href=\"https:\/\/www.flaticon.com\/\" target=\"_blank\" rel=\"noopener\">www.flaticon.com<\/a> is licensed by <a title=\"Creative Commons BY 3.0\" href=\"http:\/\/creativecommons.org\/licenses\/by\/3.0\/\" target=\"_blank\" rel=\"noopener\">CC 3.0 BY<\/a><\/div>\n<p>like<\/p>\n<div>Icons made by <a title=\"Freepik\" href=\"http:\/\/www.freepik.com\" target=\"_blank\" rel=\"noopener\">Freepik<\/a> from <a title=\"Flaticon\" href=\"https:\/\/www.flaticon.com\/\" target=\"_blank\" rel=\"noopener\">www.flaticon.com<\/a> is licensed by <a title=\"Creative Commons BY 3.0\" href=\"http:\/\/creativecommons.org\/licenses\/by\/3.0\/\" target=\"_blank\" rel=\"noopener\">CC 3.0 BY<\/a><\/div>\n<p>Share<\/p>\n<div>Icons made by <a title=\"mynamepong\" href=\"https:\/\/www.flaticon.com\/authors\/mynamepong\" target=\"_blank\" rel=\"noopener\">mynamepong<\/a> from <a title=\"Flaticon\" href=\"https:\/\/www.flaticon.com\/\" target=\"_blank\" rel=\"noopener\">www.flaticon.com<\/a> is licensed by <a title=\"Creative Commons BY 3.0\" href=\"http:\/\/creativecommons.org\/licenses\/by\/3.0\/\" target=\"_blank\" rel=\"noopener\">CC 3.0 BY<\/a><\/div>\n<p>Comment<\/p>\n<div>Icons made by <a title=\"Dave Gandy\" href=\"https:\/\/www.flaticon.com\/authors\/dave-gandy\" target=\"_blank\" rel=\"noopener\">Dave Gandy<\/a> from <a title=\"Flaticon\" href=\"https:\/\/www.flaticon.com\/\" target=\"_blank\" rel=\"noopener\">www.flaticon.com<\/a> is licensed by <a title=\"Creative Commons BY 3.0\" href=\"http:\/\/creativecommons.org\/licenses\/by\/3.0\/\" target=\"_blank\" rel=\"noopener\">CC 3.0 BY<\/a><\/div>\n<p>thumbup<\/p>\n<div>Icons made by <a title=\"Freepik\" href=\"http:\/\/www.freepik.com\" target=\"_blank\" rel=\"noopener\">Freepik<\/a> from <a title=\"Flaticon\" href=\"https:\/\/www.flaticon.com\/\" target=\"_blank\" rel=\"noopener\">www.flaticon.com<\/a> is licensed by <a title=\"Creative Commons BY 3.0\" href=\"http:\/\/creativecommons.org\/licenses\/by\/3.0\/\" target=\"_blank\" rel=\"noopener\">CC 3.0 BY<\/a><\/div>\n<div>\n<p>&nbsp;<\/p>\n<p style=\"text-align: center;\">Tu peux aussi choisir un autre moyen d\u2019\u00e9coute. T\u2019inqui\u00e8te, c\u2019est gratuit :<\/p>\n<p><a href=\"https:\/\/itunes.apple.com\/fr\/podcast\/pamela-target-saison-1\/id1347089265?mt=2\" target=\"_blank\" rel=\"noopener\"><img loading=\"lazy\" decoding=\"async\" class=\"size-medium wp-image-479 aligncenter\" src=\"https:\/\/www.pamelatarget.com\/wp-content\/uploads\/2018\/02\/Get_it_on_iTunes_Badge_FR_1114-300x109.png\" alt=\"\" width=\"300\" height=\"109\" srcset=\"https:\/\/www.pamelatarget.com\/wp-content\/uploads\/2018\/02\/Get_it_on_iTunes_Badge_FR_1114-300x109.png 300w, https:\/\/www.pamelatarget.com\/wp-content\/uploads\/2018\/02\/Get_it_on_iTunes_Badge_FR_1114-768x279.png 768w, https:\/\/www.pamelatarget.com\/wp-content\/uploads\/2018\/02\/Get_it_on_iTunes_Badge_FR_1114-1024x372.png 1024w, https:\/\/www.pamelatarget.com\/wp-content\/uploads\/2018\/02\/Get_it_on_iTunes_Badge_FR_1114.png 1194w\" sizes=\"auto, (max-width: 300px) 100vw, 300px\" \/><\/a><\/p>\n<p>&nbsp;<\/p>\n<p><a href=\"https:\/\/soundcloud.com\/user-149328996\/pts01e07-vous-devenez-toute-verte\" target=\"_blank\" rel=\"noopener\"><img loading=\"lazy\" decoding=\"async\" class=\"size-medium wp-image-477 aligncenter\" src=\"https:\/\/www.pamelatarget.com\/wp-content\/uploads\/2018\/02\/SoundCloud_logo_orange_color_plain.svg_-300x171.png\" alt=\"\" width=\"300\" height=\"171\" srcset=\"https:\/\/www.pamelatarget.com\/wp-content\/uploads\/2018\/02\/SoundCloud_logo_orange_color_plain.svg_-300x171.png 300w, https:\/\/www.pamelatarget.com\/wp-content\/uploads\/2018\/02\/SoundCloud_logo_orange_color_plain.svg_-768x438.png 768w, https:\/\/www.pamelatarget.com\/wp-content\/uploads\/2018\/02\/SoundCloud_logo_orange_color_plain.svg_-1024x584.png 1024w, https:\/\/www.pamelatarget.com\/wp-content\/uploads\/2018\/02\/SoundCloud_logo_orange_color_plain.svg_.png 1200w\" sizes=\"auto, (max-width: 300px) 100vw, 300px\" \/><\/a><\/p>\n<p>&nbsp;<\/p>\n<p><a href=\"https:\/\/www.deezer.com\/fr\/episode\/4764761\" target=\"_blank\" rel=\"noopener\"><img loading=\"lazy\" decoding=\"async\" class=\"size-medium wp-image-574 aligncenter\" src=\"https:\/\/www.pamelatarget.com\/wp-content\/uploads\/2018\/02\/deezer-logo-300x168.png\" alt=\"\" width=\"300\" height=\"168\" \/><\/a><\/p>\n<\/div>\n","protected":false},"excerpt":{"rendered":"<p>S01E07 : Vous \u00eates toute verte, Giulietta ! Dans la famille des Superh\u00e9ros, je voudrais&#8230; Wonder woman. Oups, \u00e0 moins que ce ne soit Hulk ??? Boule de morve et ratatam, Am Stram Gram, c&rsquo;est toi qui pousseras la boule de morve ! Branche tes \u00e9couteurs et Bim ! Lance la lecture : Pour ne [&hellip;]<\/p>\n","protected":false},"author":3,"featured_media":0,"parent":0,"menu_order":0,"comment_status":"closed","ping_status":"closed","template":"","meta":{"footnotes":""},"class_list":["post-718","page","type-page","status-publish","hentry"],"_links":{"self":[{"href":"https:\/\/www.pamelatarget.com\/index.php\/wp-json\/wp\/v2\/pages\/718","targetHints":{"allow":["GET"]}}],"collection":[{"href":"https:\/\/www.pamelatarget.com\/index.php\/wp-json\/wp\/v2\/pages"}],"about":[{"href":"https:\/\/www.pamelatarget.com\/index.php\/wp-json\/wp\/v2\/types\/page"}],"author":[{"embeddable":true,"href":"https:\/\/www.pamelatarget.com\/index.php\/wp-json\/wp\/v2\/users\/3"}],"replies":[{"embeddable":true,"href":"https:\/\/www.pamelatarget.com\/index.php\/wp-json\/wp\/v2\/comments?post=718"}],"version-history":[{"count":18,"href":"https:\/\/www.pamelatarget.com\/index.php\/wp-json\/wp\/v2\/pages\/718\/revisions"}],"predecessor-version":[{"id":1226,"href":"https:\/\/www.pamelatarget.com\/index.php\/wp-json\/wp\/v2\/pages\/718\/revisions\/1226"}],"wp:attachment":[{"href":"https:\/\/www.pamelatarget.com\/index.php\/wp-json\/wp\/v2\/media?parent=718"}],"curies":[{"name":"wp","href":"https:\/\/api.w.org\/{rel}","templated":true}]}}