{"id":631,"date":"2018-03-01T16:34:39","date_gmt":"2018-03-01T15:34:39","guid":{"rendered":"https:\/\/www.pamelatarget.com\/?page_id=631"},"modified":"2019-03-31T17:17:43","modified_gmt":"2019-03-31T15:17:43","slug":"commence-ici","status":"publish","type":"page","link":"https:\/\/www.pamelatarget.com\/index.php\/commence-ici\/","title":{"rendered":"Commence ici"},"content":{"rendered":"<h2><strong>Bienvenue \u00e0 toi, le Bleu ! Tu viens d&rsquo;entrer dans la s\u00e9rie audio PAMELA TARGET.<\/strong><\/h2>\n<p>&nbsp;<\/p>\n<p><strong>De quoi \u00e7a parle ?\u00a0<\/strong><\/p>\n<p><em>Dans un monde dystopique, barr\u00e9 et funky, des animaux tentent d&rsquo;\u00e9chapper \u00e0 un gros m\u00e9chant savant\u00a0 et \u00e0 un lapin p\u00e9teur qui joue au joker de Batman. Pour s&rsquo;en sortir, ils vont avoir besoin de bien plus que leurs super pouvoirs. Et si&#8230; il leur fallait Pamela ?\u00a0<\/em><em>Mais au fait qui est cette Pamela ?\u00a0<\/em><\/p>\n<p>Pamela Target est une fiction sonore \u00e0 l&rsquo;humour barr\u00e9 et funky, bourr\u00e9 de r\u00e9f\u00e9rences cin\u00e9, s\u00e9rie et\u00a0<span id=\"OBJ_PREFIX_DWT177_com_zimbra_date\" class=\"Object\">jeu<\/span>\u00a0vid\u00e9o.<\/p>\n<p>&nbsp;<\/p>\n<p><strong>Tu peux commencer par \u00e9couter ici :<\/strong><\/p>\n<p>ATTENTION !! <strong>PAMELA TARGET<\/strong> est une s\u00e9rie audio de FICTION\u00a0 qui s&rsquo;appr\u00e9cie dans la chronologie et avec des \u00e9couteurs pour le confort !<\/p>\n<p><iframe loading=\"lazy\" src=\"https:\/\/embed.radiopublic.com\/e?if=pamela-target-8XR1ee&amp;ge=s1!f5315bd20e81eacbb077fdd71d3dc4a983ebb6de\" width=\"100%\" height=\"185\" frameborder=\"0\" scrolling=\"no\" sandbox=\"allow-same-origin allow-scripts allow-top-navigation allow-popups\"><\/iframe><\/p>\n<p>&nbsp;<\/p>\n<p class=\"p1\"><b>Mais pour que ce soit plus facile pour toi\u00a0 (et pour nous aider aussi), il faut t\u2019abonner :<\/b><\/p>\n<ul>\n<li><strong>A notre VIP CLUB<\/strong><\/li>\n<\/ul>\n<p>Depuis f\u00e9vrier 2018, on sort 1 \u00e9pisode tous les mercredis, mais aussi, quand on a du temps, des bonus, des \u00e9pisodes youtube&#8230; etc&#8230; Tu veux \u00eatre au courant de tout c&rsquo;est ici :<\/p>\n<p style=\"text-align: center;\">[contact-form-7 id=\u00a0\u00bb330&Prime; title=\u00a0\u00bbInscription Club VIP_2&Prime;]<\/p>\n<p>&nbsp;<\/p>\n<ul>\n<li><strong>Abonne-toi aussi Via ton APPLI DE PODCAST pr\u00e9f\u00e9r\u00e9e<\/strong><\/li>\n<\/ul>\n<p>En t&rsquo;abonnant , tu retrouves ton file de lecture partout dans le monde et sur tous tes appareils.<\/p>\n<p>Avec ton ordi, ton mobile ou ta tablette<\/p>\n<ul>\n<li>sur <a href=\"https:\/\/soundcloud.com\/user-149328996\" target=\"_blank\" rel=\"noopener\">Soundcloud<\/a><\/li>\n<li>sur <a href=\"https:\/\/podcloud.fr\/podcast\/pamela-target\" target=\"_blank\" rel=\"noopener\">Podcloud<\/a><\/li>\n<\/ul>\n<p>&nbsp;<\/p>\n<p>Avec ton iPhone :<\/p>\n<ul class=\"ul1\">\n<li class=\"li2\"><span class=\"s1\"><span class=\"s2\">Sur\u00a0<a href=\"https:\/\/apple.co\/2L6pgV2\" target=\"_blank\" rel=\"noopener\">Apple Podcasts<\/a><\/span><\/span><\/li>\n<\/ul>\n<p>Avec ton Android :<\/p>\n<ul>\n<li>sur <a href=\"https:\/\/play.google.com\/store\/apps\/details?id=com.bambuna.podcastaddict&amp;hl=en\" target=\"_blank\" rel=\"noopener\">Podcast Addict<\/a><\/li>\n<li>Sur\u00a0<a href=\"https:\/\/spoti.fi\/2OJzwUS\" target=\"_blank\" rel=\"noopener\">Spotify<\/a><\/li>\n<li class=\"li2\"><span class=\"s1\"><span class=\"s2\">Sur\u00a0<a href=\"https:\/\/www.deezer.com\/fr\/show\/56145\" target=\"_blank\" rel=\"noopener\">Deezer<\/a><\/span><\/span><\/li>\n<\/ul>\n<p><b>Qui on est ?<\/b><\/p>\n<p>On est trois copains : Katia, Pascal et David. Un geek, un auteur-r\u00e9al, un sc\u00e9nariste de jeux vid\u00e9o. (si tu veux savoir qui est qui, c&rsquo;est <a href=\"https:\/\/www.pamelatarget.com\/index.php\/whoz-the-boss\/\">ici<\/a>).<\/p>\n<p>On se conna\u00eet depuis qu&rsquo;on a d\u00fb choisir entre la pilule bleu ou la pilule rouge. ( si tu comprends la r\u00e9f\u00e9rence c&rsquo;est que toi aussi tu es n\u00e9 avant la Matrice). Nous on a choisi &#8230; on te laisse deviner la couleur&#8230;<\/p>\n<p>&nbsp;<\/p>\n<p><strong>Pourquoi on a cr\u00e9\u00e9 Pamela target ?\u00a0<\/strong><\/p>\n<p>En 2017, on a d\u00e9cid\u00e9 de s&rsquo;affranchir de toutes les contraintes financi\u00e8res et autres barri\u00e8res psychologiques et mentales qui nous emp\u00eachaient de cr\u00e9er une s\u00e9rie barr\u00e9e et funky. On\u00a0 s&rsquo;est achet\u00e9 un micro, un zoom <a href=\"https:\/\/www.amazon.fr\/H2n-Enregistreur-pistes-portable-Mid-Side\/dp\/B005CQ2ZY6\/ref=lp_1689206031_1_2?srs=1689206031&amp;ie=UTF8&amp;qid=1541753830&amp;sr=8-2\" target=\"_blank\" rel=\"noopener\">H2N<\/a>\u00a0, et on s&rsquo;est lanc\u00e9 tout seuls comme des grands. On a enregistr\u00e9 les \u00e9pisodes dans notre salon avec d&rsquo;autres copains com\u00e9diens. Puis Katia les a mont\u00e9 semaine apr\u00e8s semaine sur Garage Band.<\/p>\n<p>On a appris des tas de choses sur le tas. Tr\u00e8s bient\u00f4t tu pourras lire tout \u00e7a d&rsquo;ailleurs.<\/p>\n<p>&nbsp;<\/p>\n<p class=\"p1\"><b>Comment nous aider ?<\/b><\/p>\n<ul class=\"ul1\">\n<li class=\"li1\">En laissant\u00a0<span class=\"s3\">un <a href=\"http:\/\/Apple Podcasts\" target=\"_blank\">avis iTunes<\/a>.<\/span><\/li>\n<li class=\"li1\">En parlant de PAMELA TARGET\u00a0 \u00e0 une personne qui n\u2019a jamais \u00e9cout\u00e9.<\/li>\n<\/ul>\n<p>&nbsp;<\/p>\n<p><strong>Quoi d&rsquo;autres ?\u00a0<\/strong><\/p>\n<p>On a pris le contr\u00f4le des verticales de ton \u00e9cran, des horizontales, SUIS-NOUS on est partout et surtout :<\/p>\n<p>Sur FaceBook avec notre Groupe <a href=\"https:\/\/www.facebook.com\/groups\/pamelatargetTHEBAND\/\" target=\"_blank\" rel=\"noopener\">Pamela Target ThE BAND<\/a><\/p>\n<p>Sur Twitter avec notre hyper compte <a href=\"https:\/\/twitter.com\/pamtarget\" target=\"_blank\" rel=\"noopener\">@PamTarget<\/a> !<\/p>\n<p>Sur Youtube avec notre power cha\u00eene <a href=\"https:\/\/www.youtube.com\/channel\/UCyC35dlY5A4m7tCJaRUTX7g\" target=\"_blank\" rel=\"noopener\">Pamela Target<\/a> !<\/p>\n<p>et Sur Instagram avec le compte de Katia qui parle bcp, bcp de\u00a0\u00a0<a href=\"https:\/\/www.instagram.com\/katiagrivot\" target=\"_blank\" rel=\"noopener\">Pamela Target <\/a>!<\/p>\n<p>Et bient\u00f4t sur Snapchat, WattsAp, Instagram (ta photo avec Bruce l&rsquo;\u00e9meu), Tumblr, Pinterest (le papier peint Pamela Target sous toutes ses versions), DailyMotion, Google+, Viadeo,\u00a0 Steam (une partie de PacMan avec Paulo le blaireau), Viber, Periscope, Reddit, Twitch (un pop-corn-live en direct avec Giulietta la cochonne), Discord, Messenger, Skype (un chat avec julius Washington), Vimeo, Meetic, Tinder (un rencart avec Ryu le fugu), et ceux qui n&rsquo;existent pas encore ! Partout, partout, partout, all over the world of social network, mais l\u00e0 on s&#8217;emballe, va falloir que tu nous aides\u00a0 un peu, hein&#8230;<\/p>\n<p>&nbsp;<\/p>\n","protected":false},"excerpt":{"rendered":"<p>Bienvenue \u00e0 toi, le Bleu ! Tu viens d&rsquo;entrer dans la s\u00e9rie audio PAMELA TARGET. &nbsp; De quoi \u00e7a parle ?\u00a0 Dans un monde dystopique, barr\u00e9 et funky, des animaux tentent d&rsquo;\u00e9chapper \u00e0 un gros m\u00e9chant savant\u00a0 et \u00e0 un lapin p\u00e9teur qui joue au joker de Batman. Pour s&rsquo;en sortir, ils vont avoir besoin [&hellip;]<\/p>\n","protected":false},"author":2,"featured_media":684,"parent":0,"menu_order":0,"comment_status":"closed","ping_status":"closed","template":"","meta":{"footnotes":""},"class_list":["post-631","page","type-page","status-publish","has-post-thumbnail","hentry"],"_links":{"self":[{"href":"https:\/\/www.pamelatarget.com\/index.php\/wp-json\/wp\/v2\/pages\/631","targetHints":{"allow":["GET"]}}],"collection":[{"href":"https:\/\/www.pamelatarget.com\/index.php\/wp-json\/wp\/v2\/pages"}],"about":[{"href":"https:\/\/www.pamelatarget.com\/index.php\/wp-json\/wp\/v2\/types\/page"}],"author":[{"embeddable":true,"href":"https:\/\/www.pamelatarget.com\/index.php\/wp-json\/wp\/v2\/users\/2"}],"replies":[{"embeddable":true,"href":"https:\/\/www.pamelatarget.com\/index.php\/wp-json\/wp\/v2\/comments?post=631"}],"version-history":[{"count":33,"href":"https:\/\/www.pamelatarget.com\/index.php\/wp-json\/wp\/v2\/pages\/631\/revisions"}],"predecessor-version":[{"id":2489,"href":"https:\/\/www.pamelatarget.com\/index.php\/wp-json\/wp\/v2\/pages\/631\/revisions\/2489"}],"wp:featuredmedia":[{"embeddable":true,"href":"https:\/\/www.pamelatarget.com\/index.php\/wp-json\/wp\/v2\/media\/684"}],"wp:attachment":[{"href":"https:\/\/www.pamelatarget.com\/index.php\/wp-json\/wp\/v2\/media?parent=631"}],"curies":[{"name":"wp","href":"https:\/\/api.w.org\/{rel}","templated":true}]}}