{"id":600,"date":"2018-02-26T11:14:15","date_gmt":"2018-02-26T10:14:15","guid":{"rendered":"https:\/\/www.pamelatarget.com\/?page_id=600"},"modified":"2018-02-26T11:14:15","modified_gmt":"2018-02-26T10:14:15","slug":"le-premier-episode-est-sorti","status":"publish","type":"page","link":"https:\/\/www.pamelatarget.com\/index.php\/le-premier-episode-est-sorti\/","title":{"rendered":"l&rsquo;Episode 3 est sorti"},"content":{"rendered":"<h2 style=\"text-align: center;\">TOP CHRONO ! On est parti pour 20 semaines de fun !<\/h2>\n<p style=\"text-align: center;\">Pamela Target, c&rsquo;est  <span style=\"color: #ffff00;\">PARTI <\/span>!!! et c&rsquo;est <span style=\"color: #ffff00;\">GRATUIT <\/span><\/p>\n<h1 style=\"text-align: center;\">PAMELA TARGET<\/h1>\n<h1 style=\"text-align: center;\">EPISODE 3 disponible<\/h1>\n<p style=\"text-align: center;\">Clique sur le logo de ton application pr\u00e9f\u00e9r\u00e9e ci-dessous<\/p>\n<p>\u200b<\/p>\n<p style=\"text-align: center;\">Ecoute sur casque fortement recommand\u00e9e<\/p>\n<ul style=\"margin: 0; padding: 0; list-style-type: none;\">\n<li><a href=\"https:\/\/itunes.apple.com\/fr\/podcast\/pamela-target-saison-1\/id1347089265?mt=2\" target=\"_blank\" rel=\"noopener\"><img decoding=\"async\" class=\"alignleft size-thumbnail wp-image-479\" src=\"https:\/\/www.pamelatarget.com\/wp-content\/uploads\/2018\/02\/Get_it_on_iTunes_Badge_FR_1114.png\" width=\"200\" srcset=\"https:\/\/www.pamelatarget.com\/wp-content\/uploads\/2018\/02\/Get_it_on_iTunes_Badge_FR_1114.png 1194w, https:\/\/www.pamelatarget.com\/wp-content\/uploads\/2018\/02\/Get_it_on_iTunes_Badge_FR_1114-300x109.png 300w, https:\/\/www.pamelatarget.com\/wp-content\/uploads\/2018\/02\/Get_it_on_iTunes_Badge_FR_1114-768x279.png 768w, https:\/\/www.pamelatarget.com\/wp-content\/uploads\/2018\/02\/Get_it_on_iTunes_Badge_FR_1114-1024x372.png 1024w\" sizes=\"(max-width: 1194px) 100vw, 1194px\" \/><br \/>\n<\/a><\/li>\n<li><a href=\"https:\/\/soundcloud.com\/user-149328996\/sets\/pamela-target-saison-01\" target=\"_blank\" rel=\"noopener\"><img decoding=\"async\" class=\"alignleft size-thumbnail wp-image-477\" src=\"https:\/\/www.pamelatarget.com\/wp-content\/uploads\/2018\/02\/SoundCloud_logo_orange_color_plain.svg_.png\" alt=\"\" width=\"200\" srcset=\"https:\/\/www.pamelatarget.com\/wp-content\/uploads\/2018\/02\/SoundCloud_logo_orange_color_plain.svg_.png 1200w, https:\/\/www.pamelatarget.com\/wp-content\/uploads\/2018\/02\/SoundCloud_logo_orange_color_plain.svg_-300x171.png 300w, https:\/\/www.pamelatarget.com\/wp-content\/uploads\/2018\/02\/SoundCloud_logo_orange_color_plain.svg_-768x438.png 768w, https:\/\/www.pamelatarget.com\/wp-content\/uploads\/2018\/02\/SoundCloud_logo_orange_color_plain.svg_-1024x584.png 1024w\" sizes=\"(max-width: 1200px) 100vw, 1200px\" \/><\/a><\/li>\n<li><\/li>\n<li><\/li>\n<li><\/li>\n<li><\/li>\n<li><\/li>\n<li><a href=\"https:\/\/www.deezer.com\/fr\/show\/56145\" target=\"_blank\" rel=\"noopener\"><img loading=\"lazy\" decoding=\"async\" class=\"alignnone size-medium wp-image-574\" src=\"https:\/\/www.pamelatarget.com\/wp-content\/uploads\/2018\/02\/deezer-logo-300x168.png\" alt=\"\" width=\"300\" height=\"168\" \/><\/a><\/li>\n<li><\/li>\n<li>En attendant la vid\u00e9o, tu peux (re)voir l&rsquo;\u00e9pisode 1 ici :<\/li>\n<li><\/li>\n<li><a href=\"https:\/\/youtu.be\/1yEnqwbvd4k\" target=\"_blank\" rel=\"noopener\"><img decoding=\"async\" src=\"https:\/\/www.pamelatarget.com\/wp-content\/uploads\/2018\/02\/yt_logo_rgb_dark-2.png\" alt=\"\" width=\"200\" \/><\/a><\/li>\n<\/ul>\n","protected":false},"excerpt":{"rendered":"<p>TOP CHRONO ! On est parti pour 20 semaines de fun ! Pamela Target, c&rsquo;est PARTI !!! et c&rsquo;est GRATUIT PAMELA TARGET EPISODE 3 disponible Clique sur le logo de ton application pr\u00e9f\u00e9r\u00e9e ci-dessous \u200b Ecoute sur casque fortement recommand\u00e9e En attendant la vid\u00e9o, tu peux (re)voir l&rsquo;\u00e9pisode 1 ici :<\/p>\n","protected":false},"author":2,"featured_media":0,"parent":0,"menu_order":0,"comment_status":"closed","ping_status":"closed","template":"","meta":{"footnotes":""},"class_list":["post-600","page","type-page","status-publish","hentry"],"_links":{"self":[{"href":"https:\/\/www.pamelatarget.com\/index.php\/wp-json\/wp\/v2\/pages\/600","targetHints":{"allow":["GET"]}}],"collection":[{"href":"https:\/\/www.pamelatarget.com\/index.php\/wp-json\/wp\/v2\/pages"}],"about":[{"href":"https:\/\/www.pamelatarget.com\/index.php\/wp-json\/wp\/v2\/types\/page"}],"author":[{"embeddable":true,"href":"https:\/\/www.pamelatarget.com\/index.php\/wp-json\/wp\/v2\/users\/2"}],"replies":[{"embeddable":true,"href":"https:\/\/www.pamelatarget.com\/index.php\/wp-json\/wp\/v2\/comments?post=600"}],"version-history":[{"count":1,"href":"https:\/\/www.pamelatarget.com\/index.php\/wp-json\/wp\/v2\/pages\/600\/revisions"}],"predecessor-version":[{"id":601,"href":"https:\/\/www.pamelatarget.com\/index.php\/wp-json\/wp\/v2\/pages\/600\/revisions\/601"}],"wp:attachment":[{"href":"https:\/\/www.pamelatarget.com\/index.php\/wp-json\/wp\/v2\/media?parent=600"}],"curies":[{"name":"wp","href":"https:\/\/api.w.org\/{rel}","templated":true}]}}