{"id":546,"date":"2018-02-16T14:31:00","date_gmt":"2018-02-16T13:31:00","guid":{"rendered":"https:\/\/www.pamelatarget.com\/?page_id=546"},"modified":"2019-02-06T22:35:06","modified_gmt":"2019-02-06T21:35:06","slug":"pt-s01e03-credits","status":"publish","type":"page","link":"https:\/\/www.pamelatarget.com\/index.php\/pt-s01e03-credits\/","title":{"rendered":"PT S01E03 &#8211; Pourquoi cet air si s\u00e9rieux ?"},"content":{"rendered":"<h3 style=\"text-align: center;\"><strong>PTS01E03 : Pourquoi cet air si s\u00e9rieux ?<\/strong><\/h3>\n<p style=\"text-align: center;\">Un lapin p\u00e9teur s&rsquo;interroge : \u00ab\u00a0Vous ai-je racont\u00e9 comment je me suis fait ces cicatrices ?\u00a0\u00bb<\/p>\n<p style=\"text-align: center;\">Branche tes \u00e9couteurs et Bim ! Lance la lecture :<\/p>\n<p><iframe loading=\"lazy\" src=\"https:\/\/embed.radiopublic.com\/e?if=pamela-target-8XR1ee&amp;ge=s1!18d1c1e65e37ebce7285a8e5dd792c9acffe03f6\" width=\"100%\" height=\"185\" frameborder=\"0\" scrolling=\"no\" sandbox=\"allow-same-origin allow-scripts allow-top-navigation allow-popups\"><\/iframe><\/p>\n<p style=\"text-align: center;\">Pour ne pas rater les prochains \u00e9pisodes et si tu n&rsquo;es pas encore abonn\u00e9,<\/p>\n<p style=\"text-align: center;\">c&rsquo;est ici<span style=\"color: #800080;\"><strong> <a style=\"color: #800080;\" href=\"https:\/\/www.pamelatarget.com\/index.php\/vip-club\/\">CLUB VIP PAMELA TARGET<\/a>\u00a0<\/strong><\/span><\/p>\n<p><img loading=\"lazy\" decoding=\"async\" width=\"300\" height=\"300\" class=\"aligncenter size-medium wp-image-597\" src=\"https:\/\/www.pamelatarget.com\/wp-content\/uploads\/2018\/02\/PTthumbnails3-300x300-300x300.png\" alt=\"\" \/><\/p>\n<p>&nbsp;<\/p>\n<p>&nbsp;<\/p>\n<h3><strong>Cr\u00e9dits<\/strong> :<\/h3>\n<p class=\"western\"><strong>Ecrit<\/strong> par Katia Grivot, David Neau et Pascal Senicourt<\/p>\n<p class=\"western\"><strong>R\u00e9alis\u00e9, mont\u00e9 et mix\u00e9<\/strong> par Katia Grivot<\/p>\n<p class=\"western\"><strong>Anim\u00e9 pour Youtube<\/strong> par Pascal Senicourt<\/p>\n<p class=\"western\"><strong>Musiques<\/strong> :<\/p>\n<p class=\"western\">g\u00e9n\u00e9rique\u00a0par Domingo Olmo Martin<\/p>\n<p>Accralate &#8211; The Dark Contenent par Kevin MacLeod, licence Creative Commons Attribution (<a href=\"https:\/\/creativecommons.org\/licenses\/by\/4.0\/\" target=\"blank\" rel=\"noopener\">https:\/\/creativecommons.org\/licenses\/by\/4.0\/<\/a>) Source\u00a0: <a href=\"http:\/\/incompetech.com\/music\/royalty-free\/index.html?isrc=USUAN1100341\" target=\"blank\" rel=\"noopener\">http:\/\/incompetech.com\/music\/royalty-free\/index.html?isrc=USUAN1100341<\/a> Artiste\u00a0: <a href=\"http:\/\/incompetech.com\/\" target=\"blank\" rel=\"noopener\">__url_artiste__<\/a><\/p>\n<p class=\"western\">Double agent par Everet Almond<\/p>\n<p>&nbsp;<\/p>\n<h6 class=\"western\"><strong>Par ordre d\u2019apparition<\/strong><\/h6>\n<p class=\"western\">Peter pan pan le lapin\u00a0: Domingo Olmo Martin<\/p>\n<p class=\"western\">Bruce l\u2019Emeu\u00a0: David Chamalet<\/p>\n<p class=\"western\">Bill le Bousier\u00a0: J\u00e9r\u00f4me Thevenet<\/p>\n<p class=\"western\">L\u2019ordinateur central Ally\u00a0: Grika<\/p>\n<p class=\"western\">Giulietta\u00a0: Grika<\/p>\n<p class=\"western\">Ryu le Fugu\u00a0: David Neau<\/p>\n<p class=\"western\">Paulo le Blaireau\u00a0: Pascal Senicourt<\/p>\n<p>&nbsp;<\/p>\n<p>Cet \u00e9pisode utilise plusieurs sons freesound, retrouvez la liste des cr\u00e9dits ici :<\/p>\n<p><i><a href=\"https:\/\/freesound.org\/people\/Skullsmasha\/sounds\/123253\/\" target=\"_blank\" rel=\"noopener\">MechanicalClamp.wav<\/a> by <a href=\"https:\/\/freesound.org\/people\/Skullsmasha\/\" target=\"_blank\" rel=\"noopener\">Skullsmasha<\/a> | <span style=\"color: #808080;\">License: <\/span>Creative Commons 0 <\/i><\/p>\n<p><i><a href=\"https:\/\/freesound.org\/people\/jmdh\/sounds\/388314\/\" target=\"_blank\" rel=\"noopener\">Regency chimes 1<\/a> by <a href=\"https:\/\/freesound.org\/people\/jmdh\/\" target=\"_blank\" rel=\"noopener\">jmdh<\/a> | <span style=\"color: #808080;\">License: <\/span>Creative Commons 0 <\/i><\/p>\n<p><i><a href=\"https:\/\/freesound.org\/people\/PMBROWNE\/sounds\/268692\/\" target=\"_blank\" rel=\"noopener\">DISHWASHER DIAL<\/a> by <a href=\"https:\/\/freesound.org\/people\/PMBROWNE\/\" target=\"_blank\" rel=\"noopener\">PMBROWNE<\/a> | <span style=\"color: #808080;\">License: <\/span>Attribution <\/i><\/p>\n<p><i><a href=\"https:\/\/freesound.org\/people\/Ryding\/sounds\/125968\/\" target=\"_blank\" rel=\"noopener\">Grandfather clock.wav<\/a> by <a href=\"https:\/\/freesound.org\/people\/Ryding\/\" target=\"_blank\" rel=\"noopener\">Ryding<\/a> | <span style=\"color: #808080;\">License: <\/span>Creative Commons 0 <\/i><\/p>\n<p><i><a href=\"https:\/\/freesound.org\/people\/jorickhoofd\/sounds\/160045\/\" target=\"_blank\" rel=\"noopener\">Metal hit with metal bar resonance<\/a> by <a href=\"https:\/\/freesound.org\/people\/jorickhoofd\/\" target=\"_blank\" rel=\"noopener\">jorickhoofd<\/a> | <span style=\"color: #808080;\">License: <\/span>Attribution <\/i><\/p>\n<p><i><a href=\"https:\/\/freesound.org\/people\/genel\/sounds\/138260\/\" target=\"_blank\" rel=\"noopener\">crank.wav<\/a> by <a href=\"https:\/\/freesound.org\/people\/genel\/\" target=\"_blank\" rel=\"noopener\">genel<\/a> | <span style=\"color: #808080;\">License: <\/span>Creative Commons 0 <\/i><\/p>\n<p><i><a href=\"https:\/\/freesound.org\/people\/Snapper4298\/sounds\/179198\/\" target=\"_blank\" rel=\"noopener\">MICRO_BELL.wav<\/a> by <a href=\"https:\/\/freesound.org\/people\/Snapper4298\/\" target=\"_blank\" rel=\"noopener\">Snapper4298<\/a> | <span style=\"color: #808080;\">License: <\/span>Attribution Noncommercial <\/i><\/p>\n<p><i><a href=\"https:\/\/freesound.org\/people\/Caitlin_100\/sounds\/398396\/\" target=\"_blank\" rel=\"noopener\">Knife scrape<\/a> by <a href=\"https:\/\/freesound.org\/people\/Caitlin_100\/\" target=\"_blank\" rel=\"noopener\">Caitlin_100<\/a> | <span style=\"color: #808080;\">License: <\/span>Creative Commons 0 <\/i><\/p>\n<p><i><a href=\"https:\/\/freesound.org\/people\/Alvinwhatup2\/sounds\/131599\/\" target=\"_blank\" rel=\"noopener\">Kill Switch (Large Breaker Switch) .WAV<\/a> by <a href=\"https:\/\/freesound.org\/people\/Alvinwhatup2\/\" target=\"_blank\" rel=\"noopener\">Alvinwhatup2<\/a> | <span style=\"color: #808080;\">License: <\/span>Creative Commons 0 <\/i><\/p>\n<p>&nbsp;<\/p>\n<p>Cet \u00e9pisode utilise plusieurs images Freepics et Flaticon, voici la liste des cr\u00e9dits :<\/p>\n<p>Dossier<br \/>\nIcons made by <a title=\"Smashicons\" href=\"https:\/\/www.flaticon.com\/authors\/smashicons\" target=\"_blank\" rel=\"noopener\">Smashicons<\/a> from <a title=\"Flaticon\" href=\"https:\/\/www.flaticon.com\/\" target=\"_blank\" rel=\"noopener\">www.flaticon.com<\/a> is licensed by <a title=\"Creative Commons BY 3.0\" href=\"http:\/\/creativecommons.org\/licenses\/by\/3.0\/\" target=\"_blank\" rel=\"noopener\">CC 3.0 BY<\/a><\/p>\n<p>Tetris<br \/>\nIcons made by <a title=\"Roundicons\" href=\"https:\/\/www.flaticon.com\/authors\/roundicons\" target=\"_blank\" rel=\"noopener\">Roundicons<\/a> from <a title=\"Flaticon\" href=\"https:\/\/www.flaticon.com\/\" target=\"_blank\" rel=\"noopener\">www.flaticon.com<\/a> is licensed by <a title=\"Creative Commons BY 3.0\" href=\"http:\/\/creativecommons.org\/licenses\/by\/3.0\/\" target=\"_blank\" rel=\"noopener\">CC 3.0 BY<\/a><\/p>\n<p>Tetris<br \/>\nCreative commons : Created by Crude Animation Productions, 2015<\/p>\n<p>loupe<br \/>\nIcons made by <a title=\"Freepik\" href=\"http:\/\/www.freepik.com\" target=\"_blank\" rel=\"noopener\">Freepik<\/a> from <a title=\"Flaticon\" href=\"https:\/\/www.flaticon.com\/\" target=\"_blank\" rel=\"noopener\">www.flaticon.com<\/a> is licensed by <a title=\"Creative Commons BY 3.0\" href=\"http:\/\/creativecommons.org\/licenses\/by\/3.0\/\" target=\"_blank\" rel=\"noopener\">CC 3.0 BY<\/a><\/p>\n<p>fichier<br \/>\nIcons made by <a title=\"Smartline\" href=\"https:\/\/www.flaticon.com\/authors\/smartline\" target=\"_blank\" rel=\"noopener\">Smartline<\/a> from <a title=\"Flaticon\" href=\"https:\/\/www.flaticon.com\/\" target=\"_blank\" rel=\"noopener\">www.flaticon.com<\/a> is licensed by <a title=\"Creative Commons BY 3.0\" href=\"http:\/\/creativecommons.org\/licenses\/by\/3.0\/\" target=\"_blank\" rel=\"noopener\">CC 3.0 BY<\/a><\/p>\n<p>no no<br \/>\nIcons made by <a title=\"Freepik\" href=\"http:\/\/www.freepik.com\" target=\"_blank\" rel=\"noopener\">Freepik<\/a> from <a title=\"Flaticon\" href=\"https:\/\/www.flaticon.com\/\" target=\"_blank\" rel=\"noopener\">www.flaticon.com<\/a> is licensed by <a title=\"Creative Commons BY 3.0\" href=\"http:\/\/creativecommons.org\/licenses\/by\/3.0\/\" target=\"_blank\" rel=\"noopener\">CC 3.0 BY<\/a><\/p>\n<p>medal<br \/>\nIcons made by <a title=\"Freepik\" href=\"http:\/\/www.freepik.com\" target=\"_blank\" rel=\"noopener\">Freepik<\/a> from <a title=\"Flaticon\" href=\"https:\/\/www.flaticon.com\/\" target=\"_blank\" rel=\"noopener\">www.flaticon.com<\/a> is licensed by <a title=\"Creative Commons BY 3.0\" href=\"http:\/\/creativecommons.org\/licenses\/by\/3.0\/\" target=\"_blank\" rel=\"noopener\">CC 3.0 BY<\/a><\/p>\n<p>loupe 2<br \/>\nIcons made by <a title=\"Freepik\" href=\"http:\/\/www.freepik.com\" target=\"_blank\" rel=\"noopener\">Freepik<\/a> from <a title=\"Flaticon\" href=\"https:\/\/www.flaticon.com\/\" target=\"_blank\" rel=\"noopener\">www.flaticon.com<\/a> is licensed by <a title=\"Creative Commons BY 3.0\" href=\"http:\/\/creativecommons.org\/licenses\/by\/3.0\/\" target=\"_blank\" rel=\"noopener\">CC 3.0 BY<\/a><\/p>\n<p>mur<br \/>\nIcons made by <a title=\"Good Ware\" href=\"https:\/\/www.flaticon.com\/authors\/good-ware\" target=\"_blank\" rel=\"noopener\">Good Ware<\/a> from <a title=\"Flaticon\" href=\"https:\/\/www.flaticon.com\/\" target=\"_blank\" rel=\"noopener\">www.flaticon.com<\/a> is licensed by <a title=\"Creative Commons BY 3.0\" href=\"http:\/\/creativecommons.org\/licenses\/by\/3.0\/\" target=\"_blank\" rel=\"noopener\">CC 3.0 BY<\/a><\/p>\n<p>Bomb<br \/>\nIcons made by <a title=\"Gregor Cresnar\" href=\"https:\/\/www.flaticon.com\/authors\/gregor-cresnar\" target=\"_blank\" rel=\"noopener\">Gregor Cresnar<\/a> from <a title=\"Flaticon\" href=\"https:\/\/www.flaticon.com\/\" target=\"_blank\" rel=\"noopener\">www.flaticon.com<\/a> is licensed by <a title=\"Creative Commons BY 3.0\" href=\"http:\/\/creativecommons.org\/licenses\/by\/3.0\/\" target=\"_blank\" rel=\"noopener\">CC 3.0 BY<\/a><\/p>\n<p>Mort<br \/>\nIcons made by <a title=\"Freepik\" href=\"http:\/\/www.freepik.com\" target=\"_blank\" rel=\"noopener\">Freepik<\/a> from <a title=\"Flaticon\" href=\"https:\/\/www.flaticon.com\/\" target=\"_blank\" rel=\"noopener\">www.flaticon.com<\/a> is licensed by <a title=\"Creative Commons BY 3.0\" href=\"http:\/\/creativecommons.org\/licenses\/by\/3.0\/\" target=\"_blank\" rel=\"noopener\">CC 3.0 BY<\/a><\/p>\n<p>Bunny<br \/>\nIcons made by <a title=\"Freepik\" href=\"http:\/\/www.freepik.com\" target=\"_blank\" rel=\"noopener\">Freepik<\/a> from <a title=\"Flaticon\" href=\"https:\/\/www.flaticon.com\/\" target=\"_blank\" rel=\"noopener\">www.flaticon.com<\/a> is licensed by <a title=\"Creative Commons BY 3.0\" href=\"http:\/\/creativecommons.org\/licenses\/by\/3.0\/\" target=\"_blank\" rel=\"noopener\">CC 3.0 BY<\/a><\/p>\n<p>sifflet<br \/>\nIcons made by <a title=\"Freepik\" href=\"http:\/\/www.freepik.com\" target=\"_blank\" rel=\"noopener\">Freepik<\/a> from <a title=\"Flaticon\" href=\"https:\/\/www.flaticon.com\/\" target=\"_blank\" rel=\"noopener\">www.flaticon.com<\/a> is licensed by <a title=\"Creative Commons BY 3.0\" href=\"http:\/\/creativecommons.org\/licenses\/by\/3.0\/\" target=\"_blank\" rel=\"noopener\">CC 3.0 BY<\/a><\/p>\n<p>Run<br \/>\nIcons made by <a title=\"Freepik\" href=\"http:\/\/www.freepik.com\" target=\"_blank\" rel=\"noopener\">Freepik<\/a> from <a title=\"Flaticon\" href=\"https:\/\/www.flaticon.com\/\" target=\"_blank\" rel=\"noopener\">www.flaticon.com<\/a> is licensed by <a title=\"Creative Commons BY 3.0\" href=\"http:\/\/creativecommons.org\/licenses\/by\/3.0\/\" target=\"_blank\" rel=\"noopener\">CC 3.0 BY<\/a><\/p>\n<p>roue<br \/>\nIcons made by <a title=\"Smashicons\" href=\"https:\/\/www.flaticon.com\/authors\/smashicons\" target=\"_blank\" rel=\"noopener\">Smashicons<\/a> from <a title=\"Flaticon\" href=\"https:\/\/www.flaticon.com\/\" target=\"_blank\" rel=\"noopener\">www.flaticon.com<\/a> is licensed by <a title=\"Creative Commons BY 3.0\" href=\"http:\/\/creativecommons.org\/licenses\/by\/3.0\/\" target=\"_blank\" rel=\"noopener\">CC 3.0 BY<\/a><\/p>\n<p>&nbsp;<\/p>\n<p style=\"text-align: center;\">\u00a0Tu peux aussi choisir un autre moyen d&rsquo;\u00e9coute. T&rsquo;inqui\u00e8te, c&rsquo;est gratuit :<\/p>\n<p>&nbsp;<\/p>\n<p><a href=\"https:\/\/itunes.apple.com\/fr\/podcast\/pamela-target-saison-1\/id1347089265?mt=2\" target=\"_blank\" rel=\"noopener\"><img loading=\"lazy\" decoding=\"async\" class=\"size-medium wp-image-479 aligncenter\" src=\"https:\/\/www.pamelatarget.com\/wp-content\/uploads\/2018\/02\/Get_it_on_iTunes_Badge_FR_1114-300x109.png\" alt=\"\" width=\"300\" height=\"109\" srcset=\"https:\/\/www.pamelatarget.com\/wp-content\/uploads\/2018\/02\/Get_it_on_iTunes_Badge_FR_1114-300x109.png 300w, https:\/\/www.pamelatarget.com\/wp-content\/uploads\/2018\/02\/Get_it_on_iTunes_Badge_FR_1114-768x279.png 768w, https:\/\/www.pamelatarget.com\/wp-content\/uploads\/2018\/02\/Get_it_on_iTunes_Badge_FR_1114-1024x372.png 1024w, https:\/\/www.pamelatarget.com\/wp-content\/uploads\/2018\/02\/Get_it_on_iTunes_Badge_FR_1114.png 1194w\" sizes=\"auto, (max-width: 300px) 100vw, 300px\" \/><\/a><\/p>\n<p>&nbsp;<\/p>\n<p><a href=\"https:\/\/soundcloud.com\/user-149328996\/pts01e03-jocker-smile?in=user-149328996\/sets\/pamela-target-saison-01\" target=\"_blank\" rel=\"noopener\"><img loading=\"lazy\" decoding=\"async\" class=\"size-medium wp-image-477 aligncenter\" src=\"https:\/\/www.pamelatarget.com\/wp-content\/uploads\/2018\/02\/SoundCloud_logo_orange_color_plain.svg_-300x171.png\" alt=\"\" width=\"300\" height=\"171\" srcset=\"https:\/\/www.pamelatarget.com\/wp-content\/uploads\/2018\/02\/SoundCloud_logo_orange_color_plain.svg_-300x171.png 300w, https:\/\/www.pamelatarget.com\/wp-content\/uploads\/2018\/02\/SoundCloud_logo_orange_color_plain.svg_-768x438.png 768w, https:\/\/www.pamelatarget.com\/wp-content\/uploads\/2018\/02\/SoundCloud_logo_orange_color_plain.svg_-1024x584.png 1024w, https:\/\/www.pamelatarget.com\/wp-content\/uploads\/2018\/02\/SoundCloud_logo_orange_color_plain.svg_.png 1200w\" sizes=\"auto, (max-width: 300px) 100vw, 300px\" \/><\/a><\/p>\n<p>&nbsp;<\/p>\n<p><a href=\"https:\/\/www.deezer.com\/fr\/episode\/4604277\" target=\"_blank\" rel=\"noopener\"><img loading=\"lazy\" decoding=\"async\" class=\"size-medium wp-image-574 aligncenter\" src=\"https:\/\/www.pamelatarget.com\/wp-content\/uploads\/2018\/02\/deezer-logo-300x168.png\" alt=\"\" width=\"300\" height=\"168\" \/><\/a><\/p>\n<div><\/div>\n<p>&nbsp;<\/p>\n","protected":false},"excerpt":{"rendered":"<p>PTS01E03 : Pourquoi cet air si s\u00e9rieux ? Un lapin p\u00e9teur s&rsquo;interroge : \u00ab\u00a0Vous ai-je racont\u00e9 comment je me suis fait ces cicatrices ?\u00a0\u00bb Branche tes \u00e9couteurs et Bim ! Lance la lecture : Pour ne pas rater les prochains \u00e9pisodes et si tu n&rsquo;es pas encore abonn\u00e9, c&rsquo;est ici CLUB VIP PAMELA TARGET\u00a0 &nbsp; [&hellip;]<\/p>\n","protected":false},"author":1,"featured_media":597,"parent":0,"menu_order":0,"comment_status":"closed","ping_status":"closed","template":"","meta":{"footnotes":""},"class_list":["post-546","page","type-page","status-publish","has-post-thumbnail","hentry"],"_links":{"self":[{"href":"https:\/\/www.pamelatarget.com\/index.php\/wp-json\/wp\/v2\/pages\/546","targetHints":{"allow":["GET"]}}],"collection":[{"href":"https:\/\/www.pamelatarget.com\/index.php\/wp-json\/wp\/v2\/pages"}],"about":[{"href":"https:\/\/www.pamelatarget.com\/index.php\/wp-json\/wp\/v2\/types\/page"}],"author":[{"embeddable":true,"href":"https:\/\/www.pamelatarget.com\/index.php\/wp-json\/wp\/v2\/users\/1"}],"replies":[{"embeddable":true,"href":"https:\/\/www.pamelatarget.com\/index.php\/wp-json\/wp\/v2\/comments?post=546"}],"version-history":[{"count":25,"href":"https:\/\/www.pamelatarget.com\/index.php\/wp-json\/wp\/v2\/pages\/546\/revisions"}],"predecessor-version":[{"id":2199,"href":"https:\/\/www.pamelatarget.com\/index.php\/wp-json\/wp\/v2\/pages\/546\/revisions\/2199"}],"wp:featuredmedia":[{"embeddable":true,"href":"https:\/\/www.pamelatarget.com\/index.php\/wp-json\/wp\/v2\/media\/597"}],"wp:attachment":[{"href":"https:\/\/www.pamelatarget.com\/index.php\/wp-json\/wp\/v2\/media?parent=546"}],"curies":[{"name":"wp","href":"https:\/\/api.w.org\/{rel}","templated":true}]}}