{"id":512,"date":"2018-02-15T15:13:36","date_gmt":"2018-02-15T14:13:36","guid":{"rendered":"https:\/\/www.pamelatarget.com\/?page_id=512"},"modified":"2019-02-06T22:46:07","modified_gmt":"2019-02-06T21:46:07","slug":"s01e01-credits","status":"publish","type":"page","link":"https:\/\/www.pamelatarget.com\/index.php\/s01e01-credits\/","title":{"rendered":"PT S01E01 &#8211; J&rsquo;suis pas venu pour beurrer des sandwiches"},"content":{"rendered":"<p style=\"text-align: center;\">Tenez-vous pr\u00eats pour une nouvelle g\u00e9n\u00e9ration de super h\u00e9ros barr\u00e9s ! Ensemble, ils vont devoir sauver l&rsquo;Arche.<\/p>\n<h3 style=\"text-align: center;\"><strong>S01E01 : J&rsquo;suis pas venu pour beurrer des sandwiches<\/strong><\/h3>\n<p style=\"text-align: center;\">C&rsquo;est pas au p&rsquo;tit c&#8230; de chaton qu&rsquo;on apprend \u00e0 beurrer des sandwiches.<\/p>\n<p style=\"text-align: center;\">Allez, mets tes \u00e9couteurs et lance la lecture :<\/p>\n<p>&nbsp;<\/p>\n<p><iframe loading=\"lazy\" src=\"https:\/\/embed.radiopublic.com\/e?if=pamela-target-8XR1ee&amp;ge=s1!820dca5b74969ed0b33c99a8716230e97e65a50f\" width=\"100%\" height=\"185\" frameborder=\"0\" scrolling=\"no\" sandbox=\"allow-same-origin allow-scripts allow-top-navigation allow-popups\"><\/iframe><\/p>\n<p style=\"text-align: center;\">Pour ne pas rater les prochains \u00e9pisodes et si tu n&rsquo;es pas encore abonn\u00e9,<\/p>\n<p style=\"text-align: center;\">c&rsquo;est ici<span style=\"color: #800080;\"><strong> <a style=\"color: #800080;\" href=\"https:\/\/www.pamelatarget.com\/index.php\/vip-club\/\">CLUB VIP PAMELA TARGET<\/a>\u00a0<\/strong><\/span><\/p>\n<p><img loading=\"lazy\" decoding=\"async\" width=\"300\" height=\"300\" class=\"aligncenter size-medium wp-image-531\" src=\"https:\/\/www.pamelatarget.com\/wp-content\/uploads\/2018\/02\/PT-EPISODE1vignette-300x300.png\" alt=\"\" \/><\/p>\n<h3><strong>CREDITS<\/strong><\/h3>\n<p><strong>\u00e9crit<\/strong> par Katia Grivot, David Neau et Pascal Senicourt<\/p>\n<p><strong>r\u00e9alis\u00e9, mont\u00e9 et mix\u00e9<\/strong> par Katia Grivot<\/p>\n<p><strong>anim\u00e9 pour Youtube<\/strong> par Pascal Senicourt<\/p>\n<p><strong>Musiques G\u00e9n\u00e9rique<\/strong> : Domingo Olmo Martin<\/p>\n<p>Le beau Danube Bleu : Universal sound bank<\/p>\n<p>&nbsp;<\/p>\n<h6><strong>Par ordre d&rsquo;apparition : <\/strong><\/h6>\n<p>Riton le chaton : Mehdi Deez<\/p>\n<p>L&rsquo;ordinateur central, Ally : Grika<\/p>\n<p>Bruce l&rsquo;\u00e9meu : David Chamalet<\/p>\n<p>Paulo Le blaireau : Pascal Senicourt<\/p>\n<p>Ryu Le fugu : David Neau<\/p>\n<p>&nbsp;<\/p>\n<p>Une grande partie des sons de cet \u00e9pisode sont tir\u00e9s de Freesound<\/p>\n<p><a href=\"https:\/\/freesound.org\/people\/edhutschek\/sounds\/263829\/\" target=\"_blank\" rel=\"noopener\">Elevator goes up<\/a> by <a href=\"https:\/\/freesound.org\/people\/edhutschek\/\" target=\"_blank\" rel=\"noopener\">edhutschek<\/a> | License: Creative Commons<\/p>\n<p><a href=\"https:\/\/freesound.org\/people\/jmdh\/sounds\/388314\/\" target=\"_blank\" rel=\"noopener\">Regency chimes 1<\/a> by <a href=\"https:\/\/freesound.org\/people\/jmdh\/\" target=\"_blank\" rel=\"noopener\">jmdh<\/a> | License: Creative Commons<\/p>\n<p><a href=\"https:\/\/freesound.org\/people\/misjoc\/sounds\/401968\/\" target=\"_blank\" rel=\"noopener\">Robot arm, drill machine .wav<\/a> by <a href=\"https:\/\/freesound.org\/people\/misjoc\/\" target=\"_blank\" rel=\"noopener\">misjoc<\/a> | License: Creative Commons<\/p>\n<p><a href=\"https:\/\/freesound.org\/people\/18hiltc\/sounds\/198610\/\" target=\"_blank\" rel=\"noopener\">Punching and Uppercut.wav<\/a> by <a href=\"https:\/\/freesound.org\/people\/18hiltc\/\" target=\"_blank\" rel=\"noopener\">18hiltc<\/a> | License: Attribution<\/p>\n<p><a href=\"https:\/\/freesound.org\/people\/Ekuhvielle\/sounds\/211006\/\" target=\"_blank\" rel=\"noopener\">Punch Sound FX<\/a> by <a href=\"https:\/\/freesound.org\/people\/Ekuhvielle\/\" target=\"_blank\" rel=\"noopener\">Ekuhvielle<\/a> | License: Attribution Noncommercial<\/p>\n<p><a href=\"https:\/\/freesound.org\/people\/nicktermer\/sounds\/259544\/\" target=\"_blank\" rel=\"noopener\">punch with splats.wav<\/a> by <a href=\"https:\/\/freesound.org\/people\/nicktermer\/\" target=\"_blank\" rel=\"noopener\">nicktermer<\/a> | License: Creative Commons<\/p>\n<p><a href=\"https:\/\/freesound.org\/people\/soundscalpel.com\/sounds\/110615\/\" target=\"_blank\" rel=\"noopener\">foley_cable_whoosh_air_001.wav<\/a> by <a href=\"https:\/\/freesound.org\/people\/soundscalpel.com\/\" target=\"_blank\" rel=\"noopener\">soundscalpel.com<\/a> | License: Attribution<\/p>\n<p><a href=\"https:\/\/freesound.org\/people\/CGEffex\/sounds\/97784\/\" target=\"_blank\" rel=\"noopener\">Snap-a-neck03.wav<\/a> by <a href=\"https:\/\/freesound.org\/people\/CGEffex\/\" target=\"_blank\" rel=\"noopener\">CGEffex<\/a> | License: Attribution<\/p>\n<p><a href=\"https:\/\/freesound.org\/people\/sonictechtonic\/sounds\/243565\/\" target=\"_blank\" rel=\"noopener\">RapidWhooshes.wav<\/a> by <a href=\"https:\/\/freesound.org\/people\/sonictechtonic\/\" target=\"_blank\" rel=\"noopener\">sonictechtonic<\/a> | License: Attribution<\/p>\n<p><a href=\"https:\/\/freesound.org\/people\/UnderlinedDesigns\/sounds\/191766\/\" target=\"_blank\" rel=\"noopener\">Bamboo Whip Sound Effect<\/a> by <a href=\"https:\/\/freesound.org\/people\/UnderlinedDesigns\/\" target=\"_blank\" rel=\"noopener\">UnderlinedDesigns<\/a> | License: Creative Commons<\/p>\n<p><a href=\"https:\/\/freesound.org\/people\/nextmaking\/sounds\/86019\/\" target=\"_blank\" rel=\"noopener\">kung fu punch.aif<\/a> by <a href=\"https:\/\/freesound.org\/people\/nextmaking\/\" target=\"_blank\" rel=\"noopener\">nextmaking<\/a> | License: Sampling+<\/p>\n<p><a href=\"https:\/\/freesound.org\/people\/PureAudioNinja\/sounds\/339050\/\" target=\"_blank\" rel=\"noopener\">Crispy Spring Onion<\/a> by <a href=\"https:\/\/freesound.org\/people\/PureAudioNinja\/\" target=\"_blank\" rel=\"noopener\">PureAudioNinja<\/a> | License: Creative Commons<\/p>\n<p><a href=\"https:\/\/freesound.org\/people\/soundscalpel.com\/sounds\/110616\/\" target=\"_blank\" rel=\"noopener\">foley_cable_whoosh_air_002.wav<\/a> by <a href=\"https:\/\/freesound.org\/people\/soundscalpel.com\/\" target=\"_blank\" rel=\"noopener\">soundscalpel.com<\/a> | License: Attribution<\/p>\n<p><a href=\"https:\/\/freesound.org\/people\/Benboncan\/sounds\/66951\/\" target=\"_blank\" rel=\"noopener\">Boxing Bell.wav<\/a> by <a href=\"https:\/\/freesound.org\/people\/Benboncan\/\" target=\"_blank\" rel=\"noopener\">Benboncan<\/a> | License: Attribution<\/p>\n<p><a href=\"https:\/\/freesound.org\/people\/Wavecutter\/sounds\/149836\/\" target=\"_blank\" rel=\"noopener\">photoclick<\/a> by <a href=\"https:\/\/freesound.org\/people\/Wavecutter\/\" target=\"_blank\" rel=\"noopener\">Wavecutter<\/a> | License: Creative Commons<\/p>\n<p>&nbsp;<\/p>\n<p class=\"western\">Cet \u00e9pisode sur Youtube utilise aussi des images Freepik, <b>License<\/b>: Flaticon Basic License.<\/p>\n<div>Icons made by <a title=\"Freepik\" href=\"http:\/\/www.freepik.com\" target=\"_blank\" rel=\"noopener\">Freepik<\/a> from <a title=\"Flaticon\" href=\"https:\/\/www.flaticon.com\/\" target=\"_blank\" rel=\"noopener\">www.flaticon.com<\/a> is licensed by <a title=\"Creative Commons BY 3.0\" href=\"http:\/\/creativecommons.org\/licenses\/by\/3.0\/\" target=\"_blank\" rel=\"noopener\">CC 3.0 BY<\/a><\/div>\n<p>boxing fight<br \/>\nIcons made by <a title=\"Freepik\" href=\"http:\/\/www.freepik.com\" target=\"_blank\" rel=\"noopener\">Freepik<\/a> from <a title=\"Flaticon\" href=\"https:\/\/www.flaticon.com\/\" target=\"_blank\" rel=\"noopener\">www.flaticon.com<\/a> is licensed by <a title=\"Creative Commons BY 3.0\" href=\"http:\/\/creativecommons.org\/licenses\/by\/3.0\/\" target=\"_blank\" rel=\"noopener\">CC 3.0 BY<\/a><\/p>\n<p>POW,\u00a0BOUM,\u00a0Boum 2,\u00a0smash,\u00a0boum<br \/>\n<a href=\"https:\/\/www.freepik.com\/free-vector\/pow-flash-on-white_1175572.htm\" target=\"_blank\" rel=\"noopener\">Designed by Freepik<\/a><\/p>\n<p>fish<br \/>\nIcons made by <a title=\"Freepik\" href=\"http:\/\/www.freepik.com\" target=\"_blank\" rel=\"noopener\">Freepik<\/a> from <a title=\"Flaticon\" href=\"https:\/\/www.flaticon.com\/\" target=\"_blank\" rel=\"noopener\">www.flaticon.com<\/a> is licensed by <a title=\"Creative Commons BY 3.0\" href=\"http:\/\/creativecommons.org\/licenses\/by\/3.0\/\" target=\"_blank\" rel=\"noopener\">CC 3.0 BY<\/a><\/p>\n<p>&nbsp;<\/p>\n<p style=\"text-align: center;\">Prends ton casque et choisis ton mode d&rsquo;\u00e9coute. T&rsquo;inqui\u00e8te, c&rsquo;est gratuit :<\/p>\n<p>&nbsp;<\/p>\n<p>&nbsp;<\/p>\n<p><a href=\"https:\/\/itunes.apple.com\/fr\/podcast\/pamela-target-saison-1\/id1347089265?mt=2\" target=\"_blank\" rel=\"noopener\"><img loading=\"lazy\" decoding=\"async\" class=\"size-medium wp-image-271 aligncenter\" src=\"https:\/\/www.pamelatarget.com\/wp-content\/uploads\/2018\/01\/Americas-Family-Coaches-iTunes-podcast-audio-300x112.jpg\" alt=\"\" width=\"300\" height=\"112\" srcset=\"https:\/\/www.pamelatarget.com\/wp-content\/uploads\/2018\/01\/Americas-Family-Coaches-iTunes-podcast-audio-300x112.jpg 300w, https:\/\/www.pamelatarget.com\/wp-content\/uploads\/2018\/01\/Americas-Family-Coaches-iTunes-podcast-audio-768x286.jpg 768w, https:\/\/www.pamelatarget.com\/wp-content\/uploads\/2018\/01\/Americas-Family-Coaches-iTunes-podcast-audio.jpg 1000w\" sizes=\"auto, (max-width: 300px) 100vw, 300px\" \/><\/a><\/p>\n<p>&nbsp;<\/p>\n<p><a href=\"https:\/\/www.deezer.com\/fr\/episode\/4594227\" target=\"_blank\" rel=\"noopener\"><img loading=\"lazy\" decoding=\"async\" class=\"size-medium wp-image-574 aligncenter\" src=\"https:\/\/www.pamelatarget.com\/wp-content\/uploads\/2018\/02\/deezer-logo-300x168.png\" alt=\"\" width=\"300\" height=\"168\" \/><\/a><\/p>\n<p>&nbsp;<\/p>\n<p><a href=\"https:\/\/www.youtube.com\/watch?v=86PAswb7qRY&amp;t=6s\" target=\"_blank\" rel=\"noopener\"><img loading=\"lazy\" decoding=\"async\" class=\"size-medium wp-image-270 aligncenter\" src=\"https:\/\/www.pamelatarget.com\/wp-content\/uploads\/2018\/01\/yt_logo_rgb_light-300x67.png\" alt=\"\" width=\"300\" height=\"67\" srcset=\"https:\/\/www.pamelatarget.com\/wp-content\/uploads\/2018\/01\/yt_logo_rgb_light-300x67.png 300w, https:\/\/www.pamelatarget.com\/wp-content\/uploads\/2018\/01\/yt_logo_rgb_light-768x172.png 768w, https:\/\/www.pamelatarget.com\/wp-content\/uploads\/2018\/01\/yt_logo_rgb_light.png 794w\" sizes=\"auto, (max-width: 300px) 100vw, 300px\" \/><\/a><\/p>\n<p>&nbsp;<\/p>\n<p>&nbsp;<\/p>\n","protected":false},"excerpt":{"rendered":"<p>Tenez-vous pr\u00eats pour une nouvelle g\u00e9n\u00e9ration de super h\u00e9ros barr\u00e9s ! Ensemble, ils vont devoir sauver l&rsquo;Arche. S01E01 : J&rsquo;suis pas venu pour beurrer des sandwiches C&rsquo;est pas au p&rsquo;tit c&#8230; de chaton qu&rsquo;on apprend \u00e0 beurrer des sandwiches. Allez, mets tes \u00e9couteurs et lance la lecture : &nbsp; Pour ne pas rater les prochains [&hellip;]<\/p>\n","protected":false},"author":2,"featured_media":531,"parent":0,"menu_order":0,"comment_status":"closed","ping_status":"closed","template":"","meta":{"footnotes":""},"class_list":["post-512","page","type-page","status-publish","has-post-thumbnail","hentry"],"_links":{"self":[{"href":"https:\/\/www.pamelatarget.com\/index.php\/wp-json\/wp\/v2\/pages\/512","targetHints":{"allow":["GET"]}}],"collection":[{"href":"https:\/\/www.pamelatarget.com\/index.php\/wp-json\/wp\/v2\/pages"}],"about":[{"href":"https:\/\/www.pamelatarget.com\/index.php\/wp-json\/wp\/v2\/types\/page"}],"author":[{"embeddable":true,"href":"https:\/\/www.pamelatarget.com\/index.php\/wp-json\/wp\/v2\/users\/2"}],"replies":[{"embeddable":true,"href":"https:\/\/www.pamelatarget.com\/index.php\/wp-json\/wp\/v2\/comments?post=512"}],"version-history":[{"count":28,"href":"https:\/\/www.pamelatarget.com\/index.php\/wp-json\/wp\/v2\/pages\/512\/revisions"}],"predecessor-version":[{"id":1187,"href":"https:\/\/www.pamelatarget.com\/index.php\/wp-json\/wp\/v2\/pages\/512\/revisions\/1187"}],"wp:featuredmedia":[{"embeddable":true,"href":"https:\/\/www.pamelatarget.com\/index.php\/wp-json\/wp\/v2\/media\/531"}],"wp:attachment":[{"href":"https:\/\/www.pamelatarget.com\/index.php\/wp-json\/wp\/v2\/media?parent=512"}],"curies":[{"name":"wp","href":"https:\/\/api.w.org\/{rel}","templated":true}]}}