{"id":448,"date":"2018-02-15T15:16:31","date_gmt":"2018-02-15T14:16:31","guid":{"rendered":"https:\/\/www.pamelatarget.com\/?page_id=448"},"modified":"2019-02-06T22:25:56","modified_gmt":"2019-02-06T21:25:56","slug":"pt-s01e02-credits","status":"publish","type":"page","link":"https:\/\/www.pamelatarget.com\/index.php\/pt-s01e02-credits\/","title":{"rendered":"PT S01E02 &#8211; Tadaa! Il a disparu."},"content":{"rendered":"<h3 style=\"text-align: center;\"><strong>PTS01E02 : Tadaa! Il a disparu.<\/strong><\/h3>\n<p style=\"text-align: center;\">D\u00e9cid\u00e9ment, dans l&rsquo;Arche, les arriv\u00e9es se suivent mais ne se ressemblent pas.<\/p>\n<p style=\"text-align: center;\">Apr\u00e8s Riton le chaton, c&rsquo;est au tour d&rsquo;un lapin p\u00e9teur et d&rsquo;un bousier. Mais cette fois-ci, ils ont choisi une entr\u00e9e&#8230; plus explosive !<\/p>\n<p style=\"text-align: center;\">Branche tes \u00e9couteurs et Bim ! Lance la lecture :<\/p>\n<p><iframe loading=\"lazy\" src=\"https:\/\/embed.radiopublic.com\/e?if=pamela-target-8XR1ee&amp;ge=s1!f804a85911212234c5bc513b1494573eaab53358\" width=\"100%\" height=\"185\" frameborder=\"0\" scrolling=\"no\" sandbox=\"allow-same-origin allow-scripts allow-top-navigation allow-popups\"><\/iframe><\/p>\n<p style=\"text-align: center;\">Pour ne pas rater les prochains \u00e9pisodes et si tu n&rsquo;es pas encore abonn\u00e9,<\/p>\n<p style=\"text-align: center;\">c&rsquo;est ici<span style=\"color: #800080;\"><strong> <a style=\"color: #800080;\" href=\"https:\/\/www.pamelatarget.com\/index.php\/vip-club\/\">CLUB VIP PAMELA TARGET<\/a>\u00a0<\/strong><\/span><\/p>\n<p><img loading=\"lazy\" decoding=\"async\" width=\"300\" height=\"300\" class=\"aligncenter size-medium wp-image-533\" src=\"https:\/\/www.pamelatarget.com\/wp-content\/uploads\/2018\/02\/pamela-target-S01E02-vignette-300x300.png\" alt=\"\" \/><\/p>\n<p>&nbsp;<\/p>\n<p><strong>CREDITS<\/strong><\/p>\n<p class=\"western\"><strong>Ecrit<\/strong> par Katia Grivot, David Neau et Pascal Senicourt<\/p>\n<p class=\"western\"><strong>R\u00e9alis\u00e9, mont\u00e9 et mix\u00e9<\/strong> par Katia Grivot<\/p>\n<p class=\"western\"><strong>Anim\u00e9 pour<\/strong> Youtube par Pascal Senicourt<\/p>\n<p><strong>Musiques <\/strong><\/p>\n<p>G\u00e9n\u00e9riques par <a href=\"http:\/\/kingofpunk.net\/\" target=\"_blank\" rel=\"noopener\">Domingo Olmo Martin<\/a><\/p>\n<p>Griphop par Kevin MacLeod *<\/p>\n<p>*licence\u00a0Creative Commons Attribution\u00a0(https:\/\/creativecommons.org\/licenses\/by\/4.0\/) Source\u00a0:\u00a0<a href=\"http:\/\/incompetech.com\/music\/royalty-free\/index.html?isrc=USUAN1100413\" target=\"_blank\" rel=\"noopener\">http:\/\/incompetech.com\/music\/royalty-free\/index.html?isrc=USUAN1100413<\/a> Artiste\u00a0:\u00a0<a href=\"http:\/\/incompetech.com\/\" target=\"_blank\" rel=\"noopener\">__url_artiste__<\/a><\/p>\n<p>&nbsp;<\/p>\n<h6 class=\"western\"><strong>Par ordre d\u2019apparition<\/strong><\/h6>\n<p class=\"western\">Bill le Bousier\u00a0: J\u00e9r\u00f4me Thevenet<\/p>\n<p class=\"western\">Peter Pan pan\u00a0le Lapin : Domingo Olmo Martin<\/p>\n<p class=\"western\">Bruce l\u2019Emeu\u00a0: David Chamalet<\/p>\n<p class=\"western\">Ally l\u2019Ordinateur central\u00a0: Grika<\/p>\n<p class=\"western\">Giulietta La Cochonne\u00a0: Grika<\/p>\n<p class=\"western\">Paulo Le Blaireau\u00a0: Pascal Senicourt<\/p>\n<p class=\"western\">Ryu le Fugu\u00a0: David Neau<\/p>\n<p>&nbsp;<\/p>\n<p class=\"western\">Cet \u00e9pisode utilise de nombreux sons Freesound, retrouvez la liste des cr\u00e9dits ici :<\/p>\n<p><a href=\"https:\/\/freesound.org\/people\/ceberation\/sounds\/235521\/\" target=\"_blank\" rel=\"noopener\">Landing on ground.wav<\/a> by <a href=\"https:\/\/freesound.org\/people\/ceberation\/\" target=\"_blank\" rel=\"noopener\">ceberation<\/a> | License: Attribution <a href=\"https:\/\/freesound.org\/people\/JohnLaVine333\/sounds\/81526\/\" target=\"_blank\" rel=\"noopener\">Hok.wav<\/a> by <a href=\"https:\/\/freesound.org\/people\/JohnLaVine333\/\" target=\"_blank\" rel=\"noopener\">JohnLaVine333<\/a> | License: Attribution Noncommercial <i><a href=\"https:\/\/freesound.org\/people\/unfa\/sounds\/183265\/\" target=\"_blank\" rel=\"noopener\">Beatbox Explosion Take 1<\/a> by <a href=\"https:\/\/freesound.org\/people\/unfa\/\" target=\"_blank\" rel=\"noopener\">unfa<\/a> | License: Attribution <\/i> <i><a href=\"https:\/\/freesound.org\/people\/Skullsmasha\/sounds\/123253\/\" target=\"_blank\" rel=\"noopener\">MechanicalClamp.wav<\/a> by <a href=\"https:\/\/freesound.org\/people\/Skullsmasha\/\" target=\"_blank\" rel=\"noopener\">Skullsmasha<\/a> | License: Creative Commons\u00a0\u00a0<\/i><\/p>\n<p>&nbsp;<\/p>\n<p class=\"western\">Cet \u00e9pisode sur Youtube utilise aussi des images Freepik, <b>License<\/b>: Flaticon Basic License.<\/p>\n<p>RIP 2<br \/>\nIcons made by <a title=\"Freepik\" href=\"http:\/\/www.freepik.com\" target=\"_blank\" rel=\"noopener\">Freepik<\/a> from <a title=\"Flaticon\" href=\"https:\/\/www.flaticon.com\/\" target=\"_blank\" rel=\"noopener\">www.flaticon.com<\/a> is licensed by <a title=\"Creative Commons BY 3.0\" href=\"http:\/\/creativecommons.org\/licenses\/by\/3.0\/\" target=\"_blank\" rel=\"noopener\">CC 3.0 BY<\/a><\/p>\n<p>Danger 1<br \/>\nIcons made by <a title=\"Vectors Market\" href=\"https:\/\/www.flaticon.com\/authors\/vectors-market\" target=\"_blank\" rel=\"noopener\">Vectors Market<\/a> from <a title=\"Flaticon\" href=\"https:\/\/www.flaticon.com\/\" target=\"_blank\" rel=\"noopener\">www.flaticon.com<\/a> is licensed by <a title=\"Creative Commons BY 3.0\" href=\"http:\/\/creativecommons.org\/licenses\/by\/3.0\/\" target=\"_blank\" rel=\"noopener\">CC 3.0 BY<\/a><\/p>\n<p>Danger 2<br \/>\nIcons made by <a title=\"Vectors Market\" href=\"https:\/\/www.flaticon.com\/authors\/vectors-market\" target=\"_blank\" rel=\"noopener\">Vectors Market<\/a> from <a title=\"Flaticon\" href=\"https:\/\/www.flaticon.com\/\" target=\"_blank\" rel=\"noopener\">www.flaticon.com<\/a> is licensed by <a title=\"Creative Commons BY 3.0\" href=\"http:\/\/creativecommons.org\/licenses\/by\/3.0\/\" target=\"_blank\" rel=\"noopener\">CC 3.0 BY<\/a><\/p>\n<p>Danger 3<br \/>\nIcons made by <a title=\"Vectors Market\" href=\"https:\/\/www.flaticon.com\/authors\/vectors-market\" target=\"_blank\" rel=\"noopener\">Vectors Market<\/a> from <a title=\"Flaticon\" href=\"https:\/\/www.flaticon.com\/\" target=\"_blank\" rel=\"noopener\">www.flaticon.com<\/a> is licensed by <a title=\"Creative Commons BY 3.0\" href=\"http:\/\/creativecommons.org\/licenses\/by\/3.0\/\" target=\"_blank\" rel=\"noopener\">CC 3.0 BY<\/a><\/p>\n<p><a href=\"https:\/\/www.freepik.com\/free-vector\/cherry-blossom-background-in-watercolor-style_1722364.htm\" target=\"_blank\" rel=\"noopener\">Designed by Freepik<\/a><\/p>\n<p>headset episode 2<br \/>\nIcons made by <a title=\"Freepik\" href=\"http:\/\/www.freepik.com\" target=\"_blank\" rel=\"noopener\">Freepik<\/a> from <a title=\"Flaticon\" href=\"https:\/\/www.flaticon.com\/\" target=\"_blank\" rel=\"noopener\">www.flaticon.com<\/a> is licensed by <a title=\"Creative Commons BY 3.0\" href=\"http:\/\/creativecommons.org\/licenses\/by\/3.0\/\" target=\"_blank\" rel=\"noopener\">CC 3.0 BY<\/a><\/p>\n<p>poo<br \/>\nIcons made by <a title=\"Freepik\" href=\"http:\/\/www.freepik.com\" target=\"_blank\" rel=\"noopener\">Freepik<\/a> from <a title=\"Flaticon\" href=\"https:\/\/www.flaticon.com\/\" target=\"_blank\" rel=\"noopener\">www.flaticon.com<\/a> is licensed by <a title=\"Creative Commons BY 3.0\" href=\"http:\/\/creativecommons.org\/licenses\/by\/3.0\/\" target=\"_blank\" rel=\"noopener\">CC 3.0 BY<\/a><\/p>\n<p>shooting<br \/>\nIcons made by <a title=\"Freepik\" href=\"http:\/\/www.freepik.com\" target=\"_blank\" rel=\"noopener\">Freepik<\/a> from <a title=\"Flaticon\" href=\"https:\/\/www.flaticon.com\/\" target=\"_blank\" rel=\"noopener\">www.flaticon.com<\/a> is licensed by <a title=\"Creative Commons BY 3.0\" href=\"http:\/\/creativecommons.org\/licenses\/by\/3.0\/\" target=\"_blank\" rel=\"noopener\">CC 3.0 BY<\/a><\/p>\n<p>rifle target<br \/>\nIcons made by <a title=\"Freepik\" href=\"http:\/\/www.freepik.com\" target=\"_blank\" rel=\"noopener\">Freepik<\/a> from <a title=\"Flaticon\" href=\"https:\/\/www.flaticon.com\/\" target=\"_blank\" rel=\"noopener\">www.flaticon.com<\/a> is licensed by <a title=\"Creative Commons BY 3.0\" href=\"http:\/\/creativecommons.org\/licenses\/by\/3.0\/\" target=\"_blank\" rel=\"noopener\">CC 3.0 BY<\/a><\/p>\n<p>sirene<br \/>\nIcons made by <a title=\"DinosoftLabs\" href=\"https:\/\/www.flaticon.com\/authors\/dinosoftlabs\" target=\"_blank\" rel=\"noopener\">DinosoftLabs<\/a> from <a title=\"Flaticon\" href=\"https:\/\/www.flaticon.com\/\" target=\"_blank\" rel=\"noopener\">www.flaticon.com<\/a> is licensed by <a title=\"Creative Commons BY 3.0\" href=\"http:\/\/creativecommons.org\/licenses\/by\/3.0\/\" target=\"_blank\" rel=\"noopener\">CC 3.0 BY<\/a><\/p>\n<p>brique<br \/>\nEpisode Youtube 2<br \/>\nIcons made by <a title=\"Smashicons\" href=\"https:\/\/www.flaticon.com\/authors\/smashicons\" target=\"_blank\" rel=\"noopener\">Smashicons<\/a> from <a title=\"Flaticon\" href=\"https:\/\/www.flaticon.com\/\" target=\"_blank\" rel=\"noopener\">www.flaticon.com<\/a> is licensed by <a title=\"Creative Commons BY 3.0\" href=\"http:\/\/creativecommons.org\/licenses\/by\/3.0\/\" target=\"_blank\" rel=\"noopener\">CC 3.0 BY<\/a><\/p>\n<p>&nbsp;<\/p>\n<p>&nbsp;<\/p>\n<p style=\"text-align: center;\">Allez, prends ton casque et choisis ton mode d&rsquo;\u00e9coute pr\u00e9f\u00e9r\u00e9. T&rsquo;inqui\u00e8te, c&rsquo;est gratuit :<\/p>\n<p>&nbsp;<\/p>\n<p>&nbsp;<\/p>\n<p><a href=\"https:\/\/itunes.apple.com\/fr\/podcast\/pamela-target-saison-1\/id1347089265?mt=2\" target=\"_blank\" rel=\"noopener\"><img loading=\"lazy\" decoding=\"async\" class=\"size-medium wp-image-271 aligncenter\" src=\"https:\/\/www.pamelatarget.com\/wp-content\/uploads\/2018\/01\/Americas-Family-Coaches-iTunes-podcast-audio-300x112.jpg\" alt=\"\" width=\"300\" height=\"112\" srcset=\"https:\/\/www.pamelatarget.com\/wp-content\/uploads\/2018\/01\/Americas-Family-Coaches-iTunes-podcast-audio-300x112.jpg 300w, https:\/\/www.pamelatarget.com\/wp-content\/uploads\/2018\/01\/Americas-Family-Coaches-iTunes-podcast-audio-768x286.jpg 768w, https:\/\/www.pamelatarget.com\/wp-content\/uploads\/2018\/01\/Americas-Family-Coaches-iTunes-podcast-audio.jpg 1000w\" sizes=\"auto, (max-width: 300px) 100vw, 300px\" \/><\/a><\/p>\n<h3>\u00a0<a href=\"https:\/\/www.deezer.com\/fr\/episode\/4594227\" target=\"_blank\" rel=\"noopener\"><img loading=\"lazy\" decoding=\"async\" class=\"size-medium wp-image-574 aligncenter\" src=\"https:\/\/www.pamelatarget.com\/wp-content\/uploads\/2018\/02\/deezer-logo-300x168.png\" alt=\"\" width=\"300\" height=\"168\" \/><\/a><\/h3>\n<h3><a href=\"https:\/\/www.youtube.com\/watch?v=aNiCtf7HVnM&amp;t=33s\" target=\"_blank\" rel=\"noopener\"><img loading=\"lazy\" decoding=\"async\" class=\"size-medium wp-image-270 aligncenter\" src=\"https:\/\/www.pamelatarget.com\/wp-content\/uploads\/2018\/01\/yt_logo_rgb_light-300x67.png\" alt=\"\" width=\"300\" height=\"67\" srcset=\"https:\/\/www.pamelatarget.com\/wp-content\/uploads\/2018\/01\/yt_logo_rgb_light-300x67.png 300w, https:\/\/www.pamelatarget.com\/wp-content\/uploads\/2018\/01\/yt_logo_rgb_light-768x172.png 768w, https:\/\/www.pamelatarget.com\/wp-content\/uploads\/2018\/01\/yt_logo_rgb_light.png 794w\" sizes=\"auto, (max-width: 300px) 100vw, 300px\" \/><\/a><\/h3>\n<div>\n<p>&nbsp;<\/p>\n<div><\/div>\n<\/div>\n<p class=\"western\">\n","protected":false},"excerpt":{"rendered":"<p>PTS01E02 : Tadaa! Il a disparu. D\u00e9cid\u00e9ment, dans l&rsquo;Arche, les arriv\u00e9es se suivent mais ne se ressemblent pas. Apr\u00e8s Riton le chaton, c&rsquo;est au tour d&rsquo;un lapin p\u00e9teur et d&rsquo;un bousier. Mais cette fois-ci, ils ont choisi une entr\u00e9e&#8230; plus explosive ! Branche tes \u00e9couteurs et Bim ! Lance la lecture : Pour ne pas [&hellip;]<\/p>\n","protected":false},"author":2,"featured_media":533,"parent":0,"menu_order":0,"comment_status":"closed","ping_status":"closed","template":"","meta":{"footnotes":""},"class_list":["post-448","page","type-page","status-publish","has-post-thumbnail","hentry"],"_links":{"self":[{"href":"https:\/\/www.pamelatarget.com\/index.php\/wp-json\/wp\/v2\/pages\/448","targetHints":{"allow":["GET"]}}],"collection":[{"href":"https:\/\/www.pamelatarget.com\/index.php\/wp-json\/wp\/v2\/pages"}],"about":[{"href":"https:\/\/www.pamelatarget.com\/index.php\/wp-json\/wp\/v2\/types\/page"}],"author":[{"embeddable":true,"href":"https:\/\/www.pamelatarget.com\/index.php\/wp-json\/wp\/v2\/users\/2"}],"replies":[{"embeddable":true,"href":"https:\/\/www.pamelatarget.com\/index.php\/wp-json\/wp\/v2\/comments?post=448"}],"version-history":[{"count":39,"href":"https:\/\/www.pamelatarget.com\/index.php\/wp-json\/wp\/v2\/pages\/448\/revisions"}],"predecessor-version":[{"id":2196,"href":"https:\/\/www.pamelatarget.com\/index.php\/wp-json\/wp\/v2\/pages\/448\/revisions\/2196"}],"wp:featuredmedia":[{"embeddable":true,"href":"https:\/\/www.pamelatarget.com\/index.php\/wp-json\/wp\/v2\/media\/533"}],"wp:attachment":[{"href":"https:\/\/www.pamelatarget.com\/index.php\/wp-json\/wp\/v2\/media?parent=448"}],"curies":[{"name":"wp","href":"https:\/\/api.w.org\/{rel}","templated":true}]}}