{"id":3301,"date":"2019-12-02T12:45:50","date_gmt":"2019-12-02T11:45:50","guid":{"rendered":"https:\/\/www.pamelatarget.com\/?page_id=3301"},"modified":"2019-12-04T16:14:36","modified_gmt":"2019-12-04T15:14:36","slug":"pts02e31-la-reine-des-neiges-contre-attaque","status":"publish","type":"page","link":"https:\/\/www.pamelatarget.com\/index.php\/pts02e31-la-reine-des-neiges-contre-attaque\/","title":{"rendered":"PTS02E31 : Les prisonniers de la Carbonite"},"content":{"rendered":"<h2 style=\"text-align: center;\"><strong>PTS02E31 : Les prisonniers de la Carbonite<br \/>\n<\/strong><\/h2>\n<p style=\"text-align: center;\">La voix de la pizza d\u00e9voile son plan machiav\u00e9lique \u00e0 base de carbonite pure !<\/p>\n<p style=\"text-align: center;\">Branche tes \u00e9couteurs et Bim ! Lance la lecture :<\/p>\n<p><iframe loading=\"lazy\" src=\"https:\/\/www.podcastics.com\/player\/extended\/127\/17834\/\" width=\"100%\" height=\"200\" frameborder=\"0\"><\/iframe><\/p>\n<p style=\"text-align: center;\">Pour avoir de nos nouvelles et d\u00e9couvrir des bonus,<\/p>\n<p style=\"text-align: center;\">c&rsquo;est ici<strong> <a href=\"https:\/\/www.pamelatarget.com\/index.php\/vip-club\/\">CLUB VIP PAMELA TARGET<\/a><\/strong><\/p>\n<h3><strong>CREDITS<\/strong><\/h3>\n<p><strong>Ecrit par<\/strong> Katia Grivot, David Neau et Pascal Senicourt<\/p>\n<p><strong>R\u00e9alis\u00e9, mont\u00e9 et mix\u00e9<\/strong> <strong>par<\/strong> Katia Grivot<\/p>\n<p><strong>Anim\u00e9 pour Youtube par<\/strong> Pascal Senicourt<\/p>\n<p>&nbsp;<\/p>\n<h3><strong>Musiques <\/strong><\/h3>\n<p>G\u00e9n\u00e9rique par Domingo Olmo Martin, alias King of Punk<\/p>\n<p>&nbsp;<\/p>\n<h3><strong>Par ordre d&rsquo;apparition<\/strong><\/h3>\n<p>La Reine des Neiges : Grika<\/p>\n<p>Darryl Charwin : Pascal Senicourt<\/p>\n<p>La Pizza : David Chamalet<\/p>\n<p>Le Sergent : Roch Debache<\/p>\n<p>Bruce l&rsquo;\u00e9meu : David Chamalet<\/p>\n<p>El Gringo : Da\u00ef-Yosoros<\/p>\n<p>Peter Pan Pan le lapin : Domingo Olmo Martin<\/p>\n<p>Bill le bousier : J\u00e9r\u00f4me Th\u00e9venet<\/p>\n<p>Ryu le fugu : David Neau<\/p>\n<p>Giulietta la cochonne : Grika<\/p>\n<p>Paulo le Blaireau : Pascal Senicourt<\/p>\n<p>Julius Washington le hamster : Dominogo Olmo Martin<\/p>\n<h3><strong>Cr\u00e9dits sons <\/strong><\/h3>\n<p>Dans cet e\u0301pisode de nombreux sons sont tire\u0301s de <strong>Freesound<\/strong>. Voici l\u2019ensemble des cre\u0301dits concerne\u0301s :<\/p>\n<p>&nbsp;<\/p>\n<h2><strong>Tu peux aussi choisir un autre moyen d\u2019\u00e9coute. T\u2019inqui\u00e8te, c\u2019est gratuit :<\/strong><\/h2>\n<h2><\/h2>\n<div class=\"aligncenter\"><a href=\"https:\/\/itunes.apple.com\/fr\/podcast\/pamela-target-saison-1\/id1347089265?mt=2\" target=\"_blank\" rel=\"noopener\"><img decoding=\"async\" class=\"size-medium wp-image-479 aligncenter\" src=\"https:\/\/www.pamelatarget.com\/wp-content\/uploads\/2018\/02\/Get_it_on_iTunes_Badge_FR_1114-300x109.png\" alt=\"\" width=\"200\" srcset=\"https:\/\/www.pamelatarget.com\/wp-content\/uploads\/2018\/02\/Get_it_on_iTunes_Badge_FR_1114-300x109.png 300w, https:\/\/www.pamelatarget.com\/wp-content\/uploads\/2018\/02\/Get_it_on_iTunes_Badge_FR_1114-768x279.png 768w, https:\/\/www.pamelatarget.com\/wp-content\/uploads\/2018\/02\/Get_it_on_iTunes_Badge_FR_1114-1024x372.png 1024w, https:\/\/www.pamelatarget.com\/wp-content\/uploads\/2018\/02\/Get_it_on_iTunes_Badge_FR_1114.png 1194w\" sizes=\"(max-width: 300px) 100vw, 300px\" \/><\/a><a href=\"https:\/\/soundcloud.com\/user-149328996\/pts02e01-quelle-belle-journee-a-la-madmax\" target=\"_blank\" rel=\"noopener\"><img decoding=\"async\" class=\"size-medium wp-image-477 aligncenter\" src=\"https:\/\/www.pamelatarget.com\/wp-content\/uploads\/2018\/02\/SoundCloud_logo_orange_color_plain.svg_-300x171.png\" alt=\"\" width=\"200\" srcset=\"https:\/\/www.pamelatarget.com\/wp-content\/uploads\/2018\/02\/SoundCloud_logo_orange_color_plain.svg_-300x171.png 300w, https:\/\/www.pamelatarget.com\/wp-content\/uploads\/2018\/02\/SoundCloud_logo_orange_color_plain.svg_-768x438.png 768w, https:\/\/www.pamelatarget.com\/wp-content\/uploads\/2018\/02\/SoundCloud_logo_orange_color_plain.svg_-1024x584.png 1024w, https:\/\/www.pamelatarget.com\/wp-content\/uploads\/2018\/02\/SoundCloud_logo_orange_color_plain.svg_.png 1200w\" sizes=\"(max-width: 300px) 100vw, 300px\" \/><\/a><a href=\"https:\/\/www.deezer.com\/fr\/episode\/5987417\" target=\"_blank\" rel=\"noopener\"><img decoding=\"async\" class=\"size-medium wp-image-574 aligncenter\" src=\"https:\/\/www.pamelatarget.com\/wp-content\/uploads\/2018\/02\/deezer-logo-300x168.png\" alt=\"\" width=\"200\" \/><\/a><a href=\"https:\/\/spoti.fi\/2OJzwUS\" target=\"_blank\" rel=\"noopener\"><img loading=\"lazy\" decoding=\"async\" width=\"300\" height=\"90\" class=\"size-medium wp-image-1572 aligncenter\" src=\"https:\/\/www.pamelatarget.com\/wp-content\/uploads\/2018\/11\/Spotify_Logo_RGB_Green-300x90.png\" alt=\"\" \/><\/a><a href=\"https:\/\/radiopublic.com\/pamela-target-8XR1ee\" target=\"_blank\" rel=\"noopener\"><img decoding=\"async\" class=\"size-medium wp-image-1572 aligncenter\" src=\"https:\/\/www.pamelatarget.com\/wp-content\/uploads\/2019\/02\/radiopublic.png\" alt=\"\" \/><\/a><\/div>\n<p><!--more--><\/p>\n<h2 style=\"text-align: center;\"><strong>Retranscription de l&rsquo;\u00e9pisode<\/strong><\/h2>\n<p style=\"text-align: center;\">texte prot\u00e9g\u00e9 &#8211; reproduction interdite sans l&rsquo;accord des auteurs<\/p>\n<p style=\"text-align: center;\">INT.JOUR DESERT ARCHE CAMION MILITAIRE<\/p>\n<p style=\"text-align: center;\">PIZZA<\/p>\n<p style=\"text-align: center;\">Bon ! Sergent! on va se d\u00e9brouiller seuls, je suis aux commandes, ordre de La reine des Neiges.<\/p>\n<p style=\"text-align: center;\">SERGENT<\/p>\n<p style=\"text-align: center;\">Bien Chef.<\/p>\n<p style=\"text-align: center;\">Bruit suspect \u00e0 l\u2019arri\u00e8re du camion soudain.<\/p>\n<p style=\"text-align: center;\">PIZZA<\/p>\n<p style=\"text-align: center;\">Qu\u2019est-ce que c\u2019\u00e9tait que ce bruit ? Auriez-vous mal s\u00e9curis\u00e9 la cuve par hasard, sergent ?<\/p>\n<p style=\"text-align: center;\">SERGENT<\/p>\n<p style=\"text-align: center;\">Ca d\u00e9pend, chef.<\/p>\n<p style=\"text-align: center;\">PIZZA<\/p>\n<p style=\"text-align: center;\">Ca d\u00e9pend ! Ca veut dire oui c\u2019est \u00e7a ?\u00a0Ah ! Il faut que je fasse tout moi-m\u00eame, ici ! Arr\u00eatez le convoi !<\/p>\n<p style=\"text-align: center;\">Camion freine.<\/p>\n<p style=\"text-align: center;\">BRUCE (murmurant)<\/p>\n<p style=\"text-align: center;\">Merde, notre camion ralentit. Il faut trouver une autre planque.<\/p>\n<p style=\"text-align: center;\">Bruit de pas. B\u00e2che soulev\u00e9e.<\/p>\n<p style=\"text-align: center;\">SERGENT<\/p>\n<p style=\"text-align: center;\">Rien \u00e0 signaler, chef ! La cuve est bien attach\u00e9e.<\/p>\n<p style=\"text-align: center;\">EL GRINGO<\/p>\n<p style=\"text-align: center;\">H\u00e9 los amigos, on a eu chaud, h\u00e9 ?<\/p>\n<p style=\"text-align: center;\">Rire nerveux de Elgringo, \u00e9touff\u00e9 par la main de Bruce.<\/p>\n<p style=\"text-align: center;\">BRUCE (murmurant)<\/p>\n<p style=\"text-align: center;\">Ta gueule&#8230;<\/p>\n<p style=\"text-align: center;\">Bruit de canon qui se charge tchac tchac. Cris de Bruce et El gringo tir\u00e9s de dessous le camion.<\/p>\n<p style=\"text-align: center;\">PIZZA<\/p>\n<p style=\"text-align: center;\">Mais qui voil\u00e0 donc sous le camion, ne serait-ce Bruce l\u2019\u00e9meu, dit le d\u00e9serteur\u2026 qu\u2019est-ce-que vous faites l\u00e0 vous deux?<\/p>\n<p style=\"text-align: center;\">BRUCE<\/p>\n<p style=\"text-align: center;\">Nous deux ?<\/p>\n<p style=\"text-align: center;\">(se retourne)<\/p>\n<p style=\"text-align: center;\">Mais ils sont o\u00f9 les autres ? Ah, ils m\u2019ont l\u00e2ch\u00e9 avec le boulet.<\/p>\n<p style=\"text-align: center;\">EL GRINGO<\/p>\n<p style=\"text-align: center;\">Hey, j\u00e9 t\u2019entends, et j\u00e9 ne souis pas oun boul\u00e9 !<\/p>\n<p style=\"text-align: center;\">PIZZA<\/p>\n<p style=\"text-align: center;\">Attachez-les ensemble.<\/p>\n<p style=\"text-align: center;\">EL GRINGO et BRUCE<\/p>\n<p style=\"text-align: center;\">Oh non, piti\u00e9\u2026<\/p>\n<p style=\"text-align: center;\">bruit de menottes. Bruit de Moto qui passe. rire de Peter Panpan.<\/p>\n<p style=\"text-align: center;\">PETER PAN PAN<\/p>\n<p style=\"text-align: center;\">Hahah ! Hasta la vista Baby\u00a0 !<\/p>\n<p style=\"text-align: center;\">BRUCE<\/p>\n<p style=\"text-align: center;\">Traitre !<\/p>\n<p style=\"text-align: center;\">PETER PAN PAN<\/p>\n<p style=\"text-align: center;\">J\u2019ai rempli ma part du contrat, tu es sorti de prison, nos destins se s\u00e9parent ici, l\u2019\u00e9meu.<\/p>\n<p style=\"text-align: center;\">SERGENT<\/p>\n<p style=\"text-align: center;\">Qu\u2019est-ce qu\u2019on fait chef ? On rattrape le lapin en maillot de bain avec la fille ?<\/p>\n<p style=\"text-align: center;\">PIZZA<\/p>\n<p style=\"text-align: center;\">NON, laissez tomber on a plus important.<\/p>\n<p style=\"text-align: center;\">(\u00e9nerv\u00e9)<\/p>\n<p style=\"text-align: center;\">\u00a0O\u00f9 est pass\u00e9 l\u2019\u00e9meu ?<\/p>\n<p style=\"text-align: center;\">Bruce court avec El Gringo qui peine \u00e0 suivre.<\/p>\n<p style=\"text-align: center;\">SERGENT<\/p>\n<p style=\"text-align: center;\">Rattrapez-les !<\/p>\n<p style=\"text-align: center;\">EL GRINGO<\/p>\n<p style=\"text-align: center;\">Non, ils nous poursuivent. haha.<\/p>\n<p style=\"text-align: center;\">Ils sont plaqu\u00e9s par les militaires.<\/p>\n<p style=\"text-align: center;\">BRUCE<\/p>\n<p style=\"text-align: center;\">Enfoir\u00e9 de militaire !<\/p>\n<p style=\"text-align: center;\">PIZZA<\/p>\n<p style=\"text-align: center;\">Alors monsieur l\u2019\u00e9meu. On se rebiffe ? Je crois que j\u2019ai une solution pour vous calmer d\u00e9finitivement.<\/p>\n<p style=\"text-align: center;\">BRUCE<\/p>\n<p style=\"text-align: center;\">Quoi ? Vous allez me tuer ? Faites donc, et alors, vous ne saurez jamais le secret de la chim\u00e8re !<\/p>\n<p style=\"text-align: center;\">PIZZA<\/p>\n<p style=\"text-align: center;\">Non, j\u2019ai mieux pour vous calmer. Vous voyez cette cuve, c\u2019est de la carbonite pure. On vous plonge dedans et pschouf, vous serez immobilis\u00e9 dans un bloc de carbonite. Et l\u00e0, finies les \u00e9vasions. Vous pourrez servir de d\u00e9coration murale pour trafiquant par exemple, en attendant qu\u2019on vous arrache le secret de la chim\u00e8re. Qu\u2019en pensez-vous, monsieur l\u2019\u00e9meu ?<\/p>\n<p style=\"text-align: center;\">BRUCE<\/p>\n<p style=\"text-align: center;\">Vous \u00eates fous ! Je ne sauterai jamais dans cette cuve !<\/p>\n<p style=\"text-align: center;\">PIZZA<\/p>\n<p style=\"text-align: center;\">Sergent, jetez-le dans la cuve !<\/p>\n<p style=\"text-align: center;\">EL GRINGO<\/p>\n<p style=\"text-align: center;\">H\u00e9, attendez, vous allez pas me jeter avec loui dans cette couve fumante, d\u00e9tachez-moi, par piti\u00e9 !<\/p>\n<p style=\"text-align: center;\">BEUARHHHHH !<\/p>\n<p style=\"text-align: center;\">EL GRINGO<\/p>\n<p style=\"text-align: center;\">Un jet de vomi vient de balancer le sergent contre la jeep ! Que pasa ?<\/p>\n<p style=\"text-align: center;\">BRUCE<\/p>\n<p style=\"text-align: center;\">Giulietta ?<\/p>\n<p style=\"text-align: center;\">BILL<\/p>\n<p style=\"text-align: center;\">Arr\u00eatez \u00e7a, la pizza ! Vous savez comme moi que la carbonite n\u2019a jamais \u00e9t\u00e9 essay\u00e9e sur des \u00eatres vivants. Vous risquez de le tuer. Et votre patronne voudrait surtout pas \u00e7a !<\/p>\n<p style=\"text-align: center;\">PIZZA<\/p>\n<p style=\"text-align: center;\">Le bousier, encore vous ?<\/p>\n<p style=\"text-align: center;\">GIULIETTA<\/p>\n<p style=\"text-align: center;\">Bien jou\u00e9 Bill, il h\u00e9site. Mais comment tu sais \u00e7a ?<\/p>\n<p style=\"text-align: center;\">PIZZA<\/p>\n<p style=\"text-align: center;\">Je vous hais, je vous d\u00e9teste ! Vous faites tout pour m\u2019humilier, tout le temps ! Je sais ce que je fais ! JETEZ CET EMEU DANS LA CARBONITE ! MAINTENANT !<\/p>\n<p style=\"text-align: center;\">Tout au ralenti !<\/p>\n<p style=\"text-align: center;\">GIULIETTA<\/p>\n<p style=\"text-align: center;\">Bruuuce ! Nooon !<\/p>\n<p style=\"text-align: center;\">BILL<\/p>\n<p style=\"text-align: center;\">Giulietta !<\/p>\n<p style=\"text-align: center;\">PIZZA<\/p>\n<p style=\"text-align: center;\">Attentioooon ! La cochonne va se jeter \u00e0 la place de l\u2019\u00e9meu dans la carbonite, abattez-la !<\/p>\n<p style=\"text-align: center;\">fusil qu\u2019on arme. Fin ralenti<\/p>\n<p style=\"text-align: center;\">BRUCE<\/p>\n<p style=\"text-align: center;\">Non, ne la battez pas ! Je vais le faire.<\/p>\n<p style=\"text-align: center;\">PIZZA<\/p>\n<p style=\"text-align: center;\">Voil\u00e0 qui est plous raisonnable, monsieur l\u2019\u00e9meu.<\/p>\n<p style=\"text-align: center;\">BILL<\/p>\n<p style=\"text-align: center;\">Attendez ! J\u2019ai la machine du Nebraska avec moi !<\/p>\n<p style=\"text-align: center;\">BRUCE -PIZZA<\/p>\n<p style=\"text-align: center;\">Quoi ?<\/p>\n<p style=\"text-align: center;\">PIZZA<\/p>\n<p style=\"text-align: center;\">Soyez ob\u00e9issant pour une fois, donnez-la moi ! ou je vous fragge tous avec un headshot&#8230; Sauf l\u2019\u00e9meu ! J\u2019en ai besoin !<\/p>\n<p style=\"text-align: center;\">BRUCE<\/p>\n<p style=\"text-align: center;\">Bill, ne fais pas \u00e7a ! Ne lui donne pas la machine du Nebraska !<\/p>\n<p style=\"text-align: center;\">EL GRINGO<\/p>\n<p style=\"text-align: center;\">H\u00e9, ho, calmos, l\u00e0, faut pas s\u2019approcher de la cuve, c\u2019est pas une bonne id\u00e9e.<\/p>\n<p style=\"text-align: center;\">BRUCE<\/p>\n<p style=\"text-align: center;\">Giulietta, je t\u2019aime !<\/p>\n<p style=\"text-align: center;\">GIULIETTA<\/p>\n<p style=\"text-align: center;\">Je sais\u2026<\/p>\n<p style=\"text-align: center;\">EL GRINGO<\/p>\n<p style=\"text-align: center;\">Mais, l\u2019\u00e9meu, vous \u00eates fous, ye veux pas plonger dans la carbotruc moi, laissez-les abattre la cochonne ! no noooooooo !<\/p>\n<p style=\"text-align: center;\">BILL<\/p>\n<p style=\"text-align: center;\">Giulietta, attrape !<\/p>\n<p style=\"text-align: center;\">PIZZA<\/p>\n<p style=\"text-align: center;\">Qu\u2019est-ce que vous faites, pourquoi vous lancez la machine du Nebraska \u00e0 la cochonne, elle est pas avec nous !<\/p>\n<p style=\"text-align: center;\">GIULIETTA<\/p>\n<p style=\"text-align: center;\">Hein ? Oh la, oups !<\/p>\n<p style=\"text-align: center;\">PIZZA<\/p>\n<p style=\"text-align: center;\">Non, la cochonne va faire tomber la machine dans la cuve avec l\u2019\u00e9meu et&#8230; ARRETEZ\u2026<\/p>\n<p style=\"text-align: center;\">SERGENT<\/p>\n<p style=\"text-align: center;\">Trop tard chef \u2026<\/p>\n<p style=\"text-align: center;\">PSCHOUFFFFFFFFFF<\/p>\n<p style=\"text-align: center;\">GIULIETTA<\/p>\n<p style=\"text-align: center;\">BRUCE !<\/p>\n<p style=\"text-align: center;\">BILL<\/p>\n<p style=\"text-align: center;\">Le bloc de carbonite remonte.<\/p>\n<p style=\"text-align: center;\">PIZZA<\/p>\n<p style=\"text-align: center;\">Dans ce bloc, j\u2019ai l\u2019\u00e9meu et la machine ! Ah ah ah, merci Le bousier !<\/p>\n<p style=\"text-align: center;\">SERGENT<\/p>\n<p style=\"text-align: center;\">Les fonctions vitales sont stables. Ca a march\u00e9, chef ! Vous avez m\u00eame le boulet !<\/p>\n<p style=\"text-align: center;\">GIULIETTA<\/p>\n<p style=\"text-align: center;\">Bill, qu\u2019est-ce que tu as fait ?<\/p>\n<p style=\"text-align: center;\">BILL<\/p>\n<p style=\"text-align: center;\">Fais-moi confiance !<\/p>\n<p style=\"text-align: center;\">(siffle)<\/p>\n<p style=\"text-align: center;\">Paulo, \u00e0 toi !<\/p>\n<p style=\"text-align: center;\">PAULO<\/p>\n<p style=\"text-align: center;\">Ultimaaatee morvingggg !<\/p>\n<p style=\"text-align: center;\">bruit de morve.<\/p>\n<p style=\"text-align: center;\">PIZZA<\/p>\n<p style=\"text-align: center;\">Qui a jet\u00e9 un filet de morve sur le bloc de carbonite ? Le bousier, qu\u2019est-ce que vous fabriquez ?<\/p>\n<p style=\"text-align: center;\">BILL<\/p>\n<p style=\"text-align: center;\">Julius ! Go !<\/p>\n<p style=\"text-align: center;\">Bruit de camion, klaxon.<\/p>\n<p style=\"text-align: center;\">JULIUS<\/p>\n<p style=\"text-align: center;\">C\u2019est parti, sauvons Bruce !<\/p>\n<p style=\"text-align: center;\">SERGENT<\/p>\n<p style=\"text-align: center;\">chef, le blaireau sur le camion, l\u00e0-bas, c\u2019est lui qui tient le filet de morve. Le camion d\u00e9marre, il tire le bloc !<\/p>\n<p style=\"text-align: center;\">BILL<\/p>\n<p style=\"text-align: center;\">Giulietta, saute sur le bloc, avec moi !<\/p>\n<p style=\"text-align: center;\">Han !<\/p>\n<p style=\"text-align: center;\">GIULIETTA<\/p>\n<p style=\"text-align: center;\">Bill, bien jou\u00e9, mais t\u2019aurais pu me mettre au courant.<\/p>\n<p style=\"text-align: center;\">PIZZA<\/p>\n<p style=\"text-align: center;\">Il nous vole la carbonite ! Tous au camion ! Mais qu\u2019est-ce qu\u2019il fiche, le bousier ? Je vais le fragger, je jure que je vais le fragger !<\/p>\n<p style=\"text-align: center;\">Branle-bas-de-combat du convoi militaire, camion, jeep, moto. sonnerie de portable du d\u00e9but, plus stridente.<\/p>\n<p style=\"text-align: center;\">PIZZA<\/p>\n<p style=\"text-align: center;\">Mais qui m&rsquo;appelle maintenant ! Ah, La Reine des Neiges ? Oui code rouge ? D&rsquo;accord. Non, tutti va bene.<\/p>\n<p style=\"text-align: center;\">A SUIVRE&#8230;<\/p>\n<p style=\"text-align: center;\">\n","protected":false},"excerpt":{"rendered":"<p>PTS02E31 : Les prisonniers de la Carbonite La voix de la pizza d\u00e9voile son plan machiav\u00e9lique \u00e0 base de carbonite pure ! Branche tes \u00e9couteurs et Bim ! Lance la lecture : Pour avoir de nos nouvelles et d\u00e9couvrir des bonus, c&rsquo;est ici CLUB VIP PAMELA TARGET CREDITS Ecrit par Katia Grivot, David Neau et [&hellip;]<\/p>\n","protected":false},"author":3,"featured_media":3320,"parent":0,"menu_order":0,"comment_status":"closed","ping_status":"closed","template":"","meta":{"footnotes":""},"class_list":["post-3301","page","type-page","status-publish","has-post-thumbnail","hentry"],"_links":{"self":[{"href":"https:\/\/www.pamelatarget.com\/index.php\/wp-json\/wp\/v2\/pages\/3301","targetHints":{"allow":["GET"]}}],"collection":[{"href":"https:\/\/www.pamelatarget.com\/index.php\/wp-json\/wp\/v2\/pages"}],"about":[{"href":"https:\/\/www.pamelatarget.com\/index.php\/wp-json\/wp\/v2\/types\/page"}],"author":[{"embeddable":true,"href":"https:\/\/www.pamelatarget.com\/index.php\/wp-json\/wp\/v2\/users\/3"}],"replies":[{"embeddable":true,"href":"https:\/\/www.pamelatarget.com\/index.php\/wp-json\/wp\/v2\/comments?post=3301"}],"version-history":[{"count":6,"href":"https:\/\/www.pamelatarget.com\/index.php\/wp-json\/wp\/v2\/pages\/3301\/revisions"}],"predecessor-version":[{"id":3325,"href":"https:\/\/www.pamelatarget.com\/index.php\/wp-json\/wp\/v2\/pages\/3301\/revisions\/3325"}],"wp:featuredmedia":[{"embeddable":true,"href":"https:\/\/www.pamelatarget.com\/index.php\/wp-json\/wp\/v2\/media\/3320"}],"wp:attachment":[{"href":"https:\/\/www.pamelatarget.com\/index.php\/wp-json\/wp\/v2\/media?parent=3301"}],"curies":[{"name":"wp","href":"https:\/\/api.w.org\/{rel}","templated":true}]}}