{"id":3296,"date":"2019-11-22T15:13:47","date_gmt":"2019-11-22T14:13:47","guid":{"rendered":"https:\/\/www.pamelatarget.com\/?page_id=3296"},"modified":"2019-12-02T12:44:26","modified_gmt":"2019-12-02T11:44:26","slug":"__trashed","status":"publish","type":"page","link":"https:\/\/www.pamelatarget.com\/index.php\/__trashed\/","title":{"rendered":"PTS02E30 : Nebraska Point"},"content":{"rendered":"<h2 style=\"text-align: center;\"><strong>PTS02E30 : Nebraska Point<br \/>\n<\/strong><\/h2>\n<p style=\"text-align: center;\">Infiltration, exploration, localisation et&#8230; Attention ! Oups, grosse commission !<\/p>\n<p style=\"text-align: center;\">Une fois entr\u00e9 dans la prison de Charwin, il va falloir localiser et exfiltrer les prisonniers. Pour \u00e7a, rien de tel qu&rsquo;un plan \u00e0 la mission impossible&#8230; avec tous ses impr\u00e9vus !<\/p>\n<p style=\"text-align: center;\">Branche tes \u00e9couteurs et Bim ! Lance la lecture :<\/p>\n<p><iframe loading=\"lazy\" sandbox=\"allow-same-origin allow-scripts allow-top-navigation allow-popups\" scrolling=no width=\"100%\" height=\"185\" frameborder=\"0\" src=\"https:\/\/embed.radiopublic.com\/e?if=pamela-target-8XR1ee&#038;ge=s1!5a0c284138e6ce045eb22d49f6e9185469c0dba8\"><\/iframe><\/p>\n<p style=\"text-align: center;\">Pour avoir de nos nouvelles et d\u00e9couvrir des bonus,<\/p>\n<p style=\"text-align: center;\">c&rsquo;est ici<strong> <a href=\"https:\/\/www.pamelatarget.com\/index.php\/vip-club\/\">CLUB VIP PAMELA TARGET<\/a><\/strong><\/p>\n<h3><strong>CREDITS<\/strong><\/h3>\n<p><strong>Ecrit par<\/strong> Katia Grivot, David Neau et Pascal Senicourt<\/p>\n<p><strong>R\u00e9alis\u00e9, mont\u00e9 et mix\u00e9<\/strong> <strong>par<\/strong> Katia Grivot<\/p>\n<p><strong>Anim\u00e9 pour Youtube par<\/strong> Pascal Senicourt<\/p>\n<p>&nbsp;<\/p>\n<h3><strong>Musiques <\/strong><\/h3>\n<p>G\u00e9n\u00e9rique par Domingo Olmo Martin, alias King of Punk<\/p>\n<p>&nbsp;<\/p>\n<h3><strong>Par ordre d&rsquo;apparition<\/strong><\/h3>\n<p>Paulo le blaireau : Pascal Senicourt<\/p>\n<p>Ryu le fugu : David Neau<\/p>\n<p>Bill le bousier : J\u00e9r\u00f4me Th\u00e9venet<\/p>\n<p>Giulietta la cochonne : Grika<\/p>\n<p>Ally l&rsquo;ordinateur central : Grika<\/p>\n<p>Riton le chaton : Deez podcast<\/p>\n<p>Julius Washington le hamster : Dominogo Olmo Martin<\/p>\n<p>Luce le fant\u00f4me : Grika<\/p>\n<p>&nbsp;<\/p>\n<h3><strong>Cr\u00e9dits sons <\/strong><\/h3>\n<p>Dans cet e\u0301pisode de nombreux sons sont tire\u0301s de <strong>Freesound<\/strong>. Voici l\u2019ensemble des cre\u0301dits concerne\u0301s :<\/p>\n<p>&nbsp;<\/p>\n<h2><strong>Tu peux aussi choisir un autre moyen d\u2019\u00e9coute. T\u2019inqui\u00e8te, c\u2019est gratuit :<\/strong><\/h2>\n<h2><\/h2>\n<div class=\"aligncenter\"><a href=\"https:\/\/itunes.apple.com\/fr\/podcast\/pamela-target-saison-1\/id1347089265?mt=2\" target=\"_blank\" rel=\"noopener\"><img decoding=\"async\" class=\"size-medium wp-image-479 aligncenter\" src=\"https:\/\/www.pamelatarget.com\/wp-content\/uploads\/2018\/02\/Get_it_on_iTunes_Badge_FR_1114-300x109.png\" alt=\"\" width=\"200\" srcset=\"https:\/\/www.pamelatarget.com\/wp-content\/uploads\/2018\/02\/Get_it_on_iTunes_Badge_FR_1114-300x109.png 300w, https:\/\/www.pamelatarget.com\/wp-content\/uploads\/2018\/02\/Get_it_on_iTunes_Badge_FR_1114-768x279.png 768w, https:\/\/www.pamelatarget.com\/wp-content\/uploads\/2018\/02\/Get_it_on_iTunes_Badge_FR_1114-1024x372.png 1024w, https:\/\/www.pamelatarget.com\/wp-content\/uploads\/2018\/02\/Get_it_on_iTunes_Badge_FR_1114.png 1194w\" sizes=\"(max-width: 300px) 100vw, 300px\" \/><\/a><a href=\"https:\/\/soundcloud.com\/user-149328996\/pts02e01-quelle-belle-journee-a-la-madmax\" target=\"_blank\" rel=\"noopener\"><img decoding=\"async\" class=\"size-medium wp-image-477 aligncenter\" src=\"https:\/\/www.pamelatarget.com\/wp-content\/uploads\/2018\/02\/SoundCloud_logo_orange_color_plain.svg_-300x171.png\" alt=\"\" width=\"200\" srcset=\"https:\/\/www.pamelatarget.com\/wp-content\/uploads\/2018\/02\/SoundCloud_logo_orange_color_plain.svg_-300x171.png 300w, https:\/\/www.pamelatarget.com\/wp-content\/uploads\/2018\/02\/SoundCloud_logo_orange_color_plain.svg_-768x438.png 768w, https:\/\/www.pamelatarget.com\/wp-content\/uploads\/2018\/02\/SoundCloud_logo_orange_color_plain.svg_-1024x584.png 1024w, https:\/\/www.pamelatarget.com\/wp-content\/uploads\/2018\/02\/SoundCloud_logo_orange_color_plain.svg_.png 1200w\" sizes=\"(max-width: 300px) 100vw, 300px\" \/><\/a><a href=\"https:\/\/www.deezer.com\/fr\/episode\/5987417\" target=\"_blank\" rel=\"noopener\"><img decoding=\"async\" class=\"size-medium wp-image-574 aligncenter\" src=\"https:\/\/www.pamelatarget.com\/wp-content\/uploads\/2018\/02\/deezer-logo-300x168.png\" alt=\"\" width=\"200\" \/><\/a><a href=\"https:\/\/spoti.fi\/2OJzwUS\" target=\"_blank\" rel=\"noopener\"><img loading=\"lazy\" decoding=\"async\" width=\"300\" height=\"90\" class=\"size-medium wp-image-1572 aligncenter\" src=\"https:\/\/www.pamelatarget.com\/wp-content\/uploads\/2018\/11\/Spotify_Logo_RGB_Green-300x90.png\" alt=\"\" \/><\/a><a href=\"https:\/\/radiopublic.com\/pamela-target-8XR1ee\" target=\"_blank\" rel=\"noopener\"><img decoding=\"async\" class=\"size-medium wp-image-1572 aligncenter\" src=\"https:\/\/www.pamelatarget.com\/wp-content\/uploads\/2019\/02\/radiopublic.png\" alt=\"\" \/><\/a><\/div>\n<p><!--more--><\/p>\n<h2 style=\"text-align: center;\"><strong>Retranscription de l&rsquo;\u00e9pisode<\/strong><\/h2>\n<p style=\"text-align: center;\">texte prot\u00e9g\u00e9 &#8211; reproduction interdite sans l&rsquo;accord des auteurs<\/p>\n<p style=\"text-align: center;\">INT\/JOUR CABINE TELEPHONIQUE DE L&rsquo;ARCHE<\/p>\n<p style=\"text-align: center;\">REINE DES NEIGES (t\u00e9l\u00e9phone)<\/p>\n<p style=\"text-align: center;\">Bien soldat Brill ! maintenant, pouvez-vous me rappeler votre mission ?<\/p>\n<p style=\"text-align: center;\">BILL LE BOUSIER<\/p>\n<p style=\"text-align: center;\">Emp\u00eacher Charwin de cr\u00e9er la chim\u00e8re \u00e0 n\u2019importe quel prix ! Pour cela, kidnapper Bruce l\u2019\u00e9meu. si je rencontre une r\u00e9sistance, utiliser la mani\u00e8re forte. Permis de tuer accord\u00e9.<\/p>\n<p style=\"text-align: center;\">REINE DES NEIGES (t\u00e9l\u00e9phone)<\/p>\n<p style=\"text-align: center;\">Contente de vous retrouver Soldat BRILL ! Mais la situation a \u00e9volu\u00e9. Nouvelle mission : Reprendre Bruce et la machine du Nebraska \u00e0 Charwin. Utilisez vos nouvelles relations au sein de l\u2019arche. Manipulez tous ces X-Animen, ils vous m\u00e8neront \u00e0 Charwin. Je les ai orient\u00e9 gr\u00e2ce \u00e0 la pizza. Si certains doivent \u00eatre \u00e9limin\u00e9s en cours de mission, n\u2019h\u00e9sitez pas.<\/p>\n<p style=\"text-align: center;\">EXT. JOUR DESERT TARDIS CHARWIN<\/p>\n<p style=\"text-align: center;\">Vent dans le d\u00e9sert.<\/p>\n<p style=\"text-align: center;\">PAULO<\/p>\n<p style=\"text-align: center;\">Bill, tu vois quoi avec tes jumelles?<\/p>\n<p style=\"text-align: center;\">RYU<\/p>\n<p style=\"text-align: center;\">A mon avis, pas grand-chose, il observe une putain de cabine t\u00e9l\u00e9phonique paum\u00e9e au milieu du d\u00e9sert.<\/p>\n<p style=\"text-align: center;\">BILL<\/p>\n<p style=\"text-align: center;\">Ta gueule Ryu ! Ah, \u00e7a bouge. Y a Charwin qui sort avec\u2026 Avec la Reine des neiges ?<\/p>\n<p style=\"text-align: center;\">RYU<\/p>\n<p style=\"text-align: center;\">Ils sortent de la cabine ou ils sortent ensemble ? C\u2019est qui la reine des neiges?<\/p>\n<p style=\"text-align: center;\">BILL<\/p>\n<p style=\"text-align: center;\">La vache, y avait un convoi militaire planqu\u00e9 pas loin de la cabine. Il se barre aussi. La voie est libre !<\/p>\n<p style=\"text-align: center;\">GIULIETTA<\/p>\n<p style=\"text-align: center;\">L\u2019explosion a fait fuir tout le monde. Bill, ton plan a march\u00e9.<\/p>\n<p style=\"text-align: center;\">BILL<\/p>\n<p style=\"text-align: center;\">Ok, phase 2\u2026<\/p>\n<p style=\"text-align: center;\">INT. JOUR TARDIS CHARWIN<\/p>\n<p style=\"text-align: center;\">Bruit \u00e9lectronique. Ambiance int\u00e9rieur.<\/p>\n<p style=\"text-align: center;\">BILL<\/p>\n<p style=\"text-align: center;\">Ca y est, on est dans la cabine. Giulietta, Ryu, vous me recevez ?<\/p>\n<p style=\"text-align: center;\">GIULIETTA (A LA RADIO)<\/p>\n<p style=\"text-align: center;\">Tr\u00e8s bien. Si quelqu\u2019un approche, on vous pr\u00e9vient.<\/p>\n<p style=\"text-align: center;\">PAULO<\/p>\n<p style=\"text-align: center;\">Ouah\u2026 On est entr\u00e9 dans une cabine t\u00e9l\u00e9phonique et dedans, c\u2019est une base encore plus grande que\u2026\u00a0 que le bassin du cachalot ! J\u2019ai jamais vu \u00e7a ! C\u2019est un peu comme le Tardis du Docteur who.<\/p>\n<p style=\"text-align: center;\">BILL<\/p>\n<p style=\"text-align: center;\">J\u2019ai trouv\u00e9 l\u2019entr\u00e9e du\u00a0 conduit d\u2019a\u00e9ration qui descend aux cellules.\u00a0Paulo, qu\u2019est-ce que tu fous ?<\/p>\n<p style=\"text-align: center;\">PAULO<\/p>\n<p style=\"text-align: center;\">Quoi ? Ben je fais des selfies avec toutes ces machines bizarres, c\u2019est trop d\u00e9ment !<\/p>\n<p style=\"text-align: center;\">BILL<\/p>\n<p style=\"text-align: center;\">Ne touche \u00e0 rien surtout. On fait \u00e7a en toute discr\u00e9tion. On r\u00e9cup\u00e8re Bruce ni vu ni connu.<\/p>\n<p style=\"text-align: center;\">PAULO<\/p>\n<p style=\"text-align: center;\">Oooh, c\u2019est quoi ce gros cube \u00e0 roulettes avec une main tendue ! Trop kitsch !<\/p>\n<p style=\"text-align: center;\">BILL<\/p>\n<p style=\"text-align: center;\">C\u2019est la machine du Nebraska?! Je m\u2019en occupe !<\/p>\n<p style=\"text-align: center;\">Bip, toudoudoudou.<\/p>\n<p style=\"text-align: center;\">PAULO<\/p>\n<p style=\"text-align: center;\">Putain, en appuyant sur la machine, tu l\u2019as rendu toute petite, mais pourquoi tu la prends ? Il faudrait pas la d\u00e9truire plut\u00f4t ? C\u2019est pas le machin qui pourrait renverser toutes les d\u00e9mocraties.<\/p>\n<p style=\"text-align: center;\">BILL<\/p>\n<p style=\"text-align: center;\">Oui, mais l\u00e0, on n\u2019a pas le temps\u2026 On la prend et on la d\u00e9truira quand on aura r\u00e9cup\u00e9r\u00e9 Bruce.<\/p>\n<p style=\"text-align: center;\">Declic.<\/p>\n<p style=\"text-align: center;\">PAULO<\/p>\n<p style=\"text-align: center;\">Ho ho. J\u2019aime pas ce bruit.<\/p>\n<p style=\"text-align: center;\">BILL<\/p>\n<p style=\"text-align: center;\">Merde. J\u2019ai mis le pied sur une alarme anti-personnelle. Si je l\u2019enl\u00e8ve, \u00e7a va donner l\u2019alerte \u00e0 toute la base.<\/p>\n<p style=\"text-align: center;\">PAULO<\/p>\n<p style=\"text-align: center;\">Ou pire\u2026 Mais&#8230; Tu peux plus descendre par le conduit pour lib\u00e9rer Bruce alors ?<\/p>\n<p style=\"text-align: center;\">BILL<\/p>\n<p style=\"text-align: center;\">Pas le choix, Paulo, c\u2019est toi qui va y aller ! Tu tends ton fil de morve indestructible comme pr\u00e9vu, tu l\u2019attaches autour de TA taille, et c\u2019est MOI qui t\u2019assures.<\/p>\n<p style=\"text-align: center;\">Bruit de morve de Paulo. corde qui grince.<\/p>\n<p style=\"text-align: center;\">PAULO (radio) (transpirant)<\/p>\n<p style=\"text-align: center;\">C\u2019est pas possible. Tu es s\u00fbr que mon fil de morve va tenir ? Je vais mourir. Remonte-moi !<\/p>\n<p style=\"text-align: center;\">BILL (en plein effort)<\/p>\n<p style=\"text-align: center;\">Paulo, tu peux le faire ! Garde les bras tendus et les jambes \u00e9cart\u00e9es, parall\u00e8les au sol, t\u2019inqui\u00e8te, je te tiens.<\/p>\n<p style=\"text-align: center;\">Corde qui grince.<\/p>\n<p style=\"text-align: center;\">PAULO<\/p>\n<p style=\"text-align: center;\">J\u2019ai peur. Ooooh, je suis \u00e0 quelques centim\u00e8tres du sol&#8230; Je vais poser les pieds.<\/p>\n<p style=\"text-align: center;\">BILL (radio)<\/p>\n<p style=\"text-align: center;\">Surtout pas, tu risques de d\u00e9clencher une alarme. Pas de contact avec le sol.<\/p>\n<p style=\"text-align: center;\">Renaclement de morve.<\/p>\n<p style=\"text-align: center;\">BILL (radio)<\/p>\n<p style=\"text-align: center;\">Qu\u2019est-ce que tu fous ?<\/p>\n<p style=\"text-align: center;\">PAULO (stress\u00e9)<\/p>\n<p style=\"text-align: center;\">J\u2019ai une goutte de morve qui coule, je&#8230; Je la retiens pour qu\u2019elle touche pas le sol.<\/p>\n<p style=\"text-align: center;\">BILL (radio)<\/p>\n<p style=\"text-align: center;\">C\u2019est pas vrai !<\/p>\n<p style=\"text-align: center;\">(se ressaisissant)<\/p>\n<p style=\"text-align: center;\">Paulo, tu vois les cellules?<\/p>\n<p style=\"text-align: center;\">PAULO<\/p>\n<p style=\"text-align: center;\">Oui, mais\u2026 Euh\u2026 Y a un mur explos\u00e9 et\u2026 les cellules, ben, elles sont vides ! Ah, attends, je vois quelqu\u2019un qui approche. Bruce, h\u00e9, Bruce, c\u2019est toi ?<\/p>\n<p style=\"text-align: center;\">RITON<\/p>\n<p style=\"text-align: center;\">Perdu. Tu te souviens de moi, le blaireau?<\/p>\n<p style=\"text-align: center;\">PAULO (mal \u00e0 l\u2019aise)<\/p>\n<p style=\"text-align: center;\">Oh merde, Riton le chaton. T\u2019es pas mort \u00e9cras\u00e9 par le mur de la caf\u00e9t ? (rire nerveux)<\/p>\n<p style=\"text-align: center;\">RITON<\/p>\n<p style=\"text-align: center;\">Tu trouves que j\u2019ai l\u2019air d\u2019un macchab\u00e9e ?<\/p>\n<p style=\"text-align: center;\">PAULO<\/p>\n<p style=\"text-align: center;\">Euh\u2026 T\u2019as vachement grandi pour un chaton \u00e9cras\u00e9\u2026<\/p>\n<p style=\"text-align: center;\">RITON acquiesce.<\/p>\n<p style=\"text-align: center;\">PAULO<\/p>\n<p style=\"text-align: center;\">Et t\u2019as de grandes griffes maintenant.<\/p>\n<p style=\"text-align: center;\">Cri d\u2019attaque de Riton, cri de panique de Paulo.<\/p>\n<p style=\"text-align: center;\">PAULO<\/p>\n<p style=\"text-align: center;\">BILL, REMONTE-MOI, VITE ! VIIIIIIITE !<\/p>\n<p style=\"text-align: center;\">BILL (radio)<\/p>\n<p style=\"text-align: center;\">Paulo ? Je te tire, qu\u2019est-ce qui se passe?<\/p>\n<p style=\"text-align: center;\">(criant)<\/p>\n<p style=\"text-align: center;\">Merde. Paulo tu m\u2019entends, c\u2019est quoi ces bruits ?<\/p>\n<p style=\"text-align: center;\">Miaulement strident de Riton, cri de Paulo.<\/p>\n<p style=\"text-align: center;\">PAULO (radio)<\/p>\n<p style=\"text-align: center;\">Bill, je t\u2019en supplie, plus vite, il me poursuit dans le conduit, il d\u00e9fonce tout ! Il va me manger !<\/p>\n<p style=\"text-align: center;\">BILL<\/p>\n<p style=\"text-align: center;\">On y est presque, accroche-toi ! Ahhhh !<\/p>\n<p style=\"text-align: center;\">PAULO<\/p>\n<p style=\"text-align: center;\">Je suis en haut ! Bill, on se tire, il est derri\u00e8re moi.<\/p>\n<p style=\"text-align: center;\">BILL<\/p>\n<p style=\"text-align: center;\">MAIS QUI BORDEL ?<\/p>\n<p style=\"text-align: center;\">PAULO<\/p>\n<p style=\"text-align: center;\">Riton, un chaton g\u00e9ant mort-vivant !<\/p>\n<p style=\"text-align: center;\">RITON<\/p>\n<p style=\"text-align: center;\">coucou les enfants ! (rires)<\/p>\n<p style=\"text-align: center;\">BILL<\/p>\n<p style=\"text-align: center;\">Paulo, on se casse !<\/p>\n<p style=\"text-align: center;\">PAULO<\/p>\n<p style=\"text-align: center;\">Mais l\u2019alarme totale sous ton pied ?<\/p>\n<p style=\"text-align: center;\">BILL<\/p>\n<p style=\"text-align: center;\">On s\u2019en fout, on est d\u00e9j\u00e0 rep\u00e9r\u00e9 !<\/p>\n<p style=\"text-align: center;\">Clic.<\/p>\n<p style=\"text-align: center;\">ORDINATEUR<\/p>\n<p style=\"text-align: center;\">Alerte totale d\u00e9clench\u00e9e, la base va s\u2019auto-d\u00e9truire dans deux minutes !<\/p>\n<p style=\"text-align: center;\">D\u00e9compte.<\/p>\n<p style=\"text-align: center;\">PAULO<\/p>\n<p style=\"text-align: center;\">Ah ben bravo !<\/p>\n<p style=\"text-align: center;\">BILL<\/p>\n<p style=\"text-align: center;\">Cours, Paulo, cours !<\/p>\n<p style=\"text-align: center;\">RITON<\/p>\n<p style=\"text-align: center;\">Petit petit, venez jouer avec papaaaa !<\/p>\n<p style=\"text-align: center;\">PAULO (courant)<\/p>\n<p style=\"text-align: center;\">Riton, rappelle-toi, on \u00e9tait copain !<\/p>\n<p style=\"text-align: center;\">RITON<\/p>\n<p style=\"text-align: center;\">Mon seul copain, c\u2019est Charwin, celui qui m\u2019a sauv\u00e9 apr\u00e8s que vous m\u2019ayez tu\u00e9 !<\/p>\n<p style=\"text-align: center;\">BILL<\/p>\n<p style=\"text-align: center;\">L\u2019ascenseur de la sortie, l\u00e0 ! Merde, y a plein de robots patrouilleurs.<\/p>\n<p style=\"text-align: center;\">PAULO<\/p>\n<p style=\"text-align: center;\">Et Riton est derri\u00e8re nous !<\/p>\n<p style=\"text-align: center;\">BILL<\/p>\n<p style=\"text-align: center;\">On fonce, suis-moi, j\u2019ouvre le chemin.<\/p>\n<p style=\"text-align: center;\">Bruit ascenseur. Echange de coups entre Bill et les robots patrouilleurs.<\/p>\n<p style=\"text-align: center;\">EXT. JOUR DESERT TARDIS CHARWIN<\/p>\n<p style=\"text-align: center;\">Vent dans le d\u00e9sert. Bruit de porte d\u2019ascenseur.<\/p>\n<p style=\"text-align: center;\">RYU<\/p>\n<p style=\"text-align: center;\">Ils sortent de la cabine ! Putain, y a plein de robots \u00e9clat\u00e9s autour d\u2019eux! Par ici les mecs, par ici !<\/p>\n<p style=\"text-align: center;\">GIULIETTA<\/p>\n<p style=\"text-align: center;\">Y a un truc qui sort derri\u00e8re, c\u2019est quoi?<\/p>\n<p style=\"text-align: center;\">RYU<\/p>\n<p style=\"text-align: center;\">Bordel de merde, c\u2019est Riton le chaton qu\u2019a mut\u00e9 ! Il les pourchasse ! Non, les mecs, pas par ici, barrez-vous, barrez-vous ailleurs !<\/p>\n<p style=\"text-align: center;\">GIULIETTA<\/p>\n<p style=\"text-align: center;\">Allez Ryu, d\u00e9colle, on va les chercher!<\/p>\n<p style=\"text-align: center;\">RYU<\/p>\n<p style=\"text-align: center;\">TFbll fbllfbll bll bllb blt<\/p>\n<p style=\"text-align: center;\">GIULIETTA<\/p>\n<p style=\"text-align: center;\">Bill, on est l\u00e0, au-dessus de vous, saute! je vais te r\u00e9cup\u00e9rer !<\/p>\n<p style=\"text-align: center;\">PAULO<\/p>\n<p style=\"text-align: center;\">attendez-moi !<\/p>\n<p style=\"text-align: center;\">BILL<\/p>\n<p style=\"text-align: center;\">Paulo, attrape-moi !<\/p>\n<p style=\"text-align: center;\">Bruit de course, de saut et de cris de Bill et Paulo qui sautent pour leur vie.<\/p>\n<p style=\"text-align: center;\">PAULO<\/p>\n<p style=\"text-align: center;\">Oh, les copains, vous \u00eates venus nous chercher en mode Ryucopter ! G\u00e9nial !<\/p>\n<p style=\"text-align: center;\">BILL<\/p>\n<p style=\"text-align: center;\">Bien jou\u00e9 Giulietta !<\/p>\n<p style=\"text-align: center;\">PAULO<\/p>\n<p style=\"text-align: center;\">Oh non, Riton va nous sauter dessus !<\/p>\n<p style=\"text-align: center;\">Klaxon.<\/p>\n<p style=\"text-align: center;\">PAULO<\/p>\n<p style=\"text-align: center;\">Putain, trop styl\u00e9, le camion optimus prime !<\/p>\n<p style=\"text-align: center;\">Choc camion Riton.<\/p>\n<p style=\"text-align: center;\">GIULIETTA<\/p>\n<p style=\"text-align: center;\">C\u2019est Julius et Luce. Ha ! Ils viennent de percuter Riton !<\/p>\n<p style=\"text-align: center;\">Cri de Riton. Explosion !<\/p>\n<p style=\"text-align: center;\">PAULO<\/p>\n<p style=\"text-align: center;\">Putain ! Et la base de Charwin qui explose! La super discr\u00e9tion.<\/p>\n<p style=\"text-align: center;\">BILL<\/p>\n<p style=\"text-align: center;\">Julius, vous me recevez ? Merci, Vous nous avez sauv\u00e9 de ce monstre !<\/p>\n<p style=\"text-align: center;\">JULIUS (\u00e0 la radio)<\/p>\n<p style=\"text-align: center;\">O\u00f9 est Bruce ?<\/p>\n<p style=\"text-align: center;\">PAULO<\/p>\n<p style=\"text-align: center;\">Les cellules \u00e9taient vides, on l\u2019a pas trouv\u00e9!<\/p>\n<p style=\"text-align: center;\">GIULIETTA<\/p>\n<p style=\"text-align: center;\">Oh mon dieu !<\/p>\n<p style=\"text-align: center;\">LUCE (\u00e0 la radio)<\/p>\n<p style=\"text-align: center;\">Mmmmhhh mmmhhh mmh !<\/p>\n<p style=\"text-align: center;\">JULIUS (\u00e0 la radio)<\/p>\n<p style=\"text-align: center;\">Tout \u00e0 fait Luce, j\u2019avais plac\u00e9 un traceur sur Bruce du temps o\u00f9 il jouait les justiciers solitaires, rien n\u2019est perdu. On va le localiser.<\/p>\n<p style=\"text-align: center;\">BILL<\/p>\n<p style=\"text-align: center;\">J\u2019esp\u00e8re bien, Julius !<\/p>\n<p style=\"text-align: center;\">A SUIVRE&#8230;<\/p>\n<p>&nbsp;<\/p>\n","protected":false},"excerpt":{"rendered":"<p>PTS02E30 : Nebraska Point Infiltration, exploration, localisation et&#8230; Attention ! Oups, grosse commission ! Une fois entr\u00e9 dans la prison de Charwin, il va falloir localiser et exfiltrer les prisonniers. Pour \u00e7a, rien de tel qu&rsquo;un plan \u00e0 la mission impossible&#8230; avec tous ses impr\u00e9vus ! Branche tes \u00e9couteurs et Bim ! Lance la lecture [&hellip;]<\/p>\n","protected":false},"author":1,"featured_media":3310,"parent":0,"menu_order":0,"comment_status":"closed","ping_status":"closed","template":"","meta":{"footnotes":""},"class_list":["post-3296","page","type-page","status-publish","has-post-thumbnail","hentry"],"_links":{"self":[{"href":"https:\/\/www.pamelatarget.com\/index.php\/wp-json\/wp\/v2\/pages\/3296","targetHints":{"allow":["GET"]}}],"collection":[{"href":"https:\/\/www.pamelatarget.com\/index.php\/wp-json\/wp\/v2\/pages"}],"about":[{"href":"https:\/\/www.pamelatarget.com\/index.php\/wp-json\/wp\/v2\/types\/page"}],"author":[{"embeddable":true,"href":"https:\/\/www.pamelatarget.com\/index.php\/wp-json\/wp\/v2\/users\/1"}],"replies":[{"embeddable":true,"href":"https:\/\/www.pamelatarget.com\/index.php\/wp-json\/wp\/v2\/comments?post=3296"}],"version-history":[{"count":10,"href":"https:\/\/www.pamelatarget.com\/index.php\/wp-json\/wp\/v2\/pages\/3296\/revisions"}],"predecessor-version":[{"id":3318,"href":"https:\/\/www.pamelatarget.com\/index.php\/wp-json\/wp\/v2\/pages\/3296\/revisions\/3318"}],"wp:featuredmedia":[{"embeddable":true,"href":"https:\/\/www.pamelatarget.com\/index.php\/wp-json\/wp\/v2\/media\/3310"}],"wp:attachment":[{"href":"https:\/\/www.pamelatarget.com\/index.php\/wp-json\/wp\/v2\/media?parent=3296"}],"curies":[{"name":"wp","href":"https:\/\/api.w.org\/{rel}","templated":true}]}}