{"id":3276,"date":"2019-11-14T12:34:22","date_gmt":"2019-11-14T11:34:22","guid":{"rendered":"https:\/\/www.pamelatarget.com\/?page_id=3276"},"modified":"2019-11-22T21:05:27","modified_gmt":"2019-11-22T20:05:27","slug":"pts02e29-coup-de-boule-a-notting-jail","status":"publish","type":"page","link":"https:\/\/www.pamelatarget.com\/index.php\/pts02e29-coup-de-boule-a-notting-jail\/","title":{"rendered":"PTS02E29 : Coup de boule \u00e0 Notting Jail"},"content":{"rendered":"<h2 style=\"text-align: center;\"><strong>PTS02E29 : Coup de boule \u00e0 Notting Jail<br \/>\n<\/strong><\/h2>\n<p style=\"text-align: center;\">Comment s&rsquo;\u00e9vader d&rsquo;une prison top s\u00e9curis\u00e9e ? Avec un bon coup de boule bien s\u00fbr !<\/p>\n<p style=\"text-align: center;\">Branche tes \u00e9couteurs et Bim ! Lance la lecture :<\/p>\n<p>https:\/\/radiopublic.com\/pamela-target-8XR1ee\/s1!1dfc7<\/p>\n<p style=\"text-align: center;\">Pour avoir de nos nouvelles et d\u00e9couvrir des bonus,<\/p>\n<p style=\"text-align: center;\">c&rsquo;est ici<strong> <a href=\"https:\/\/www.pamelatarget.com\/index.php\/vip-club\/\">CLUB VIP PAMELA TARGET<\/a><\/strong><\/p>\n<p>&nbsp;<\/p>\n<h3><strong>CREDITS<\/strong><\/h3>\n<p><strong>Ecrit par<\/strong> Katia Grivot, David Neau et Pascal Senicourt<\/p>\n<p><strong>R\u00e9alis\u00e9, mont\u00e9 et mix\u00e9<\/strong> <strong>par<\/strong> Katia Grivot<\/p>\n<p><strong>Anim\u00e9 pour Youtube par<\/strong> Pascal Senicourt<\/p>\n<p>&nbsp;<\/p>\n<h3><strong>Musiques <\/strong><\/h3>\n<p>G\u00e9n\u00e9rique par Domingo Olmo Martin, alias King of Punk<\/p>\n<p>&nbsp;<\/p>\n<h3><strong>Par ordre d&rsquo;apparition<\/strong><\/h3>\n<p>Peter Pan Pan le lapin : Domingo Olmo Martin<\/p>\n<p>Bruce L&rsquo;\u00e9meu : David Chamalet<\/p>\n<p>Robofayo : David Neau<\/p>\n<p>Robopipo : Pascal Senicourt<\/p>\n<p>El Gringo : Dasara\u00ef-Yos<\/p>\n<p>Pamela Anderson : Malvina Germain<\/p>\n<p>LaPizza : David Chamalet<\/p>\n<h3><strong>Cr\u00e9dits sons <\/strong><\/h3>\n<p>Dans cet e\u0301pisode de nombreux sons sont tire\u0301s de <strong>Freesound<\/strong>. Voici l\u2019ensemble des cre\u0301dits concerne\u0301s :<\/p>\n<p>en cours de r\u00e9daction<\/p>\n<p>&nbsp;<\/p>\n<h2><strong>Tu peux aussi choisir un autre moyen d\u2019\u00e9coute. T\u2019inqui\u00e8te, c\u2019est gratuit :<\/strong><\/h2>\n<h2><\/h2>\n<div class=\"aligncenter\"><a href=\"https:\/\/itunes.apple.com\/fr\/podcast\/pamela-target-saison-1\/id1347089265?mt=2\" target=\"_blank\" rel=\"noopener\"><img decoding=\"async\" class=\"size-medium wp-image-479 aligncenter\" src=\"https:\/\/www.pamelatarget.com\/wp-content\/uploads\/2018\/02\/Get_it_on_iTunes_Badge_FR_1114-300x109.png\" alt=\"\" width=\"200\" srcset=\"https:\/\/www.pamelatarget.com\/wp-content\/uploads\/2018\/02\/Get_it_on_iTunes_Badge_FR_1114-300x109.png 300w, https:\/\/www.pamelatarget.com\/wp-content\/uploads\/2018\/02\/Get_it_on_iTunes_Badge_FR_1114-768x279.png 768w, https:\/\/www.pamelatarget.com\/wp-content\/uploads\/2018\/02\/Get_it_on_iTunes_Badge_FR_1114-1024x372.png 1024w, https:\/\/www.pamelatarget.com\/wp-content\/uploads\/2018\/02\/Get_it_on_iTunes_Badge_FR_1114.png 1194w\" sizes=\"(max-width: 300px) 100vw, 300px\" \/><\/a><a href=\"https:\/\/soundcloud.com\/user-149328996\/pts02e01-quelle-belle-journee-a-la-madmax\" target=\"_blank\" rel=\"noopener\"><img decoding=\"async\" class=\"size-medium wp-image-477 aligncenter\" src=\"https:\/\/www.pamelatarget.com\/wp-content\/uploads\/2018\/02\/SoundCloud_logo_orange_color_plain.svg_-300x171.png\" alt=\"\" width=\"200\" srcset=\"https:\/\/www.pamelatarget.com\/wp-content\/uploads\/2018\/02\/SoundCloud_logo_orange_color_plain.svg_-300x171.png 300w, https:\/\/www.pamelatarget.com\/wp-content\/uploads\/2018\/02\/SoundCloud_logo_orange_color_plain.svg_-768x438.png 768w, https:\/\/www.pamelatarget.com\/wp-content\/uploads\/2018\/02\/SoundCloud_logo_orange_color_plain.svg_-1024x584.png 1024w, https:\/\/www.pamelatarget.com\/wp-content\/uploads\/2018\/02\/SoundCloud_logo_orange_color_plain.svg_.png 1200w\" sizes=\"(max-width: 300px) 100vw, 300px\" \/><\/a><a href=\"https:\/\/www.deezer.com\/fr\/episode\/5987417\" target=\"_blank\" rel=\"noopener\"><img decoding=\"async\" class=\"size-medium wp-image-574 aligncenter\" src=\"https:\/\/www.pamelatarget.com\/wp-content\/uploads\/2018\/02\/deezer-logo-300x168.png\" alt=\"\" width=\"200\" \/><\/a><a href=\"https:\/\/spoti.fi\/2OJzwUS\" target=\"_blank\" rel=\"noopener\"><img loading=\"lazy\" decoding=\"async\" width=\"300\" height=\"90\" class=\"size-medium wp-image-1572 aligncenter\" src=\"https:\/\/www.pamelatarget.com\/wp-content\/uploads\/2018\/11\/Spotify_Logo_RGB_Green-300x90.png\" alt=\"\" \/><\/a><a href=\"https:\/\/radiopublic.com\/pamela-target-8XR1ee\" target=\"_blank\" rel=\"noopener\"><img decoding=\"async\" class=\"size-medium wp-image-1572 aligncenter\" src=\"https:\/\/www.pamelatarget.com\/wp-content\/uploads\/2019\/02\/radiopublic.png\" alt=\"\" \/><\/a><\/div>\n<p><!--more--><\/p>\n<h2 style=\"text-align: center;\"><strong>Retranscription de l&rsquo;\u00e9pisode<\/strong><\/h2>\n<p style=\"text-align: center;\">texte prot\u00e9g\u00e9 &#8211; reproduction interdite sans l&rsquo;accord des auteurs<\/p>\n<p style=\"text-align: center;\">EXT\/JOUR PLAINE DE L&rsquo;ARCHE<\/p>\n<p style=\"text-align: center;\">CHARWIN<\/p>\n<p style=\"text-align: center;\">Mais voyez-vous \u00e7a, qui d\u2019autre avons-nous l\u00e0, Mister Bruce en personne ? Quelle co\u00efncidence! C\u2018est justement vous que je cherchais.<\/p>\n<p style=\"text-align: center;\">(d\u00e9charge \u00e9lectrique)<\/p>\n<p style=\"text-align: center;\">Et hop ! j\u2019adore mon nouveau jouet.<\/p>\n<p style=\"text-align: center;\">BRUCE<\/p>\n<p style=\"text-align: center;\">(souffrant)<\/p>\n<p style=\"text-align: center;\">Mais, comment&#8230; m\u2019avez-vous reconnu&#8230; Charwin ?<\/p>\n<p style=\"text-align: center;\">CHARWIN<\/p>\n<p style=\"text-align: center;\">Voyons, Mister Bruce, un \u00e9meu avec un masque de chauve-souris, \u00e7a reste un \u00e9meu ! Mais bon, passons sur vos lubies vestimentaires. J\u2019ai une bonne nouvelle pour vous ! La l\u00e9gendaire machine du N\u00e9braska arrive en ce moment m\u00eame \u00e0 mon laboratoire.<\/p>\n<p style=\"text-align: center;\">Sir\u00e8ne de paquebot au loin !<\/p>\n<p style=\"text-align: center;\">CHARWIN<\/p>\n<p style=\"text-align: center;\">Vous entendez ? Vous allez pouvoir pleinement savourer vos retrouvailles.<\/p>\n<p style=\"text-align: center;\">BRUCE<\/p>\n<p style=\"text-align: center;\">(hurlant)<\/p>\n<p style=\"text-align: center;\">Non, pas la machine du Nebraska ! Pr\u00e9venez Julius !<\/p>\n<p style=\"text-align: center;\">CHARWIN<\/p>\n<p style=\"text-align: center;\">(aux robots patrouilleurs)<\/p>\n<p style=\"text-align: center;\">Robot patrouilleurs ! Mettez-le avec le lapin sur ma moto !<\/p>\n<p style=\"text-align: center;\">La moto de Charwin red\u00e9marre. Rire charwin.<\/p>\n<p style=\"text-align: center;\">BATBRUCE<\/p>\n<p style=\"text-align: center;\">(emmen\u00e9 par Charwin)<\/p>\n<p style=\"text-align: center;\">Pr\u00e9venez Juliuuuus !<\/p>\n<p style=\"text-align: center;\">Bruit de moto qui s\u2019\u00e9loigne dans un rire sard\u00e9moniaque.<\/p>\n<p>&nbsp;<\/p>\n<p style=\"text-align: center;\">INT. JOUR PRISON TARDIS CHARWIN<\/p>\n<p style=\"text-align: center;\">Bruit de m\u00e9tal frapp\u00e9 BONG ! Cri d\u2019effort de Bruce.<\/p>\n<p style=\"text-align: center;\">PETER PAN PAN<\/p>\n<p style=\"text-align: center;\">H\u00e9 l\u2019\u00e9meu ! Ca fait 2 heures que tu donnes des coups de boules sur la serrure et que rien n\u2019a boug\u00e9.<\/p>\n<p>&nbsp;<\/p>\n<p style=\"text-align: center;\">BONG<\/p>\n<p style=\"text-align: center;\">BRUCE<\/p>\n<p style=\"text-align: center;\">Occupe-toi plut\u00f4t de ton maillot de bain rouge, le lapin. De ma cellule, je vois que \u00e7a d\u00e9borde de partout. Par toutes les putes de Hano\u00ef, \u00e7a fait mal aux yeux !<\/p>\n<p style=\"text-align: center;\">PETER PAN PAN (\u00e9nerv\u00e9)<\/p>\n<p style=\"text-align: center;\">Hahh ! Tu sais tr\u00e8s bien que c\u2019est cet enfoir\u00e9 de Charwin qui me l\u2019a mis ! A cause de ce putain de maillot rouge, j\u2019arrive plus \u00e0 p\u00e9ter ! M\u00eame pas un petit gaz !<\/p>\n<p style=\"text-align: center;\">BRUCE<\/p>\n<p style=\"text-align: center;\">Arr\u00eate, je vais pleurer !<\/p>\n<p style=\"text-align: center;\">Bruce reprend ses coups de boules.<\/p>\n<p style=\"text-align: center;\">PETER PAN PAN<\/p>\n<p style=\"text-align: center;\">On sera jamais des amis nous deux, mais passons un accord, juste pour sortir d\u2019ici.<\/p>\n<p style=\"text-align: center;\">BRUCE<\/p>\n<p style=\"text-align: center;\">C\u2019est pas une serrure de merde qui va me r\u00e9sister. Au Vietnam, j\u2019ai lib\u00e9r\u00e9 \u00e0 moi tout seul 10 prisonniers d\u2019un camp de vietcongs lourdement arm\u00e9s\u2026<\/p>\n<p style=\"text-align: center;\">PETER PAN PAN<\/p>\n<p style=\"text-align: center;\">\u00c9coute un peu, l\u2019\u00e9meu, j\u2019ai un plan pour nous lib\u00e9rer.<\/p>\n<p style=\"text-align: center;\">BRUCE<\/p>\n<p style=\"text-align: center;\">La ferme !\u00a0 Je ne m\u2019associe pas \u00e0 un lapin psychopathe.<\/p>\n<p style=\"text-align: center;\">PETER PAN PAN<\/p>\n<p style=\"text-align: center;\">R\u00e9fl\u00e9chis, mon plan n\u00e9cessiterait un seul coup de boule, un seul.<\/p>\n<p>&nbsp;<\/p>\n<p style=\"text-align: center;\">BONG<\/p>\n<p style=\"text-align: center;\">BRUCE<\/p>\n<p style=\"text-align: center;\">J\u2019ai la t\u00eate dure. Ca prendra le temps que \u00e7a prendra, mais je sortirai de cette putain de prison.<\/p>\n<p style=\"text-align: center;\">PETER PAN PAN<\/p>\n<p style=\"text-align: center;\">Peut-\u00eatre, mais arriveras-tu \u00e0 tenir une autre s\u00e9ance de c\u00e2lin avec ta machine du Nebraska. Si c\u2019est ton choix, je ramasserai les morceaux. (Rires !)<\/p>\n<p style=\"text-align: center;\">Porte qui s\u2019ouvre au loin.<\/p>\n<p style=\"text-align: center;\">BRUCE (paniqu\u00e9)<\/p>\n<p style=\"text-align: center;\">Non, ils viennent me chercher.<\/p>\n<p style=\"text-align: center;\">\u00a0\u00a0\u00a0 (frappant de plus en plus fort)<\/p>\n<p style=\"text-align: center;\">Pas La MACHINE du NEBRASKA&#8230; M\u00eame prisonnier chez les Viets, j\u2019ai jamais connu \u00e7a.<\/p>\n<p style=\"text-align: center;\">\u00a0\u00a0\u00a0 (s\u2019arr\u00eatant soudain)<\/p>\n<p style=\"text-align: center;\">Dis-moi. A qui il faudrait donner le coup de boule ?<\/p>\n<p style=\"text-align: center;\">PETER PAN PAN<\/p>\n<p style=\"text-align: center;\">Nous avons donc un accord ?<\/p>\n<p style=\"text-align: center;\">BRUCE<\/p>\n<p style=\"text-align: center;\">Je t\u2019\u00e9coute.<\/p>\n<p style=\"text-align: center;\">PETER PAN PAN<\/p>\n<p style=\"text-align: center;\">Pendant tes s\u00e9ances avec Charwin, j\u2019ai vu que le robot gardien portait ses cl\u00e9s \u00e0 droite, mais aussi que sur tout son flanc gauche, la peinture \u00e9tait \u00e9rafl\u00e9e.<\/p>\n<p style=\"text-align: center;\">BRUCE<\/p>\n<p style=\"text-align: center;\">Continue&#8230;<\/p>\n<p style=\"text-align: center;\">PETER PAN PAN<\/p>\n<p style=\"text-align: center;\">Regarde le mur juste \u00e0 c\u00f4t\u00e9 de ta cellule. Les traces de peinture, c\u2019est celles du robot\u2026 Il se frotte pour pouvoir passer sans faire tomber les cl\u00e9s. Donc\u2026<\/p>\n<p style=\"text-align: center;\">BRUCE<\/p>\n<p style=\"text-align: center;\">donc, si je lui colle un coup de boule \u00e0 travers les barreaux, \u00e7a le balance contre le mur, il fera tomber les clefs\u2026 Et hop, tu les r\u00e9cup\u00e8res.<\/p>\n<p style=\"text-align: center;\">PETER PAN PAN<\/p>\n<p style=\"text-align: center;\">Oh oh oh oh, il est plus malin que je le pensais l\u2019\u00e9meu ! hi hi hiiii, alors, c\u2019est pas un plan de g\u00e9nie ?<\/p>\n<p style=\"text-align: center;\">BRUCE<\/p>\n<p style=\"text-align: center;\">C\u2019est le plan le plus d\u00e9bile de la terre! Et si \u00e7a marche, tu ouvres ta cellule, tu te barres et tu me laisses en carafe !<\/p>\n<p style=\"text-align: center;\">PETER PAN PAN<\/p>\n<p style=\"text-align: center;\">Ca, c\u2019est le plan d\u2019un m\u00e9chant de seconde zone, pas d\u2019un ma\u00eetre du crime comme moi! Et puis, as-tu vraiment le choix ?<\/p>\n<p style=\"text-align: center;\">Bruit de robot patrouilleur, mais pas seul.<\/p>\n<p style=\"text-align: center;\">PETER PAN PAN<\/p>\n<p style=\"text-align: center;\">Il arrive, pr\u00e9pare-toi\u2026<\/p>\n<p style=\"text-align: center;\">BRUCE<\/p>\n<p style=\"text-align: center;\">Merde, ils sont deux ce coup ci\u2026<\/p>\n<p style=\"text-align: center;\">PETER PAN PAN<\/p>\n<p style=\"text-align: center;\">C\u2019est mort.<\/p>\n<p style=\"text-align: center;\">ROBOT FAYO<\/p>\n<p style=\"text-align: center;\">Ordre num\u00e9ro 1138 mettre les deux prisonniers dans la cellule du lapin.<\/p>\n<p style=\"text-align: center;\">bruit de serrure, ouverture, fermeture, onomatop\u00e9e de el gringo<\/p>\n<p style=\"text-align: center;\">ROBOT PIPO<\/p>\n<p style=\"text-align: center;\">Ordre 1138 ex\u00e9cut\u00e9.<\/p>\n<p style=\"text-align: center;\">Les robots repartent.<\/p>\n<p style=\"text-align: center;\">PETER PAN PAN<\/p>\n<p style=\"text-align: center;\">El gringo ? Qu\u2019est-ce que tu fous ici ?<\/p>\n<p style=\"text-align: center;\">EL GRINGO<\/p>\n<p style=\"text-align: center;\">Peter pan pan, tou es l\u00e0 ?<\/p>\n<p style=\"text-align: center;\">BRUCE<\/p>\n<p style=\"text-align: center;\">Vous vous connaissez ?<\/p>\n<p style=\"text-align: center;\">PETER PAN PAN<\/p>\n<p style=\"text-align: center;\">On s\u2019en fout ! Et c\u2019est qui cette dame ?<\/p>\n<p style=\"text-align: center;\">EL GRINGO<\/p>\n<p style=\"text-align: center;\">Ca, mais c\u2019est PAMELA ANDERSON.<\/p>\n<p style=\"text-align: center;\">BRUCE &amp; PETER PAN PAN<\/p>\n<p style=\"text-align: center;\">Quoi ?<\/p>\n<p style=\"text-align: center;\">BRUCE<\/p>\n<p style=\"text-align: center;\">Raconte, qui l\u2019a appel\u00e9 ?<\/p>\n<p style=\"text-align: center;\">PETER PAN PAN<\/p>\n<p style=\"text-align: center;\">Elle \u00e9tait o\u00f9 ?<\/p>\n<p style=\"text-align: center;\">EL GRINGO<\/p>\n<p style=\"text-align: center;\">J\u00e9 n\u00e9 souis pas au courant d\u00e9 tout, mais ce que je vais vous raconter, \u00e7a va vous ratatiner les cojones comme des raisins secs. Alors lorsque Rambo m\u2019a captur\u00e9 pour me moutiler, il m\u2019a encha\u00een\u00e9 \u00e0 son tr\u00f4ne.<\/p>\n<p style=\"text-align: center;\">BRUCE<\/p>\n<p style=\"text-align: center;\">Je comprends rien \u00e0 tes salades, El Gato.<\/p>\n<p style=\"text-align: center;\">EL GRINGO<\/p>\n<p style=\"text-align: center;\">Mon nom c\u2019est El Gringo ! Pamela Anderson est venou me lib\u00e9rer, mais en fait c\u2019\u00e9tait pas elle, c\u2019\u00e9tait Charwin.<\/p>\n<p style=\"text-align: center;\">BRUCE<\/p>\n<p style=\"text-align: center;\">Quoi ? Charwin \u00e9tait d\u00e9guis\u00e9 en Pamela Anderson?<\/p>\n<p style=\"text-align: center;\">EL GRINGO<\/p>\n<p style=\"text-align: center;\">Non en fait Charwin \u00e9tait d\u00e9guis\u00e9 en Pamela qui \u00e9tait d\u00e9guis\u00e9e en Wookie, il m\u2019a lib\u00e9r\u00e9 et attach\u00e9 \u00e0 la vraie Pamela Anderson qui elle \u00e9tait d\u00e9guis\u00e9e en lui, et il nous a amen\u00e9 ici.<\/p>\n<p style=\"text-align: center;\">BRUCE<\/p>\n<p style=\"text-align: center;\">J\u2019ai rien pig\u00e9. Mais voil\u00e0 pourquoi il est pas encore revenu me chercher. Putain, un cochon dingue manchot, une Pamela dans les pommes, \u00e7a va pas faciliter notre \u00e9vasion. Il faudrait un vrai miracle&#8230;<\/p>\n<p style=\"text-align: center;\">BOUM<\/p>\n<p style=\"text-align: center;\">PETER PAN PAN (se reprenant, tousse)<\/p>\n<p style=\"text-align: center;\">Arrg\u2026 Le mur vient d\u2019exploser, oooh, mais la porte de ma cellule vient de s\u2019ouvrir ! Rires !\u00a0 Allez El Gringo, on embarque la blonde. Elle peut nous servir de monnaie d\u2019\u00e9change.<\/p>\n<p style=\"text-align: center;\">BRUCE<\/p>\n<p style=\"text-align: center;\">Ca n\u2019a pas d\u00e9bloqu\u00e9 la mienne. Peter Pan pan, donne-moi un coup de main, c&rsquo;\u00e9tait le deal, reviens\u2026 Putain de lapin\u2026<\/p>\n<p style=\"text-align: center;\">(\u00e0 lui m\u00eame)<\/p>\n<p style=\"text-align: center;\">Je savais qu\u2019on pouvait pas lui faire confiance, les lapins c\u2019est vraiment tous des&#8230;<\/p>\n<p style=\"text-align: center;\">PETER PAN PAN<\/p>\n<p style=\"text-align: center;\">TOC TOC TOC, tu allais dire quelque chose que tu allais regretter.<\/p>\n<p style=\"text-align: center;\">BRUCE<\/p>\n<p style=\"text-align: center;\">Oui, bon, euh, tu vas l\u2019ouvrir cette putain de porte ?<\/p>\n<p style=\"text-align: center;\">Bruit m\u00e9tallique.<\/p>\n<p style=\"text-align: center;\">PETER PAN PAN<\/p>\n<p style=\"text-align: center;\">\u2026 Il faut se casser, maintenant !<\/p>\n<p style=\"text-align: center;\">EL GRINGO<\/p>\n<p style=\"text-align: center;\">J\u00e9 propose qu\u2019on aille par la, c\u2019est le garage, oh Pamela bouge !<\/p>\n<p style=\"text-align: center;\">PAMELA ANDERSON<\/p>\n<p style=\"text-align: center;\">Peter Pan Pan, qu\u2019est-ce que tu fais l\u00e0 ?<\/p>\n<p style=\"text-align: center;\">Elle retombe dans les pommes.<\/p>\n<p style=\"text-align: center;\">BRUCE<\/p>\n<p style=\"text-align: center;\">Pamela Anderson est retomb\u00e9e dans les vapes\u2026 mais elle te conna\u00eet ?<\/p>\n<p style=\"text-align: center;\">EL GRINGO<\/p>\n<p style=\"text-align: center;\">C\u2019est probablement \u00e0 cause du maillot de bain rouge\u2026 Ca cr\u00e9e des liens.<\/p>\n<p style=\"text-align: center;\">PETER PAN PAN<\/p>\n<p style=\"text-align: center;\">Ta gueule et cours !<\/p>\n<p style=\"text-align: center;\">Bruit de pas.<\/p>\n<p style=\"text-align: center;\">BRUCE (chuchotant)<\/p>\n<p style=\"text-align: center;\">Stop ! des militaires, qu\u2019est ce qu\u2019ils foutent l\u00e0 ? Vite, cachons-nous sous la b\u00e2che de ce camion\u2026<\/p>\n<p style=\"text-align: center;\">VOIX DE LA PIZZA<\/p>\n<p style=\"text-align: center;\">Comment \u00e7a, aucune nouvelle de la reine des neiges ? Et Bruce, o\u00f9 est-il ? Quoi ? Les cellules sont vides ? Repli ! On d\u00e9croche !<\/p>\n<p style=\"text-align: center;\">Le camion d\u00e9marre.<\/p>\n<p style=\"text-align: center;\">PETER PAN PAN<\/p>\n<p style=\"text-align: center;\">J\u2019adore quand tout part en vrille !<\/p>\n<p style=\"text-align: center;\">BRUCE<\/p>\n<p style=\"text-align: center;\">Au moins, on s\u2019\u00e9loigne de Charwin et de cette putain de machine, apr\u00e8s on verra.<\/p>\n<p style=\"text-align: center;\">EL GRINGO<\/p>\n<p style=\"text-align: center;\">Mais c\u2019est quoi cette grosse cuve qui fume ? J\u2019ai un mauvais pressentiment.<\/p>\n<p style=\"text-align: center;\">A SUIVRE&#8230;<\/p>\n","protected":false},"excerpt":{"rendered":"<p>PTS02E29 : Coup de boule \u00e0 Notting Jail Comment s&rsquo;\u00e9vader d&rsquo;une prison top s\u00e9curis\u00e9e ? Avec un bon coup de boule bien s\u00fbr ! Branche tes \u00e9couteurs et Bim ! Lance la lecture : https:\/\/radiopublic.com\/pamela-target-8XR1ee\/s1!1dfc7 Pour avoir de nos nouvelles et d\u00e9couvrir des bonus, c&rsquo;est ici CLUB VIP PAMELA TARGET &nbsp; CREDITS Ecrit par Katia [&hellip;]<\/p>\n","protected":false},"author":1,"featured_media":3292,"parent":0,"menu_order":0,"comment_status":"closed","ping_status":"closed","template":"","meta":{"footnotes":""},"class_list":["post-3276","page","type-page","status-publish","has-post-thumbnail","hentry"],"_links":{"self":[{"href":"https:\/\/www.pamelatarget.com\/index.php\/wp-json\/wp\/v2\/pages\/3276","targetHints":{"allow":["GET"]}}],"collection":[{"href":"https:\/\/www.pamelatarget.com\/index.php\/wp-json\/wp\/v2\/pages"}],"about":[{"href":"https:\/\/www.pamelatarget.com\/index.php\/wp-json\/wp\/v2\/types\/page"}],"author":[{"embeddable":true,"href":"https:\/\/www.pamelatarget.com\/index.php\/wp-json\/wp\/v2\/users\/1"}],"replies":[{"embeddable":true,"href":"https:\/\/www.pamelatarget.com\/index.php\/wp-json\/wp\/v2\/comments?post=3276"}],"version-history":[{"count":4,"href":"https:\/\/www.pamelatarget.com\/index.php\/wp-json\/wp\/v2\/pages\/3276\/revisions"}],"predecessor-version":[{"id":3308,"href":"https:\/\/www.pamelatarget.com\/index.php\/wp-json\/wp\/v2\/pages\/3276\/revisions\/3308"}],"wp:featuredmedia":[{"embeddable":true,"href":"https:\/\/www.pamelatarget.com\/index.php\/wp-json\/wp\/v2\/media\/3292"}],"wp:attachment":[{"href":"https:\/\/www.pamelatarget.com\/index.php\/wp-json\/wp\/v2\/media?parent=3276"}],"curies":[{"name":"wp","href":"https:\/\/api.w.org\/{rel}","templated":true}]}}