{"id":3266,"date":"2019-11-07T23:41:10","date_gmt":"2019-11-07T22:41:10","guid":{"rendered":"https:\/\/www.pamelatarget.com\/?page_id=3266"},"modified":"2019-11-08T11:05:48","modified_gmt":"2019-11-08T10:05:48","slug":"pts02e28-the-inside-man","status":"publish","type":"page","link":"https:\/\/www.pamelatarget.com\/index.php\/pts02e28-the-inside-man\/","title":{"rendered":"PTS02E28 : The Inside Man !"},"content":{"rendered":"<h2 style=\"text-align: center;\"><strong>PTS02E28 : The Inside Man !<br \/>\n<\/strong><\/h2>\n<p style=\"text-align: center;\">Pour arriver \u00e0 ses fins, l\u2019homme d\u00e9guis\u00e9 en Pamela d\u00e9guis\u00e9e en Wookie ne recule devant rien&#8230; Voil\u00e0 qu&rsquo;il fait exploser le quatri\u00e8me mur !<\/p>\n<p style=\"text-align: center;\">Branche tes \u00e9couteurs et Bim ! Lance la lecture :<\/p>\n<p>https:\/\/radiopublic.com\/pamela-target-8XR1ee\/s1!34893<\/p>\n<p style=\"text-align: center;\">Pour avoir de nos nouvelles et d\u00e9couvrir des bonus,<\/p>\n<p style=\"text-align: center;\">c&rsquo;est ici<strong> <a href=\"https:\/\/www.pamelatarget.com\/index.php\/vip-club\/\">CLUB VIP PAMELA TARGET<\/a><\/strong><\/p>\n<h3><strong>CREDITS<\/strong><\/h3>\n<p><strong>Ecrit par<\/strong> Katia Grivot, David Neau et Pascal Senicourt<\/p>\n<p><strong>R\u00e9alis\u00e9, mont\u00e9 et mix\u00e9<\/strong> <strong>par<\/strong> Katia Grivot<\/p>\n<p><strong>Anim\u00e9 pour Youtube par<\/strong> Pascal Senicourt<\/p>\n<p>&nbsp;<\/p>\n<h3><strong>Musiques <\/strong><\/h3>\n<p>G\u00e9n\u00e9rique par Domingo Olmo Martin, alias King of Punk<\/p>\n<p>&nbsp;<\/p>\n<h3><strong>Par ordre d&rsquo;apparition<\/strong><\/h3>\n<p>Darryl Charwin : Pascal Senicourt<\/p>\n<p>Julius Washington : Domingo Olmo Martin<\/p>\n<p>Pamela Anderson : Malvina Germain<\/p>\n<h3><strong>Cr\u00e9dits sons <\/strong><\/h3>\n<p>Dans cet e\u0301pisode de nombreux sons sont tire\u0301s de <strong>Freesound<\/strong>. Voici l\u2019ensemble des cre\u0301dits concerne\u0301s :<\/p>\n<p>&nbsp;<\/p>\n<h2><strong>Tu peux aussi choisir un autre moyen d\u2019\u00e9coute. T\u2019inqui\u00e8te, c\u2019est gratuit :<\/strong><\/h2>\n<h2><\/h2>\n<div class=\"aligncenter\"><a href=\"https:\/\/itunes.apple.com\/fr\/podcast\/pamela-target-saison-1\/id1347089265?mt=2\" target=\"_blank\" rel=\"noopener\"><img decoding=\"async\" class=\"size-medium wp-image-479 aligncenter\" src=\"https:\/\/www.pamelatarget.com\/wp-content\/uploads\/2018\/02\/Get_it_on_iTunes_Badge_FR_1114-300x109.png\" alt=\"\" width=\"200\" srcset=\"https:\/\/www.pamelatarget.com\/wp-content\/uploads\/2018\/02\/Get_it_on_iTunes_Badge_FR_1114-300x109.png 300w, https:\/\/www.pamelatarget.com\/wp-content\/uploads\/2018\/02\/Get_it_on_iTunes_Badge_FR_1114-768x279.png 768w, https:\/\/www.pamelatarget.com\/wp-content\/uploads\/2018\/02\/Get_it_on_iTunes_Badge_FR_1114-1024x372.png 1024w, https:\/\/www.pamelatarget.com\/wp-content\/uploads\/2018\/02\/Get_it_on_iTunes_Badge_FR_1114.png 1194w\" sizes=\"(max-width: 300px) 100vw, 300px\" \/><\/a><a href=\"https:\/\/soundcloud.com\/user-149328996\/pts02e01-quelle-belle-journee-a-la-madmax\" target=\"_blank\" rel=\"noopener\"><img decoding=\"async\" class=\"size-medium wp-image-477 aligncenter\" src=\"https:\/\/www.pamelatarget.com\/wp-content\/uploads\/2018\/02\/SoundCloud_logo_orange_color_plain.svg_-300x171.png\" alt=\"\" width=\"200\" srcset=\"https:\/\/www.pamelatarget.com\/wp-content\/uploads\/2018\/02\/SoundCloud_logo_orange_color_plain.svg_-300x171.png 300w, https:\/\/www.pamelatarget.com\/wp-content\/uploads\/2018\/02\/SoundCloud_logo_orange_color_plain.svg_-768x438.png 768w, https:\/\/www.pamelatarget.com\/wp-content\/uploads\/2018\/02\/SoundCloud_logo_orange_color_plain.svg_-1024x584.png 1024w, https:\/\/www.pamelatarget.com\/wp-content\/uploads\/2018\/02\/SoundCloud_logo_orange_color_plain.svg_.png 1200w\" sizes=\"(max-width: 300px) 100vw, 300px\" \/><\/a><a href=\"https:\/\/www.deezer.com\/fr\/episode\/5987417\" target=\"_blank\" rel=\"noopener\"><img decoding=\"async\" class=\"size-medium wp-image-574 aligncenter\" src=\"https:\/\/www.pamelatarget.com\/wp-content\/uploads\/2018\/02\/deezer-logo-300x168.png\" alt=\"\" width=\"200\" \/><\/a><a href=\"https:\/\/spoti.fi\/2OJzwUS\" target=\"_blank\" rel=\"noopener\"><img loading=\"lazy\" decoding=\"async\" width=\"300\" height=\"90\" class=\"size-medium wp-image-1572 aligncenter\" src=\"https:\/\/www.pamelatarget.com\/wp-content\/uploads\/2018\/11\/Spotify_Logo_RGB_Green-300x90.png\" alt=\"\" \/><\/a><a href=\"https:\/\/radiopublic.com\/pamela-target-8XR1ee\" target=\"_blank\" rel=\"noopener\"><img decoding=\"async\" class=\"size-medium wp-image-1572 aligncenter\" src=\"https:\/\/www.pamelatarget.com\/wp-content\/uploads\/2019\/02\/radiopublic.png\" alt=\"\" \/><\/a><\/div>\n<p><!--more--><\/p>\n<h2 style=\"text-align: center;\"><strong>Retranscription de l&rsquo;\u00e9pisode<\/strong><\/h2>\n<p style=\"text-align: center;\">texte prot\u00e9g\u00e9 &#8211; reproduction interdite sans l&rsquo;accord des auteurs<\/p>\n<p style=\"text-align: center;\">INT. JOUR LABO SECRET CHARWIN<\/p>\n<p style=\"text-align: center;\">CHARWIN EN PAMELA<\/p>\n<p style=\"text-align: center;\">Et voil\u00e0, un coup de bou\u00e9e de sauvetage et hop, dans les pommes Pamela Anderson. Comme quoi, ces bou\u00e9es de sauvetage, \u00e7a a quand m\u00eame son utilit\u00e9 ! Je la b\u00e2illonne, je la ligote sur ma moto et je planque le tout. Maintenant allons rejoindre le hamster avec mon d\u00e9guisement.<\/p>\n<p style=\"text-align: center;\">Musique disco funky.<\/p>\n<p style=\"text-align: center;\">CHARWIN EN PAMELA<\/p>\n<p style=\"text-align: center;\">Je ne comprends pas, ils sont tr\u00e8s bien ses talons. Que j&rsquo;aime cette musique.<\/p>\n<p style=\"text-align: center;\">Acc\u00e9l\u00e9ration de la bande d&rsquo;enregistrement.<\/p>\n<p style=\"text-align: center;\">CHARWIN EN PAMELA (au public)<\/p>\n<p style=\"text-align: center;\">Vous revoil\u00e0 !\u00a0 Bon si vous avez suivi, je suis le professeur Charwin, le diabolique fondateur de cette arche\u00a0 et je suis d\u00e9guis\u00e9 en Pamela Anderson\u2026 J\u2019ai sorti tout l\u2019attirail qu\u2019il faut pour bluffer tout le monde : Les talons aiguilles, le maillot de bain rouge. Bon c\u2019est vrai, j\u2019ai vir\u00e9 la fourrure autour du cou, une l\u00e9g\u00e8re faute de go\u00fbt pour la protectrice des animaux que je suis sens\u00e9 jouer. Qu\u2019est-ce que j\u2019ai fait de la potiche, la vraie Pamela Anderson ? Il est pr\u00e9f\u00e9rable que vous ne soyez pas au courant de tout&#8230;\u00a0 Bon ! Le vrai spectacle va commencer ! Julius le hamster est venu chercher Pamela Anderson pour qu\u2019elle sauve toutes ces b\u00eates. Admirez plut\u00f4t l\u2019artiste.<\/p>\n<p style=\"text-align: center;\">Bruit de porte m\u00e9tallique qui s\u2019ouvre en grin\u00e7ant fortement.<\/p>\n<p style=\"text-align: center;\">JULIUS WASHINGTON<\/p>\n<p style=\"text-align: center;\">Vous voil\u00e0 dans l\u2019arche. Suivez-moi. Je suis extr\u00eamement content que vous ayez r\u00e9pondu \u00e0 mon appel au secours. Surtout pas un mot. On ne peut pas prendre le risque que quelqu\u2019un vous reconnaisse. Tenez, enfilez ce costume. Le traducteur vocal int\u00e9gr\u00e9 transformera votre voix.<\/p>\n<p style=\"text-align: center;\">CHARWIN EN PAMELA EN WOOKIE (au public)<\/p>\n<p style=\"text-align: center;\">Maintenant je suis d\u00e9guis\u00e9 en Pamela Anderson qui se d\u00e9guise en wookie ! Quelle id\u00e9e de cr\u00e9tin, vous ne trouvez pas ! Comment le hamster a pu m\u2019\u00e9chapper pendant des ann\u00e9es avec des plans aussi d\u00e9biles ! Et pour \u00eatre sur de passer inaper\u00e7u, c&rsquo;est tellement facile,\u00a0 je ris int\u00e9rieurement, je vais trouver toutes ces petites b\u00eates mignonnes.<\/p>\n<p style=\"text-align: center;\">Acc\u00e9l\u00e9ration de la bande son de l&rsquo;enregistrement de l&rsquo;\u00e9pisode 1 de la saison 2.<\/p>\n<p style=\"text-align: center;\">CHARWIN EN PAMELA EN WOOKIE (au public)<\/p>\n<p style=\"text-align: center;\">Bon c\u2019est bien gentil tout \u00e7a, mais j\u2019ai autre chose \u00e0 faire ! On va avancer un peu plus loin en cette belle journ\u00e9e \u00e0 la mad max\u2026<\/p>\n<p style=\"text-align: center;\">Acc\u00e9l\u00e9ration de la bande de l\u2019\u00e9pisode 1 Saison 2.<\/p>\n<p style=\"text-align: center;\">CHARWIN EN PAMELA EN WOOKIE (au public pendant qu\u2019on entends au fond Julius)<\/p>\n<p style=\"text-align: center;\">quand le cochon dingue m\u00e9galomane ouvre les vannes. C\u2019est \u00e9tonnant cette histoire, les animaux en contact avec la mousse deviennent des esclaves du cochon dingue. Voil\u00e0 enfin une \u00e9nigme scientifique \u00e0 ma hauteur. Je dois comprendre ce qui se passe l\u00e0 haut.<\/p>\n<p style=\"text-align: center;\">\u00a0\u00a0\u00a0 \u00a0\u00a0\u00a0 CHARWIN EN PAMELA EN WOOKIE (au public)<\/p>\n<p style=\"text-align: center;\">Et l\u00e0 j\u2019explique en wookie\u00a0 que je vais voir de plus pr\u00e8s ce qui se passe l\u00e0-haut pendant que le hamster va chercher son camion !<\/p>\n<p style=\"text-align: center;\">Bruit de pas essouffl\u00e9. Ambiance chocolaterie clandestine.<\/p>\n<p style=\"text-align: center;\">CHARWIN EN PAMELA EN WOOKIE (essoufl\u00e9)<\/p>\n<p style=\"text-align: center;\">On voit bien que ce sont des abrutis d\u2019animaux d\u00e9c\u00e9r\u00e9br\u00e9s. Pas un ascenseur ici. Ach, bon, les vannes sont donc install\u00e9es au c\u0153ur de la chocolaterie clandestine, \u00e9videmment. Ah l\u00e0-bas, voil\u00e0 le cochon d\u2019inde avec le masque d\u00e9cor\u00e9 de dents de cheval.<\/p>\n<p>&nbsp;<\/p>\n<p style=\"text-align: center;\">RAMBO<\/p>\n<p style=\"text-align: center;\">Je suis votre roi, Raaaaambooo !<\/p>\n<p style=\"text-align: center;\">DOMINGO<\/p>\n<p style=\"text-align: center;\">Ca y est, Rambo, ils se transforment \u00e0 nouveau en zombie en bas.<\/p>\n<p style=\"text-align: center;\">RAMBO<\/p>\n<p style=\"text-align: center;\">Attends\u2026<\/p>\n<p style=\"text-align: center;\">(au m\u00e9gaphone)<\/p>\n<p style=\"text-align: center;\">I LUV WORKING FOR UNCLE SAM !<\/p>\n<p style=\"text-align: center;\">ZOMBIES (au loin, d\u2019en bas)<\/p>\n<p style=\"text-align: center;\">i luv working for uncle sam.<\/p>\n<p style=\"text-align: center;\">RAMBO<\/p>\n<p style=\"text-align: center;\">C\u2019est bon, ils m\u2019ob\u00e9issent toujours.<\/p>\n<p style=\"text-align: center;\">(au m\u00e9gaphone)<\/p>\n<p style=\"text-align: center;\">Mordez-les tous et prenez l\u2019arche \u00e0 nouveau !<\/p>\n<p style=\"text-align: center;\">(\u00e0 Domingo)<\/p>\n<p style=\"text-align: center;\">Putain j\u2019esp\u00e8re que cette fois-ci, \u00e7a durera plus longtemps !<\/p>\n<p>&nbsp;<\/p>\n<p style=\"text-align: center;\">Cris de zombie et bruit de charge lointain, en bas.<\/p>\n<p style=\"text-align: center;\">CHARWIN EN PAMELA EN WOOKIE<\/p>\n<p style=\"text-align: center;\">Graourgn&#8230;<\/p>\n<p style=\"text-align: center;\">(bruit de masque qu\u2019on enl\u00e8ve)<\/p>\n<p style=\"text-align: center;\">Fucking d\u00e9guisement ! Je suis Pamela Anderson !<\/p>\n<p style=\"text-align: center;\">\u00a0RAMBO<\/p>\n<p style=\"text-align: center;\">Ooooohhh !<\/p>\n<p style=\"text-align: center;\">DOMINGO<\/p>\n<p style=\"text-align: center;\">Incroyable ! Pamela Anderson !<\/p>\n<p style=\"text-align: center;\">RAMBO<\/p>\n<p style=\"text-align: center;\">Oh ! Je pensais que vous aviez une voix plus f\u00e9minine!<\/p>\n<p>&nbsp;<\/p>\n<p style=\"text-align: center;\">CHARWIN EN PAMELA<\/p>\n<p style=\"text-align: center;\">Ca suffit !<\/p>\n<p style=\"text-align: center;\">EL GRINGO<\/p>\n<p style=\"text-align: center;\">Arrh\u2026 Pamela\u2026 Por favor, sauvez-moi\u2026 Argg\u2026<\/p>\n<p>&nbsp;<\/p>\n<p style=\"text-align: center;\">CHARWIN EN PAMELA<\/p>\n<p style=\"text-align: center;\">Mais what\u2026 Y en a un autre ? My god, What the fuck is that ?<\/p>\n<p style=\"text-align: center;\">DOMINGO<\/p>\n<p style=\"text-align: center;\">Ca ? C\u2019est El Gringo, notre cousin \u00e9loign\u00e9, enfin, en partie. Il \u00e9tait tomb\u00e9 dans le broyeur de la cave au marmotte mais s\u2019est coinc\u00e9 dans l\u2019h\u00e9lice. Du coup, il a juste un bras qu\u2019a \u00e9t\u00e9 broy\u00e9. Sinon, tout va bien.<\/p>\n<p style=\"text-align: center;\">CHARWIN EN PAMELA<\/p>\n<p style=\"text-align: center;\">Mais, pourquoi vous le gardez suspendu au-dessus des cuves ? Quelle est donc cette nouvelle torture ?<\/p>\n<p style=\"text-align: center;\">DOMINGO<\/p>\n<p style=\"text-align: center;\">Ben quand la mousse est m\u00e9lang\u00e9e \u00e0 des morceaux de El Gringo, elle devient zombifiante, mais juste pendant un certain temps. Vous imaginez bien qu\u2019on a essay\u00e9 avec d\u2019autres cousins,\u00a0 y avait gaspacho, risotto, carpaccio, cappuccino\u2026. Mais bizarrement \u00e7a ne marche qu\u2019avec El Gringo. Du coup, on le garde pr\u00e9cieusement et de temps en temps, on lui coupe une tranche ou deux pour en remettre dans la mousse qu\u2019on balance en bas dans les vannes. Et hop, ils redeviennent zombies.<\/p>\n<p style=\"text-align: center;\">CHARWIN EN PAMELA<\/p>\n<p style=\"text-align: center;\">Mais C\u2019est tr\u00e8s ing\u00e9nieux\u2026 Enfin, je veux dire, c\u2019est horrible !! Pauvre petit, euuh, morceau de cochon d\u2019inde tout mignon\u2026<\/p>\n<p>&nbsp;<\/p>\n<p style=\"text-align: center;\">EL GRINGO<\/p>\n<p style=\"text-align: center;\">Mais lib\u00e9rez-moi, c\u2019est de la tortura\u2026<\/p>\n<p style=\"text-align: center;\">DOMINGO<\/p>\n<p style=\"text-align: center;\">TA GUEULE, EL MORCEAU !<\/p>\n<p style=\"text-align: center;\">EL GRINGO<\/p>\n<p style=\"text-align: center;\">Dans ce cas-l\u00e0\u2026 Touez moi y\u00e9 pr\u00e9f\u00e8re. E Finito l\u2019horrible tortura pour moi\u2026<\/p>\n<p style=\"text-align: center;\">CHARWIN EN PAMELA<\/p>\n<p style=\"text-align: center;\">Ah non ! Surtout ne le tuez pas ! Ce serait une\u00a0 erreur\u00a0terrible !<\/p>\n<p style=\"text-align: center;\">DOMINGO<\/p>\n<p style=\"text-align: center;\">h\u00e9 Pamela ! T\u2019inqui\u00e8te ! Tu crois qu\u2019on va prendre le risque de le tuer alors qu\u2019on sait m\u00eame pas si la formule de mousse marchera avec un El gringo mort. H\u00e9, tu nous prends pour des quiches.<\/p>\n<p style=\"text-align: center;\">RAMBO (\u00e0 Domingo)<\/p>\n<p style=\"text-align: center;\">Allez, enferme-la, Domingo !<\/p>\n<p style=\"text-align: center;\">DOMINGO<\/p>\n<p style=\"text-align: center;\">Oui chef !<\/p>\n<p style=\"text-align: center;\">Bruit de coup, et de cage qu\u2019on verrouille.<\/p>\n<p style=\"text-align: center;\">RAMBO<\/p>\n<p style=\"text-align: center;\">Voil\u00e0\u00a0 Pamela !<\/p>\n<p>&nbsp;<\/p>\n<p style=\"text-align: center;\">CHARWIN EN PAMELA<\/p>\n<p style=\"text-align: center;\">C\u2019est very very bad ce que vous faites, Rambo! Prends \u00e7a !<\/p>\n<p>&nbsp;<\/p>\n<p style=\"text-align: center;\">Musique disco funky, bruit de combat entre Pamela et les cochons dingues.<\/p>\n<p style=\"text-align: center;\">D\u00e9sert, bas des falaises. camion klaxonne.<\/p>\n<p style=\"text-align: center;\">JULIUS WASHINGTON<\/p>\n<p style=\"text-align: center;\">Bon sang, mais qu\u2019est-ce qu\u2019elle fait ? Je l\u2019imaginais pas du tout avec cette voix l\u00e0.<\/p>\n<p style=\"text-align: center;\">Bruit de porti\u00e8re qui claque.<\/p>\n<p style=\"text-align: center;\">LUCE<\/p>\n<p style=\"text-align: center;\">Mmmmhhh !<\/p>\n<p style=\"text-align: center;\">JULIUS WASHINGTON<\/p>\n<p style=\"text-align: center;\">Luce ! Quoi ? Pamela est mont\u00e9e \u00e0 la chocolaterie et depuis personne ne l\u2019a revu.<\/p>\n<p style=\"text-align: center;\">LUCE<\/p>\n<p style=\"text-align: center;\">Mmhh !<\/p>\n<p style=\"text-align: center;\">JULIUS WASHINGTON<\/p>\n<p style=\"text-align: center;\">Je pense que Pamela Anderson a besoin de nous!<\/p>\n<p>&nbsp;<\/p>\n<p style=\"text-align: center;\">A SUIVRE&#8230;<\/p>\n<p>&nbsp;<\/p>\n","protected":false},"excerpt":{"rendered":"<p>PTS02E28 : The Inside Man ! Pour arriver \u00e0 ses fins, l\u2019homme d\u00e9guis\u00e9 en Pamela d\u00e9guis\u00e9e en Wookie ne recule devant rien&#8230; Voil\u00e0 qu&rsquo;il fait exploser le quatri\u00e8me mur ! Branche tes \u00e9couteurs et Bim ! Lance la lecture : https:\/\/radiopublic.com\/pamela-target-8XR1ee\/s1!34893 Pour avoir de nos nouvelles et d\u00e9couvrir des bonus, c&rsquo;est ici CLUB VIP PAMELA [&hellip;]<\/p>\n","protected":false},"author":1,"featured_media":3281,"parent":0,"menu_order":0,"comment_status":"closed","ping_status":"closed","template":"","meta":{"footnotes":""},"class_list":["post-3266","page","type-page","status-publish","has-post-thumbnail","hentry"],"_links":{"self":[{"href":"https:\/\/www.pamelatarget.com\/index.php\/wp-json\/wp\/v2\/pages\/3266","targetHints":{"allow":["GET"]}}],"collection":[{"href":"https:\/\/www.pamelatarget.com\/index.php\/wp-json\/wp\/v2\/pages"}],"about":[{"href":"https:\/\/www.pamelatarget.com\/index.php\/wp-json\/wp\/v2\/types\/page"}],"author":[{"embeddable":true,"href":"https:\/\/www.pamelatarget.com\/index.php\/wp-json\/wp\/v2\/users\/1"}],"replies":[{"embeddable":true,"href":"https:\/\/www.pamelatarget.com\/index.php\/wp-json\/wp\/v2\/comments?post=3266"}],"version-history":[{"count":10,"href":"https:\/\/www.pamelatarget.com\/index.php\/wp-json\/wp\/v2\/pages\/3266\/revisions"}],"predecessor-version":[{"id":3287,"href":"https:\/\/www.pamelatarget.com\/index.php\/wp-json\/wp\/v2\/pages\/3266\/revisions\/3287"}],"wp:featuredmedia":[{"embeddable":true,"href":"https:\/\/www.pamelatarget.com\/index.php\/wp-json\/wp\/v2\/media\/3281"}],"wp:attachment":[{"href":"https:\/\/www.pamelatarget.com\/index.php\/wp-json\/wp\/v2\/media?parent=3266"}],"curies":[{"name":"wp","href":"https:\/\/api.w.org\/{rel}","templated":true}]}}