{"id":3257,"date":"2019-10-31T16:46:20","date_gmt":"2019-10-31T15:46:20","guid":{"rendered":"https:\/\/www.pamelatarget.com\/?page_id=3257"},"modified":"2019-11-01T21:53:35","modified_gmt":"2019-11-01T20:53:35","slug":"pts02e27-le-diable-shabille-en-pamela-il-est-pamela-elle-est-charwin","status":"publish","type":"page","link":"https:\/\/www.pamelatarget.com\/index.php\/pts02e27-le-diable-shabille-en-pamela-il-est-pamela-elle-est-charwin\/","title":{"rendered":"PTS02E27 : Le Diable s&rsquo;habille en Pamela"},"content":{"rendered":"<h2 style=\"text-align: center;\"><strong>PTS02E27 : Le Diable s&rsquo;habille en Pamela<br \/>\n<\/strong><\/h2>\n<p style=\"text-align: center;\">Attraper Pamela Anderson \u00e0 tout prix. D\u00e9guisement, faux-semblant et talons aiguilles vont faire partie du stratag\u00e8me de Darryl Charwin. Pour suivre, il va falloir s&rsquo;accrocher&#8230;<\/p>\n<p style=\"text-align: center;\">Branche tes \u00e9couteurs et Bim ! Lance la lecture :<\/p>\n<p>https:\/\/radiopublic.com\/pamela-target-8XR1ee\/s1!64221<\/p>\n<p style=\"text-align: center;\">Pour avoir de nos nouvelles et d\u00e9couvrir des bonus,<\/p>\n<p style=\"text-align: center;\">c&rsquo;est ici<strong> <a href=\"https:\/\/www.pamelatarget.com\/index.php\/vip-club\/\">CLUB VIP PAMELA TARGET<\/a><\/strong><\/p>\n<h3><strong>CREDITS<\/strong><\/h3>\n<p><strong>Ecrit par<\/strong> Katia Grivot, David Neau et Pascal Senicourt<\/p>\n<p><strong>R\u00e9alis\u00e9, mont\u00e9 et mix\u00e9<\/strong> <strong>par<\/strong> Katia Grivot<\/p>\n<p><strong>Anim\u00e9 pour Youtube par<\/strong> Pascal Senicourt<\/p>\n<p>&nbsp;<\/p>\n<h3><strong>Musiques <\/strong><\/h3>\n<p>G\u00e9n\u00e9rique par Domingo Olmo Martin, alias King of Punk<\/p>\n<p>&nbsp;<\/p>\n<h3><strong>Par ordre d&rsquo;apparition<\/strong><\/h3>\n<p>Darryl Charwin : Pascal Senicourt<\/p>\n<p>Pamela Anderson : Malvinia Germain<\/p>\n<h3><strong>Cr\u00e9dits sons <\/strong><\/h3>\n<p>Dans cet e\u0301pisode de nombreux sons sont tire\u0301s de <strong>Freesound<\/strong>. Voici l\u2019ensemble des cre\u0301dits concerne\u0301s :<\/p>\n<p>&nbsp;<\/p>\n<h2><strong>Tu peux aussi choisir un autre moyen d\u2019\u00e9coute. T\u2019inqui\u00e8te, c\u2019est gratuit :<\/strong><\/h2>\n<h2><\/h2>\n<div class=\"aligncenter\"><a href=\"https:\/\/itunes.apple.com\/fr\/podcast\/pamela-target-saison-1\/id1347089265?mt=2\" target=\"_blank\" rel=\"noopener\"><img decoding=\"async\" class=\"size-medium wp-image-479 aligncenter\" src=\"https:\/\/www.pamelatarget.com\/wp-content\/uploads\/2018\/02\/Get_it_on_iTunes_Badge_FR_1114-300x109.png\" alt=\"\" width=\"200\" srcset=\"https:\/\/www.pamelatarget.com\/wp-content\/uploads\/2018\/02\/Get_it_on_iTunes_Badge_FR_1114-300x109.png 300w, https:\/\/www.pamelatarget.com\/wp-content\/uploads\/2018\/02\/Get_it_on_iTunes_Badge_FR_1114-768x279.png 768w, https:\/\/www.pamelatarget.com\/wp-content\/uploads\/2018\/02\/Get_it_on_iTunes_Badge_FR_1114-1024x372.png 1024w, https:\/\/www.pamelatarget.com\/wp-content\/uploads\/2018\/02\/Get_it_on_iTunes_Badge_FR_1114.png 1194w\" sizes=\"(max-width: 300px) 100vw, 300px\" \/><\/a><a href=\"https:\/\/soundcloud.com\/user-149328996\/pts02e01-quelle-belle-journee-a-la-madmax\" target=\"_blank\" rel=\"noopener\"><img decoding=\"async\" class=\"size-medium wp-image-477 aligncenter\" src=\"https:\/\/www.pamelatarget.com\/wp-content\/uploads\/2018\/02\/SoundCloud_logo_orange_color_plain.svg_-300x171.png\" alt=\"\" width=\"200\" srcset=\"https:\/\/www.pamelatarget.com\/wp-content\/uploads\/2018\/02\/SoundCloud_logo_orange_color_plain.svg_-300x171.png 300w, https:\/\/www.pamelatarget.com\/wp-content\/uploads\/2018\/02\/SoundCloud_logo_orange_color_plain.svg_-768x438.png 768w, https:\/\/www.pamelatarget.com\/wp-content\/uploads\/2018\/02\/SoundCloud_logo_orange_color_plain.svg_-1024x584.png 1024w, https:\/\/www.pamelatarget.com\/wp-content\/uploads\/2018\/02\/SoundCloud_logo_orange_color_plain.svg_.png 1200w\" sizes=\"(max-width: 300px) 100vw, 300px\" \/><\/a><a href=\"https:\/\/www.deezer.com\/fr\/episode\/5987417\" target=\"_blank\" rel=\"noopener\"><img decoding=\"async\" class=\"size-medium wp-image-574 aligncenter\" src=\"https:\/\/www.pamelatarget.com\/wp-content\/uploads\/2018\/02\/deezer-logo-300x168.png\" alt=\"\" width=\"200\" \/><\/a><a href=\"https:\/\/spoti.fi\/2OJzwUS\" target=\"_blank\" rel=\"noopener\"><img loading=\"lazy\" decoding=\"async\" width=\"300\" height=\"90\" class=\"size-medium wp-image-1572 aligncenter\" src=\"https:\/\/www.pamelatarget.com\/wp-content\/uploads\/2018\/11\/Spotify_Logo_RGB_Green-300x90.png\" alt=\"\" \/><\/a><a href=\"https:\/\/radiopublic.com\/pamela-target-8XR1ee\" target=\"_blank\" rel=\"noopener\"><img decoding=\"async\" class=\"size-medium wp-image-1572 aligncenter\" src=\"https:\/\/www.pamelatarget.com\/wp-content\/uploads\/2019\/02\/radiopublic.png\" alt=\"\" \/><\/a><\/div>\n<p><!--more--><\/p>\n<h2 style=\"text-align: center;\"><strong>Retranscription de l&rsquo;\u00e9pisode<\/strong><\/h2>\n<p style=\"text-align: center;\">texte prot\u00e9g\u00e9 &#8211; reproduction interdite sans l&rsquo;accord des auteurs<\/p>\n<p style=\"text-align: center;\">Musique style Faith<\/p>\n<p style=\"text-align: center;\">CHARWIN<\/p>\n<p style=\"text-align: center;\">Ach yeaah ! Foil\u00e0, je dois reconna\u00eetre que ce d\u00e9guisement de Pamela Anderson me va plut\u00f4t bien et particuli\u00e8rement les talons, tr\u00e8s agr\u00e9able finalement cette petite contrainte. Julius Washington le hamster n\u2019y verra que du feu.<\/p>\n<p style=\"text-align: center;\">Talons qui claquent. Moto qui d\u00e9marre.<\/p>\n<p>&nbsp;<\/p>\n<p style=\"text-align: center;\">CHARWIN<\/p>\n<p style=\"text-align: center;\">je dois intercepter Pamela avant sa rencontre avec cette salet\u00e9 de hamster. ach que j\u2019aime cette musique&#8230;<\/p>\n<p style=\"text-align: center;\">Bruit de porte de garage, moto qui fonce en s\u2019\u00e9loignant\u2026 Moto qui arrive en p\u00e9taradant, plic ploc de gouttes. Freinage. La moto s\u2019arr\u00eate. \u00e9cho dans galerie.<\/p>\n<p>&nbsp;<\/p>\n<p style=\"text-align: center;\">CHARWIN<\/p>\n<p style=\"text-align: center;\">Je ne suis pas loin du point de rendez-vous que Julius a donn\u00e9 \u00e0 Pamela Anderson. Tiens\u00a0 ! Quelqu\u2019un vient vers moi. D\u2019o\u00f9 sort ce guignol en blouse blanche ? Planquons la moto et allons voir \u00e7a de plus pr\u00e8s.<\/p>\n<p style=\"text-align: center;\">Bruit de pas. Goutte plic ploc. Echo dans la galerie.<\/p>\n<p>&nbsp;<\/p>\n<p style=\"text-align: center;\">CHARWIN<\/p>\n<p style=\"text-align: center;\">Ah ah, cela va \u00eatre l\u2019occasion pour moi de tester ma voix de Pamela.<\/p>\n<p>&nbsp;<\/p>\n<p style=\"text-align: center;\">CHARWIN EN PAMELA<\/p>\n<p style=\"text-align: center;\">Bonjour monsieur. Mon nom est Pamela Anderson, \u00e0 qui ai-je l\u2019honneur ?<\/p>\n<p>&nbsp;<\/p>\n<p style=\"text-align: center;\">PAMELA EN CHARWIN (surprise)<\/p>\n<p style=\"text-align: center;\">Je suis le professeur Darryl Charwin. Ach Yeah ! Je ne m\u2019attendais vraiment pas \u00e0 vous rencontrer maintenant\u2026 Et donc, vous dites que vous \u00eates Pamela Anderson ? Right ?<\/p>\n<p style=\"text-align: center;\">Plic ploc. Souffle de Vent.<\/p>\n<p>&nbsp;<\/p>\n<p style=\"text-align: center;\">CHARWIN (pour lui-m\u00eame)<\/p>\n<p style=\"text-align: center;\">Qu\u2019est-ce que c\u2019est que cette mascarade ? Voil\u00e0 un inconnu d\u00e9guis\u00e9 en moi ? Et mal d\u00e9guis\u00e9 en plus ! Une blouse blanche, un st\u00e9thoscope et une canne ? S\u00e9rieux, je suis pas un docteur boiteux moi ! Qu\u2019est-ce qu\u2019il cherche? Et o\u00f9 est Pamela?<\/p>\n<p>&nbsp;<\/p>\n<p style=\"text-align: center;\">CHARWIN EN PAMELA<\/p>\n<p style=\"text-align: center;\">Ach ! Quoi ? Oui je suis Pamela Anderson ! Ca se voit, non ? Regardez ! Je porte un maillot de bain rouge et une bou\u00e9e de sauvetage.<\/p>\n<p>&nbsp;<\/p>\n<p style=\"text-align: center;\">PAMELA EN CHARWIN (suspicieuse)<\/p>\n<p style=\"text-align: center;\">Certes, Pamela ! Mais Je suis tout de m\u00eame surpris que vous portiez une fourrure animale. Je croyais que vous \u00e9tiez contre tout \u00e7a!<\/p>\n<p>&nbsp;<\/p>\n<p style=\"text-align: center;\">CHARWIN (pour lui-m\u00eame)<\/p>\n<p style=\"text-align: center;\">Mais il joue \u00e0 quoi ce guignol ?<\/p>\n<p>&nbsp;<\/p>\n<p style=\"text-align: center;\">CHARWIN EN PAMELA<\/p>\n<p style=\"text-align: center;\">Professeur Charwin, vous m\u2019embarrassez. Un biologiste de votre envergure ne reconna\u00eet pas une simple fourrure synth\u00e9tique?<\/p>\n<p>&nbsp;<\/p>\n<p style=\"text-align: center;\">PAMELA (pour elle)<\/p>\n<p style=\"text-align: center;\">Elle me prend pour qui cette pouffe en maillot rouge et talons aiguilles. je sais faire la diff\u00e9rence entre du vrai et du synth\u00e9tique. Merde je suis Pamela Anderson, tout de m\u00eame ! Vite ! Reprenons la voix de cet enfoir\u00e9 de Darryl Charwin!<\/p>\n<p>&nbsp;<\/p>\n<p style=\"text-align: center;\">PAMELA EN CHARWIN (\u00e9claircissant sa voix)<\/p>\n<p style=\"text-align: center;\">Un expert comme moi sait parfaitement reconna\u00eetre une vraie fourrure de chinchilla musqu\u00e9 quand il en voit une, ch\u00e8re amie. Vous cherchez \u00e0 me tester, on dirait ?<\/p>\n<p>&nbsp;<\/p>\n<p style=\"text-align: center;\">CHARWIN EN PAMELA<\/p>\n<p style=\"text-align: center;\">Moi, professeur ? vous croyez ? J\u2019aurais jur\u00e9 que c\u2019est vous qui cherchiez \u00e0 me tester ! vous doutez de mes valeurs ?<\/p>\n<p>&nbsp;<\/p>\n<p style=\"text-align: center;\">PAMELA EN CHARWIN<\/p>\n<p style=\"text-align: center;\">De vos valeurs, non\u2026 mais la Pamela Anderson que je connais n\u2019aurait jamais port\u00e9 des talons aiguille aussi\u2026 laids !<\/p>\n<p>&nbsp;<\/p>\n<p style=\"text-align: center;\">CHARWIN (se trahissant avec sa voix normale)<\/p>\n<p style=\"text-align: center;\">Comment osez-vous ! J\u2019ai pass\u00e9 des heures \u00e0 choisir ces talons dans ma garde-robe !<\/p>\n<p>&nbsp;<\/p>\n<p style=\"text-align: center;\">PAMELA (se trahissant avec sa voix normale)<\/p>\n<p style=\"text-align: center;\">Professeur Charwin, je le savais! Vous \u00eates d\u00e9masqu\u00e9 ! Quelle honte, vous d\u00e9guiser ainsi!<\/p>\n<p>&nbsp;<\/p>\n<p style=\"text-align: center;\">CHARWIN<\/p>\n<p style=\"text-align: center;\">Ahah ! Mademoiselle Anderson, quelle surprise ! Encore un esprit r\u00e9trograde ! C\u2019est honteux ! Vous ne supportez pas qu\u2019un homme se d\u00e9guise en femme ?<\/p>\n<p>&nbsp;<\/p>\n<p style=\"text-align: center;\">PAMELA<\/p>\n<p style=\"text-align: center;\">Comment pouvez-vous dire \u00e7a, \u00e7a n\u2019a rien \u00e0 voir ! Ce que je ne supporte pas, c\u2019est qu\u2019un homme se d\u00e9guise en MOI, en Pamela Anderson !<\/p>\n<p>&nbsp;<\/p>\n<p style=\"text-align: center;\">CHARWIN<\/p>\n<p style=\"text-align: center;\">C\u2019est donc ici que tout va se jouer alors\u2026<\/p>\n<p>&nbsp;<\/p>\n<p style=\"text-align: center;\">PAMELA<\/p>\n<p style=\"text-align: center;\">Professeur Charwin, il fallait bien qu\u2019un jour quelqu\u2019un se dresse sur votre route.<\/p>\n<p>&nbsp;<\/p>\n<p style=\"text-align: center;\">Harmonica, musique western, vent, plic ploc. bruit d\u2019\u00e9peron de cow-boy. Bang ! cri de Pamela Anderson. pouf, corps qui tombe par terre.<\/p>\n<p style=\"text-align: center;\">CHARWIN<\/p>\n<p style=\"text-align: center;\">Et voil\u00e0, un coup de bou\u00e9e de sauvetage ! Et hop, dans les pommes Pamela Anderson. Comme quoi ! Ces bou\u00e9es de sauvetage \u00e7a a quand m\u00eame son utilit\u00e9 ! Je la baillonne, je la ligote sur ma moto et je planque le tout. Maintenant, allons rejoindre le hamster avec mon d\u00e9guisement.<\/p>\n<p style=\"text-align: center;\">(Il se remet \u00e0 marcher, les talons claquent, il s\u2019\u00e9loigne.)<\/p>\n<p style=\"text-align: center;\">Ach, je ne comprends pas ?\u00a0 Ils sont tr\u00e8s bien ces talons !<\/p>\n<p>&nbsp;<\/p>\n<p style=\"text-align: center;\">A SUIVRE\u2026<\/p>\n<p style=\"text-align: center;\">\n","protected":false},"excerpt":{"rendered":"<p>PTS02E27 : Le Diable s&rsquo;habille en Pamela Attraper Pamela Anderson \u00e0 tout prix. D\u00e9guisement, faux-semblant et talons aiguilles vont faire partie du stratag\u00e8me de Darryl Charwin. Pour suivre, il va falloir s&rsquo;accrocher&#8230; Branche tes \u00e9couteurs et Bim ! Lance la lecture : https:\/\/radiopublic.com\/pamela-target-8XR1ee\/s1!64221 Pour avoir de nos nouvelles et d\u00e9couvrir des bonus, c&rsquo;est ici CLUB [&hellip;]<\/p>\n","protected":false},"author":1,"featured_media":3271,"parent":0,"menu_order":0,"comment_status":"closed","ping_status":"closed","template":"","meta":{"footnotes":""},"class_list":["post-3257","page","type-page","status-publish","has-post-thumbnail","hentry"],"_links":{"self":[{"href":"https:\/\/www.pamelatarget.com\/index.php\/wp-json\/wp\/v2\/pages\/3257","targetHints":{"allow":["GET"]}}],"collection":[{"href":"https:\/\/www.pamelatarget.com\/index.php\/wp-json\/wp\/v2\/pages"}],"about":[{"href":"https:\/\/www.pamelatarget.com\/index.php\/wp-json\/wp\/v2\/types\/page"}],"author":[{"embeddable":true,"href":"https:\/\/www.pamelatarget.com\/index.php\/wp-json\/wp\/v2\/users\/1"}],"replies":[{"embeddable":true,"href":"https:\/\/www.pamelatarget.com\/index.php\/wp-json\/wp\/v2\/comments?post=3257"}],"version-history":[{"count":6,"href":"https:\/\/www.pamelatarget.com\/index.php\/wp-json\/wp\/v2\/pages\/3257\/revisions"}],"predecessor-version":[{"id":3274,"href":"https:\/\/www.pamelatarget.com\/index.php\/wp-json\/wp\/v2\/pages\/3257\/revisions\/3274"}],"wp:featuredmedia":[{"embeddable":true,"href":"https:\/\/www.pamelatarget.com\/index.php\/wp-json\/wp\/v2\/media\/3271"}],"wp:attachment":[{"href":"https:\/\/www.pamelatarget.com\/index.php\/wp-json\/wp\/v2\/media?parent=3257"}],"curies":[{"name":"wp","href":"https:\/\/api.w.org\/{rel}","templated":true}]}}