{"id":3213,"date":"2019-10-03T23:47:30","date_gmt":"2019-10-03T21:47:30","guid":{"rendered":"https:\/\/www.pamelatarget.com\/?page_id=3213"},"modified":"2019-10-03T23:47:30","modified_gmt":"2019-10-03T21:47:30","slug":"pts02e24-un-vent-de-trahison-take-my-breath-away","status":"publish","type":"page","link":"https:\/\/www.pamelatarget.com\/index.php\/pts02e24-un-vent-de-trahison-take-my-breath-away\/","title":{"rendered":"PTS02E24 : Un Vent de Trahison (Take my breath away)"},"content":{"rendered":"<h2 style=\"text-align: center;\"><strong>PTS02E24 : Un Vent de Trahison (Take my breath away)<br \/>\n<\/strong><\/h2>\n<p style=\"text-align: center;\">Une cabine t\u00e9l\u00e9phonique, de dures r\u00e9v\u00e9lations et une trahison \u00e0 venir !<\/p>\n<p style=\"text-align: center;\">Branche tes \u00e9couteurs et Bim ! Lance la lecture :<\/p>\n<p>https:\/\/radiopublic.com\/pamela-target-8XR1ee\/s1!5ad50<\/p>\n<p style=\"text-align: center;\">Pour avoir de nos nouvelles et d\u00e9couvrir des bonus,<\/p>\n<p style=\"text-align: center;\">c&rsquo;est ici<strong> <a href=\"https:\/\/www.pamelatarget.com\/index.php\/vip-club\/\">CLUB VIP PAMELA TARGET<\/a><\/strong><\/p>\n<p>&nbsp;<\/p>\n<h3><strong>CREDITS<\/strong><\/h3>\n<p><strong>Ecrit par<\/strong> Katia Grivot, David Neau et Pascal Senicourt<\/p>\n<p><strong>R\u00e9alis\u00e9, mont\u00e9 et mix\u00e9<\/strong> <strong>par<\/strong> Katia Grivot<\/p>\n<p><strong>Anim\u00e9 pour Youtube par<\/strong> Pascal Senicourt<\/p>\n<p>&nbsp;<\/p>\n<h3><strong>Musiques <\/strong><\/h3>\n<p>G\u00e9n\u00e9rique par Domingo Olmo Martin, alias King of Punk<\/p>\n<p>&nbsp;<\/p>\n<h3><strong>Par ordre d&rsquo;apparition<\/strong><\/h3>\n<p>Bill le bousier : J\u00e9r\u00f4me Th\u00e9venet<\/p>\n<p>Titus le tigre : R\u00e9gis Chaussard<\/p>\n<p>La Reine des Neiges : Grika<\/p>\n<p>Julius Washington le hamster : Domingo Olmos Martin, alias King of Punk<\/p>\n<p>&nbsp;<\/p>\n<h3><strong>Cr\u00e9dits sons <\/strong><\/h3>\n<p>Dans cet e\u0301pisode de nombreux sons sont tire\u0301s de <strong>Freesound<\/strong>. Voici l\u2019ensemble des cre\u0301dits concerne\u0301s :<\/p>\n<p>EN COURS DE REDACTION<\/p>\n<p>&nbsp;<\/p>\n<h2><strong>Tu peux aussi choisir un autre moyen d\u2019\u00e9coute. T\u2019inqui\u00e8te, c\u2019est gratuit :<\/strong><\/h2>\n<div class=\"aligncenter\"><a href=\"https:\/\/itunes.apple.com\/fr\/podcast\/pamela-target-saison-1\/id1347089265?mt=2\" target=\"_blank\" rel=\"noopener\"><img decoding=\"async\" class=\"size-medium wp-image-479 aligncenter\" src=\"https:\/\/www.pamelatarget.com\/wp-content\/uploads\/2018\/02\/Get_it_on_iTunes_Badge_FR_1114-300x109.png\" alt=\"\" width=\"200\" srcset=\"https:\/\/www.pamelatarget.com\/wp-content\/uploads\/2018\/02\/Get_it_on_iTunes_Badge_FR_1114-300x109.png 300w, https:\/\/www.pamelatarget.com\/wp-content\/uploads\/2018\/02\/Get_it_on_iTunes_Badge_FR_1114-768x279.png 768w, https:\/\/www.pamelatarget.com\/wp-content\/uploads\/2018\/02\/Get_it_on_iTunes_Badge_FR_1114-1024x372.png 1024w, https:\/\/www.pamelatarget.com\/wp-content\/uploads\/2018\/02\/Get_it_on_iTunes_Badge_FR_1114.png 1194w\" sizes=\"(max-width: 300px) 100vw, 300px\" \/><\/a><a href=\"https:\/\/soundcloud.com\/user-149328996\/pts02e01-quelle-belle-journee-a-la-madmax\" target=\"_blank\" rel=\"noopener\"><img decoding=\"async\" class=\"size-medium wp-image-477 aligncenter\" src=\"https:\/\/www.pamelatarget.com\/wp-content\/uploads\/2018\/02\/SoundCloud_logo_orange_color_plain.svg_-300x171.png\" alt=\"\" width=\"200\" srcset=\"https:\/\/www.pamelatarget.com\/wp-content\/uploads\/2018\/02\/SoundCloud_logo_orange_color_plain.svg_-300x171.png 300w, https:\/\/www.pamelatarget.com\/wp-content\/uploads\/2018\/02\/SoundCloud_logo_orange_color_plain.svg_-768x438.png 768w, https:\/\/www.pamelatarget.com\/wp-content\/uploads\/2018\/02\/SoundCloud_logo_orange_color_plain.svg_-1024x584.png 1024w, https:\/\/www.pamelatarget.com\/wp-content\/uploads\/2018\/02\/SoundCloud_logo_orange_color_plain.svg_.png 1200w\" sizes=\"(max-width: 300px) 100vw, 300px\" \/><\/a><a href=\"https:\/\/www.deezer.com\/fr\/episode\/5987417\" target=\"_blank\" rel=\"noopener\"><img decoding=\"async\" class=\"size-medium wp-image-574 aligncenter\" src=\"https:\/\/www.pamelatarget.com\/wp-content\/uploads\/2018\/02\/deezer-logo-300x168.png\" alt=\"\" width=\"200\" \/><\/a><a href=\"https:\/\/spoti.fi\/2OJzwUS\" target=\"_blank\" rel=\"noopener\"><img loading=\"lazy\" decoding=\"async\" width=\"300\" height=\"90\" class=\"size-medium wp-image-1572 aligncenter\" src=\"https:\/\/www.pamelatarget.com\/wp-content\/uploads\/2018\/11\/Spotify_Logo_RGB_Green-300x90.png\" alt=\"\" \/><\/a><a href=\"https:\/\/radiopublic.com\/pamela-target-8XR1ee\" target=\"_blank\" rel=\"noopener\"><img decoding=\"async\" class=\"size-medium wp-image-1572 aligncenter\" src=\"https:\/\/www.pamelatarget.com\/wp-content\/uploads\/2019\/02\/radiopublic.png\" alt=\"\" \/><\/a><\/div>\n<p><!--more--><\/p>\n<h2 style=\"text-align: center;\"><strong>Retranscription de l&rsquo;\u00e9pisode<\/strong><\/h2>\n<div class=\"audiolibrary-column audiolibrary-column-title\" style=\"text-align: center;\">\n<p>texte prot\u00e9g\u00e9 &#8211; reproduction interdite sans l&rsquo;accord des auteurs<\/p>\n<\/div>\n<p style=\"text-align: center;\">EXT\/JOUR. PROJECTEUR SIGNAL JUSTICIER<\/p>\n<p style=\"text-align: center;\">VOIX PIZZA (t\u00e9l\u00e9phone)<\/p>\n<p style=\"text-align: center;\">Vous allez arr\u00eater, oui ! Mamma mia ! Mais pourquoi la reine des neiges ne jure que par vous\u2026 Je vais en finir avec vous, soldat Brill ! MAINTENANT , mais A\u00efe ! Mais\u2026 Colonel !<\/p>\n<p style=\"text-align: center;\">REINE DES NEIGES (t\u00e9l\u00e9phone)<\/p>\n<p style=\"text-align: center;\">Qu\u2019est-ce que vous faites avec ce pointeur laser, cr\u00e9tin! Passez-moi ce combin\u00e9 !<\/p>\n<p style=\"text-align: center;\">(BAF A\u00efe)<\/p>\n<p style=\"text-align: center;\">Soldat Brill ! Au rapport !<\/p>\n<p style=\"text-align: center;\">COLONEL (flash-back)<\/p>\n<p style=\"text-align: center;\">Soldat Brill, vos faits d\u2019armes parlent pour vous, vos techniques d\u2019interrogatoires sont efficaces et sacr\u00e9ment sadiques !<\/p>\n<p style=\"text-align: center;\">COLONEL (flash-back)<\/p>\n<p style=\"text-align: center;\">Soldat Bill, vous avez pass\u00e9 avec succ\u00e8s la derni\u00e8re \u00e9preuve. Vous \u00eates fin pr\u00eat pour infiltrer l\u2019arche ! C\u2019est une mission extr\u00eamement dangereuse. Et l\u2019\u00e9chec n\u2019est pas une option. Rompez !<\/p>\n<p style=\"text-align: center;\">BILL LE BOUSIER<\/p>\n<p style=\"text-align: center;\">Je connais cette voix &#8230; Vous \u00eates\u2026 Le colonel ?<\/p>\n<p style=\"text-align: center;\">REINE DES NEIGES (t\u00e9l\u00e9phone)<\/p>\n<p style=\"text-align: center;\">Affirmatif ! vous n\u2019\u00eates pas si amn\u00e9sique que \u00e7a finalement, soldat Brill. Mon nom de code dans l\u2019arche, c\u2019est la reine des neiges.<\/p>\n<p style=\"text-align: center;\">BILL LE BOUSIER<\/p>\n<p style=\"text-align: center;\">La Reine des neiges ?<\/p>\n<p style=\"text-align: center;\">TITUS LE TIGRE<\/p>\n<p style=\"text-align: center;\">Vous parlez \u00e0 la Reine des neiges ? Bill, c\u2019est pour moi! Passez-moi le t\u00e9l\u00e9phone ! Il faut que je lui transmette le message de Korragen\u2026<\/p>\n<p style=\"text-align: center;\">REINE DES NEIGES (t\u00e9l\u00e9phone)<\/p>\n<p style=\"text-align: center;\">Passez-moi Titus le tigre.<\/p>\n<p style=\"text-align: center;\">BILL LE BOUSIER<\/p>\n<p style=\"text-align: center;\">Titus, elle veut vous parler.<\/p>\n<p style=\"text-align: center;\">TITUS LE TIGRE<\/p>\n<p style=\"text-align: center;\">Mes hommages, madame la reine des neiges! J\u2019ai un message de\u00a0 Korragen pour vous\u2026 C\u2019\u00e9tait quoi d\u00e9j\u00e0\u2026 ha ! oui ! On a besoin de votre aide! Rambo le cochon dingue a pris d\u2019assaut l\u2019arche avec son arm\u00e9e de Zombies. Ils mordent et ils vous transforment direct en Zombie. M\u00eame Korragen a \u00e9t\u00e9 zombifi\u00e9 c\u2019est dire ! D\u2019ailleurs \u00e0 l\u2019heure qu\u2019il est, il doit s\u00fbrement bouffer ses pieds dans les pissenlits\u2026 \u00e7a doit pas \u00eatre bien beau \u00e0 voir tout \u00e7a\u2026 Bref&#8230; Pour nous sortir de ce merdier, y a plus que vous\u2026 Y a pas \u00e0 triturer.<\/p>\n<p style=\"text-align: center;\">silence.<\/p>\n<p style=\"text-align: center;\">REINE DES NEIGES (t\u00e9l\u00e9phone)<\/p>\n<p style=\"text-align: center;\">(agac\u00e9e)<\/p>\n<p style=\"text-align: center;\">C\u2019est tout ?<\/p>\n<p style=\"text-align: center;\">TITUS<\/p>\n<p style=\"text-align: center;\">Euh, oui, excusez-moi\u2026 mais c\u2019est korrageeeuuuuukhkhkh&#8230;<\/p>\n<p style=\"text-align: center;\">Titus suffoque. Il tombe.<\/p>\n<p style=\"text-align: center;\">REINE DES NEIGES<\/p>\n<p style=\"text-align: center;\">(respiration lourde au t\u00e9l\u00e9phone)<\/p>\n<p style=\"text-align: center;\">Excuses accept\u00e9es, membre du conseil Titus !<\/p>\n<p style=\"text-align: center;\">BILL LE BOUSIER<\/p>\n<p style=\"text-align: center;\">Mais qu\u2019est-ce qui se passe ? Titus est en train de s\u2019\u00e9trangler&#8230; Qu\u2019est-ce que vous lui avez vous fait ?<\/p>\n<p style=\"text-align: center;\">REINE DES NEIGES (t\u00e9l\u00e9phone)<\/p>\n<p style=\"text-align: center;\">Je l\u2019\u00e9trangle \u00e0 distance !<\/p>\n<p style=\"text-align: center;\">BILL LE BOUSIER<\/p>\n<p style=\"text-align: center;\">N\u2019importe quoi ! Personne n\u2019est capable de\u2026 Hhhhhaarhh\u2026<\/p>\n<p style=\"text-align: center;\">REINE DES NEIGES (t\u00e9l\u00e9phone)<\/p>\n<p style=\"text-align: center;\">Vraiment ?<\/p>\n<p style=\"text-align: center;\">BILL LE BOUSIER<\/p>\n<p style=\"text-align: center;\">Arr\u00eatez\u2026 Je n\u2019arrive plus \u00e0 respirer.<\/p>\n<p style=\"text-align: center;\">REINE DES NEIGES (t\u00e9l\u00e9phone)<\/p>\n<p style=\"text-align: center;\">Bien soldat Brill ! Maintenant, pouvez-vous me rappeler votre mission ?<\/p>\n<p style=\"text-align: center;\">BILL LE BOUSIER<\/p>\n<p style=\"text-align: center;\">Emp\u00eacher Charwin de cr\u00e9er la chim\u00e8re \u00e0 n\u2019importe quel prix ! Pour cela, kidnapper Bruce l\u2019\u00e9meu. si je rencontre une r\u00e9sistance, utiliser la mani\u00e8re forte. Permis de tuer accord\u00e9.<\/p>\n<p style=\"text-align: center;\">REINE DES NEIGES (t\u00e9l\u00e9phone)<\/p>\n<p style=\"text-align: center;\">Contente de vous retrouver Soldat BRILL ! Mais la situation a \u00e9volu\u00e9. Nouvelle mission : Reprendre Bruce et la machine du Nebraska \u00e0 Charwin. Utilisez vos nouvelles relations au sein de l\u2019arche. Manipulez tous ces X-Animen, ils vous m\u00e8neront \u00e0 Charwin. Je les ai orient\u00e9 gr\u00e2ce \u00e0 la pizza. Si certains doivent \u00eatre \u00e9limin\u00e9s en cours de mission, n\u2019h\u00e9sitez pas.<\/p>\n<p style=\"text-align: center;\">BILL LE BOUSIER<\/p>\n<p style=\"text-align: center;\">Et les zombies? Y a t\u2019il des instructions les concernant?<\/p>\n<p style=\"text-align: center;\">REINE DES NEIGES<\/p>\n<p style=\"text-align: center;\">NEGATIF, vous poursuivez la mission comme pr\u00e9vu avant votre amn\u00e9sie. Les zombies ne sont pas votre probl\u00e8me. Attention, Soldat, Julius le Hamster approche. M\u00e9fiez vous de lui !<\/p>\n<p style=\"text-align: center;\">Coup sur la cabine, Julius interpelle Bill.<\/p>\n<p style=\"text-align: center;\">JULIUS WASHINGTON<\/p>\n<p style=\"text-align: center;\">Bill, je t\u2019ai vu \u00e9trangler Titus ! Tu es un meurtrier !<\/p>\n<p style=\"text-align: center;\">BILL LE BOUSIER<\/p>\n<p style=\"text-align: center;\">Julius, mais non ce n\u2019est pas moi, regardez le, il n\u2019a aucune trace de main ni de corde, il s\u2019est fait \u00e7a tout seul !<\/p>\n<p style=\"text-align: center;\">JULIUS WASHINGTON<\/p>\n<p style=\"text-align: center;\">Je le savais, depuis le d\u00e9but tu \u00e9tais trop lisse, trop Brut, trop militaire. Tu nous as menti, tu nous as plant\u00e9 un couteau dans le dos \u00e0 tous, ils t\u2019ont fait confiance, tra\u00eetre.<\/p>\n<p style=\"text-align: center;\">BILL<\/p>\n<p style=\"text-align: center;\">Julius, vous \u00eates en plein d\u00e9lire depuis\u00a0 votre crash en drone. Pamela Anderson, et moi maintenant !<\/p>\n<p style=\"text-align: center;\">JULIUS<\/p>\n<p style=\"text-align: center;\">Je suis pas d\u00e9bile, ni g\u00e2teux. Pamela Anderson, je l\u2019ai eue et elle est en route. Quant \u00e0 toi\u2026 Tu vas me dire ce que tu es vraiment venu faire ici.<\/p>\n<p style=\"text-align: center;\">BILL<\/p>\n<p style=\"text-align: center;\">Ca suffit Julius.<\/p>\n<p style=\"text-align: center;\">(au tel)<\/p>\n<p style=\"text-align: center;\">Quelles sont les instructions concernant le hamster ?&#8230;\u00a0 A VOS ORDRES, Reine des neiges !<\/p>\n<p style=\"text-align: center;\">(\u00e0 Julius)<\/p>\n<p style=\"text-align: center;\">Julius, j\u2019ai quelqu\u2019un qui veut vous parler.<\/p>\n<p style=\"text-align: center;\">A SUIVRE&#8230;<\/p>\n","protected":false},"excerpt":{"rendered":"<p>PTS02E24 : Un Vent de Trahison (Take my breath away) Une cabine t\u00e9l\u00e9phonique, de dures r\u00e9v\u00e9lations et une trahison \u00e0 venir ! Branche tes \u00e9couteurs et Bim ! Lance la lecture : https:\/\/radiopublic.com\/pamela-target-8XR1ee\/s1!5ad50 Pour avoir de nos nouvelles et d\u00e9couvrir des bonus, c&rsquo;est ici CLUB VIP PAMELA TARGET &nbsp; CREDITS Ecrit par Katia Grivot, David [&hellip;]<\/p>\n","protected":false},"author":1,"featured_media":3224,"parent":0,"menu_order":0,"comment_status":"closed","ping_status":"closed","template":"","meta":{"footnotes":""},"class_list":["post-3213","page","type-page","status-publish","has-post-thumbnail","hentry"],"_links":{"self":[{"href":"https:\/\/www.pamelatarget.com\/index.php\/wp-json\/wp\/v2\/pages\/3213","targetHints":{"allow":["GET"]}}],"collection":[{"href":"https:\/\/www.pamelatarget.com\/index.php\/wp-json\/wp\/v2\/pages"}],"about":[{"href":"https:\/\/www.pamelatarget.com\/index.php\/wp-json\/wp\/v2\/types\/page"}],"author":[{"embeddable":true,"href":"https:\/\/www.pamelatarget.com\/index.php\/wp-json\/wp\/v2\/users\/1"}],"replies":[{"embeddable":true,"href":"https:\/\/www.pamelatarget.com\/index.php\/wp-json\/wp\/v2\/comments?post=3213"}],"version-history":[{"count":7,"href":"https:\/\/www.pamelatarget.com\/index.php\/wp-json\/wp\/v2\/pages\/3213\/revisions"}],"predecessor-version":[{"id":3222,"href":"https:\/\/www.pamelatarget.com\/index.php\/wp-json\/wp\/v2\/pages\/3213\/revisions\/3222"}],"wp:featuredmedia":[{"embeddable":true,"href":"https:\/\/www.pamelatarget.com\/index.php\/wp-json\/wp\/v2\/media\/3224"}],"wp:attachment":[{"href":"https:\/\/www.pamelatarget.com\/index.php\/wp-json\/wp\/v2\/media?parent=3213"}],"curies":[{"name":"wp","href":"https:\/\/api.w.org\/{rel}","templated":true}]}}