{"id":3182,"date":"2019-09-26T22:32:31","date_gmt":"2019-09-26T20:32:31","guid":{"rendered":"https:\/\/www.pamelatarget.com\/?page_id=3182"},"modified":"2019-09-27T22:03:03","modified_gmt":"2019-09-27T20:03:03","slug":"pts02e23-pizza-game","status":"publish","type":"page","link":"https:\/\/www.pamelatarget.com\/index.php\/pts02e23-pizza-game\/","title":{"rendered":"PTS02E23 : Pizza Game"},"content":{"rendered":"<h2 style=\"text-align: center;\"><strong>PTS02E23 : Pizza Game<br \/>\n<\/strong><\/h2>\n<p style=\"text-align: center;\">Un t\u00e9l\u00e9phone sonne dans une cabine. Il sonne et personne n&rsquo;attend de coup de fil et pourtant quelqu&rsquo;un va r\u00e9pondre.<\/p>\n<p style=\"text-align: center;\">Branche tes \u00e9couteurs et Bim ! Lance la lecture :<\/p>\n<p>https:\/\/radiopublic.com\/pamela-target-8XR1ee\/ep\/s1!792ea<\/p>\n<p>&nbsp;<\/p>\n<p style=\"text-align: center;\">Pour avoir de nos nouvelles et d\u00e9couvrir des bonus,<\/p>\n<p style=\"text-align: center;\">c&rsquo;est ici<strong> <a href=\"https:\/\/www.pamelatarget.com\/index.php\/vip-club\/\">CLUB VIP PAMELA TARGET<\/a><\/strong><\/p>\n<p>&nbsp;<\/p>\n<h3><strong>CREDITS<\/strong><\/h3>\n<p><strong>Ecrit par<\/strong> Katia Grivot, David Neau et Pascal Senicourt<\/p>\n<p><strong>R\u00e9alis\u00e9, mont\u00e9 et mix\u00e9<\/strong> <strong>par<\/strong> Katia Grivot<\/p>\n<p><strong>Anim\u00e9 pour Youtube par<\/strong> Pascal Senicourt<\/p>\n<p>&nbsp;<\/p>\n<h3><strong>Musiques <\/strong><\/h3>\n<p>G\u00e9n\u00e9rique par Domingo Olmo Martin, alias King of Punk<\/p>\n<p>&nbsp;<\/p>\n<h3><strong>Par ordre d&rsquo;apparition<\/strong><\/h3>\n<p>La voix de la Pizza : David Chamalet<\/p>\n<p>Bill le bousier : J\u00e9r\u00f4me Th\u00e9venet<\/p>\n<p>Titus le tigre : R\u00e9gis Chaussard<\/p>\n<p>La Reine des Neiges : Grika<\/p>\n<h3><\/h3>\n<h3><strong>Cr\u00e9dits sons <\/strong><\/h3>\n<p>Dans cet e\u0301pisode de nombreux sons sont tire\u0301s de <strong>Freesound<\/strong>. Voici l\u2019ensemble des cre\u0301dits concerne\u0301s :<\/p>\n<p>EN COURS DE REDACTION<\/p>\n<p>&nbsp;<\/p>\n<h2 style=\"text-align: center;\"><strong>Tu peux aussi choisir un autre moyen d\u2019\u00e9coute. T\u2019inqui\u00e8te, c\u2019est gratuit :<\/strong><\/h2>\n<div class=\"aligncenter\"><a href=\"https:\/\/itunes.apple.com\/fr\/podcast\/pamela-target-saison-1\/id1347089265?mt=2\" target=\"_blank\" rel=\"noopener\"><img decoding=\"async\" class=\"size-medium wp-image-479 aligncenter\" src=\"https:\/\/www.pamelatarget.com\/wp-content\/uploads\/2018\/02\/Get_it_on_iTunes_Badge_FR_1114-300x109.png\" alt=\"\" width=\"200\" srcset=\"https:\/\/www.pamelatarget.com\/wp-content\/uploads\/2018\/02\/Get_it_on_iTunes_Badge_FR_1114-300x109.png 300w, https:\/\/www.pamelatarget.com\/wp-content\/uploads\/2018\/02\/Get_it_on_iTunes_Badge_FR_1114-768x279.png 768w, https:\/\/www.pamelatarget.com\/wp-content\/uploads\/2018\/02\/Get_it_on_iTunes_Badge_FR_1114-1024x372.png 1024w, https:\/\/www.pamelatarget.com\/wp-content\/uploads\/2018\/02\/Get_it_on_iTunes_Badge_FR_1114.png 1194w\" sizes=\"(max-width: 300px) 100vw, 300px\" \/><\/a><a href=\"https:\/\/soundcloud.com\/user-149328996\/pts02e01-quelle-belle-journee-a-la-madmax\" target=\"_blank\" rel=\"noopener\"><img decoding=\"async\" class=\"size-medium wp-image-477 aligncenter\" src=\"https:\/\/www.pamelatarget.com\/wp-content\/uploads\/2018\/02\/SoundCloud_logo_orange_color_plain.svg_-300x171.png\" alt=\"\" width=\"200\" srcset=\"https:\/\/www.pamelatarget.com\/wp-content\/uploads\/2018\/02\/SoundCloud_logo_orange_color_plain.svg_-300x171.png 300w, https:\/\/www.pamelatarget.com\/wp-content\/uploads\/2018\/02\/SoundCloud_logo_orange_color_plain.svg_-768x438.png 768w, https:\/\/www.pamelatarget.com\/wp-content\/uploads\/2018\/02\/SoundCloud_logo_orange_color_plain.svg_-1024x584.png 1024w, https:\/\/www.pamelatarget.com\/wp-content\/uploads\/2018\/02\/SoundCloud_logo_orange_color_plain.svg_.png 1200w\" sizes=\"(max-width: 300px) 100vw, 300px\" \/><\/a><a href=\"https:\/\/www.deezer.com\/fr\/episode\/5987417\" target=\"_blank\" rel=\"noopener\"><img decoding=\"async\" class=\"size-medium wp-image-574 aligncenter\" src=\"https:\/\/www.pamelatarget.com\/wp-content\/uploads\/2018\/02\/deezer-logo-300x168.png\" alt=\"\" width=\"200\" \/><\/a><a href=\"https:\/\/spoti.fi\/2OJzwUS\" target=\"_blank\" rel=\"noopener\"><img loading=\"lazy\" decoding=\"async\" width=\"300\" height=\"90\" class=\"size-medium wp-image-1572 aligncenter\" src=\"https:\/\/www.pamelatarget.com\/wp-content\/uploads\/2018\/11\/Spotify_Logo_RGB_Green-300x90.png\" alt=\"\" \/><\/a><a href=\"https:\/\/radiopublic.com\/pamela-target-8XR1ee\" target=\"_blank\" rel=\"noopener\"><img decoding=\"async\" class=\"size-medium wp-image-1572 aligncenter\" src=\"https:\/\/www.pamelatarget.com\/wp-content\/uploads\/2019\/02\/radiopublic.png\" alt=\"\" \/><\/a><\/div>\n<p><!--more--><\/p>\n<p>&nbsp;<\/p>\n<h2 style=\"text-align: center;\"><strong>Retranscription de l&rsquo;\u00e9pisode<\/strong><\/h2>\n<div class=\"audiolibrary-column audiolibrary-column-title\" style=\"text-align: center;\">\n<div>texte prot\u00e9g\u00e9 &#8211; reproduction interdite sans l&rsquo;accord des auteurs<\/div>\n<\/div>\n<p style=\"text-align: center;\">EXT\/JOUR. PROJECTEUR SIGNAL JUSTICIER<\/p>\n<p style=\"text-align: center;\">VOIX PIZZA<\/p>\n<p style=\"text-align: center;\">Il ne reste plus qu\u2019une seule cabine t\u00e9l\u00e9phonique dans l\u2019arche. Une&#8230; Et&#8230; co\u00efncidence, elle se trouve juste au pied du projecteur, celui qui envoie le signal du justicier.<\/p>\n<p>&nbsp;<\/p>\n<p style=\"text-align: center;\">Sonnerie de t\u00e9l\u00e9phone dans la cabine de t\u00e9l\u00e9phone.<\/p>\n<p style=\"text-align: center;\">VOIX PIZZA<\/p>\n<p style=\"text-align: center;\">Tiens&#8230; Le t\u00e9l\u00e9phone de la cabine sonne. Personne n\u2019attend de coup de fil, pourtant, quelqu\u2019un va forc\u00e9ment r\u00e9pondre, n\u2019est-ce pas ? mais qui ?<\/p>\n<p>&nbsp;<\/p>\n<p style=\"text-align: center;\">Sonnerie de t\u00e9l\u00e9phone dans la cabine de t\u00e9l\u00e9phone.<\/p>\n<p style=\"text-align: center;\">BILL LE BOUSIER<\/p>\n<p style=\"text-align: center;\">Allo ? qui est \u00e0 l\u2019appareil ?<\/p>\n<p style=\"text-align: center;\">VOIX PIZZA (t\u00e9l\u00e9phone)<\/p>\n<p style=\"text-align: center;\">Bonjour soldat Brill. Vous \u00eates un bon soldat para\u00eet-il\u2026 et un fieff\u00e9 menteur.<\/p>\n<p>&nbsp;<\/p>\n<p style=\"text-align: center;\">BILL LE BOUSIER<\/p>\n<p style=\"text-align: center;\">Je vous reconnais, vous \u00eates la voix de la pizza ! Je ne vous permets pas de me parler comme \u00e7a.<\/p>\n<p>&nbsp;<\/p>\n<p style=\"text-align: center;\">VOIX PIZZA (t\u00e9l\u00e9phone)<\/p>\n<p style=\"text-align: center;\">Pourtant, vous \u00eates bien un menteur, soldat Brill. Vous cachez votre v\u00e9ritable identit\u00e9 \u00e0 vos petits copains de l\u2019arche, hein ? Pourquoi faites-vous \u00e7a ? Pourquoi ne leur avez vous pas dit que vous \u00e9tiez un militaire ? Je vais vous le dire : parce que Vous \u00eates un m\u00e9chant gar\u00e7on et les m\u00e9chants gar\u00e7ons m\u00e9ritent d\u2019\u00eatre punis\u2026<\/p>\n<p>&nbsp;<\/p>\n<p style=\"text-align: center;\">BILL LE BOUSIER<\/p>\n<p style=\"text-align: center;\">La ferme la pizza. Je veux savoir. est-ce que c\u2019est vous qui m\u2019avez envoy\u00e9 la lettre anonyme ?<\/p>\n<p>&nbsp;<\/p>\n<p style=\"text-align: center;\">VOIX PIZZA (t\u00e9l\u00e9phone)<\/p>\n<p style=\"text-align: center;\">peu importe. Ici, c\u2019est moi qui donne les ordres soldat.<\/p>\n<p>&nbsp;<\/p>\n<p style=\"text-align: center;\">BILL LE BOUSIER<\/p>\n<p style=\"text-align: center;\">c\u2019est ce que vous croyez ? moi, je n\u2019ob\u00e9is pas aux pizzas qui parlent.<\/p>\n<p>&nbsp;<\/p>\n<p style=\"text-align: center;\">Bill tente de sortir de la cabine.<\/p>\n<p style=\"text-align: center;\">VOIX PIZZA (t\u00e9l\u00e9phone)<\/p>\n<p style=\"text-align: center;\">Ne sortez pas de cette cabine ou&#8230; je, je vous fragge avec un headshot.<\/p>\n<p>&nbsp;<\/p>\n<p style=\"text-align: center;\">bruit d\u2019armement d\u2019une mitraillette dans le t\u00e9l\u00e9phone.<\/p>\n<p style=\"text-align: center;\">BILL LE BOUSIER<\/p>\n<p style=\"text-align: center;\">Non arr\u00eatez\u00a0 ! Ne tirez pas. Qu\u2019est-ce que vous voulez ?<\/p>\n<p>&nbsp;<\/p>\n<p style=\"text-align: center;\">coup \u00e0 la cabine, cri de Titus arrivant essouffl\u00e9.<\/p>\n<p style=\"text-align: center;\">TITUS LE TIGRE (essouffl\u00e9)<\/p>\n<p style=\"text-align: center;\">Bill ! oh mon dieu ! Bill ! Il faut que vous m\u2019aidiez, c\u2019est une question de vie ou de mort, il faut que je parle \u00e0 la Reine des neiges. Vous la connaissez s\u00fbrement, vous ?<\/p>\n<p>&nbsp;<\/p>\n<p style=\"text-align: center;\">BILL LE BOUSIER<\/p>\n<p style=\"text-align: center;\">\u2026 Titus le tigre ? Qu\u2019est-ce que vous faites ici ?<\/p>\n<p>&nbsp;<\/p>\n<p style=\"text-align: center;\">VOIX PIZZA (t\u00e9l\u00e9phone)<\/p>\n<p style=\"text-align: center;\">A moins que ce ne soit lui que je fragge? (rire nerveux)<\/p>\n<p>&nbsp;<\/p>\n<p style=\"text-align: center;\">BILL LE BOUSIER<\/p>\n<p style=\"text-align: center;\">non pas lui, il n\u2019est pas m\u00e9chant, il est juste un peu b\u00eate.<\/p>\n<p>&nbsp;<\/p>\n<p style=\"text-align: center;\">TITUS<\/p>\n<p style=\"text-align: center;\">Alors vous la connaissez ?<\/p>\n<p>&nbsp;<\/p>\n<p style=\"text-align: center;\">BILL LE BOUSIER<\/p>\n<p style=\"text-align: center;\">Non, D\u00e9sol\u00e9 Titus, Je ne connais personne du nom de la reine des neiges!<\/p>\n<p>&nbsp;<\/p>\n<p style=\"text-align: center;\">VOIX PIZZA (t\u00e9l\u00e9phone)<\/p>\n<p style=\"text-align: center;\">Vous mentez&#8230; encore une fois ! vous ne la m\u00e9ritez pas ! vous \u00eates un Traaaaaa\u00eetre !<\/p>\n<p style=\"text-align: center;\">(hyst\u00e9rique)<\/p>\n<p style=\"text-align: center;\">je vais vous fragger !! Maintenant !<\/p>\n<p>&nbsp;<\/p>\n<p style=\"text-align: center;\">BILL LE BOUSIER<\/p>\n<p style=\"text-align: center;\">NON ! Attendez !<\/p>\n<p style=\"text-align: center;\">TITUS LE TIGRE<\/p>\n<p style=\"text-align: center;\">quoi ? vous la connaissez finalement ?<\/p>\n<p style=\"text-align: center;\">(\u00e9tonn\u00e9)<\/p>\n<p style=\"text-align: center;\">Oh ben \u00e7a alors, Bill ? vous avez un point rouge l\u00e0, juste entre les deux yeux. Attendez, ne bougez pas, je vais l\u2019attraper.. ah non ca marche pas&#8230; c\u2019est plus fort que moi faut vraiment que je l\u2019attrape&#8230;<\/p>\n<p style=\"text-align: center;\">\u00a0\u00a0\u00a0 \u00a0\u00a0\u00a0 BILL LE BOUSIER<\/p>\n<p style=\"text-align: center;\">L\u00e2chez moi titus, je suis au t\u00e9l\u00e9phone, vous voyez pas, c\u2019est important.<\/p>\n<p style=\"text-align: center;\">TITUS LE TIGRE<\/p>\n<p style=\"text-align: center;\">Il faudrait savoir tout de m\u00eame !<\/p>\n<p style=\"text-align: center;\">VOIX PIZZA (telephone)<\/p>\n<p style=\"text-align: center;\">Vous voulez que je vous en d\u00e9barrasse ? Juste un mot de votre part et je me charge du p\u00e9nible.<\/p>\n<p style=\"text-align: center;\">BILL LE BOUSIER<\/p>\n<p style=\"text-align: center;\">\u00a0\u00a0\u00a0 Non, ne faites rien.<\/p>\n<p>&nbsp;<\/p>\n<p style=\"text-align: center;\">TITUS LE TIGRE<\/p>\n<p style=\"text-align: center;\">\u00a0\u00a0\u00a0 Petit petit petit point rouge, viens l\u00e0, ne bouge plus, gnah ! zut, encore rat\u00e9\u2026<\/p>\n<p>&nbsp;<\/p>\n<p style=\"text-align: center;\">VOIX PIZZA (t\u00e9l\u00e9phone)<\/p>\n<p style=\"text-align: center;\">\u00a0\u00a0\u00a0 Bon assez jou\u00e9, s\u2019il ne fait pas un saut p\u00e9rilleux arri\u00e8re je tire sur lui.<\/p>\n<p>&nbsp;<\/p>\n<p style=\"text-align: center;\">rechargement d\u2019arme.<\/p>\n<p style=\"text-align: center;\">BILL LE BOUSIER<\/p>\n<p style=\"text-align: center;\">Titus ! le point rouge\u00a0 ! Il est sur vous!<\/p>\n<p>&nbsp;<\/p>\n<p style=\"text-align: center;\">TITUS LE TIGRE (paniqu\u00e9)<\/p>\n<p style=\"text-align: center;\">NON ! retirez-le moi, je n\u2019y arrive pas! Aidez moi !<\/p>\n<p style=\"text-align: center;\">(baffe de Bill)<\/p>\n<p style=\"text-align: center;\">TITUS LE TIGRE<\/p>\n<p style=\"text-align: center;\">a\u00efe, mais vous m\u2019avez fait mal.<\/p>\n<p>&nbsp;<\/p>\n<p style=\"text-align: center;\">BILL LE BOUSIER<\/p>\n<p style=\"text-align: center;\">c\u2019est bon !\u00a0 il n\u2019y a plus de point rouge, titus ! vous pouvez partir!<\/p>\n<p>&nbsp;<\/p>\n<p style=\"text-align: center;\">TITUS LE TIGRE<\/p>\n<p style=\"text-align: center;\">ah mais, non, il est \u00e0 nouveau sur vous, attendez\u2026<\/p>\n<p style=\"text-align: center;\">(baffe de Titus)<\/p>\n<p style=\"text-align: center;\">BILL LE BOUSIER<\/p>\n<p style=\"text-align: center;\">\u00a0\u00a0\u00a0 \u00a0\u00a0\u00a0 A\u00efe ! Mais arr\u00eatez !<\/p>\n<p>&nbsp;<\/p>\n<p style=\"text-align: center;\">VOIX PIZZA (t\u00e9l\u00e9phone)<\/p>\n<p style=\"text-align: center;\">Vous allez arr\u00eater, oui ! mamma mia !\u00a0 mais pourquoi la reine des neiges ne jure que par vous\u2026 je vais en finir avec vous, Soldat Brill ! MAINTENANT , mais A\u00efe ! mais\u2026 colonel !<\/p>\n<p>&nbsp;<\/p>\n<p style=\"text-align: center;\">A SUIVRE&#8230;<\/p>\n","protected":false},"excerpt":{"rendered":"<p>PTS02E23 : Pizza Game Un t\u00e9l\u00e9phone sonne dans une cabine. Il sonne et personne n&rsquo;attend de coup de fil et pourtant quelqu&rsquo;un va r\u00e9pondre. Branche tes \u00e9couteurs et Bim ! Lance la lecture : https:\/\/radiopublic.com\/pamela-target-8XR1ee\/ep\/s1!792ea &nbsp; Pour avoir de nos nouvelles et d\u00e9couvrir des bonus, c&rsquo;est ici CLUB VIP PAMELA TARGET &nbsp; CREDITS Ecrit par [&hellip;]<\/p>\n","protected":false},"author":1,"featured_media":3209,"parent":0,"menu_order":0,"comment_status":"closed","ping_status":"closed","template":"","meta":{"footnotes":""},"class_list":["post-3182","page","type-page","status-publish","has-post-thumbnail","hentry"],"_links":{"self":[{"href":"https:\/\/www.pamelatarget.com\/index.php\/wp-json\/wp\/v2\/pages\/3182","targetHints":{"allow":["GET"]}}],"collection":[{"href":"https:\/\/www.pamelatarget.com\/index.php\/wp-json\/wp\/v2\/pages"}],"about":[{"href":"https:\/\/www.pamelatarget.com\/index.php\/wp-json\/wp\/v2\/types\/page"}],"author":[{"embeddable":true,"href":"https:\/\/www.pamelatarget.com\/index.php\/wp-json\/wp\/v2\/users\/1"}],"replies":[{"embeddable":true,"href":"https:\/\/www.pamelatarget.com\/index.php\/wp-json\/wp\/v2\/comments?post=3182"}],"version-history":[{"count":6,"href":"https:\/\/www.pamelatarget.com\/index.php\/wp-json\/wp\/v2\/pages\/3182\/revisions"}],"predecessor-version":[{"id":3216,"href":"https:\/\/www.pamelatarget.com\/index.php\/wp-json\/wp\/v2\/pages\/3182\/revisions\/3216"}],"wp:featuredmedia":[{"embeddable":true,"href":"https:\/\/www.pamelatarget.com\/index.php\/wp-json\/wp\/v2\/media\/3209"}],"wp:attachment":[{"href":"https:\/\/www.pamelatarget.com\/index.php\/wp-json\/wp\/v2\/media?parent=3182"}],"curies":[{"name":"wp","href":"https:\/\/api.w.org\/{rel}","templated":true}]}}