{"id":3163,"date":"2019-09-12T20:07:35","date_gmt":"2019-09-12T18:07:35","guid":{"rendered":"https:\/\/www.pamelatarget.com\/?page_id=3163"},"modified":"2019-09-12T20:15:29","modified_gmt":"2019-09-12T18:15:29","slug":"pt-s02-e21-jeu-de-guerre-a-la-kaamelott","status":"publish","type":"page","link":"https:\/\/www.pamelatarget.com\/index.php\/pt-s02-e21-jeu-de-guerre-a-la-kaamelott\/","title":{"rendered":"PT S02 E21 : JEU DE GUERRE A LA KAAMELOTT"},"content":{"rendered":"<h2 style=\"text-align: center;\"><strong>PT S02 E21 : Jeu de guerre \u00e0 la Kaamelott<br \/>\n<\/strong><\/h2>\n<p style=\"text-align: center;\">La guerre est d\u00e9clar\u00e9e entre les zombies et l\u2019arm\u00e9e du conseil de l\u2019arche ! Ca se bastonne s\u00e9v\u00e8re dans la grande plaine. Perch\u00e9s sur une colline, deux planqu\u00e9s suivent l\u2019action\u2026<\/p>\n<p style=\"text-align: center;\">Branche tes \u00e9couteurs et Bim ! Lance la lecture :<\/p>\n<p>&nbsp;<\/p>\n<p>https:\/\/radiopublic.com\/pamela-target-8XR1ee\/ep\/s1!65a5b<\/p>\n<p>&nbsp;<\/p>\n<p style=\"text-align: center;\">Pour avoir de nos nouvelles et d\u00e9couvrir des bonus,<\/p>\n<p style=\"text-align: center;\">c&rsquo;est ici<strong> <a href=\"https:\/\/www.pamelatarget.com\/index.php\/vip-club\/\">CLUB VIP PAMELA TARGET<\/a><\/strong><\/p>\n<p>&nbsp;<\/p>\n<h3><strong>CREDITS<\/strong><\/h3>\n<p><strong>Ecrit par<\/strong> Katia Grivot, David Neau et Pascal Senicourt<\/p>\n<p><strong>R\u00e9alis\u00e9, mont\u00e9 et mix\u00e9<\/strong> <strong>par<\/strong> Katia Grivot<\/p>\n<p><strong>Anim\u00e9 pour Youtube par<\/strong> Pascal Senicourt<\/p>\n<p>&nbsp;<\/p>\n<h3><strong>Musiques <\/strong><\/h3>\n<p>G\u00e9n\u00e9rique par Domingo Olmo Martin, alias King of Punk<\/p>\n<p>&nbsp;<\/p>\n<h3><strong>Par ordre d&rsquo;apparition<\/strong><\/h3>\n<p>Victoria la Tortue : La_Nonovision<\/p>\n<p>Korragen le corbeau : Frans Boyer<\/p>\n<p>Titus le tigre : R\u00e9gis Chaussard<\/p>\n<p>&nbsp;<\/p>\n<h3><strong>Cr\u00e9dits sons <\/strong><\/h3>\n<p>Dans cet e\u0301pisode de nombreux sons sont tire\u0301s de <strong>Freesound<\/strong>. Voici l\u2019ensemble des cre\u0301dits concerne\u0301s :<\/p>\n<p>EN COURS DE REDACTION<\/p>\n<p>&nbsp;<\/p>\n<h2><strong>Tu peux aussi choisir un autre moyen d\u2019\u00e9coute. T\u2019inqui\u00e8te, c\u2019est gratuit :<\/strong><\/h2>\n<div class=\"aligncenter\"><a href=\"https:\/\/itunes.apple.com\/fr\/podcast\/pamela-target-saison-1\/id1347089265?mt=2\" target=\"_blank\" rel=\"noopener\"><img decoding=\"async\" class=\"size-medium wp-image-479 aligncenter\" src=\"https:\/\/www.pamelatarget.com\/wp-content\/uploads\/2018\/02\/Get_it_on_iTunes_Badge_FR_1114-300x109.png\" alt=\"\" width=\"200\" srcset=\"https:\/\/www.pamelatarget.com\/wp-content\/uploads\/2018\/02\/Get_it_on_iTunes_Badge_FR_1114-300x109.png 300w, https:\/\/www.pamelatarget.com\/wp-content\/uploads\/2018\/02\/Get_it_on_iTunes_Badge_FR_1114-768x279.png 768w, https:\/\/www.pamelatarget.com\/wp-content\/uploads\/2018\/02\/Get_it_on_iTunes_Badge_FR_1114-1024x372.png 1024w, https:\/\/www.pamelatarget.com\/wp-content\/uploads\/2018\/02\/Get_it_on_iTunes_Badge_FR_1114.png 1194w\" sizes=\"(max-width: 300px) 100vw, 300px\" \/><\/a><a href=\"https:\/\/soundcloud.com\/user-149328996\/pts02e01-quelle-belle-journee-a-la-madmax\" target=\"_blank\" rel=\"noopener\"><img decoding=\"async\" class=\"size-medium wp-image-477 aligncenter\" src=\"https:\/\/www.pamelatarget.com\/wp-content\/uploads\/2018\/02\/SoundCloud_logo_orange_color_plain.svg_-300x171.png\" alt=\"\" width=\"200\" srcset=\"https:\/\/www.pamelatarget.com\/wp-content\/uploads\/2018\/02\/SoundCloud_logo_orange_color_plain.svg_-300x171.png 300w, https:\/\/www.pamelatarget.com\/wp-content\/uploads\/2018\/02\/SoundCloud_logo_orange_color_plain.svg_-768x438.png 768w, https:\/\/www.pamelatarget.com\/wp-content\/uploads\/2018\/02\/SoundCloud_logo_orange_color_plain.svg_-1024x584.png 1024w, https:\/\/www.pamelatarget.com\/wp-content\/uploads\/2018\/02\/SoundCloud_logo_orange_color_plain.svg_.png 1200w\" sizes=\"(max-width: 300px) 100vw, 300px\" \/><\/a><a href=\"https:\/\/www.deezer.com\/fr\/episode\/5987417\" target=\"_blank\" rel=\"noopener\"><img decoding=\"async\" class=\"size-medium wp-image-574 aligncenter\" src=\"https:\/\/www.pamelatarget.com\/wp-content\/uploads\/2018\/02\/deezer-logo-300x168.png\" alt=\"\" width=\"200\" \/><\/a><a href=\"https:\/\/spoti.fi\/2OJzwUS\" target=\"_blank\" rel=\"noopener\"><img loading=\"lazy\" decoding=\"async\" width=\"300\" height=\"90\" class=\"size-medium wp-image-1572 aligncenter\" src=\"https:\/\/www.pamelatarget.com\/wp-content\/uploads\/2018\/11\/Spotify_Logo_RGB_Green-300x90.png\" alt=\"\" \/><\/a><a href=\"https:\/\/radiopublic.com\/pamela-target-8XR1ee\" target=\"_blank\" rel=\"noopener\"><img decoding=\"async\" class=\"size-medium wp-image-1572 aligncenter\" src=\"https:\/\/www.pamelatarget.com\/wp-content\/uploads\/2019\/02\/radiopublic.png\" alt=\"\" \/><\/a><\/div>\n<p><!--more--><\/p>\n<p>&nbsp;<\/p>\n<h2 style=\"text-align: center;\"><strong>Retranscription de l&rsquo;\u00e9pisode<\/strong><\/h2>\n<div class=\"audiolibrary-column audiolibrary-column-title\">\n<div style=\"text-align: center;\">texte prot\u00e9g\u00e9 &#8211; reproduction interdite sans l&rsquo;accord des auteurs<\/div>\n<\/div>\n<div><\/div>\n<div style=\"text-align: center;\">INT\/JOUR COLLINE ARCHE<\/div>\n<div style=\"text-align: center;\"><\/div>\n<div style=\"text-align: center;\">VICTORIA<\/div>\n<div style=\"text-align: center;\">Mais pourquoi notre \u00e9quipe court dans tous les sens ?<\/div>\n<div><\/div>\n<div style=\"text-align: center;\">KORRAGEN<\/div>\n<div style=\"text-align: center;\">Notre \u00e9quipe ? Oh, c\u2019est pas une finale de curling ici.<\/div>\n<div style=\"text-align: center;\">Ce sont nos troupes en bas, on est en guerre bordel !<\/div>\n<div style=\"text-align: center;\">Face \u00e0 une arm\u00e9e de zombies!<\/div>\n<div style=\"text-align: center;\">Nous avons perdu le colonel Harry, notre plus grand strat\u00e8ge, \u00e0 cause de ce putain de lapin,<\/div>\n<div style=\"text-align: center;\">mais heureusement que bibi avait un plan pour nous sortir de la m\u00e9lasse.<\/div>\n<div><\/div>\n<div style=\"text-align: center;\">VICTORIA<\/div>\n<div style=\"text-align: center;\">Rester sur cette colline et ne rien perdre du match avec mes jumelles,<\/div>\n<div style=\"text-align: center;\">moi, \u00e7a me va comme plan.<\/div>\n<div style=\"text-align: center;\">(hurlant)<\/div>\n<div style=\"text-align: center;\">Faute ! mais bon sang qu\u2019est-ce qui fout l\u2019arbitre !!?<\/div>\n<div><\/div>\n<div style=\"text-align: center;\">KORRAGEN<\/div>\n<div style=\"text-align: center;\">T\u2019es gentille la tortue. Mais si ces foutus zombies bouffent tout le monde,<\/div>\n<div style=\"text-align: center;\">c\u2019est la fin de l\u2019arche et apr\u00e8s, la fin du monde.<\/div>\n<div style=\"text-align: center;\">C\u2019est pour \u00e7a que j\u2019ai r\u00e9uni tous les animaux non contamin\u00e9s qui pouvaient se battre.<\/div>\n<div style=\"text-align: center;\">Le plan, c\u2019est trouver la faille de l\u2019adversaire, c\u2019est pour \u00e7a qu\u2019on scrute !<\/div>\n<div><\/div>\n<div style=\"text-align: center;\">VICTORIA<\/div>\n<div style=\"text-align: center;\">La vache, ils ont m\u00eame le justicier avec eux !<\/div>\n<div><\/div>\n<div style=\"text-align: center;\">KORRAGEN<\/div>\n<div style=\"text-align: center;\">Quoi ? tu as vu Brill,(se reprenant)euh, le justicier ?<\/div>\n<div><\/div>\n<div style=\"text-align: center;\">VICTORIA<\/div>\n<div style=\"text-align: center;\">Regarde, y a son signal dans le ciel.<\/div>\n<div><\/div>\n<div style=\"text-align: center;\">KORRAGEN<\/div>\n<div style=\"text-align: center;\">Je le vois<\/div>\n<div style=\"text-align: center;\">(\u00e0 lui-m\u00eame)C\u2019est quoi ce merdier. C\u2019est moi qui suis cens\u00e9 \u00e9mettre ce signal !<\/div>\n<div style=\"text-align: center;\">A moins que \u2026\u00a0 \u201cElle\u201d soit dans la place ?<\/div>\n<div style=\"text-align: center;\">Putain, c\u2019est la loi de Murphy aujourd\u2019hui.<\/div>\n<div><\/div>\n<div style=\"text-align: center;\">VICTORIA<\/div>\n<div style=\"text-align: center;\">Oh ! Titus revient du front !<\/div>\n<div><\/div>\n<div style=\"text-align: center;\">Titus arrive au pas de course, essouffl\u00e9.<\/div>\n<div><\/div>\n<div style=\"text-align: center;\">TITUS(essouffl\u00e9)<\/div>\n<div style=\"text-align: center;\">Quelle id\u00e9e de placer le poste d\u2019observation en haut d\u2019une colline.<\/div>\n<div style=\"text-align: center;\">Vous avez pas pens\u00e9 que c\u2019\u00e9tait chiant \u00e0 monter&#8230;<\/div>\n<div><\/div>\n<div style=\"text-align: center;\">KORRAGEN<\/div>\n<div style=\"text-align: center;\">On a surtout pens\u00e9 que c\u2019\u00e9tait mieux pour observer le champ de bataille en bas, ducon.<\/div>\n<div style=\"text-align: center;\">Alors, vous avez trouv\u00e9 comment les battre ?<\/div>\n<div><\/div>\n<div style=\"text-align: center;\">TITUS<\/div>\n<div style=\"text-align: center;\">Ben, ils ont pas mal quand on les tape,<\/div>\n<div style=\"text-align: center;\">ils se rel\u00e8vent m\u00eame coup\u00e9s en deux, et ils craignent pas le feu.<\/div>\n<div><\/div>\n<div style=\"text-align: center;\">VICTORIA<\/div>\n<div style=\"text-align: center;\">Mais, on peut rien faire contre eux, alors !<\/div>\n<div><\/div>\n<div style=\"text-align: center;\">TITUS<\/div>\n<div style=\"text-align: center;\">Que tu crois, on a mis en place un plan informel.<\/div>\n<div><\/div>\n<div style=\"text-align: center;\">KORRAGEN<\/div>\n<div style=\"text-align: center;\">Tu veux dire Infaillible ? Les boulets ont un plan.<\/div>\n<div style=\"text-align: center;\">Je sais pas pourquoi je pressens qu\u2019on est pas sorti de l\u2019auberge.<\/div>\n<div><\/div>\n<div style=\"text-align: center;\">TITUS<\/div>\n<div style=\"text-align: center;\">On fait courir nos troupes autour de la colline d\u2019observation, du coup, les zombies nous poursuivent.<\/div>\n<div style=\"text-align: center;\">Mais comme on est plus rapide, ils nous rattrapent jamais. malin hein ?<\/div>\n<div><\/div>\n<div style=\"text-align: center;\">KORRAGEN<\/div>\n<div style=\"text-align: center;\">Et vous vous \u00eates pas dit qu\u2019en courant en rond plus vite que celui qui vous poursuit,<\/div>\n<div style=\"text-align: center;\">vous alliez finir par lui rentrer dans le cul ?<\/div>\n<div><\/div>\n<div style=\"text-align: center;\">TITUS<\/div>\n<div style=\"text-align: center;\">Oh, Korragen, tu cherches toujours la petite t\u00eate. T\u2019as qu\u2019\u00e0 y aller, toi.<\/div>\n<div><\/div>\n<div style=\"text-align: center;\">KORRAGEN<\/div>\n<div style=\"text-align: center;\">Ouais, il est temps que les vrais guerriers nettoient le merdier. j\u2019y vais !<\/div>\n<div><\/div>\n<div style=\"text-align: center;\">VICTORIA<\/div>\n<div style=\"text-align: center;\">C\u2019est \u00e7a et pendant ce temps, nous on continue \u00e0 surveiller les zombies.<\/div>\n<div><\/div>\n<div style=\"text-align: center;\">Cri de guerre de Korragen.<\/div>\n<div><\/div>\n<div style=\"text-align: center;\">KORRAGEN(s\u2019\u00e9loignant)<\/div>\n<div style=\"text-align: center;\">A l\u2019attaque !<\/div>\n<div><\/div>\n<div style=\"text-align: center;\">TITUS<\/div>\n<div style=\"text-align: center;\">On est bien ici, finalement.<\/div>\n<div><\/div>\n<div style=\"text-align: center;\">VICTORIA<\/div>\n<div style=\"text-align: center;\">Oh la vache, Korragen prend les zombies \u00e0 revers avec notre \u00e9quipe !<\/div>\n<div><\/div>\n<div style=\"text-align: center;\">TITUS<\/div>\n<div style=\"text-align: center;\">Et alors ? Il a marqu\u00e9 ?<\/div>\n<div><\/div>\n<div style=\"text-align: center;\">VICTORIA<\/div>\n<div style=\"text-align: center;\">Ils les d\u00e9foncent ! Les zombies d\u00e9talent ! Je r\u00eave !<\/div>\n<div><\/div>\n<div style=\"text-align: center;\">TITUS<\/div>\n<div style=\"text-align: center;\">Mais alors\u2026 On, on a gagn\u00e9 ?<\/div>\n<div><\/div>\n<div style=\"text-align: center;\">VICTORIA<\/div>\n<div style=\"text-align: center;\">Oui, ils s\u2019enfuient. Ils ont juste laiss\u00e9 un lapin g\u00e9ant en bois.<\/div>\n<div><\/div>\n<div style=\"text-align: center;\">TITUS<\/div>\n<div style=\"text-align: center;\">Un lapin en bois ! Ca me rappelle vaguement quelque chose\u2026 \u00e7a&#8230;<\/div>\n<div style=\"text-align: center;\">\n<p>A SUIVRE\u2026<\/p>\n<\/div>\n","protected":false},"excerpt":{"rendered":"<p>PT S02 E21 : Jeu de guerre \u00e0 la Kaamelott La guerre est d\u00e9clar\u00e9e entre les zombies et l\u2019arm\u00e9e du conseil de l\u2019arche ! Ca se bastonne s\u00e9v\u00e8re dans la grande plaine. Perch\u00e9s sur une colline, deux planqu\u00e9s suivent l\u2019action\u2026 Branche tes \u00e9couteurs et Bim ! Lance la lecture : &nbsp; https:\/\/radiopublic.com\/pamela-target-8XR1ee\/ep\/s1!65a5b &nbsp; Pour avoir [&hellip;]<\/p>\n","protected":false},"author":1,"featured_media":3176,"parent":0,"menu_order":0,"comment_status":"closed","ping_status":"closed","template":"","meta":{"footnotes":""},"class_list":["post-3163","page","type-page","status-publish","has-post-thumbnail","hentry"],"_links":{"self":[{"href":"https:\/\/www.pamelatarget.com\/index.php\/wp-json\/wp\/v2\/pages\/3163","targetHints":{"allow":["GET"]}}],"collection":[{"href":"https:\/\/www.pamelatarget.com\/index.php\/wp-json\/wp\/v2\/pages"}],"about":[{"href":"https:\/\/www.pamelatarget.com\/index.php\/wp-json\/wp\/v2\/types\/page"}],"author":[{"embeddable":true,"href":"https:\/\/www.pamelatarget.com\/index.php\/wp-json\/wp\/v2\/users\/1"}],"replies":[{"embeddable":true,"href":"https:\/\/www.pamelatarget.com\/index.php\/wp-json\/wp\/v2\/comments?post=3163"}],"version-history":[{"count":6,"href":"https:\/\/www.pamelatarget.com\/index.php\/wp-json\/wp\/v2\/pages\/3163\/revisions"}],"predecessor-version":[{"id":3181,"href":"https:\/\/www.pamelatarget.com\/index.php\/wp-json\/wp\/v2\/pages\/3163\/revisions\/3181"}],"wp:featuredmedia":[{"embeddable":true,"href":"https:\/\/www.pamelatarget.com\/index.php\/wp-json\/wp\/v2\/media\/3176"}],"wp:attachment":[{"href":"https:\/\/www.pamelatarget.com\/index.php\/wp-json\/wp\/v2\/media?parent=3163"}],"curies":[{"name":"wp","href":"https:\/\/api.w.org\/{rel}","templated":true}]}}