{"id":3139,"date":"2019-08-31T12:15:10","date_gmt":"2019-08-31T10:15:10","guid":{"rendered":"https:\/\/www.pamelatarget.com\/?page_id=3139"},"modified":"2019-09-12T13:56:40","modified_gmt":"2019-09-12T11:56:40","slug":"pts02-hs-previously-on-saison-2","status":"publish","type":"page","link":"https:\/\/www.pamelatarget.com\/index.php\/pts02-hs-previously-on-saison-2\/","title":{"rendered":"PTS02 HS Previously Saison 2 Ep 0 \u00e0 19"},"content":{"rendered":"<h2 style=\"text-align: center;\"><strong>PT S02 HS: Previously Saison 2 Ep 0 \u00e0 19<br \/>\n<\/strong><\/h2>\n<p style=\"text-align: center;\">Mais que s&rsquo;est-il pass\u00e9 depuis le d\u00e9but de la saison 2 ?<\/p>\n<p style=\"text-align: center;\">Branche tes \u00e9couteurs et Bim ! Lance la lecture :<\/p>\n<p>https:\/\/radiopublic.com\/pamela-target-8XR1ee\/ep\/s1!32207<\/p>\n<p style=\"text-align: center;\">Pour avoir de nos nouvelles et d\u00e9couvrir des bonus,<\/p>\n<p style=\"text-align: center;\">c&rsquo;est ici<strong> <a href=\"https:\/\/www.pamelatarget.com\/index.php\/vip-club\/\">CLUB VIP PAMELA TARGET<\/a><\/strong><\/p>\n<h3><strong>CREDITS<\/strong><\/h3>\n<p><strong>Ecrit par<\/strong> Katia Grivot, David Neau et Pascal Senicourt<\/p>\n<p><strong>R\u00e9alis\u00e9, mont\u00e9 et mix\u00e9<\/strong> <strong>par<\/strong> Katia Grivot<\/p>\n<p><strong>Anim\u00e9 pour Youtube par<\/strong> Pascal Senicourt<\/p>\n<p>&nbsp;<\/p>\n<h3><strong>Musiques <\/strong><\/h3>\n<p>G\u00e9n\u00e9rique par Domingo Olmo Martin, alias King of Punk<\/p>\n<p>&nbsp;<\/p>\n<h3><strong>Par ordre d&rsquo;apparition<\/strong><\/h3>\n<p>Voix off : David Chamalet<\/p>\n<p>Et des extraits des \u00e9pisodes suivants :<\/p>\n<p>&#8211; Quelle Belle journ\u00e9e \u00e0 la Mad Max<br \/>\n&#8211; BatBruce returns<br \/>\n&#8211; Top Guts<br \/>\n&#8211; Godzillapin<br \/>\n&#8211; C&rsquo;est quoi votre film d&rsquo;horreur pr\u00e9f\u00e9r\u00e9 ?<br \/>\n&#8211; Taser Mecanique<br \/>\n&#8211; Ce message s&rsquo;auto-d\u00e9truira dans 10 secondes<\/p>\n<h3><strong>Cr\u00e9dits sons <\/strong><\/h3>\n<p>Dans cet e\u0301pisode de nombreux sons sont tire\u0301s de <strong>Freesound<\/strong>. Voici l\u2019ensemble des cre\u0301dits concerne\u0301s :<\/p>\n<p>EN COURS DE REDACTION<\/p>\n<p>Et pour les diff\u00e9rents extraits, cliquez sur les liens pour voir les cr\u00e9dits :<\/p>\n<p>Quelle Belle journ\u00e9e \u00e0 la Mad Max (<a href=\"https:\/\/www.pamelatarget.com\/index.php\/pts02e01-quelle-belle-journee-a-la-madmax\/\" target=\"_blank\" rel=\"noopener\">PTS0201<\/a>)<br \/>\nBatBruce returns (<a href=\"https:\/\/www.pamelatarget.com\/index.php\/pts02e06-batbruce-returns\/\" target=\"_blank\" rel=\"noopener\">PTS02E06<\/a>)<br \/>\nTop Guts (<a href=\"https:\/\/www.pamelatarget.com\/index.php\/pts02e09-top-guts\/\" target=\"_blank\" rel=\"noopener\">PTS02E09<\/a>)<br \/>\nGodzillapin (<a href=\"https:\/\/www.pamelatarget.com\/index.php\/pts02e08-godzillapin-fuyez\/\" target=\"_blank\" rel=\"noopener\">PTS02E08<\/a>)<br \/>\nC&rsquo;est quoi votre film d&rsquo;horreur pr\u00e9f\u00e9r\u00e9 ? (<a href=\"https:\/\/www.pamelatarget.com\/index.php\/pts01e16-credits\/\" target=\"_blank\" rel=\"noopener\">PTS01E16<\/a>)<br \/>\nTaser Mecanique (<a href=\"https:\/\/www.pamelatarget.com\/index.php\/pts02e12-taser-mecanique\/\" target=\"_blank\" rel=\"noopener\">PTS02E12<\/a>)<br \/>\nCe message s&rsquo;auto-d\u00e9truira dans 10 secondes (<a href=\"https:\/\/www.pamelatarget.com\/index.php\/pts02e14-ce-message-sautodetruira-dans-cinq-secondes\/\" target=\"_blank\" rel=\"noopener\">PTS02E14<\/a>)<\/p>\n<p>&nbsp;<\/p>\n<h2><strong>Tu peux aussi choisir un autre moyen d\u2019\u00e9coute. T\u2019inqui\u00e8te, c\u2019est gratuit :<\/strong><\/h2>\n<div class=\"aligncenter\"><a href=\"https:\/\/itunes.apple.com\/fr\/podcast\/pamela-target-saison-1\/id1347089265?mt=2\" target=\"_blank\" rel=\"noopener\"><img decoding=\"async\" class=\"size-medium wp-image-479 aligncenter\" src=\"https:\/\/www.pamelatarget.com\/wp-content\/uploads\/2018\/02\/Get_it_on_iTunes_Badge_FR_1114-300x109.png\" alt=\"\" width=\"200\" srcset=\"https:\/\/www.pamelatarget.com\/wp-content\/uploads\/2018\/02\/Get_it_on_iTunes_Badge_FR_1114-300x109.png 300w, https:\/\/www.pamelatarget.com\/wp-content\/uploads\/2018\/02\/Get_it_on_iTunes_Badge_FR_1114-768x279.png 768w, https:\/\/www.pamelatarget.com\/wp-content\/uploads\/2018\/02\/Get_it_on_iTunes_Badge_FR_1114-1024x372.png 1024w, https:\/\/www.pamelatarget.com\/wp-content\/uploads\/2018\/02\/Get_it_on_iTunes_Badge_FR_1114.png 1194w\" sizes=\"(max-width: 300px) 100vw, 300px\" \/><\/a><a href=\"https:\/\/soundcloud.com\/user-149328996\/pts02e01-quelle-belle-journee-a-la-madmax\" target=\"_blank\" rel=\"noopener\"><img decoding=\"async\" class=\"size-medium wp-image-477 aligncenter\" src=\"https:\/\/www.pamelatarget.com\/wp-content\/uploads\/2018\/02\/SoundCloud_logo_orange_color_plain.svg_-300x171.png\" alt=\"\" width=\"200\" srcset=\"https:\/\/www.pamelatarget.com\/wp-content\/uploads\/2018\/02\/SoundCloud_logo_orange_color_plain.svg_-300x171.png 300w, https:\/\/www.pamelatarget.com\/wp-content\/uploads\/2018\/02\/SoundCloud_logo_orange_color_plain.svg_-768x438.png 768w, https:\/\/www.pamelatarget.com\/wp-content\/uploads\/2018\/02\/SoundCloud_logo_orange_color_plain.svg_-1024x584.png 1024w, https:\/\/www.pamelatarget.com\/wp-content\/uploads\/2018\/02\/SoundCloud_logo_orange_color_plain.svg_.png 1200w\" sizes=\"(max-width: 300px) 100vw, 300px\" \/><\/a><a href=\"https:\/\/www.deezer.com\/fr\/episode\/5987417\" target=\"_blank\" rel=\"noopener\"><img decoding=\"async\" class=\"size-medium wp-image-574 aligncenter\" src=\"https:\/\/www.pamelatarget.com\/wp-content\/uploads\/2018\/02\/deezer-logo-300x168.png\" alt=\"\" width=\"200\" \/><\/a><a href=\"https:\/\/spoti.fi\/2OJzwUS\" target=\"_blank\" rel=\"noopener\"><img loading=\"lazy\" decoding=\"async\" width=\"300\" height=\"90\" class=\"size-medium wp-image-1572 aligncenter\" src=\"https:\/\/www.pamelatarget.com\/wp-content\/uploads\/2018\/11\/Spotify_Logo_RGB_Green-300x90.png\" alt=\"\" \/><\/a><a href=\"https:\/\/radiopublic.com\/pamela-target-8XR1ee\" target=\"_blank\" rel=\"noopener\"><img decoding=\"async\" class=\"size-medium wp-image-1572 aligncenter\" src=\"https:\/\/www.pamelatarget.com\/wp-content\/uploads\/2019\/02\/radiopublic.png\" alt=\"\" \/><\/a><\/div>\n<p><!--more--><\/p>\n<p>&nbsp;<\/p>\n<h2 style=\"text-align: center;\"><strong>Retranscription de l&rsquo;\u00e9pisode<\/strong><\/h2>\n<div style=\"text-align: center;\">texte prot\u00e9g\u00e9 &#8211; reproduction interdite sans l&rsquo;accord des auteurs<\/div>\n<div><\/div>\n<div style=\"text-align: center;\">VOIX OFF<\/div>\n<div style=\"text-align: center;\">Bon, c&rsquo;est une premi\u00e8re fois pour moi&#8230; Mais&#8230;<\/div>\n<div style=\"text-align: center;\">Si vous \u00eates l\u00e0,<\/div>\n<div style=\"text-align: center;\">c\u2019est que vous voulez savoir ce qui s\u2019est pass\u00e9 depuis le d\u00e9but de cette deuxi\u00e8me saison.<\/div>\n<div style=\"text-align: center;\">Alors attention, \u00e7a va aller tr\u00e8s, tr\u00e8s vite !<\/div>\n<div style=\"text-align: center;\">Rambo le cochon dingue, ex-Rodrigue,<\/div>\n<div style=\"text-align: center;\">est pass\u00e9 du statut de second de Peter Pan Pan \u00e0 grand roi de l\u2019arche,<\/div>\n<div style=\"text-align: center;\">devenue une sorte de no man\u2019s land post-apocalyptique.<\/div>\n<div><\/div>\n<div style=\"text-align: center;\">RAMBO<\/div>\n<div style=\"text-align: center;\">Je suis votre roi.Ob\u00e9issez-moi\u00a0 et vous vivrez par ma main.<\/div>\n<div style=\"text-align: center;\"><\/div>\n<div style=\"text-align: center;\">JULIUS<\/div>\n<div style=\"text-align: center;\">Oui, certains commencent \u00e0 baver, \u00e7a devient dangereux.<\/div>\n<div style=\"text-align: center;\"><\/div>\n<div style=\"text-align: center;\">VOIX OFF<\/div>\n<div style=\"text-align: center;\">Heureusement, Julius a un wookie pour l\u2019aider \u00e0 lutter contre le cochon dingue.<\/div>\n<div style=\"text-align: center;\">Enfin, un myst\u00e9rieux inconnu d\u00e9guis\u00e9 en wookie.<\/div>\n<div style=\"text-align: center;\">Mais comment l\u2019arche de Charwin est devenu<\/div>\n<div style=\"text-align: center;\">un no man\u2019s land dirig\u00e9 par un cochon dingue allum\u00e9 ?<\/div>\n<div style=\"text-align: center;\">Pour \u00e7a, il faut revenir en arri\u00e8re.<br \/>\nAu moment o\u00f9 une \u00e9trange inconnue infiltr\u00e9e dans l\u2019arche,<\/div>\n<div style=\"text-align: center;\">La Reine des Neiges, remet des armes \u00e0 Rambo et ses deux cr\u00e9tins d\u2019acolytes<\/div>\n<div style=\"text-align: center;\">pour aider Peter Pan Pan \u00e0 semer le chaos.<br \/>\nOu alors&#8230; au moment o\u00f9 Peter Pan Pan le lapin p\u00e9teur d\u00e9barque \u00e0 la soir\u00e9e Baywatch<\/div>\n<div style=\"text-align: center;\">pour se d\u00e9barrasser du justicier Brill sans se douter qu\u2019il va se heurter<\/div>\n<div style=\"text-align: center;\">au justicier BatBruce qui n\u2019est pas Brill,<\/div>\n<div style=\"text-align: center;\"><\/div>\n<div style=\"text-align: center;\">BATBRUCE<\/div>\n<div style=\"text-align: center;\">tu n&rsquo;as toujours pas compris, le Brill que tu cherches n&rsquo;existe pas.<\/div>\n<div style=\"text-align: center;\"><\/div>\n<div style=\"text-align: center;\">VOIX OFF<\/div>\n<div style=\"text-align: center;\">contrairement \u00e0 ce que pense le lapin,<\/div>\n<div style=\"text-align: center;\">et qui n\u2019est pas non plus BatBill comme Peter Pan Pan s\u2019en rendra compte plus tard.<br \/>\nEn effet, apr\u00e8s avoir balanc\u00e9 dans le vide Giulietta la cochonne,<\/div>\n<div style=\"text-align: center;\">qui ne demandait rien \u00e0 personne,<\/div>\n<div style=\"text-align: center;\">Peter Pan Pan ne s\u2019attendait pas \u00e0 ce que BatBruce la sauve, puis remonte l\u2019affronter.<\/div>\n<div><\/div>\n<div style=\"text-align: center;\">PETER PAN PAN<\/div>\n<div style=\"text-align: center;\">De toute fa\u00e7on, vu ce que p\u00e8se la cochonne, il aura pas le temps de la rattraper, et quand il remontera affaibli, d\u00e9moralis\u00e9, je le niquerai.<\/div>\n<div style=\"text-align: center;\"><\/div>\n<div style=\"text-align: center;\">Cris de Giulietta.<\/div>\n<div style=\"text-align: center;\"><\/div>\n<div style=\"text-align: center;\">BATBRUCE<\/div>\n<div style=\"text-align: center;\">Je t&rsquo;ai rattrap\u00e9e.<\/div>\n<div style=\"text-align: center;\"><\/div>\n<div style=\"text-align: center;\">VOIX OFF<\/div>\n<div style=\"text-align: center;\">Le lapin entra\u00eene donc le justicier solitaire BatBruce dans un pi\u00e8ge,<\/div>\n<div style=\"text-align: center;\">pr\u00e8s de la chocolaterie clandestine,<\/div>\n<div style=\"text-align: center;\">et l\u00e0, ils tombent tous deux sur BatBill, l\u2019autre justicier solitaire !<\/div>\n<div style=\"text-align: center;\">Peter Pan Pan en a marre, tout ce qu\u2019il veut c\u2019est niquer Brill<\/div>\n<div style=\"text-align: center;\">et pas faire une collection de justiciers.<\/div>\n<div style=\"text-align: center;\">Alors il se transforme en un monstrueux Godzillapin gr\u00e2ce \u00e0 un baril de mousse sp\u00e9ciale<\/div>\n<div style=\"text-align: center;\">r\u00e9cup\u00e9r\u00e9 dans la chocolaterie clandestine,<\/div>\n<div style=\"text-align: center;\">o\u00f9 sont r\u00e9fugi\u00e9s Rambo et ses acolytes qui n\u2019ont pas pu rentrer dans la soir\u00e9e Baywatch<\/div>\n<div style=\"text-align: center;\">et apporter les armes au lapin.<\/div>\n<div><\/div>\n<div style=\"text-align: center;\">RAMBO<\/div>\n<div style=\"text-align: center;\">Merde, c&rsquo;est Peter Pan Pan.bougez pas, je vais voir ce qu&rsquo;il veut.<\/div>\n<div style=\"text-align: center;\">(porte qui s&rsquo;ouvre)<\/div>\n<div style=\"text-align: center;\">Oui Patrone, c&rsquo;est pourquoi ?<\/div>\n<div style=\"text-align: center;\"><\/div>\n<div style=\"text-align: center;\">VOIX OFF<\/div>\n<div style=\"text-align: center;\">Mais on reparlera d\u2019eux un peu plus tard.<\/div>\n<div style=\"text-align: center;\">Pour l\u2019instant, Peter Pan Pan devenu Godzillapin va \u00e9craser BatBruce, BatBill,<\/div>\n<div style=\"text-align: center;\">apr\u00e8s avoir abattu Julius venu en renfort sur un drone de combat.<\/div>\n<div><\/div>\n<div style=\"text-align: center;\">JULIUS<\/div>\n<div style=\"text-align: center;\">(bruit de chute)<\/div>\n<div style=\"text-align: center;\">Peter pan Pan m&rsquo;a eu.Mayday, Mayday, je vais me crasher !<\/div>\n<div style=\"text-align: center;\"><\/div>\n<div style=\"text-align: center;\">VOIX OFF<\/div>\n<div style=\"text-align: center;\">Heureusement, dans la confusion, tadaaaa, les X-Animen arrivent \u00e0 la rescousse,<\/div>\n<div style=\"text-align: center;\">\u00e0 savoir WonderVomit Girl alias Giulietta, SpiderMorving Man, alias Paulo le blaireau<\/div>\n<div style=\"text-align: center;\">et&#8230;<\/div>\n<div><\/div>\n<div style=\"text-align: center;\">RYU<\/div>\n<div style=\"text-align: center;\">(chantant)<\/div>\n<div style=\"text-align: center;\">FblllFblll blll<\/div>\n<div style=\"text-align: center;\"><\/div>\n<div style=\"text-align: center;\">BATBRUCE<\/div>\n<div style=\"text-align: center;\">Mais qu&rsquo;est-ce que c&rsquo;est dans le ciel, un oiseau, un avion ?<\/div>\n<div style=\"text-align: center;\"><\/div>\n<div style=\"text-align: center;\">VOIX OFF<\/div>\n<div style=\"text-align: center;\">Et&#8230; Super\u2026 euh, ouais, Super-rien du tout alias Ryu le fugu !<\/div>\n<div style=\"text-align: center;\">Face au lapin g\u00e9ant, nos h\u00e9ros r\u00e9alisent l\u2019impossible :<\/div>\n<div style=\"text-align: center;\">Ils comprennent que Bruce l\u2019\u00e9meu est BatBruce,<\/div>\n<div style=\"text-align: center;\">que Bill le bousier est BatBill,<\/div>\n<div style=\"text-align: center;\">et que Brill n\u2019existe pas, issu d\u2019une confusion de Giulietta entre le noms de ses soupirants, Bill et Bruce.<\/div>\n<div style=\"text-align: center;\"><\/div>\n<div style=\"text-align: center;\">GIULIETTA<\/div>\n<div style=\"text-align: center;\">Mon copain ? Mmmh&#8230;Brill, Bouce&#8230;euh, c&rsquo;est compliqu\u00e9!<\/div>\n<div style=\"text-align: center;\"><\/div>\n<div style=\"text-align: center;\">VOIX OFF<\/div>\n<div style=\"text-align: center;\">Vraiment ? Ce serait trop simple.<\/div>\n<div style=\"text-align: center;\">n\u2019oublions pas que Bill est amn\u00e9sique.<\/div>\n<div style=\"text-align: center;\">Et l\u00e0, bless\u00e9 dans le combat, le bousier a un flash-back.<\/div>\n<div style=\"text-align: center;\">Il se rappelle La reine des neiges qui le f\u00e9licite pour ses talents d\u2019interrogation en l\u2019appelant \u201csoldat Brill\u201d.<\/div>\n<div style=\"text-align: center;\">Le m\u00eame Bill qui a re\u00e7u, dans la soir\u00e9e Baywatch, une lettre anonyme de Korragen le corbeau<\/div>\n<div style=\"text-align: center;\">lui disant qu\u2019il savait qui il \u00e9tait.<\/div>\n<div style=\"text-align: center;\">Une lettre o\u00f9 l\u2019on apprend que le signal du justicier est envoy\u00e9 par Korragen le corbeau<\/div>\n<div style=\"text-align: center;\">pour donner rendez-vous \u00e0 Bill, que Korragen appelle Brill !<\/div>\n<div style=\"text-align: center;\">Bill serait donc un militaire nomm\u00e9 Brill aux ordres de la reine des neiges ?<\/div>\n<div style=\"text-align: center;\">Mais que fait-il dans l\u2019arche ?<\/div>\n<div style=\"text-align: center;\">Le myst\u00e8re de la m\u00e9moire de Bill s\u2019\u00e9claircit mais il reste encore des zones d\u2019ombres.<\/div>\n<div style=\"text-align: center;\">En attendant, Godzillapin est toujours l\u00e0<\/div>\n<div style=\"text-align: center;\">\u00e0 vouloir \u00e9craser les justiciers solitaires et les X-Animen dans un combat titanesque!<\/div>\n<div style=\"text-align: center;\">Finalement, c\u2019est Darryl Charwin, de retour sur sa Thundermoto<\/div>\n<div style=\"text-align: center;\">qui se d\u00e9barrasse du lapin g\u00e9ant et de Bruce en deux coups de Taser \u00e9lectrique.<\/div>\n<div style=\"text-align: center;\">Repartant aussi vite qu\u2019il est venu avec le lapin et l\u2019\u00e9meu comme prisonniers,<\/div>\n<div style=\"text-align: center;\"><\/div>\n<div style=\"text-align: center;\">CHARWIN<\/div>\n<div style=\"text-align: center;\">(bruit de d\u00e9charge \u00e9lectrique)<\/div>\n<div style=\"text-align: center;\">Ah, une d\u00e9charge de Taser \u00e0 8000 volts<\/div>\n<div style=\"text-align: center;\"><\/div>\n<div style=\"text-align: center;\">PETER PAN PAN<\/div>\n<div style=\"text-align: center;\">nooon !<\/div>\n<div style=\"text-align: center;\"><\/div>\n<div style=\"text-align: center;\">VOIX OFF<\/div>\n<div style=\"text-align: center;\">les X-Animen ont juste le temps d\u2019entendre que Charwin a ramen\u00e9 une machine du nebraska,<\/div>\n<div style=\"text-align: center;\">et qu\u2019il faut pr\u00e9venir Julius.<\/div>\n<div style=\"text-align: center;\">Nos h\u00e9ros retrouvent le hamster un peu dans les vapes apr\u00e8s sa chute en drone.<\/div>\n<div style=\"text-align: center;\">Apprenant la terrible nouvelle, Julius se met en t\u00eate d\u2019aller chercher Pamela Anderson.<\/div>\n<div style=\"text-align: center;\">On vous avait dit qu\u2019il \u00e9tait dans les vapes.<\/div>\n<div><\/div>\n<div style=\"text-align: center;\">LIVREUR<\/div>\n<div style=\"text-align: center;\">Excusez-moi, j&rsquo;ai une pizza pour SpiderVomitGirl ou MorvingVomit man.<\/div>\n<div style=\"text-align: center;\"><\/div>\n<div style=\"text-align: center;\">RYU<\/div>\n<div style=\"text-align: center;\">C&rsquo;est nous, enfin c&rsquo;est eux. C&rsquo;est la gloire les mecs.<\/div>\n<div style=\"text-align: center;\"><\/div>\n<div style=\"text-align: center;\">GIULIETTA<\/div>\n<div style=\"text-align: center;\">Mais c&rsquo;est n&rsquo;importe quoi surtout, on n&rsquo;a rien demand\u00e9.<\/div>\n<div style=\"text-align: center;\"><\/div>\n<div style=\"text-align: center;\">POAULO<\/div>\n<div style=\"text-align: center;\">Mais c&rsquo;est pas grave, j&rsquo;ai la dalle.<\/div>\n<div style=\"text-align: center;\"><\/div>\n<div style=\"text-align: center;\">BILL<\/div>\n<div style=\"text-align: center;\">Si vous avez rien command\u00e9, \u00e7a vient de qui alors ?<\/div>\n<div style=\"text-align: center;\"><\/div>\n<div style=\"text-align: center;\">VOIX OFF<\/div>\n<div style=\"text-align: center;\">Suite \u00e0 la livraison d\u2019une pizza myst\u00e8re qui parle<\/div>\n<div style=\"text-align: center;\">et leur demande d\u2019aller sauver Bruce retenu<\/div>\n<div style=\"text-align: center;\">dans la base secr\u00e8te de Charwin au fond du d\u00e9sert de l\u2019arche<\/div>\n<div style=\"text-align: center;\">pour emp\u00eacher le professeur de r\u00e9aliser la chim\u00e8re<\/div>\n<div style=\"text-align: center;\">qui repr\u00e9sente une menace pour le monde,<\/div>\n<div style=\"text-align: center;\">les X-Animen d\u00e9cident d\u2019accepter la mission de la pizza.<\/div>\n<div style=\"text-align: center;\">Bill a des doutes sur la pizza<\/div>\n<div style=\"text-align: center;\">et voyant le signal du justicier dans le ciel, pr\u00e9f\u00e8re aller en savoir plus sur son identit\u00e9.<\/div>\n<div style=\"text-align: center;\">Bien s\u00fbr, afin de gagner du temps, les X-Animen vont couper par le cimeti\u00e8re.<\/div>\n<div style=\"text-align: center;\">Non, ne cherchez pas de logique dans les d\u00e9cisions des X-Animen !<\/div>\n<div style=\"text-align: center;\">Pendant ce temps, dans la chocolaterie clandestine,<\/div>\n<div style=\"text-align: center;\">Rambo et ses cochons dingues re\u00e7oivent la visite d\u2019un cousin nomm\u00e9 El Gringo<\/div>\n<div style=\"text-align: center;\">qui leur r\u00e9v\u00e8le le secret de la mousse au chocolat de Peter Pan Pan :<\/div>\n<div style=\"text-align: center;\">Des marmottes dans la cave mangent des graines de cacao et d\u00e9f\u00e8quent dans la mousse.<\/div>\n<div style=\"text-align: center;\">Un broyeur m\u00e9lange tout cela pour cr\u00e9er la bonne mousse au chocolat addictive<\/div>\n<div style=\"text-align: center;\">\u00e0 laquelle tout le monde est accro.<\/div>\n<div style=\"text-align: center;\">El Gringo donne les trois commandements \u00e0 suivre pour ne pas provoquer la col\u00e8re destructrice des marmottes :<\/div>\n<div style=\"text-align: center;\">Ne pas allumer la lumi\u00e8re,<\/div>\n<div style=\"text-align: center;\">ne pas jouer avec les cojones des marmottes,<\/div>\n<div style=\"text-align: center;\">et ne pas sauter dans le broyeur.<\/div>\n<div style=\"text-align: center;\">Bien s\u00fbr, Augusto d\u00e9conne et El Gringo finit&#8230; dans le broyeur.<\/div>\n<div style=\"text-align: center;\">Quand Rambo et ses deux cr\u00e9tins d\u2019acolytes sortent de la cave pour \u00e9chapper aux marmottes enrag\u00e9es,<\/div>\n<div style=\"text-align: center;\">ils tombent sur une horde de cochons dingues devenus Zombies<\/div>\n<div style=\"text-align: center;\">apr\u00e8s avoir mang\u00e9 la mousse aux morceaux d\u2019El Gringo.<\/div>\n<div style=\"text-align: center;\">Apr\u00e8s une fuite endiabl\u00e9e dans la chocolaterie, et le sacrifice d\u2019Augusto transform\u00e9 en zombie en 28 secondes,<\/div>\n<div style=\"text-align: center;\">Rambo d\u00e9couvre que les zombies lui ob\u00e9issent.<\/div>\n<div style=\"text-align: center;\">La boucle est boucl\u00e9e avec le d\u00e9but ?<\/div>\n<div style=\"text-align: center;\">Presque, car qui se cache sous le costume de wookie ?<\/div>\n<div style=\"text-align: center;\">Pourquoi le soldat Brill a \u00e9t\u00e9 infiltr\u00e9 dans l\u2019arche par la reine des neiges ?<\/div>\n<div style=\"text-align: center;\">D\u2019ailleurs, qui est la reine des neiges ?<\/div>\n<div style=\"text-align: center;\">Et bon sang de bois, Qu\u2019est-ce que c\u2019est que cette machine du Nebraska ?<\/div>\n<div style=\"text-align: center;\">Et \u00e0 quoi ressemble cette myst\u00e9rieuse chim\u00e8re qui est un danger pour toutes les d\u00e9mocraties du monde<\/div>\n<div style=\"text-align: center;\">(et \u00e7a, c\u2019est la pizza qui l\u2019a dit) ?<\/div>\n<div style=\"text-align: center;\">Et d\u2019ailleurs, qui a envoy\u00e9 une pizza qui parle \u00e0 nos h\u00e9ros ?<\/div>\n<div style=\"text-align: center;\">\n<p>Tout cela, et plus encore, vous allez le d\u00e9couvrir dans la suite de Pamela Target !<\/p>\n<\/div>\n","protected":false},"excerpt":{"rendered":"<p>PT S02 HS: Previously Saison 2 Ep 0 \u00e0 19 Mais que s&rsquo;est-il pass\u00e9 depuis le d\u00e9but de la saison 2 ? Branche tes \u00e9couteurs et Bim ! Lance la lecture : https:\/\/radiopublic.com\/pamela-target-8XR1ee\/ep\/s1!32207 Pour avoir de nos nouvelles et d\u00e9couvrir des bonus, c&rsquo;est ici CLUB VIP PAMELA TARGET CREDITS Ecrit par Katia Grivot, David Neau [&hellip;]<\/p>\n","protected":false},"author":3,"featured_media":3150,"parent":0,"menu_order":0,"comment_status":"closed","ping_status":"closed","template":"","meta":{"footnotes":""},"class_list":["post-3139","page","type-page","status-publish","has-post-thumbnail","hentry"],"_links":{"self":[{"href":"https:\/\/www.pamelatarget.com\/index.php\/wp-json\/wp\/v2\/pages\/3139","targetHints":{"allow":["GET"]}}],"collection":[{"href":"https:\/\/www.pamelatarget.com\/index.php\/wp-json\/wp\/v2\/pages"}],"about":[{"href":"https:\/\/www.pamelatarget.com\/index.php\/wp-json\/wp\/v2\/types\/page"}],"author":[{"embeddable":true,"href":"https:\/\/www.pamelatarget.com\/index.php\/wp-json\/wp\/v2\/users\/3"}],"replies":[{"embeddable":true,"href":"https:\/\/www.pamelatarget.com\/index.php\/wp-json\/wp\/v2\/comments?post=3139"}],"version-history":[{"count":11,"href":"https:\/\/www.pamelatarget.com\/index.php\/wp-json\/wp\/v2\/pages\/3139\/revisions"}],"predecessor-version":[{"id":3174,"href":"https:\/\/www.pamelatarget.com\/index.php\/wp-json\/wp\/v2\/pages\/3139\/revisions\/3174"}],"wp:featuredmedia":[{"embeddable":true,"href":"https:\/\/www.pamelatarget.com\/index.php\/wp-json\/wp\/v2\/media\/3150"}],"wp:attachment":[{"href":"https:\/\/www.pamelatarget.com\/index.php\/wp-json\/wp\/v2\/media?parent=3139"}],"curies":[{"name":"wp","href":"https:\/\/api.w.org\/{rel}","templated":true}]}}