{"id":3086,"date":"2019-07-29T09:31:41","date_gmt":"2019-07-29T07:31:41","guid":{"rendered":"https:\/\/www.pamelatarget.com\/?page_id=3086"},"modified":"2019-07-29T09:32:04","modified_gmt":"2019-07-29T07:32:04","slug":"pt-s02-e19-rambo-of-the-dead","status":"publish","type":"page","link":"https:\/\/www.pamelatarget.com\/index.php\/pt-s02-e19-rambo-of-the-dead\/","title":{"rendered":"PT S02 E19 : Rambo of the dead"},"content":{"rendered":"<h2 style=\"text-align: center;\"><strong>PT S02 E19: Rambo of the dead<br \/>\n<\/strong><\/h2>\n<p style=\"text-align: center;\">Des zombies affam\u00e9s, deux cochons dingues apeur\u00e9s. Leur seul espoir r\u00e9side dans la fuite !<\/p>\n<p style=\"text-align: center;\">Branche tes \u00e9couteurs et Bim ! Lance la lecture :<\/p>\n<p>&nbsp;<\/p>\n<p><iframe loading=\"lazy\" sandbox=\"allow-same-origin allow-scripts allow-top-navigation allow-popups\" scrolling=no width=\"100%\" height=\"185\" frameborder=\"0\" src=\"https:\/\/embed.radiopublic.com\/e?if=pamela-target-8XR1ee&#038;ge=s1!882470b3c1fe4a4c696a9825feb9e95e3596c6fa\"><\/iframe><\/p>\n<p>&nbsp;<\/p>\n<p style=\"text-align: center;\">Pour avoir de nos nouvelles et d\u00e9couvrir des bonus,<\/p>\n<p style=\"text-align: center;\">c&rsquo;est ici<strong> <a href=\"https:\/\/www.pamelatarget.com\/index.php\/vip-club\/\">CLUB VIP PAMELA TARGET<\/a><\/strong><\/p>\n<h3><\/h3>\n<h3><strong>CREDITS<\/strong><\/h3>\n<p><strong>Ecrit par<\/strong> Katia Grivot, David Neau et Pascal Senicourt<\/p>\n<p><strong>R\u00e9alis\u00e9, mont\u00e9 et mix\u00e9<\/strong> <strong>par<\/strong> Katia Grivot<\/p>\n<p><strong>Anim\u00e9 pour Youtube par<\/strong> Pascal Senicourt<\/p>\n<p>&nbsp;<\/p>\n<h3><strong>Musiques <\/strong><\/h3>\n<p>G\u00e9n\u00e9rique par Domingo Olmo Martin, alias King of Punk<\/p>\n<p>&nbsp;<\/p>\n<h3><strong>Par ordre d&rsquo;apparition<\/strong><\/h3>\n<p>Augusto : David Neau<\/p>\n<p>Rambo : David Chamalet<\/p>\n<p>Domingo : J\u00e9r\u00f4me Th\u00e9venet<\/p>\n<p>&nbsp;<\/p>\n<h3><strong>Cr\u00e9dits sons <\/strong><\/h3>\n<p>Dans cet e\u0301pisode de nombreux sons sont tire\u0301s de <strong>Freesound<\/strong>. Voici l\u2019ensemble des cre\u0301dits concerne\u0301s :<\/p>\n<p>EN COURS DE REDACTION<\/p>\n<h2><strong>Tu peux aussi choisir un autre moyen d\u2019\u00e9coute. T\u2019inqui\u00e8te, c\u2019est gratuit :<\/strong><\/h2>\n<div class=\"aligncenter\"><a href=\"https:\/\/itunes.apple.com\/fr\/podcast\/pamela-target-saison-1\/id1347089265?mt=2\" target=\"_blank\" rel=\"noopener\"><img decoding=\"async\" class=\"size-medium wp-image-479 aligncenter\" src=\"https:\/\/www.pamelatarget.com\/wp-content\/uploads\/2018\/02\/Get_it_on_iTunes_Badge_FR_1114-300x109.png\" alt=\"\" width=\"200\" srcset=\"https:\/\/www.pamelatarget.com\/wp-content\/uploads\/2018\/02\/Get_it_on_iTunes_Badge_FR_1114-300x109.png 300w, https:\/\/www.pamelatarget.com\/wp-content\/uploads\/2018\/02\/Get_it_on_iTunes_Badge_FR_1114-768x279.png 768w, https:\/\/www.pamelatarget.com\/wp-content\/uploads\/2018\/02\/Get_it_on_iTunes_Badge_FR_1114-1024x372.png 1024w, https:\/\/www.pamelatarget.com\/wp-content\/uploads\/2018\/02\/Get_it_on_iTunes_Badge_FR_1114.png 1194w\" sizes=\"(max-width: 300px) 100vw, 300px\" \/><\/a><a href=\"https:\/\/soundcloud.com\/user-149328996\/pts02e01-quelle-belle-journee-a-la-madmax\" target=\"_blank\" rel=\"noopener\"><img decoding=\"async\" class=\"size-medium wp-image-477 aligncenter\" src=\"https:\/\/www.pamelatarget.com\/wp-content\/uploads\/2018\/02\/SoundCloud_logo_orange_color_plain.svg_-300x171.png\" alt=\"\" width=\"200\" srcset=\"https:\/\/www.pamelatarget.com\/wp-content\/uploads\/2018\/02\/SoundCloud_logo_orange_color_plain.svg_-300x171.png 300w, https:\/\/www.pamelatarget.com\/wp-content\/uploads\/2018\/02\/SoundCloud_logo_orange_color_plain.svg_-768x438.png 768w, https:\/\/www.pamelatarget.com\/wp-content\/uploads\/2018\/02\/SoundCloud_logo_orange_color_plain.svg_-1024x584.png 1024w, https:\/\/www.pamelatarget.com\/wp-content\/uploads\/2018\/02\/SoundCloud_logo_orange_color_plain.svg_.png 1200w\" sizes=\"(max-width: 300px) 100vw, 300px\" \/><\/a><a href=\"https:\/\/www.deezer.com\/fr\/episode\/5987417\" target=\"_blank\" rel=\"noopener\"><img decoding=\"async\" class=\"size-medium wp-image-574 aligncenter\" src=\"https:\/\/www.pamelatarget.com\/wp-content\/uploads\/2018\/02\/deezer-logo-300x168.png\" alt=\"\" width=\"200\" \/><\/a><a href=\"https:\/\/spoti.fi\/2OJzwUS\" target=\"_blank\" rel=\"noopener\"><img loading=\"lazy\" decoding=\"async\" width=\"300\" height=\"90\" class=\"size-medium wp-image-1572 aligncenter\" src=\"https:\/\/www.pamelatarget.com\/wp-content\/uploads\/2018\/11\/Spotify_Logo_RGB_Green-300x90.png\" alt=\"\" \/><\/a><a href=\"https:\/\/radiopublic.com\/pamela-target-8XR1ee\" target=\"_blank\" rel=\"noopener\"><img decoding=\"async\" class=\"size-medium wp-image-1572 aligncenter\" src=\"https:\/\/www.pamelatarget.com\/wp-content\/uploads\/2019\/02\/radiopublic.png\" alt=\"\" \/><\/a><\/div>\n<p><!--more--><\/p>\n<p>&nbsp;<\/p>\n<h2 style=\"text-align: center;\"><strong>Retranscription de l&rsquo;\u00e9pisode<\/strong><\/h2>\n<div style=\"text-align: center;\">\n<div class=\"audiolibrary-column audiolibrary-column-title\">\n<div>texte prot\u00e9g\u00e9 &#8211; reproduction interdite sans l&rsquo;accord des auteurs<\/div>\n<\/div>\n<div><\/div>\n<p>INT.\/ CHOCOLATERIE<\/p>\n<\/div>\n<div style=\"text-align: center;\">cri des 3\u2026 Groarr des zombies.<\/div>\n<div><\/div>\n<div style=\"text-align: center;\">DOMINGO<\/div>\n<div style=\"text-align: center;\">Putain ! A tous les coups, Augusto est en train de se transformer en zombie. File-moi ta montre Rambo !<\/div>\n<div><\/div>\n<div style=\"text-align: center;\">RAMBO<\/div>\n<div style=\"text-align: center;\">hein ? qu\u2019est-ce tu fous ? y faut pas rester ici !<\/div>\n<div><\/div>\n<div style=\"text-align: center;\">DOMINGO<\/div>\n<div style=\"text-align: center;\">attends ! Je chronom\u00e8tre combien de temps \u00e7a prend.<\/div>\n<div style=\"text-align: center;\">\n<p>R\u00e2le de Augusto.<\/p>\n<p>DOMINGO<\/p>\n<\/div>\n<div style=\"text-align: center;\">Il est transform\u00e9 ! 28 secondes ! Pur\u00e9e, c\u2019est du lourd.<\/div>\n<div><\/div>\n<div style=\"text-align: center;\">RAMBO<\/div>\n<div style=\"text-align: center;\">Euh, ils viennent vers nous, l\u00e0\u2026 Faut vraiment se barrer !<\/div>\n<div><\/div>\n<div style=\"text-align: center;\">Course de rambo et Domingo. ouverture du placard \u00e0 balais. claque.<\/div>\n<div><\/div>\n<div style=\"text-align: center;\">DOMINGO<\/div>\n<div style=\"text-align: center;\">non putain, \u00e7a c\u2019est le placard \u00e0 balais !<\/div>\n<div style=\"text-align: center;\"><\/div>\n<div style=\"text-align: center;\">RAMBO(terroris\u00e9)<\/div>\n<div style=\"text-align: center;\">quoi ! Y a pas de sortie de secours dans cette putain de chocolaterie clandestine!<\/div>\n<div><\/div>\n<div style=\"text-align: center;\">DOMINGO<\/div>\n<div style=\"text-align: center;\">Je leur ai toujours dit qu\u2019il fallait\u00a0 \u00eatre r\u00e9glo avec les normes de s\u00e9curit\u00e9, mais jamais personne ne m\u2019\u00e9coute! maintenant on est coinc\u00e9s.<\/div>\n<div><\/div>\n<div style=\"text-align: center;\">r\u00e2le des zombies tr\u00e8s nombreux.<\/div>\n<div style=\"text-align: center;\"><\/div>\n<div style=\"text-align: center;\">RAMBO<\/div>\n<div style=\"text-align: center;\">Faut qu\u2019on trouve des trucs \u00e0 leur balancer pour les ralentir.<\/div>\n<div><\/div>\n<div style=\"text-align: center;\">DOMINGO<\/div>\n<div style=\"text-align: center;\">Les vinyls ! \u00e7a marche contre les zombies ! Tiens !<\/div>\n<div><\/div>\n<div style=\"text-align: center;\">RAMBO<\/div>\n<div style=\"text-align: center;\">quoi ?<\/div>\n<div><\/div>\n<div style=\"text-align: center;\">DOMINGO<\/div>\n<div style=\"text-align: center;\">Tu leur balances le vinyl dans la tronche et ils clamsent. M\u00eame si techniquement, ils sont d\u00e9j\u00e0 morts puisque ce sont des zombies. Tu piges rambo ?<\/div>\n<div><\/div>\n<div style=\"text-align: center;\">RAMBO<\/div>\n<div style=\"text-align: center;\">Non&#8230;<\/div>\n<div><\/div>\n<div style=\"text-align: center;\">DOMINGO<\/div>\n<div style=\"text-align: center;\">putain, t\u2019es vraiment trop con\u00a0 ! Balance-leur des vinyls. Tu peux me faire confiance. J\u2019ai vu un max de films de zombies.<\/div>\n<div><\/div>\n<div style=\"text-align: center;\">RAMBO<\/div>\n<div style=\"text-align: center;\">Ok ! celui de la BAMBA !<\/div>\n<div><\/div>\n<div style=\"text-align: center;\">DOMINGO<\/div>\n<div style=\"text-align: center;\">NOON ! c\u2019est un collector celui-l\u00e0 tu ne peux pas faire ca \u00e0 nos cousins !<\/div>\n<div><\/div>\n<div style=\"text-align: center;\">RAMBO<\/div>\n<div style=\"text-align: center;\">pourquoi, puisque techniquement ils sont d\u00e9j\u00e0 morts !(lan\u00e7ant le vinyl)Merde ! rat\u00e9 ! file-m\u2019en un autre !<\/div>\n<div><\/div>\n<div style=\"text-align: center;\">DOMINGO<\/div>\n<div style=\"text-align: center;\">Vise p\u00e9pito, l\u00e0 !<\/div>\n<div><\/div>\n<div style=\"text-align: center;\">RAMBO<\/div>\n<div style=\"text-align: center;\">Pourquoi P\u00e9pito ?<\/div>\n<div><\/div>\n<div style=\"text-align: center;\">Lancer de vinyls.<\/div>\n<div><\/div>\n<div style=\"text-align: center;\">DOMINGO<\/div>\n<div style=\"text-align: center;\">parce que c\u2019est pas mon cousin pr\u00e9f\u00e9r\u00e9<\/div>\n<div><\/div>\n<div style=\"text-align: center;\">RAMBO<\/div>\n<div style=\"text-align: center;\">Ok&#8230; Ca les ralentit m\u00eame pas. qu\u2019est ce qu\u2019on peut faire ? ah si, j\u2019ai une id\u00e9e.<\/div>\n<div><\/div>\n<div style=\"text-align: center;\">Rambo saisit domingo.<\/div>\n<div style=\"text-align: center;\"><\/div>\n<div style=\"text-align: center;\">DOMINGO<\/div>\n<div style=\"text-align: center;\">Qu\u2019est-ce tu fous ?<\/div>\n<div><\/div>\n<div style=\"text-align: center;\">RAMBO<\/div>\n<div style=\"text-align: center;\">Domingo, je te sacrifie toi aussi.<\/div>\n<div><\/div>\n<div style=\"text-align: center;\">DOMINGO<\/div>\n<div style=\"text-align: center;\">T\u2019es con, je serai transform\u00e9 en 28 secondes, t\u2019auras pas le temps de fuir.<\/div>\n<div><\/div>\n<div style=\"text-align: center;\">RAMBO<\/div>\n<div style=\"text-align: center;\">Merde ! t\u2019as raison ! Je suis cuit !<\/div>\n<div><\/div>\n<div style=\"text-align: center;\">Raaaaahhh\u2026<\/div>\n<div><\/div>\n<div style=\"text-align: center;\">DOMINGO<\/div>\n<div style=\"text-align: center;\">Ils vont nous bouffer, on va finir comme Augusto.<\/div>\n<div><\/div>\n<div style=\"text-align: center;\">RAMBO(compl\u00e8tement paniqu\u00e9)<\/div>\n<div style=\"text-align: center;\">Noooon, piti\u00e9, arr\u00eatez ! Je suis trop jeune pour mourir !<\/div>\n<div><\/div>\n<div style=\"text-align: center;\">Silence.<\/div>\n<div><\/div>\n<div style=\"text-align: center;\">DOMINGO<\/div>\n<div style=\"text-align: center;\">Putain, les zombies se sont arr\u00eat\u00e9s! Merde, c\u2019est dingue. Comment t\u2019as fait \u00e7a ?<\/div>\n<div style=\"text-align: center;\">\n<p>A SUIVRE&#8230;<\/p>\n<\/div>\n","protected":false},"excerpt":{"rendered":"<p>PT S02 E19: Rambo of the dead Des zombies affam\u00e9s, deux cochons dingues apeur\u00e9s. Leur seul espoir r\u00e9side dans la fuite ! Branche tes \u00e9couteurs et Bim ! Lance la lecture : &nbsp; &nbsp; Pour avoir de nos nouvelles et d\u00e9couvrir des bonus, c&rsquo;est ici CLUB VIP PAMELA TARGET CREDITS Ecrit par Katia Grivot, David [&hellip;]<\/p>\n","protected":false},"author":1,"featured_media":3134,"parent":0,"menu_order":0,"comment_status":"closed","ping_status":"closed","template":"","meta":{"footnotes":""},"class_list":["post-3086","page","type-page","status-publish","has-post-thumbnail","hentry"],"_links":{"self":[{"href":"https:\/\/www.pamelatarget.com\/index.php\/wp-json\/wp\/v2\/pages\/3086","targetHints":{"allow":["GET"]}}],"collection":[{"href":"https:\/\/www.pamelatarget.com\/index.php\/wp-json\/wp\/v2\/pages"}],"about":[{"href":"https:\/\/www.pamelatarget.com\/index.php\/wp-json\/wp\/v2\/types\/page"}],"author":[{"embeddable":true,"href":"https:\/\/www.pamelatarget.com\/index.php\/wp-json\/wp\/v2\/users\/1"}],"replies":[{"embeddable":true,"href":"https:\/\/www.pamelatarget.com\/index.php\/wp-json\/wp\/v2\/comments?post=3086"}],"version-history":[{"count":7,"href":"https:\/\/www.pamelatarget.com\/index.php\/wp-json\/wp\/v2\/pages\/3086\/revisions"}],"predecessor-version":[{"id":3135,"href":"https:\/\/www.pamelatarget.com\/index.php\/wp-json\/wp\/v2\/pages\/3086\/revisions\/3135"}],"wp:featuredmedia":[{"embeddable":true,"href":"https:\/\/www.pamelatarget.com\/index.php\/wp-json\/wp\/v2\/media\/3134"}],"wp:attachment":[{"href":"https:\/\/www.pamelatarget.com\/index.php\/wp-json\/wp\/v2\/media?parent=3086"}],"curies":[{"name":"wp","href":"https:\/\/api.w.org\/{rel}","templated":true}]}}