{"id":3052,"date":"2019-07-18T11:40:39","date_gmt":"2019-07-18T09:40:39","guid":{"rendered":"https:\/\/www.pamelatarget.com\/?page_id=3052"},"modified":"2019-07-22T23:26:50","modified_gmt":"2019-07-22T21:26:50","slug":"pt-s02-e18-28-secondes-plus-tard","status":"publish","type":"page","link":"https:\/\/www.pamelatarget.com\/index.php\/pt-s02-e18-28-secondes-plus-tard\/","title":{"rendered":"PT S02 E18 : 28 secondes plus tard"},"content":{"rendered":"<h2 style=\"text-align: center;\"><strong>PT S02 E18: 28 secondes plus tard<br \/>\n<\/strong><\/h2>\n<p style=\"text-align: center;\"><span style=\"font-family: Times;\"><span style=\"font-size: medium;\">Se faire d\u00e9vorer par des marmottes ou par des zombies, il faut choisir !<\/span><\/span><\/p>\n<p style=\"text-align: center;\">Branche tes \u00e9couteurs et Bim ! Lance la lecture :<\/p>\n<p>&nbsp;<\/p>\n<p>https:\/\/radiopublic.com\/pamela-target-8XR1ee\/ep\/s1!6c6aa<\/p>\n<p style=\"text-align: center;\">Pour avoir de nos nouvelles et d\u00e9couvrir des bonus,<\/p>\n<p style=\"text-align: center;\">c&rsquo;est ici<strong> <a href=\"https:\/\/www.pamelatarget.com\/index.php\/vip-club\/\">CLUB VIP PAMELA TARGET<\/a><\/strong><\/p>\n<h3><\/h3>\n<h3><strong>CREDITS<\/strong><\/h3>\n<p><strong>Ecrit par<\/strong> Katia Grivot, David Neau et Pascal Senicourt<\/p>\n<p><strong>R\u00e9alis\u00e9, mont\u00e9 et mix\u00e9<\/strong> <strong>par<\/strong> Katia Grivot<\/p>\n<p><strong>Anim\u00e9 pour Youtube par<\/strong> Pascal Senicourt<\/p>\n<p>&nbsp;<\/p>\n<h3><strong>Musiques <\/strong><\/h3>\n<p>G\u00e9n\u00e9rique par Domingo Olmo Martin, alias King of Punk<\/p>\n<p>&nbsp;<\/p>\n<h3><strong>Par ordre d&rsquo;apparition<\/strong><\/h3>\n<p>Augusto : David Neau<\/p>\n<p>Rambo : David Chamalet<\/p>\n<p>Elgringodejakvabro : Dasara\u00ef-Yos<\/p>\n<p>Domingo : J\u00e9r\u00f4me Th\u00e9venet<\/p>\n<p>&nbsp;<\/p>\n<h3><strong>Cr\u00e9dits sons <\/strong><\/h3>\n<p>Dans cet e\u0301pisode de nombreux sons sont tire\u0301s de <strong>Freesound<\/strong>. Voici l\u2019ensemble des cre\u0301dits concerne\u0301s :<br \/>\n<br \/>\n<a href=\"https:\/\/freesound.org\/people\/cyberkineticfilms\/sounds\/111044\/\" target=\"_blank\" rel=\"noopener\">zombie-group-2-small.wav<\/a><br \/>\n<a href=\"https:\/\/freesound.org\/people\/maxdemianagl\/sounds\/183602\/\" target=\"_blank\" rel=\"noopener\">body-impact-wood.aiff<\/a><br \/>\n<a href=\"https:\/\/freesound.org\/people\/huminaatio\/sounds\/189281\/\" target=\"_blank\" rel=\"noopener\">zombie-breathing.wav<\/a><br \/>\n<a href=\"https:\/\/freesound.org\/people\/paulmorek\/sounds\/196719\/\" target=\"_blank\" rel=\"noopener\">sz-zombies-03.wav<\/a><br \/>\n<a href=\"https:\/\/freesound.org\/people\/spookymodem\/sounds\/202100\/\" target=\"_blank\" rel=\"noopener\">goblin-scream.wav<\/a><br \/>\n<a href=\"https:\/\/freesound.org\/people\/duckduckpony\/sounds\/204016\/\" target=\"_blank\" rel=\"noopener\">clothing-shirtsandpants-rustling (4)_1.wav<\/a><br \/>\n<a href=\"https:\/\/freesound.org\/people\/soykevin\/sounds\/213509\/\" target=\"_blank\" rel=\"noopener\">zombie-attack.wav<\/a><br \/>\n<a href=\"https:\/\/freesound.org\/people\/viertelnachvier\/sounds\/249637\/\" target=\"_blank\" rel=\"noopener\">factory2 (1)-24b.wav<\/a><br \/>\n<a href=\"https:\/\/freesound.org\/people\/jennerallydrawing\/sounds\/260907\/\" target=\"_blank\" rel=\"noopener\">erin-gremlin-coughs.wav<\/a><br \/>\n<a href=\"https:\/\/freesound.org\/people\/tyops\/sounds\/263998\/\" target=\"_blank\" rel=\"noopener\">scary-suspense.wav<\/a><br \/>\n<a href=\"https:\/\/freesound.org\/people\/craziwolf\/sounds\/268532\/\" target=\"_blank\" rel=\"noopener\">zombie-growl (1).wav<\/a><br \/>\n<a href=\"https:\/\/freesound.org\/people\/isaria\/sounds\/321527\/\" target=\"_blank\" rel=\"noopener\">zombiesequence (1)_1.wav<\/a><br \/>\n<a href=\"https:\/\/freesound.org\/people\/ylearkisto\/sounds\/322871\/\" target=\"_blank\" rel=\"noopener\">kivimurskaamo-kivilouhos-quarry-crushing-plant-crusher-breaker-big-jaws-crushing-pounding-rocks.wav<\/a><br \/>\n<a href=\"https:\/\/freesound.org\/people\/adam-n\/sounds\/325270\/\" target=\"_blank\" rel=\"noopener\">body-fall-1 (1).wav<\/a><br \/>\n<a href=\"https:\/\/freesound.org\/people\/alexmurphy53\/sounds\/328458\/\" target=\"_blank\" rel=\"noopener\">running-on-a-concrete-floor.wav<\/a><br \/>\n<a href=\"https:\/\/freesound.org\/people\/glaneur-de-sons\/sounds\/34172\/\" target=\"_blank\" rel=\"noopener\">woosh-02 (1).wav<\/a><br \/>\n<a href=\"https:\/\/freesound.org\/people\/inspectorj\/sounds\/346212\/\" target=\"_blank\" rel=\"noopener\">door-squeak-normal-d.wav<\/a><br \/>\n<a href=\"https:\/\/freesound.org\/people\/inspectorj\/sounds\/352102\/\" target=\"_blank\" rel=\"noopener\">splash-jumping-h.wav<\/a><br \/>\n<a href=\"https:\/\/freesound.org\/people\/crocytc\/sounds\/353061\/\" target=\"_blank\" rel=\"noopener\">zombie3.wav<\/a><br \/>\n<a href=\"https:\/\/freesound.org\/people\/gerainsan\/sounds\/354168\/\" target=\"_blank\" rel=\"noopener\">long-noisy-pitched-woosh.wav<\/a><br \/>\n<a href=\"https:\/\/freesound.org\/people\/elliotrambach\/sounds\/371279\/\" target=\"_blank\" rel=\"noopener\">dog-gremlin.wav<\/a><br \/>\n<a href=\"https:\/\/freesound.org\/people\/taure\/sounds\/387068\/\" target=\"_blank\" rel=\"noopener\">chitter-24b_1.wav<\/a><br \/>\n<a href=\"https:\/\/freesound.org\/people\/taure\/sounds\/387068\/\" target=\"_blank\" rel=\"noopener\">chitter-24b_2.wav<\/a><br \/>\n<a href=\"https:\/\/freesound.org\/people\/balloonhead\/sounds\/410537\/\" target=\"_blank\" rel=\"noopener\">count-30-to-0.wav<\/a><br \/>\n<a href=\"https:\/\/freesound.org\/people\/mrh4hn\/sounds\/426628\/\" target=\"_blank\" rel=\"noopener\">zombie-moan.wav<\/a><br \/>\n<a href=\"https:\/\/freesound.org\/people\/mrh4hn\/sounds\/426637\/\" target=\"_blank\" rel=\"noopener\">zombie-choking.wav<\/a><br \/>\n<a href=\"https:\/\/freesound.org\/people\/inspectorj\/sounds\/431118\/\" target=\"_blank\" rel=\"noopener\">door-front-closing-a.wav<\/a><br \/>\n<a href=\"https:\/\/freesound.org\/people\/kyles\/sounds\/454067\/\" target=\"_blank\" rel=\"noopener\">light-bulb-hum-buzz3.wav<\/a><br \/>\n<a href=\"https:\/\/freesound.org\/people\/kooust\/sounds\/455536\/\" target=\"_blank\" rel=\"noopener\">bodyfall-on-carpet.wav<\/a><br \/>\n<a href=\"https:\/\/freesound.org\/people\/15gpanskabokstefflova-nicola\/sounds\/461521\/\" target=\"_blank\" rel=\"noopener\">dog-running-on-wood-floor-1.wav<\/a><br \/>\n<a href=\"https:\/\/freesound.org\/people\/steinhyrningur\/sounds\/466864\/\" target=\"_blank\" rel=\"noopener\">door-closing-door-closed (1).wav<\/a><br \/>\n<a href=\"https:\/\/freesound.org\/people\/razzvio\/sounds\/79569\/\" target=\"_blank\" rel=\"noopener\">metal-sheet-bang_1.wav<\/a><br \/>\n<a href=\"https:\/\/freesound.org\/people\/cjosephwalker\/sounds\/94851\/\" target=\"_blank\" rel=\"noopener\">foley-body-fall-impact.wav<\/a><\/p>\n<h2><strong>Tu peux aussi choisir un autre moyen d\u2019\u00e9coute. T\u2019inqui\u00e8te, c\u2019est gratuit :<\/strong><\/h2>\n<div class=\"aligncenter\"><a href=\"https:\/\/itunes.apple.com\/fr\/podcast\/pamela-target-saison-1\/id1347089265?mt=2\" target=\"_blank\" rel=\"noopener\"><img decoding=\"async\" class=\"size-medium wp-image-479 aligncenter\" src=\"https:\/\/www.pamelatarget.com\/wp-content\/uploads\/2018\/02\/Get_it_on_iTunes_Badge_FR_1114-300x109.png\" alt=\"\" width=\"200\" srcset=\"https:\/\/www.pamelatarget.com\/wp-content\/uploads\/2018\/02\/Get_it_on_iTunes_Badge_FR_1114-300x109.png 300w, https:\/\/www.pamelatarget.com\/wp-content\/uploads\/2018\/02\/Get_it_on_iTunes_Badge_FR_1114-768x279.png 768w, https:\/\/www.pamelatarget.com\/wp-content\/uploads\/2018\/02\/Get_it_on_iTunes_Badge_FR_1114-1024x372.png 1024w, https:\/\/www.pamelatarget.com\/wp-content\/uploads\/2018\/02\/Get_it_on_iTunes_Badge_FR_1114.png 1194w\" sizes=\"(max-width: 300px) 100vw, 300px\" \/><\/a><a href=\"https:\/\/soundcloud.com\/user-149328996\/pts02e01-quelle-belle-journee-a-la-madmax\" target=\"_blank\" rel=\"noopener\"><img decoding=\"async\" class=\"size-medium wp-image-477 aligncenter\" src=\"https:\/\/www.pamelatarget.com\/wp-content\/uploads\/2018\/02\/SoundCloud_logo_orange_color_plain.svg_-300x171.png\" alt=\"\" width=\"200\" srcset=\"https:\/\/www.pamelatarget.com\/wp-content\/uploads\/2018\/02\/SoundCloud_logo_orange_color_plain.svg_-300x171.png 300w, https:\/\/www.pamelatarget.com\/wp-content\/uploads\/2018\/02\/SoundCloud_logo_orange_color_plain.svg_-768x438.png 768w, https:\/\/www.pamelatarget.com\/wp-content\/uploads\/2018\/02\/SoundCloud_logo_orange_color_plain.svg_-1024x584.png 1024w, https:\/\/www.pamelatarget.com\/wp-content\/uploads\/2018\/02\/SoundCloud_logo_orange_color_plain.svg_.png 1200w\" sizes=\"(max-width: 300px) 100vw, 300px\" \/><\/a><a href=\"https:\/\/www.deezer.com\/fr\/episode\/5987417\" target=\"_blank\" rel=\"noopener\"><img decoding=\"async\" class=\"size-medium wp-image-574 aligncenter\" src=\"https:\/\/www.pamelatarget.com\/wp-content\/uploads\/2018\/02\/deezer-logo-300x168.png\" alt=\"\" width=\"200\" \/><\/a><a href=\"https:\/\/spoti.fi\/2OJzwUS\" target=\"_blank\" rel=\"noopener\"><img loading=\"lazy\" decoding=\"async\" width=\"300\" height=\"90\" class=\"size-medium wp-image-1572 aligncenter\" src=\"https:\/\/www.pamelatarget.com\/wp-content\/uploads\/2018\/11\/Spotify_Logo_RGB_Green-300x90.png\" alt=\"\" \/><\/a><a href=\"https:\/\/radiopublic.com\/pamela-target-8XR1ee\" target=\"_blank\" rel=\"noopener\"><img decoding=\"async\" class=\"size-medium wp-image-1572 aligncenter\" src=\"https:\/\/www.pamelatarget.com\/wp-content\/uploads\/2019\/02\/radiopublic.png\" alt=\"\" \/><\/a><\/div>\n<p><!--more--><\/p>\n<p>&nbsp;<\/p>\n<h2 style=\"text-align: center;\"><strong>Retranscription de l&rsquo;\u00e9pisode<\/strong><\/h2>\n<div style=\"text-align: center;\">\n<div class=\"audiolibrary-column audiolibrary-column-title\">\n<div>texte prot\u00e9g\u00e9 &#8211; reproduction interdite sans l&rsquo;accord des auteurs<\/div>\n<div><\/div>\n<\/div>\n<\/div>\n<div>\n<div>\n<div class=\"audiolibrary-column audiolibrary-column-title\" style=\"text-align: center;\">INT.JOUR CAVE CHOCOLATERIE<\/div>\n<div class=\"audiolibrary-column audiolibrary-column-title\" style=\"text-align: center;\">Ambiance plus sombre. Cris de la marmotte, cris des autres marmottes.<\/div>\n<div><\/div>\n<div>\n<div class=\"audiolibrary-column audiolibrary-column-title\" style=\"text-align: center;\">DOMINGO<\/div>\n<div class=\"audiolibrary-column audiolibrary-column-title\" style=\"text-align: center;\">On voit rien dans les escaliers, h\u00e9 El Gato, allume !<\/div>\n<\/div>\n<div style=\"text-align: center;\">\n<div><\/div>\n<div class=\"audiolibrary-column audiolibrary-column-title\">EL GRINGO<\/div>\n<div class=\"audiolibrary-column audiolibrary-column-title\">no puedo. Y a treis commandemant\u00e8s \u00e0 respecter.<\/div>\n<div class=\"audiolibrary-column audiolibrary-column-title\">Pas allumer la lumi\u00e8re, pas jouer avec les cojones des marmottes et pas sauter dans le broyeur.<\/div>\n<\/div>\n<div>\n<div class=\"audiolibrary-column audiolibrary-column-title\" style=\"text-align: center;\">Sauve qui peut ! Vous les avez effleur\u00e9e, elles se sont rendues comptes qu\u2019elles sont expos\u00e9es.<\/div>\n<div style=\"text-align: center;\"><\/div>\n<div>\n<div style=\"text-align: center;\">DOMINGO<\/div>\n<div style=\"text-align: center;\">Putain! elles mordent fort !<\/div>\n<div>\n<div style=\"text-align: center;\"><\/div>\n<div style=\"text-align: center;\">EL GRINGO<\/div>\n<div style=\"text-align: center;\">A l\u2019aide !!<\/div>\n<div style=\"text-align: center;\">\n<div><\/div>\n<div>RAMBO<\/div>\n<div>Le con, il est tomb\u00e9 dans le broyeur.<\/div>\n<\/div>\n<div style=\"text-align: center;\">\n<div><\/div>\n<div>EL GRINGO<\/div>\n<div>Non,\u00a0 piti\u00e9, noon ! haaaaaa !<\/div>\n<\/div>\n<div style=\"text-align: center;\">\n<div><\/div>\n<\/div>\n<div>\n<div style=\"text-align: center;\">RAMBO(murmurant)<\/div>\n<div style=\"text-align: center;\">Fermez-la, on se casse en douceur.<\/div>\n<\/div>\n<\/div>\n<\/div>\n<\/div>\n<\/div>\n<div><\/div>\n<div style=\"text-align: center;\">Fermeture de la porte de la cave.<\/div>\n<div><\/div>\n<div style=\"text-align: center;\">INT.\/ CHOCOLATERIE<\/div>\n<div><\/div>\n<div style=\"text-align: center;\">RAMBO<\/div>\n<div style=\"text-align: center;\">On s\u2019en est sorti. Bon, on a le stock de f\u00e8ves de cacao de El Macdo, on va g\u00e9rer. Maintenant Augusto, faut nettoyer la cuve rapport aux morceaux d\u2019El Garbo qui doivent flotter dedans.<\/div>\n<div><\/div>\n<div style=\"text-align: center;\">AUGUSTO<\/div>\n<div style=\"text-align: center;\">Quoi ? mais pourquoi moi ?<\/div>\n<div><\/div>\n<div style=\"text-align: center;\">RAMBO<\/div>\n<div style=\"text-align: center;\">Peut-\u00eatre parce que c\u2019est toi qui a mat\u00e9 les coucouilles des marmottes ET QUI A FOUTU LA MERDE !<\/div>\n<div><\/div>\n<div style=\"text-align: center;\">Greuuu, graaa, grooooo&#8230;<\/div>\n<div><\/div>\n<div style=\"text-align: center;\">DOMINGO<\/div>\n<div style=\"text-align: center;\">Rambo ! Regarde PipoSaxo, CreChendo, Zucchero\u2026 putain ils font flipper !<\/div>\n<div><\/div>\n<div style=\"text-align: center;\">RAMBO<\/div>\n<div style=\"text-align: center;\">Pourquoi ils marchent comme \u00e7a ? ha mais c\u2019est d\u00e9gueulasse, pourquoi monsanto il tient sa t\u00eate dans sa main ?<\/div>\n<div><\/div>\n<div style=\"text-align: center;\">AUGUSTO<\/div>\n<div style=\"text-align: center;\">Vous \u00eates vraiment des trouillards ! C\u2019est qu\u2019une blague ! R\u2019gardez Placebo ! il est comme d\u2019hab ! h\u00e9 Placebo !<\/div>\n<div><\/div>\n<div style=\"text-align: center;\">PLACEBO<\/div>\n<div style=\"text-align: center;\">\n<p>Groah<\/p>\n<p>DOMINGO<\/p>\n<\/div>\n<div style=\"text-align: center;\">C\u2019est normal, qu\u2019il grogne comme \u00e7a, avec de la mousse plein la bouche ?<\/div>\n<div><\/div>\n<div style=\"text-align: center;\">RAMBO<\/div>\n<div style=\"text-align: center;\">Non c\u2019est pas bon signe ! pas bon signe du tout \u00e7a ! Tirons-nous !<\/div>\n<div><\/div>\n<div style=\"text-align: center;\">Domingo rouvre la porte de la cave. on entend les marmottes.<\/div>\n<div><\/div>\n<div style=\"text-align: center;\">DOMINGO<\/div>\n<div style=\"text-align: center;\">Non Pas par l\u00e0, c\u2019est la cave et les marmottes !<\/div>\n<div><\/div>\n<div style=\"text-align: center;\">Domingo referme pr\u00e9cipitamment la porte de la cave.<\/div>\n<div><\/div>\n<div style=\"text-align: center;\">DOMINGO(esquivant les coups)<\/div>\n<div style=\"text-align: center;\">Putain ! Placebo a essay\u00e9 de me griffer.<\/div>\n<div><\/div>\n<div style=\"text-align: center;\">Domingo tente d\u2019esquiver les coups de griffes des zombies.<\/div>\n<div><\/div>\n<div style=\"text-align: center;\">RAMBO<\/div>\n<div style=\"text-align: center;\">Vite! L\u00e0-bas ! la sortie de secours !<\/div>\n<div><\/div>\n<div style=\"text-align: center;\">AUGUSTO<\/div>\n<div style=\"text-align: center;\">Ahhh! ils nous courent apr\u00e8s !<\/div>\n<div><\/div>\n<div style=\"text-align: center;\">cri des 3\u2026 Groarr des zombies.<\/div>\n<div><\/div>\n<div style=\"text-align: center;\">RAMBO<\/div>\n<div style=\"text-align: center;\">On va pas s\u2019en sortir ! Ils sont trop nombreux<\/div>\n<div><\/div>\n<div style=\"text-align: center;\">AUGUSTO<\/div>\n<div style=\"text-align: center;\">Ah l\u00e2che-moi rambo ! qu\u2019est que tu fais ?<\/div>\n<div><\/div>\n<div style=\"text-align: center;\">RAMBO<\/div>\n<div style=\"text-align: center;\">Je te sacrifie !<\/div>\n<div><\/div>\n<div style=\"text-align: center;\">Augusto hurle.<\/div>\n<div>\n<div style=\"text-align: center;\">GREEEUUUUU.<\/div>\n<div style=\"text-align: center;\"><\/div>\n<div style=\"text-align: center;\">AUGUSTO<\/div>\n<div style=\"text-align: center;\">Non \u00e0 l\u2019aide !!!<\/div>\n<div style=\"text-align: center;\"><\/div>\n<div style=\"text-align: center;\">DOMINGO<\/div>\n<div style=\"text-align: center;\">les cousins Carlito, Argento, Damiano, m\u00eame Romero, ils ont attrap\u00e9 Augusto !\u00a0 ahhh ils sont en train de le mordre!<\/div>\n<div style=\"text-align: center;\"><\/div>\n<div style=\"text-align: center;\">RAMBO (cri d\u2019augusto)<\/div>\n<div style=\"text-align: center;\">Merde ! mais, mais, Qu\u2019est-ce qui lui arrive ?\u00a0 Il arr\u00eate pas de se tordre. Il bave.<\/div>\n<div style=\"text-align: center;\"><\/div>\n<div style=\"text-align: center;\">DOMINGO<\/div>\n<div style=\"text-align: center;\">Putain ! A tous les coups, augusto est en train de se transformer en zombie. File-moi ta montre Rambo !<\/div>\n<div style=\"text-align: center;\"><\/div>\n<div style=\"text-align: center;\">RAMBO<\/div>\n<div style=\"text-align: center;\">hein ? qu\u2019est-ce tu fous ? y faut pas rester ici !<\/div>\n<div style=\"text-align: center;\"><\/div>\n<div style=\"text-align: center;\">DOMINGO<\/div>\n<div style=\"text-align: center;\">attends ! Je chronom\u00e8tre combien de temps \u00e7a prend.<\/div>\n<div style=\"text-align: center;\">\n<p>R\u00e2le de Augusto. d\u00e9compte voix nasa \u00ab\u00a00, 1, 2, 3, 4, 5, 6, 7, 8, embrouillement dans le d\u00e9compte, 28 !\u00a0\u00bb<\/p>\n<p>DOMINGO<\/p>\n<\/div>\n<div style=\"text-align: center;\">Il est transform\u00e9 ! 28 secondes ! Pur\u00e9e, c\u2019est du lourd.<\/div>\n<\/div>\n<div style=\"text-align: center;\"><\/div>\n<div style=\"text-align: center;\">A SUIVRE&#8230;<\/div>\n<div>\n<div><\/div>\n<\/div>\n<\/div>\n","protected":false},"excerpt":{"rendered":"<p>PT S02 E18: 28 secondes plus tard Se faire d\u00e9vorer par des marmottes ou par des zombies, il faut choisir ! Branche tes \u00e9couteurs et Bim ! Lance la lecture : &nbsp; https:\/\/radiopublic.com\/pamela-target-8XR1ee\/ep\/s1!6c6aa Pour avoir de nos nouvelles et d\u00e9couvrir des bonus, c&rsquo;est ici CLUB VIP PAMELA TARGET CREDITS Ecrit par Katia Grivot, David Neau [&hellip;]<\/p>\n","protected":false},"author":1,"featured_media":3095,"parent":0,"menu_order":0,"comment_status":"closed","ping_status":"closed","template":"","meta":{"footnotes":""},"class_list":["post-3052","page","type-page","status-publish","has-post-thumbnail","hentry"],"_links":{"self":[{"href":"https:\/\/www.pamelatarget.com\/index.php\/wp-json\/wp\/v2\/pages\/3052","targetHints":{"allow":["GET"]}}],"collection":[{"href":"https:\/\/www.pamelatarget.com\/index.php\/wp-json\/wp\/v2\/pages"}],"about":[{"href":"https:\/\/www.pamelatarget.com\/index.php\/wp-json\/wp\/v2\/types\/page"}],"author":[{"embeddable":true,"href":"https:\/\/www.pamelatarget.com\/index.php\/wp-json\/wp\/v2\/users\/1"}],"replies":[{"embeddable":true,"href":"https:\/\/www.pamelatarget.com\/index.php\/wp-json\/wp\/v2\/comments?post=3052"}],"version-history":[{"count":6,"href":"https:\/\/www.pamelatarget.com\/index.php\/wp-json\/wp\/v2\/pages\/3052\/revisions"}],"predecessor-version":[{"id":3128,"href":"https:\/\/www.pamelatarget.com\/index.php\/wp-json\/wp\/v2\/pages\/3052\/revisions\/3128"}],"wp:featuredmedia":[{"embeddable":true,"href":"https:\/\/www.pamelatarget.com\/index.php\/wp-json\/wp\/v2\/media\/3095"}],"wp:attachment":[{"href":"https:\/\/www.pamelatarget.com\/index.php\/wp-json\/wp\/v2\/media?parent=3052"}],"curies":[{"name":"wp","href":"https:\/\/api.w.org\/{rel}","templated":true}]}}