{"id":2967,"date":"2019-06-24T23:24:09","date_gmt":"2019-06-24T21:24:09","guid":{"rendered":"https:\/\/www.pamelatarget.com\/?page_id=2967"},"modified":"2019-06-24T23:30:10","modified_gmt":"2019-06-24T21:30:10","slug":"reglement-concours","status":"publish","type":"page","link":"https:\/\/www.pamelatarget.com\/index.php\/reglement-concours\/","title":{"rendered":"reglement concours"},"content":{"rendered":"<p>Bonjour \u00e0 toutes et \u00e0 tous,<\/p>\n<p>Voil\u00e0 le lien vers le reglement du concours de Pamela Target: La soir\u00e9e Baywatch: Merci de votre participation<\/p>\n<p><a href=\"https:\/\/www.pamelatarget.com\/wp-content\/uploads\/2019\/06\/ReglementPamTAr.docx-1.pdf\">https:\/\/www.pamelatarget.com\/wp-content\/uploads\/2019\/06\/ReglementPamTAr.docx-1.pdf<\/a><\/p>\n<p><img loading=\"lazy\" decoding=\"async\" width=\"1024\" height=\"1024\" class=\"aligncenter size-large wp-image-2972\" src=\"https:\/\/www.pamelatarget.com\/wp-content\/uploads\/2019\/06\/jeu-concoursPT-1024x1024.jpg\" alt=\"\" srcset=\"https:\/\/www.pamelatarget.com\/wp-content\/uploads\/2019\/06\/jeu-concoursPT-1024x1024.jpg 1024w, https:\/\/www.pamelatarget.com\/wp-content\/uploads\/2019\/06\/jeu-concoursPT-150x150.jpg 150w, https:\/\/www.pamelatarget.com\/wp-content\/uploads\/2019\/06\/jeu-concoursPT-300x300.jpg 300w, https:\/\/www.pamelatarget.com\/wp-content\/uploads\/2019\/06\/jeu-concoursPT-768x768.jpg 768w, https:\/\/www.pamelatarget.com\/wp-content\/uploads\/2019\/06\/jeu-concoursPT.jpg 1600w\" sizes=\"auto, (max-width: 1024px) 100vw, 1024px\" \/><\/p>\n","protected":false},"excerpt":{"rendered":"<p>Bonjour \u00e0 toutes et \u00e0 tous, Voil\u00e0 le lien vers le reglement du concours de Pamela Target: La soir\u00e9e Baywatch: Merci de votre participation https:\/\/www.pamelatarget.com\/wp-content\/uploads\/2019\/06\/ReglementPamTAr.docx-1.pdf<\/p>\n","protected":false},"author":1,"featured_media":2972,"parent":0,"menu_order":0,"comment_status":"closed","ping_status":"closed","template":"","meta":{"footnotes":""},"class_list":["post-2967","page","type-page","status-publish","has-post-thumbnail","hentry"],"_links":{"self":[{"href":"https:\/\/www.pamelatarget.com\/index.php\/wp-json\/wp\/v2\/pages\/2967","targetHints":{"allow":["GET"]}}],"collection":[{"href":"https:\/\/www.pamelatarget.com\/index.php\/wp-json\/wp\/v2\/pages"}],"about":[{"href":"https:\/\/www.pamelatarget.com\/index.php\/wp-json\/wp\/v2\/types\/page"}],"author":[{"embeddable":true,"href":"https:\/\/www.pamelatarget.com\/index.php\/wp-json\/wp\/v2\/users\/1"}],"replies":[{"embeddable":true,"href":"https:\/\/www.pamelatarget.com\/index.php\/wp-json\/wp\/v2\/comments?post=2967"}],"version-history":[{"count":5,"href":"https:\/\/www.pamelatarget.com\/index.php\/wp-json\/wp\/v2\/pages\/2967\/revisions"}],"predecessor-version":[{"id":2976,"href":"https:\/\/www.pamelatarget.com\/index.php\/wp-json\/wp\/v2\/pages\/2967\/revisions\/2976"}],"wp:featuredmedia":[{"embeddable":true,"href":"https:\/\/www.pamelatarget.com\/index.php\/wp-json\/wp\/v2\/media\/2972"}],"wp:attachment":[{"href":"https:\/\/www.pamelatarget.com\/index.php\/wp-json\/wp\/v2\/media?parent=2967"}],"curies":[{"name":"wp","href":"https:\/\/api.w.org\/{rel}","templated":true}]}}