{"id":2935,"date":"2019-06-28T10:34:47","date_gmt":"2019-06-28T08:34:47","guid":{"rendered":"https:\/\/www.pamelatarget.com\/?page_id=2935"},"modified":"2019-07-22T23:24:44","modified_gmt":"2019-07-22T21:24:44","slug":"pts02e15-hamsters-are-forever","status":"publish","type":"page","link":"https:\/\/www.pamelatarget.com\/index.php\/pts02e15-hamsters-are-forever\/","title":{"rendered":"PTS02E15 : Hamsters are forever"},"content":{"rendered":"<h2 style=\"text-align: center;\"><strong>PT S02 E15: Hamsters are forever<br \/>\n<\/strong><\/h2>\n<p style=\"text-align: center;\">Une mission, un objectif et&#8230; des avis diff\u00e9rent pour y parvenir !<\/p>\n<p style=\"text-align: center;\">Branche tes \u00e9couteurs et Bim ! Lance la lecture :<\/p>\n<p>https:\/\/radiopublic.com\/pamela-target-8XR1ee\/ep\/s1!09fc4<\/p>\n<p style=\"text-align: center;\">Pour avoir de nos nouvelles et d\u00e9couvrir des bonus,<\/p>\n<p style=\"text-align: center;\">c&rsquo;est ici<strong> <a href=\"https:\/\/www.pamelatarget.com\/index.php\/vip-club\/\">CLUB VIP PAMELA TARGET<\/a><\/strong><\/p>\n<p>&nbsp;<\/p>\n<h3><strong>CREDITS<\/strong><\/h3>\n<p><strong>Ecrit par<\/strong> Katia Grivot, David Neau et Pascal Senicourt<\/p>\n<p><strong>R\u00e9alis\u00e9, mont\u00e9 et mix\u00e9<\/strong> <strong>par<\/strong> Katia Grivot<\/p>\n<p><strong>Anim\u00e9 pour Youtube par<\/strong> Pascal Senicourt<\/p>\n<p>&nbsp;<\/p>\n<h3><strong>Musiques <\/strong><\/h3>\n<p>G\u00e9n\u00e9rique par Domingo Olmo Martin, alias King of Punk<\/p>\n<p>&nbsp;<\/p>\n<h3><strong>Par ordre d&rsquo;apparition<\/strong><\/h3>\n<p>Pizza : David Chamalet<\/p>\n<p>Ryu le fugu : David Neau<\/p>\n<p>Paulo le Blaireau : Pascal Senicourt<\/p>\n<p>Julius Washington le hamster : Domingo Olmo Martin alias King of Punk<\/p>\n<p>Giulietta la cochonne : Grika<\/p>\n<p>Bill le bousier : J\u00e9r\u00f4me Th\u00e9venet<\/p>\n<p>&nbsp;<\/p>\n<h3><strong>Cr\u00e9dits sons <\/strong><\/h3>\n<p>Dans cet e\u0301pisode de nombreux sons sont tire\u0301s de <strong>Freesound<\/strong>. Voici l\u2019ensemble des cre\u0301dits concerne\u0301s :<br \/>\n<br \/>\n<a href=\"https:\/\/freesound.org\/people\/dymewiz\/sounds\/114390\/\" target=\"_blank\" rel=\"noopener\">footsteps-snow-sand-01.wav<\/a><br \/>\n<a href=\"https:\/\/freesound.org\/people\/quistard\/sounds\/163343\/\" target=\"_blank\" rel=\"noopener\">bag-down-3.wav<\/a><br \/>\n<a href=\"https:\/\/freesound.org\/people\/abouch\/sounds\/174939\/\" target=\"_blank\" rel=\"noopener\">walking-on-gravel.wav<\/a><br \/>\n<a href=\"https:\/\/freesound.org\/people\/mrauralization\/sounds\/320844\/\" target=\"_blank\" rel=\"noopener\">vhs-cassette-play.wav<\/a><br \/>\n<a href=\"https:\/\/freesound.org\/people\/axelspeller\/sounds\/369747\/\" target=\"_blank\" rel=\"noopener\">cardboard-hit-02.wav<\/a><br \/>\n<a href=\"https:\/\/freesound.org\/people\/simplewave\/sounds\/372876\/\" target=\"_blank\" rel=\"noopener\">tape-recorder-rewind-fanmade.wav<\/a><br \/>\n<a href=\"https:\/\/freesound.org\/people\/13fpanska-kolar-jan\/sounds\/378633\/\" target=\"_blank\" rel=\"noopener\">fire-match.wav<\/a><br \/>\n<a href=\"https:\/\/freesound.org\/people\/13fpanska-kolar-jan\/sounds\/378641\/\" target=\"_blank\" rel=\"noopener\">fire-stick-shake-2.wav<\/a><br \/>\n<a href=\"https:\/\/freesound.org\/people\/ldezem\/sounds\/386384\/\" target=\"_blank\" rel=\"noopener\">torch-gas-flow.wav<\/a><br \/>\n<a href=\"https:\/\/freesound.org\/people\/ssierra1202\/sounds\/391965\/\" target=\"_blank\" rel=\"noopener\">wood-bang.wav<\/a><br \/>\n<a href=\"https:\/\/freesound.org\/people\/straget\/sounds\/411206\/\" target=\"_blank\" rel=\"noopener\">going-on-a-forest-road-gravel-and-grass.wav<\/a><br \/>\n<a href=\"https:\/\/freesound.org\/people\/inspectorj\/sounds\/418262\/\" target=\"_blank\" rel=\"noopener\">crow-call-single-a.wav<\/a><br \/>\n<a href=\"https:\/\/freesound.org\/people\/hadahector\/sounds\/446383\/\" target=\"_blank\" rel=\"noopener\">electric-woosh.wav<\/a><br \/>\n<a href=\"https:\/\/freesound.org\/people\/kooust\/sounds\/455536\/\" target=\"_blank\" rel=\"noopener\">bodyfall-on-carpet.wav<\/a><br \/>\n<a href=\"https:\/\/freesound.org\/people\/sunnysidesound\/sounds\/67791\/\" target=\"_blank\" rel=\"noopener\">cardboard-box.aiff<\/a><br \/>\n<a href=\"https:\/\/freesound.org\/people\/benboncan\/sounds\/67884\/\" target=\"_blank\" rel=\"noopener\">lake-waves-2.wav<\/a><br \/>\nImagine_A_New_Darker_You.wav par The Tower of Light<br \/>\nSpying_In_The_60_s.wav par Sir Cubworth<br \/>\n&nbsp;<\/p>\n<h2><strong>Tu peux aussi choisir un autre moyen d\u2019\u00e9coute. T\u2019inqui\u00e8te, c\u2019est gratuit :<\/strong><\/h2>\n<div class=\"aligncenter\"><a href=\"https:\/\/itunes.apple.com\/fr\/podcast\/pamela-target-saison-1\/id1347089265?mt=2\" target=\"_blank\" rel=\"noopener\"><img decoding=\"async\" class=\"size-medium wp-image-479 aligncenter\" src=\"https:\/\/www.pamelatarget.com\/wp-content\/uploads\/2018\/02\/Get_it_on_iTunes_Badge_FR_1114-300x109.png\" alt=\"\" width=\"200\" srcset=\"https:\/\/www.pamelatarget.com\/wp-content\/uploads\/2018\/02\/Get_it_on_iTunes_Badge_FR_1114-300x109.png 300w, https:\/\/www.pamelatarget.com\/wp-content\/uploads\/2018\/02\/Get_it_on_iTunes_Badge_FR_1114-768x279.png 768w, https:\/\/www.pamelatarget.com\/wp-content\/uploads\/2018\/02\/Get_it_on_iTunes_Badge_FR_1114-1024x372.png 1024w, https:\/\/www.pamelatarget.com\/wp-content\/uploads\/2018\/02\/Get_it_on_iTunes_Badge_FR_1114.png 1194w\" sizes=\"(max-width: 300px) 100vw, 300px\" \/><\/a><a href=\"https:\/\/soundcloud.com\/user-149328996\/pts02e01-quelle-belle-journee-a-la-madmax\" target=\"_blank\" rel=\"noopener\"><img decoding=\"async\" class=\"size-medium wp-image-477 aligncenter\" src=\"https:\/\/www.pamelatarget.com\/wp-content\/uploads\/2018\/02\/SoundCloud_logo_orange_color_plain.svg_-300x171.png\" alt=\"\" width=\"200\" srcset=\"https:\/\/www.pamelatarget.com\/wp-content\/uploads\/2018\/02\/SoundCloud_logo_orange_color_plain.svg_-300x171.png 300w, https:\/\/www.pamelatarget.com\/wp-content\/uploads\/2018\/02\/SoundCloud_logo_orange_color_plain.svg_-768x438.png 768w, https:\/\/www.pamelatarget.com\/wp-content\/uploads\/2018\/02\/SoundCloud_logo_orange_color_plain.svg_-1024x584.png 1024w, https:\/\/www.pamelatarget.com\/wp-content\/uploads\/2018\/02\/SoundCloud_logo_orange_color_plain.svg_.png 1200w\" sizes=\"(max-width: 300px) 100vw, 300px\" \/><\/a><a href=\"https:\/\/www.deezer.com\/fr\/episode\/5987417\" target=\"_blank\" rel=\"noopener\"><img decoding=\"async\" class=\"size-medium wp-image-574 aligncenter\" src=\"https:\/\/www.pamelatarget.com\/wp-content\/uploads\/2018\/02\/deezer-logo-300x168.png\" alt=\"\" width=\"200\" \/><\/a><a href=\"https:\/\/spoti.fi\/2OJzwUS\" target=\"_blank\" rel=\"noopener\"><img loading=\"lazy\" decoding=\"async\" width=\"300\" height=\"90\" class=\"size-medium wp-image-1572 aligncenter\" src=\"https:\/\/www.pamelatarget.com\/wp-content\/uploads\/2018\/11\/Spotify_Logo_RGB_Green-300x90.png\" alt=\"\" \/><\/a><a href=\"https:\/\/radiopublic.com\/pamela-target-8XR1ee\" target=\"_blank\" rel=\"noopener\"><img decoding=\"async\" class=\"size-medium wp-image-1572 aligncenter\" src=\"https:\/\/www.pamelatarget.com\/wp-content\/uploads\/2019\/02\/radiopublic.png\" alt=\"\" \/><\/a><\/div>\n<p><!--more--><\/p>\n<h2><\/h2>\n<h2 style=\"text-align: center;\"><strong>Retranscription de l&rsquo;\u00e9pisode<\/strong><\/h2>\n<div style=\"text-align: center;\">\n<div class=\"audiolibrary-column audiolibrary-column-title\">\n<div>texte prot\u00e9g\u00e9 &#8211; reproduction interdite sans l&rsquo;accord des auteurs<\/div>\n<\/div>\n<\/div>\n<div>\n<div class=\"audiolibrary-column audiolibrary-column-title\">\n<p style=\"text-align: center;\">EXT\/JOUR PLAINE DE L&rsquo;ARCHE<\/p>\n<div style=\"text-align: center;\">MESSAGE<\/div>\n<div class=\"audiolibrary-column audiolibrary-column-title\" style=\"text-align: center;\">Votre mission, si vous l\u2019acceptez, sera de trouver et d\u2019exfiltrer votre ami Bruce l\u2019\u00e9meu dans les 24h<\/div>\n<div class=\"audiolibrary-column audiolibrary-column-title\" style=\"text-align: center;\">et d\u2019emp\u00eacher ainsi Charwin de mener le monde \u00e0 sa perte en cr\u00e9ant la chim\u00e8re.<\/div>\n<div class=\"audiolibrary-column audiolibrary-column-title\" style=\"text-align: center;\">Si vous \u00eates captur\u00e9s ou tu\u00e9s, nous nierons avoir eu connaissance de vos actes.<\/div>\n<div class=\"audiolibrary-column audiolibrary-column-title\" style=\"text-align: center;\">Ce message s\u2019auto-d\u00e9truira dans cinq secondes. Bonne chance.<\/div>\n<div style=\"text-align: center;\"><\/div>\n<div class=\"audiolibrary-column audiolibrary-column-title\" style=\"text-align: center;\">RYU<\/div>\n<div class=\"audiolibrary-column audiolibrary-column-title\" style=\"text-align: center;\">Putain, les mecs, on a cinq secondes pour bouffer la pizza !<\/div>\n<div style=\"text-align: center;\"><\/div>\n<div class=\"audiolibrary-column audiolibrary-column-title\" style=\"text-align: center;\">Pschhhhhttttt<\/div>\n<div style=\"text-align: center;\"><\/div>\n<div class=\"audiolibrary-column audiolibrary-column-title\" style=\"text-align: center;\">PAULO<\/div>\n<div class=\"audiolibrary-column audiolibrary-column-title\" style=\"text-align: center;\">Nooon, le message a cram\u00e9 la pizza.<\/div>\n<div style=\"text-align: center;\"><\/div>\n<div class=\"audiolibrary-column audiolibrary-column-title\" style=\"text-align: center;\">Cri et crachat, vomissement d\u2019eau.<\/div>\n<div style=\"text-align: center;\"><\/div>\n<div class=\"audiolibrary-column audiolibrary-column-title\" style=\"text-align: center;\">JULIUS<\/div>\n<div class=\"audiolibrary-column audiolibrary-column-title\" style=\"text-align: center;\">Il faut appeler Pamela Anderson !<\/div>\n<div style=\"text-align: center;\"><\/div>\n<div class=\"audiolibrary-column audiolibrary-column-title\" style=\"text-align: center;\">GIULIETTA<\/div>\n<div class=\"audiolibrary-column audiolibrary-column-title\" style=\"text-align: center;\">Mais pas du tout! vous d\u00e9lirez compl\u00e8tement ! Vous avez entendu \u00a0comme nous, il faut retrouver Bruce!<\/div>\n<div style=\"text-align: center;\"><\/div>\n<div class=\"audiolibrary-column audiolibrary-column-title\" style=\"text-align: center;\">JULIUS<\/div>\n<div class=\"audiolibrary-column audiolibrary-column-title\" style=\"text-align: center;\">oui j\u2019ai tout entendu.<\/div>\n<div style=\"text-align: center;\"><\/div>\n<div class=\"audiolibrary-column audiolibrary-column-title\" style=\"text-align: center;\">boum julius retombe par terre<\/div>\n<div style=\"text-align: center;\"><\/div>\n<div class=\"audiolibrary-column audiolibrary-column-title\" style=\"text-align: center;\">PAULO<\/div>\n<div class=\"audiolibrary-column audiolibrary-column-title\" style=\"text-align: center;\">Merde julius est retomb\u00e9.<\/div>\n<div style=\"text-align: center;\"><\/div>\n<div class=\"audiolibrary-column audiolibrary-column-title\" style=\"text-align: center;\">Julius se met \u00e0 marmonner.<\/div>\n<div style=\"text-align: center;\"><\/div>\n<div class=\"audiolibrary-column audiolibrary-column-title\" style=\"text-align: center;\">RYU<\/div>\n<div class=\"audiolibrary-column audiolibrary-column-title\" style=\"text-align: center;\">oui Julius, c\u2019est terrible, la pizza est immangeable maintenant\u2026<\/div>\n<div style=\"text-align: center;\"><\/div>\n<div class=\"audiolibrary-column audiolibrary-column-title\" style=\"text-align: center;\">PAULO<\/div>\n<div class=\"audiolibrary-column audiolibrary-column-title\" style=\"text-align: center;\">tu es s\u00fbr que c\u2019est \u00e7a qu\u2019il a dit ?<\/div>\n<div style=\"text-align: center;\"><\/div>\n<div class=\"audiolibrary-column audiolibrary-column-title\" style=\"text-align: center;\">BILL<\/div>\n<div class=\"audiolibrary-column audiolibrary-column-title\" style=\"text-align: center;\">Plus s\u00e9rieusement, vous trouvez pas \u00e7a bizarre qu\u2019on re\u00e7oive de nulle part une pizza qui nous dit d\u2019aller exfiltrer Bruce ?<\/div>\n<div style=\"text-align: center;\"><\/div>\n<div class=\"audiolibrary-column audiolibrary-column-title\" style=\"text-align: center;\">RYU<\/div>\n<div class=\"audiolibrary-column audiolibrary-column-title\" style=\"text-align: center;\">(\u00e0 lui-m\u00eame)<\/div>\n<div class=\"audiolibrary-column audiolibrary-column-title\" style=\"text-align: center;\">Mais ouais, les mecs, une pizza qui parle, c\u2019est trop trop bizarre \u00e7a !<\/div>\n<div style=\"text-align: center;\"><\/div>\n<div class=\"audiolibrary-column audiolibrary-column-title\" style=\"text-align: center;\">GIULIETTA<\/div>\n<div class=\"audiolibrary-column audiolibrary-column-title\" style=\"text-align: center;\">non mais attend Bill, apr\u00e8s tout ce que Bruce a fait pour toi, tu veux l\u2019abandonner ?<\/div>\n<div style=\"text-align: center;\"><\/div>\n<div class=\"audiolibrary-column audiolibrary-column-title\" style=\"text-align: center;\">BILL<\/div>\n<div class=\"audiolibrary-column audiolibrary-column-title\" style=\"text-align: center;\">Pas du tout. Mais, on peut pas se fier \u00e0 n\u2019importe qui !<\/div>\n<div style=\"text-align: center;\"><\/div>\n<div class=\"audiolibrary-column audiolibrary-column-title\" style=\"text-align: center;\">PAULO<\/div>\n<div class=\"audiolibrary-column audiolibrary-column-title\" style=\"text-align: center;\">Et surtout pas \u00e0 une pizza ! Et en plus, elle ne dit pas o\u00f9 le professeur Charwin a emmen\u00e9 Bruce.<\/div>\n<div style=\"text-align: center;\"><\/div>\n<div class=\"audiolibrary-column audiolibrary-column-title\" style=\"text-align: center;\">JULIUS<\/div>\n<div class=\"audiolibrary-column audiolibrary-column-title\" style=\"text-align: center;\">(se relevant)<\/div>\n<div class=\"audiolibrary-column audiolibrary-column-title\" style=\"text-align: center;\">Charwin est s\u00fbrement dans son bunker dans la zone d\u00e9sertique de l\u2019arche. Je peux vous donner les coordonn\u00e9es.<\/div>\n<div style=\"text-align: center;\"><\/div>\n<div class=\"audiolibrary-column audiolibrary-column-title\" style=\"text-align: center;\">reboum de julius.<\/div>\n<div style=\"text-align: center;\"><\/div>\n<div class=\"audiolibrary-column audiolibrary-column-title\" style=\"text-align: center;\">PAULO<\/div>\n<div class=\"audiolibrary-column audiolibrary-column-title\" style=\"text-align: center;\">p\u2019tain \u00e7a va pas fort Julius !<\/div>\n<div style=\"text-align: center;\"><\/div>\n<div class=\"audiolibrary-column audiolibrary-column-title\" style=\"text-align: center;\">Julius marmonne \u00e0 nouveau.<\/div>\n<div style=\"text-align: center;\"><\/div>\n<div class=\"audiolibrary-column audiolibrary-column-title\" style=\"text-align: center;\">PAULO<\/div>\n<div class=\"audiolibrary-column audiolibrary-column-title\" style=\"text-align: center;\">L\u00e0 il vient de dire : il faut vous d\u00e9p\u00eacher.<\/div>\n<div style=\"text-align: center;\"><\/div>\n<div class=\"audiolibrary-column audiolibrary-column-title\" style=\"text-align: center;\">GIULIETTA<\/div>\n<div class=\"audiolibrary-column audiolibrary-column-title\" style=\"text-align: center;\">Vous, Julius, vu votre \u00e9tat\u2026 vous venez pas avec nous.<\/div>\n<div style=\"text-align: center;\"><\/div>\n<div class=\"audiolibrary-column audiolibrary-column-title\" style=\"text-align: center;\">JULIUS<\/div>\n<div class=\"audiolibrary-column audiolibrary-column-title\" style=\"text-align: center;\">(se relevant une derni\u00e8re fois)<\/div>\n<div class=\"audiolibrary-column audiolibrary-column-title\" style=\"text-align: center;\">Nooon, vous devrez vous d\u00e9brouiller sans moi. Je dois pr\u00e9venir Pamela Anderson. Elle seule pourra nous sauver.<\/div>\n<div style=\"text-align: center;\"><\/div>\n<div class=\"audiolibrary-column audiolibrary-column-title\" style=\"text-align: center;\">GIULIETTA<\/div>\n<div class=\"audiolibrary-column audiolibrary-column-title\" style=\"text-align: center;\">(\u00e0 julius)<\/div>\n<div class=\"audiolibrary-column audiolibrary-column-title\" style=\"text-align: center;\">oui c\u2019est \u00e7a !<\/div>\n<div class=\"audiolibrary-column audiolibrary-column-title\" style=\"text-align: center;\">(aux autres)<\/div>\n<div class=\"audiolibrary-column audiolibrary-column-title\" style=\"text-align: center;\">Allez ! on y va les gars !<\/div>\n<div style=\"text-align: center;\"><\/div>\n<div class=\"audiolibrary-column audiolibrary-column-title\" style=\"text-align: center;\">PAULO<\/div>\n<div class=\"audiolibrary-column audiolibrary-column-title\" style=\"text-align: center;\">Regardez ! l\u00e0-haut ! le signal du justicier.<\/div>\n<div style=\"text-align: center;\"><\/div>\n<div class=\"audiolibrary-column audiolibrary-column-title\" style=\"text-align: center;\">BILL<\/div>\n<div class=\"audiolibrary-column audiolibrary-column-title\" style=\"text-align: center;\">Merde ! Le signal \u2026<\/div>\n<div class=\"audiolibrary-column audiolibrary-column-title\" style=\"text-align: center;\">(s\u2019\u00e9loignant)<\/div>\n<div class=\"audiolibrary-column audiolibrary-column-title\" style=\"text-align: center;\">heu, Allez-y, je vous rejoins d\u00e8s que j\u2019ai r\u00e9gl\u00e9 \u00e7a !<\/div>\n<div style=\"text-align: center;\"><\/div>\n<div class=\"audiolibrary-column audiolibrary-column-title\" style=\"text-align: center;\">GIULIETTA<\/div>\n<div class=\"audiolibrary-column audiolibrary-column-title\" style=\"text-align: center;\">R\u00e9gl\u00e9 quoi, Bill ? \u00a0tu te d\u00e9bines ?<\/div>\n<div class=\"audiolibrary-column audiolibrary-column-title\" style=\"text-align: center;\">(aux autres)<\/div>\n<div class=\"audiolibrary-column audiolibrary-column-title\" style=\"text-align: center;\">Nous, on va sauver Bruce, sans ce l\u00e2cheur de Bill ! On coupe par le cimeti\u00e8re !<\/div>\n<div style=\"text-align: center;\"><\/div>\n<div class=\"audiolibrary-column audiolibrary-column-title\" style=\"text-align: center;\">RYU<\/div>\n<div class=\"audiolibrary-column audiolibrary-column-title\" style=\"text-align: center;\">Le cimeti\u00e8re ? Mais t\u2019es folle Giugiu \u00a0?<\/div>\n<div style=\"text-align: center;\"><\/div>\n<div class=\"audiolibrary-column audiolibrary-column-title\" style=\"text-align: center;\">PAULO<\/div>\n<div class=\"audiolibrary-column audiolibrary-column-title\" style=\"text-align: center;\">Tu sais que les risques de rencontrer des vampires, des momies et m\u00eame des zombies sont multipli\u00e9es par 4,<\/div>\n<div class=\"audiolibrary-column audiolibrary-column-title\" style=\"text-align: center;\">quand on traverse un cimeti\u00e8re ?<\/div>\n<div style=\"text-align: center;\"><\/div>\n<div class=\"audiolibrary-column audiolibrary-column-title\" style=\"text-align: center;\">GIULIETTA<\/div>\n<div class=\"audiolibrary-column audiolibrary-column-title\" style=\"text-align: center;\">Des Zombies ? S\u00e9rieux? vous avez vu trop de films de morts-vivants, vous! allez on n\u2019a pas le temps.<\/div>\n<div style=\"text-align: center;\"><\/div>\n<div class=\"audiolibrary-column audiolibrary-column-title\" style=\"text-align: center;\">A SUIVRE&#8230;<\/div>\n<div class=\"audiolibrary-column audiolibrary-column-title\" style=\"text-align: center;\">\n<p>&nbsp;<\/p>\n<\/div>\n<p style=\"text-align: center;\">\n<\/div>\n<\/div>\n","protected":false},"excerpt":{"rendered":"<p>PT S02 E15: Hamsters are forever Une mission, un objectif et&#8230; des avis diff\u00e9rent pour y parvenir ! Branche tes \u00e9couteurs et Bim ! Lance la lecture : https:\/\/radiopublic.com\/pamela-target-8XR1ee\/ep\/s1!09fc4 Pour avoir de nos nouvelles et d\u00e9couvrir des bonus, c&rsquo;est ici CLUB VIP PAMELA TARGET &nbsp; CREDITS Ecrit par Katia Grivot, David Neau et Pascal Senicourt [&hellip;]<\/p>\n","protected":false},"author":1,"featured_media":2988,"parent":0,"menu_order":0,"comment_status":"closed","ping_status":"closed","template":"","meta":{"footnotes":""},"class_list":["post-2935","page","type-page","status-publish","has-post-thumbnail","hentry"],"_links":{"self":[{"href":"https:\/\/www.pamelatarget.com\/index.php\/wp-json\/wp\/v2\/pages\/2935","targetHints":{"allow":["GET"]}}],"collection":[{"href":"https:\/\/www.pamelatarget.com\/index.php\/wp-json\/wp\/v2\/pages"}],"about":[{"href":"https:\/\/www.pamelatarget.com\/index.php\/wp-json\/wp\/v2\/types\/page"}],"author":[{"embeddable":true,"href":"https:\/\/www.pamelatarget.com\/index.php\/wp-json\/wp\/v2\/users\/1"}],"replies":[{"embeddable":true,"href":"https:\/\/www.pamelatarget.com\/index.php\/wp-json\/wp\/v2\/comments?post=2935"}],"version-history":[{"count":10,"href":"https:\/\/www.pamelatarget.com\/index.php\/wp-json\/wp\/v2\/pages\/2935\/revisions"}],"predecessor-version":[{"id":3125,"href":"https:\/\/www.pamelatarget.com\/index.php\/wp-json\/wp\/v2\/pages\/2935\/revisions\/3125"}],"wp:featuredmedia":[{"embeddable":true,"href":"https:\/\/www.pamelatarget.com\/index.php\/wp-json\/wp\/v2\/media\/2988"}],"wp:attachment":[{"href":"https:\/\/www.pamelatarget.com\/index.php\/wp-json\/wp\/v2\/media?parent=2935"}],"curies":[{"name":"wp","href":"https:\/\/api.w.org\/{rel}","templated":true}]}}