{"id":2909,"date":"2019-07-05T10:58:32","date_gmt":"2019-07-05T08:58:32","guid":{"rendered":"https:\/\/www.pamelatarget.com\/?page_id=2909"},"modified":"2019-07-22T23:25:34","modified_gmt":"2019-07-22T21:25:34","slug":"pts02e16-el-gringo-de-jacqvabro","status":"publish","type":"page","link":"https:\/\/www.pamelatarget.com\/index.php\/pts02e16-el-gringo-de-jacqvabro\/","title":{"rendered":"PTS02E16 : El Gringo de JacqVabro"},"content":{"rendered":"<h2 style=\"text-align: center;\"><strong>PT S02 E16: El Gringo de JacqVabro<br \/>\n<\/strong><\/h2>\n<p style=\"text-align: center;\"><span style=\"font-family: Times;\"><span style=\"font-size: medium;\">Le secret de la mousse au chocolat muy addictivo enfin r\u00e9v\u00e9l\u00e9 par un lointain cousin sud-am\u00e9ricain !<\/span><\/span><\/p>\n<p style=\"text-align: center;\">Branche tes \u00e9couteurs et Bim ! Lance la lecture :<\/p>\n<p>https:\/\/radiopublic.com\/pamela-target-8XR1ee\/ep\/s1!52206<\/p>\n<p style=\"text-align: center;\">Pour avoir de nos nouvelles et d\u00e9couvrir des bonus,<\/p>\n<p style=\"text-align: center;\">c&rsquo;est ici<strong> <a href=\"https:\/\/www.pamelatarget.com\/index.php\/vip-club\/\">CLUB VIP PAMELA TARGET<\/a><\/strong><\/p>\n<p>&nbsp;<\/p>\n<h3><strong>CREDITS<\/strong><\/h3>\n<p><strong>Ecrit par<\/strong> Katia Grivot, David Neau et Pascal Senicourt<\/p>\n<p><strong>R\u00e9alis\u00e9, mont\u00e9 et mix\u00e9<\/strong> <strong>par<\/strong> Katia Grivot<\/p>\n<p><strong>Anim\u00e9 pour Youtube par<\/strong> Pascal Senicourt<\/p>\n<p>&nbsp;<\/p>\n<h3><strong>Musiques <\/strong><\/h3>\n<p>G\u00e9n\u00e9rique par Domingo Olmo Martin, alias King of Punk<\/p>\n<p>&nbsp;<\/p>\n<h3><strong>Par ordre d&rsquo;apparition<\/strong><\/h3>\n<p>Augusto : David Neau<\/p>\n<p>Rambo : David Chamalet<\/p>\n<p>El Gringo de JacqVabro : Dasara\u00ef-Yos<\/p>\n<p>Domingo : J\u00e9r\u00f4me Th\u00e9venet<\/p>\n<p>&nbsp;<\/p>\n<h3><strong>Cr\u00e9dits sons <\/strong><\/h3>\n<p>Dans cet e\u0301pisode de nombreux sons sont tire\u0301s de <strong>Freesound<\/strong>. Voici l\u2019ensemble des cre\u0301dits concerne\u0301s :<br \/>\n<br \/>\n<a href=\"https:\/\/freesound.org\/people\/cosmicembers\/sounds\/161413\/\" target=\"_blank\" rel=\"noopener\">heavy-hitting-foot-steps-on-wood-floor.wav<\/a><br \/>\n<a href=\"https:\/\/freesound.org\/people\/viertelnachvier\/sounds\/249637\/\" target=\"_blank\" rel=\"noopener\">factory2 (1)-24b.wav<\/a><br \/>\n<a href=\"https:\/\/freesound.org\/people\/gfl7\/sounds\/276956\/\" target=\"_blank\" rel=\"noopener\">awp-reload-sound (1).wav<\/a><br \/>\n<a href=\"https:\/\/freesound.org\/people\/gfl7\/sounds\/276956\/\" target=\"_blank\" rel=\"noopener\">awp-reload-sound (2).wav<\/a><br \/>\n<a href=\"https:\/\/freesound.org\/people\/inspectorj\/sounds\/346212\/\" target=\"_blank\" rel=\"noopener\">door-squeak-normal-d.wav<\/a><br \/>\n<a href=\"https:\/\/freesound.org\/people\/eflexmusic\/sounds\/372224\/\" target=\"_blank\" rel=\"noopener\">bodyfall-mixed.wav<\/a><br \/>\n<a href=\"https:\/\/freesound.org\/people\/adminmp\/sounds\/383201\/\" target=\"_blank\" rel=\"noopener\">slap-cartoony (2).wav<\/a><br \/>\n<a href=\"https:\/\/freesound.org\/people\/bon-vivant-pictures\/sounds\/456366\/\" target=\"_blank\" rel=\"noopener\">dog-crunching-crackers (1).wav<\/a><br \/>\n<a href=\"https:\/\/freesound.org\/people\/cgeffex\/sounds\/98816\/\" target=\"_blank\" rel=\"noopener\">boot-spurs.wav<\/a><br \/>\n&nbsp;<\/p>\n<h2><strong>Tu peux aussi choisir un autre moyen d\u2019\u00e9coute. T\u2019inqui\u00e8te, c\u2019est gratuit :<\/strong><\/h2>\n<div class=\"aligncenter\"><a href=\"https:\/\/itunes.apple.com\/fr\/podcast\/pamela-target-saison-1\/id1347089265?mt=2\" target=\"_blank\" rel=\"noopener\"><img decoding=\"async\" class=\"size-medium wp-image-479 aligncenter\" src=\"https:\/\/www.pamelatarget.com\/wp-content\/uploads\/2018\/02\/Get_it_on_iTunes_Badge_FR_1114-300x109.png\" alt=\"\" width=\"200\" srcset=\"https:\/\/www.pamelatarget.com\/wp-content\/uploads\/2018\/02\/Get_it_on_iTunes_Badge_FR_1114-300x109.png 300w, https:\/\/www.pamelatarget.com\/wp-content\/uploads\/2018\/02\/Get_it_on_iTunes_Badge_FR_1114-768x279.png 768w, https:\/\/www.pamelatarget.com\/wp-content\/uploads\/2018\/02\/Get_it_on_iTunes_Badge_FR_1114-1024x372.png 1024w, https:\/\/www.pamelatarget.com\/wp-content\/uploads\/2018\/02\/Get_it_on_iTunes_Badge_FR_1114.png 1194w\" sizes=\"(max-width: 300px) 100vw, 300px\" \/><\/a><a href=\"https:\/\/soundcloud.com\/user-149328996\/pts02e01-quelle-belle-journee-a-la-madmax\" target=\"_blank\" rel=\"noopener\"><img decoding=\"async\" class=\"size-medium wp-image-477 aligncenter\" src=\"https:\/\/www.pamelatarget.com\/wp-content\/uploads\/2018\/02\/SoundCloud_logo_orange_color_plain.svg_-300x171.png\" alt=\"\" width=\"200\" srcset=\"https:\/\/www.pamelatarget.com\/wp-content\/uploads\/2018\/02\/SoundCloud_logo_orange_color_plain.svg_-300x171.png 300w, https:\/\/www.pamelatarget.com\/wp-content\/uploads\/2018\/02\/SoundCloud_logo_orange_color_plain.svg_-768x438.png 768w, https:\/\/www.pamelatarget.com\/wp-content\/uploads\/2018\/02\/SoundCloud_logo_orange_color_plain.svg_-1024x584.png 1024w, https:\/\/www.pamelatarget.com\/wp-content\/uploads\/2018\/02\/SoundCloud_logo_orange_color_plain.svg_.png 1200w\" sizes=\"(max-width: 300px) 100vw, 300px\" \/><\/a><a href=\"https:\/\/www.deezer.com\/fr\/episode\/5987417\" target=\"_blank\" rel=\"noopener\"><img decoding=\"async\" class=\"size-medium wp-image-574 aligncenter\" src=\"https:\/\/www.pamelatarget.com\/wp-content\/uploads\/2018\/02\/deezer-logo-300x168.png\" alt=\"\" width=\"200\" \/><\/a><a href=\"https:\/\/spoti.fi\/2OJzwUS\" target=\"_blank\" rel=\"noopener\"><img loading=\"lazy\" decoding=\"async\" width=\"300\" height=\"90\" class=\"size-medium wp-image-1572 aligncenter\" src=\"https:\/\/www.pamelatarget.com\/wp-content\/uploads\/2018\/11\/Spotify_Logo_RGB_Green-300x90.png\" alt=\"\" \/><\/a><a href=\"https:\/\/radiopublic.com\/pamela-target-8XR1ee\" target=\"_blank\" rel=\"noopener\"><img decoding=\"async\" class=\"size-medium wp-image-1572 aligncenter\" src=\"https:\/\/www.pamelatarget.com\/wp-content\/uploads\/2019\/02\/radiopublic.png\" alt=\"\" \/><\/a><\/div>\n<p><!--more--><\/p>\n<h2><\/h2>\n<h2 style=\"text-align: center;\"><strong>Retranscription de l&rsquo;\u00e9pisode<\/strong><\/h2>\n<div style=\"text-align: center;\">\n<div class=\"audiolibrary-column audiolibrary-column-title\">\n<div>texte prot\u00e9g\u00e9 &#8211; reproduction interdite sans l&rsquo;accord des auteurs<\/div>\n<\/div>\n<\/div>\n<div>\n<div><\/div>\n<div class=\"audiolibrary-column audiolibrary-column-title\" style=\"text-align: center;\">INT.JOUR CHOCOLATERIE<\/div>\n<div class=\"audiolibrary-column audiolibrary-column-title\" style=\"text-align: center;\">Ambiance chocolaterie, souffle et m\u00e9canisme des machines.<\/div>\n<div><\/div>\n<div class=\"audiolibrary-column audiolibrary-column-title\" style=\"text-align: center;\">AUGUSTO<\/div>\n<div class=\"audiolibrary-column audiolibrary-column-title\" style=\"text-align: center;\">Euh&#8230; Rambo&#8230; y a un gars en poncho avec un gros sac sur le dos qui voudrait voir le patrone&#8230;<\/div>\n<div><\/div>\n<div class=\"audiolibrary-column audiolibrary-column-title\" style=\"text-align: center;\">RAMBO<\/div>\n<div class=\"audiolibrary-column audiolibrary-column-title\" style=\"text-align: center;\">Ta gueule Augusto, je r\u00e9fl\u00e9chis, l\u00e0.<\/div>\n<div><\/div>\n<div class=\"audiolibrary-column audiolibrary-column-title\" style=\"text-align: center;\">Bruits de chaussures de cow boy.<\/div>\n<div><\/div>\n<div class=\"audiolibrary-column audiolibrary-column-title\" style=\"text-align: center;\">EL GRINGO<\/div>\n<div class=\"audiolibrary-column audiolibrary-column-title\" style=\"text-align: center;\">Hola ! Je viens livrer les meilleures f\u00e8ves de cacao pour la mousse au chocolat\u2026<\/div>\n<div><\/div>\n<div class=\"audiolibrary-column audiolibrary-column-title\" style=\"text-align: center;\">DOMINGO(m\u00e9fiant)<\/div>\n<div class=\"audiolibrary-column audiolibrary-column-title\" style=\"text-align: center;\">T\u2019es qui toi? Je connais tous les cousins, Poupoumepido, T\u00e8tedepoiro, Vittorugo, mais toi \u00a0! j\u2019t\u2019ai jamais vu.<\/div>\n<div><\/div>\n<div class=\"audiolibrary-column audiolibrary-column-title\" style=\"text-align: center;\">EL GRINGO<\/div>\n<div class=\"audiolibrary-column audiolibrary-column-title\" style=\"text-align: center;\">Je suis El Gringo d\u00e9 JacqVabro. Mais appelez-moi&#8230; El Gringo!<\/div>\n<div><\/div>\n<div class=\"audiolibrary-column audiolibrary-column-title\" style=\"text-align: center;\">Il d\u00e9charge le gros sac qu\u2019il portait \u00e0 l\u2019\u00e9paule.<\/div>\n<div><\/div>\n<div class=\"audiolibrary-column audiolibrary-column-title\" style=\"text-align: center;\">RAMBO<\/div>\n<div class=\"audiolibrary-column audiolibrary-column-title\" style=\"text-align: center;\">Peter Pan Pan est occup\u00e9. Reprends ton sac et tire-toi !<\/div>\n<div><\/div>\n<div class=\"audiolibrary-column audiolibrary-column-title\" style=\"text-align: center;\">EL GRINGO<\/div>\n<div class=\"audiolibrary-column audiolibrary-column-title\" style=\"text-align: center;\">Tu m\u2019\u00e9tonnes qu\u2019il est occup\u00e9, peter pan pan le lapin, il s\u2019est fait chopper par el professor.<\/div>\n<div class=\"audiolibrary-column audiolibrary-column-title\" style=\"text-align: center;\">Un coup de tazer direct dans les cojones et finito\u2026 le gozillapin!<\/div>\n<div><\/div>\n<div class=\"audiolibrary-column audiolibrary-column-title\" style=\"text-align: center;\">DOMINGO(surpris)<\/div>\n<div class=\"audiolibrary-column audiolibrary-column-title\" style=\"text-align: center;\">hein ? peter panpan s\u2019est fait attrap\u00e9 par le professeur ?<\/div>\n<div><\/div>\n<div class=\"audiolibrary-column audiolibrary-column-title\" style=\"text-align: center;\">EL GRINGO<\/div>\n<div class=\"audiolibrary-column audiolibrary-column-title\" style=\"text-align: center;\">si ! alors, maintenant, c\u2019est qui le nouveau patrone ?<\/div>\n<div><\/div>\n<div class=\"audiolibrary-column audiolibrary-column-title\" style=\"text-align: center;\">RAMBO(h\u00e9sitant)<\/div>\n<div class=\"audiolibrary-column audiolibrary-column-title\" style=\"text-align: center;\">hein !! \u00e7a se pourrait bien que ce soit moi, tu vois\u2026<\/div>\n<div><\/div>\n<div class=\"audiolibrary-column audiolibrary-column-title\" style=\"text-align: center;\">EL GRINGO<\/div>\n<div class=\"audiolibrary-column audiolibrary-column-title\" style=\"text-align: center;\">Toi ?&#8230; tu connais le secret alors?<\/div>\n<div><\/div>\n<div class=\"audiolibrary-column audiolibrary-column-title\" style=\"text-align: center;\">RAMBO(genre riant)<\/div>\n<div class=\"audiolibrary-column audiolibrary-column-title\" style=\"text-align: center;\">Le secret ? bien s\u00fbr que je connais le secret\u2026<\/div>\n<div class=\"audiolibrary-column audiolibrary-column-title\" style=\"text-align: center;\">(s\u00e9rieux Fach\u00e9)<\/div>\n<div class=\"audiolibrary-column audiolibrary-column-title\" style=\"text-align: center;\">quel secret ?<\/div>\n<div><\/div>\n<div class=\"audiolibrary-column audiolibrary-column-title\" style=\"text-align: center;\">EL GRINGO<\/div>\n<div class=\"audiolibrary-column audiolibrary-column-title\" style=\"text-align: center;\">le secret de la mousse!<\/div>\n<div><\/div>\n<div class=\"audiolibrary-column audiolibrary-column-title\" style=\"text-align: center;\">RAMBO(mena\u00e7ant)<\/div>\n<div class=\"audiolibrary-column audiolibrary-column-title\" style=\"text-align: center;\">C\u2019est quoi cette histoire ?<\/div>\n<div><\/div>\n<div class=\"audiolibrary-column audiolibrary-column-title\" style=\"text-align: center;\">Arme \u00e0 feu qui s\u2019arment.<\/div>\n<div><\/div>\n<div class=\"audiolibrary-column audiolibrary-column-title\" style=\"text-align: center;\">EL GRINGO<\/div>\n<div class=\"audiolibrary-column audiolibrary-column-title\" style=\"text-align: center;\">Du calme Rambo, inutile de me tirer dessus. go\u00fbte-moi cette f\u00e8ve\u2026<\/div>\n<div><\/div>\n<div class=\"audiolibrary-column audiolibrary-column-title\" style=\"text-align: center;\">RAMBO(agressif)<\/div>\n<div class=\"audiolibrary-column audiolibrary-column-title\" style=\"text-align: center;\">J\u2019esp\u00e8re pour toi, El Grolo, qu\u2019elle est bonne ta f\u00e8ve\u2026<\/div>\n<div><\/div>\n<div class=\"audiolibrary-column audiolibrary-column-title\" style=\"text-align: center;\">EL GRINGO<\/div>\n<div class=\"audiolibrary-column audiolibrary-column-title\" style=\"text-align: center;\">Je m\u2019appelle El Gringo, ok. Go\u00fbte d\u2019abord, tu vas comprendre.<\/div>\n<div><\/div>\n<div class=\"audiolibrary-column audiolibrary-column-title\" style=\"text-align: center;\">Rambo croque. silence.<\/div>\n<\/div>\n<div><\/div>\n<div style=\"text-align: center;\">\n<p>RAMBO<\/p>\n<div class=\"audiolibrary-column audiolibrary-column-title\" style=\"text-align: center;\">hahaha ! ok Gringo est le meilleur\u2026<\/div>\n<div><\/div>\n<div class=\"audiolibrary-column audiolibrary-column-title\" style=\"text-align: center;\">DOMINGO<\/div>\n<div class=\"audiolibrary-column audiolibrary-column-title\" style=\"text-align: center;\">ahha !ayyayahh ElGoutod\u00e9JakV&#8230;<\/div>\n<div><\/div>\n<div class=\"audiolibrary-column audiolibrary-column-title\" style=\"text-align: center;\">Rambo claque Domingo.<\/div>\n<div><\/div>\n<div class=\"audiolibrary-column audiolibrary-column-title\" style=\"text-align: center;\">RAMBO<\/div>\n<div class=\"audiolibrary-column audiolibrary-column-title\" style=\"text-align: center;\">Ta gueule Domingo !<\/div>\n<div class=\"audiolibrary-column audiolibrary-column-title\" style=\"text-align: center;\">(\u00e0 elgringo)<\/div>\n<div class=\"audiolibrary-column audiolibrary-column-title\" style=\"text-align: center;\">c\u2019est quoi ton secret pour les f\u00e8ves ?<\/div>\n<div><\/div>\n<div class=\"audiolibrary-column audiolibrary-column-title\" style=\"text-align: center;\">EL GRINGO<\/div>\n<div class=\"audiolibrary-column audiolibrary-column-title\" style=\"text-align: center;\">Je vais te le dire, mais en \u00e9change il faudra allonger quelques pesos, ok?<\/div>\n<div><\/div>\n<div class=\"audiolibrary-column audiolibrary-column-title\" style=\"text-align: center;\">RAMBO<\/div>\n<div class=\"audiolibrary-column audiolibrary-column-title\" style=\"text-align: center;\">Combien ?<\/div>\n<div><\/div>\n<div class=\"audiolibrary-column audiolibrary-column-title\" style=\"text-align: center;\">EL GRINGO<\/div>\n<div class=\"audiolibrary-column audiolibrary-column-title\" style=\"text-align: center;\">1 million de pesos.<\/div>\n<div class=\"audiolibrary-column audiolibrary-column-title\" style=\"text-align: center;\">(silence)<\/div>\n<div class=\"audiolibrary-column audiolibrary-column-title\" style=\"text-align: center;\">Non ? 1000 pesos ?<\/div>\n<div><\/div>\n<div class=\"audiolibrary-column audiolibrary-column-title\" style=\"text-align: center;\">EL GRINGO(parlant avec un canon dans la bouche)<\/div>\n<div class=\"audiolibrary-column audiolibrary-column-title\" style=\"text-align: center;\">ok, ok, enlevez le canon de ma bouche.<\/div>\n<div class=\"audiolibrary-column audiolibrary-column-title\" style=\"text-align: center;\">(soulag\u00e9)<\/div>\n<div class=\"audiolibrary-column audiolibrary-column-title\" style=\"text-align: center;\">je vais vous dire le secret de la mousse, pour 0 pesos. C\u2019est les marmottes !<\/div>\n<div><\/div>\n<div class=\"audiolibrary-column audiolibrary-column-title\" style=\"text-align: center;\">DOMINGO, AUGUSTO, RAMBO<\/div>\n<div class=\"audiolibrary-column audiolibrary-column-title\" style=\"text-align: center;\">Les Marmottes ?<\/div>\n<div><\/div>\n<div class=\"audiolibrary-column audiolibrary-column-title\" style=\"text-align: center;\">DOMINGO<\/div>\n<div class=\"audiolibrary-column audiolibrary-column-title\" style=\"text-align: center;\">Ah ben oui,c\u2019est \u00e7a et puis la marmotte, elle plie le papier avec ses petites mains&#8230;<\/div>\n<div><\/div>\n<div class=\"audiolibrary-column audiolibrary-column-title\" style=\"text-align: center;\">EL GRINGO<\/div>\n<div class=\"audiolibrary-column audiolibrary-column-title\" style=\"text-align: center;\">c\u2019est bien plus fort que ca. ca vient de leurs cojones, leurs coucougnettes,<\/div>\n<div class=\"audiolibrary-column audiolibrary-column-title\" style=\"text-align: center;\">les marmottes elles mangent les f\u00e8ves de cacao qu\u2019elles dig\u00e8rent pas en entier<\/div>\n<div class=\"audiolibrary-column audiolibrary-column-title\" style=\"text-align: center;\">et ce qu\u2019elles d\u00e9f\u00e8quent, leur caca, si tu veux , est mix\u00e9 dans un broyeur avec la mousse au chocolat.<\/div>\n<div class=\"audiolibrary-column audiolibrary-column-title\" style=\"text-align: center;\">C\u2019est \u00e7a ! qui rend le tout &#8230; muy addictivo.<\/div>\n<div><\/div>\n<div class=\"audiolibrary-column audiolibrary-column-title\" style=\"text-align: center;\">Silence puis Eclat de rire de Domingo, Augusto et Rambo!<\/div>\n<div><\/div>\n<div class=\"audiolibrary-column audiolibrary-column-title\" style=\"text-align: center;\">RAMBO<\/div>\n<div class=\"audiolibrary-column audiolibrary-column-title\" style=\"text-align: center;\">N\u2019importe quoi\u2026(s\u00e9rieux) allez flinguez-moi ce connard !<\/div>\n<div><\/div>\n<div>\n<div class=\"audiolibrary-column audiolibrary-column-title\">EL GRINGO<\/div>\n<div class=\"audiolibrary-column audiolibrary-column-title\">Attendez ! Non, non, c\u2019est dans les caves, l\u00e0 en-bas, je vous montre, je vous jure ! Suivez-moi !<\/div>\n<div><\/div>\n<div class=\"audiolibrary-column audiolibrary-column-title\">AUGUSTO<\/div>\n<div class=\"audiolibrary-column audiolibrary-column-title\">H\u00e9, les gars, c\u2019est peut-\u00eatre un traquenard.<\/div>\n<div><\/div>\n<div class=\"audiolibrary-column audiolibrary-column-title\">RAMBO<\/div>\n<div class=\"audiolibrary-column audiolibrary-column-title\">Ouais, un pi\u00e8ge du gang des marmottes, c\u2019est \u00e7a ? T\u2019es vraiment un trouillard Augusto ! Tu descends le premier !<\/div>\n<div>\n<div><\/div>\n<div class=\"audiolibrary-column audiolibrary-column-title\">Porte qui s\u2019ouvre&#8230;<\/div>\n<div><\/div>\n<div>INT\/JOUR CHOCOLATERIE CLANDESTINE CAVE<\/div>\n<div class=\"audiolibrary-column audiolibrary-column-title\">Ambiance plus sombre, pas dans escalier.<\/div>\n<div><\/div>\n<\/div>\n<\/div>\n<div>\n<div class=\"audiolibrary-column audiolibrary-column-title\">DOMINGO<\/div>\n<div class=\"audiolibrary-column audiolibrary-column-title\">On voit rien dans les escaliers, h\u00e9 El Gato, allume !<\/div>\n<div><\/div>\n<\/div>\n<div>\n<div><\/div>\n<\/div>\n<\/div>\n<div style=\"text-align: center;\">\n<div class=\"audiolibrary-column audiolibrary-column-title\" style=\"text-align: center;\">A SUIVRE&#8230;<\/div>\n<\/div>\n","protected":false},"excerpt":{"rendered":"<p>PT S02 E16: El Gringo de JacqVabro Le secret de la mousse au chocolat muy addictivo enfin r\u00e9v\u00e9l\u00e9 par un lointain cousin sud-am\u00e9ricain ! Branche tes \u00e9couteurs et Bim ! Lance la lecture : https:\/\/radiopublic.com\/pamela-target-8XR1ee\/ep\/s1!52206 Pour avoir de nos nouvelles et d\u00e9couvrir des bonus, c&rsquo;est ici CLUB VIP PAMELA TARGET &nbsp; CREDITS Ecrit par Katia [&hellip;]<\/p>\n","protected":false},"author":1,"featured_media":3015,"parent":0,"menu_order":0,"comment_status":"closed","ping_status":"closed","template":"","meta":{"footnotes":""},"class_list":["post-2909","page","type-page","status-publish","has-post-thumbnail","hentry"],"_links":{"self":[{"href":"https:\/\/www.pamelatarget.com\/index.php\/wp-json\/wp\/v2\/pages\/2909","targetHints":{"allow":["GET"]}}],"collection":[{"href":"https:\/\/www.pamelatarget.com\/index.php\/wp-json\/wp\/v2\/pages"}],"about":[{"href":"https:\/\/www.pamelatarget.com\/index.php\/wp-json\/wp\/v2\/types\/page"}],"author":[{"embeddable":true,"href":"https:\/\/www.pamelatarget.com\/index.php\/wp-json\/wp\/v2\/users\/1"}],"replies":[{"embeddable":true,"href":"https:\/\/www.pamelatarget.com\/index.php\/wp-json\/wp\/v2\/comments?post=2909"}],"version-history":[{"count":14,"href":"https:\/\/www.pamelatarget.com\/index.php\/wp-json\/wp\/v2\/pages\/2909\/revisions"}],"predecessor-version":[{"id":3126,"href":"https:\/\/www.pamelatarget.com\/index.php\/wp-json\/wp\/v2\/pages\/2909\/revisions\/3126"}],"wp:featuredmedia":[{"embeddable":true,"href":"https:\/\/www.pamelatarget.com\/index.php\/wp-json\/wp\/v2\/media\/3015"}],"wp:attachment":[{"href":"https:\/\/www.pamelatarget.com\/index.php\/wp-json\/wp\/v2\/media?parent=2909"}],"curies":[{"name":"wp","href":"https:\/\/api.w.org\/{rel}","templated":true}]}}