{"id":2901,"date":"2019-06-21T12:29:09","date_gmt":"2019-06-21T10:29:09","guid":{"rendered":"https:\/\/www.pamelatarget.com\/?page_id=2901"},"modified":"2019-07-22T23:24:11","modified_gmt":"2019-07-22T21:24:11","slug":"pts02e14-ce-message-sautodetruira-dans-cinq-secondes","status":"publish","type":"page","link":"https:\/\/www.pamelatarget.com\/index.php\/pts02e14-ce-message-sautodetruira-dans-cinq-secondes\/","title":{"rendered":"PTS02E14 : Ce message s&rsquo;autod\u00e9truira dans cinq secondes"},"content":{"rendered":"<h2 style=\"text-align: center;\"><strong>PT S02 E14: Ce message s&rsquo;auto-d\u00e9truira dans cinq secondes<br \/>\n<\/strong><\/h2>\n<p style=\"text-align: center;\">Nos h\u00e9ros vont d\u00e9couvrir que n\u2019importe quel objet peut contenir un intrigant message enregistr\u00e9\u2026<\/p>\n<p style=\"text-align: center;\">Branche tes \u00e9couteurs et Bim ! Lance la lecture :<\/p>\n<p>https:\/\/radiopublic.com\/pamela-target-8XR1ee\/ep\/s1!f7011<\/p>\n<p style=\"text-align: center;\">Pour avoir de nos nouvelles et d\u00e9couvrir des bonus,<\/p>\n<p style=\"text-align: center;\">c&rsquo;est ici<strong> <a href=\"https:\/\/www.pamelatarget.com\/index.php\/vip-club\/\">CLUB VIP PAMELA TARGET<\/a><\/strong><\/p>\n<p>&nbsp;<\/p>\n<h3><strong>CREDITS<\/strong><\/h3>\n<p><strong>Ecrit par<\/strong> Katia Grivot, David Neau et Pascal Senicourt<\/p>\n<p><strong>R\u00e9alis\u00e9, mont\u00e9 et mix\u00e9<\/strong> <strong>par<\/strong> Katia Grivot<\/p>\n<p><strong>Anim\u00e9 pour Youtube par<\/strong> Pascal Senicourt<\/p>\n<p>&nbsp;<\/p>\n<h3><strong>Musiques <\/strong><\/h3>\n<p>G\u00e9n\u00e9rique par Domingo Olmo Martin, alias King of Punk<\/p>\n<p>&nbsp;<\/p>\n<h3><strong>Par ordre d&rsquo;apparition<\/strong><\/h3>\n<p>Bill le bousier : J\u00e9r\u00f4me Th\u00e9venet<\/p>\n<p>Ryu le fugu : David Neau<\/p>\n<p>Pizza : David Chamalet<\/p>\n<p>Paulo le Blaireau : Pascal Senicourt<\/p>\n<p>Giulietta la cochonne : Grika<\/p>\n<p>Julius Washington le hamster : Domingo Olmo Martin alias King of Punk<\/p>\n<p>&nbsp;<\/p>\n<h3><strong>Cr\u00e9dits sons <\/strong><\/h3>\n<p>Dans cet e\u0301pisode de nombreux sons sont tire\u0301s de <strong>Freesound<\/strong>. Voici l\u2019ensemble des cre\u0301dits concerne\u0301s :<br \/>\n<br \/>\n<a href=\"https:\/\/freesound.org\/people\/dymewiz\/sounds\/114390\/\" target=\"_blank\" rel=\"noopener\">footsteps-snow-sand-01.wav<\/a><br \/>\n<a href=\"https:\/\/freesound.org\/people\/ahnoj\/sounds\/127592\/\" target=\"_blank\" rel=\"noopener\">moped-start-go-return-stop.wav<\/a><br \/>\n<a href=\"https:\/\/freesound.org\/people\/quistard\/sounds\/163343\/\" target=\"_blank\" rel=\"noopener\">bag-down-3.wav<\/a><br \/>\n<a href=\"https:\/\/freesound.org\/people\/agfx\/sounds\/20439\/\" target=\"_blank\" rel=\"noopener\">water-slosh-spashing-9_2.wav<\/a><br \/>\n<a href=\"https:\/\/freesound.org\/people\/tobiaskosmos\/sounds\/317382\/\" target=\"_blank\" rel=\"noopener\">slap-to-the-face (2).wav<\/a><br \/>\n<a href=\"https:\/\/freesound.org\/people\/mrauralization\/sounds\/320844\/\" target=\"_blank\" rel=\"noopener\">vhs-cassette-play.wav<\/a><br \/>\n<a href=\"https:\/\/freesound.org\/people\/adam-n\/sounds\/325270\/\" target=\"_blank\" rel=\"noopener\">body-fall-1 (3).wav<\/a><br \/>\n<a href=\"https:\/\/freesound.org\/people\/antoniodeluca\/sounds\/349843\/\" target=\"_blank\" rel=\"noopener\">swimming-in-a-natural-pool-in-the-woods_1.wav<\/a><br \/>\n<a href=\"https:\/\/freesound.org\/people\/axelspeller\/sounds\/369747\/\" target=\"_blank\" rel=\"noopener\">cardboard-hit-02.wav<\/a><br \/>\n<a href=\"https:\/\/freesound.org\/people\/inspectorj\/sounds\/398700\/\" target=\"_blank\" rel=\"noopener\">water-swirl-small-11.wav<\/a><br \/>\n<a href=\"https:\/\/freesound.org\/people\/paul368\/sounds\/410604\/\" target=\"_blank\" rel=\"noopener\">explorer-helicopter-engine-start-up-ignition-sequence-and-idle.wav<\/a><br \/>\n<a href=\"https:\/\/freesound.org\/people\/duckboy80\/sounds\/42142\/\" target=\"_blank\" rel=\"noopener\">splashedit_1.wav<\/a><br \/>\n<a href=\"https:\/\/freesound.org\/people\/coral-island-studios\/sounds\/459422\/\" target=\"_blank\" rel=\"noopener\">03-cardboard-box-opening.wav<\/a><br \/>\n<a href=\"https:\/\/freesound.org\/people\/christianand\/sounds\/468840\/\" target=\"_blank\" rel=\"noopener\">17-cachetada.wav<\/a><br \/>\n<a href=\"https:\/\/freesound.org\/people\/benboncan\/sounds\/67884\/\" target=\"_blank\" rel=\"noopener\">lake-waves-2.wav<\/a><br \/>\n<a href=\"https:\/\/freesound.org\/people\/petenice\/sounds\/9508\/\" target=\"_blank\" rel=\"noopener\">splash.wav<\/a><br \/>\nHere_We_Go_Again.wav par Silent Partner<br \/>\nSpying_In_The_60_s.wav par Sir Cubworth<\/p>\n<h2 style=\"text-align: left;\"><strong>Tu peux aussi choisir un autre moyen d\u2019\u00e9coute. T\u2019inqui\u00e8te, c\u2019est gratuit :<\/strong><\/h2>\n<div class=\"aligncenter\"><a href=\"https:\/\/itunes.apple.com\/fr\/podcast\/pamela-target-saison-1\/id1347089265?mt=2\" target=\"_blank\" rel=\"noopener\"><img decoding=\"async\" class=\"size-medium wp-image-479 aligncenter\" src=\"https:\/\/www.pamelatarget.com\/wp-content\/uploads\/2018\/02\/Get_it_on_iTunes_Badge_FR_1114-300x109.png\" alt=\"\" width=\"200\" srcset=\"https:\/\/www.pamelatarget.com\/wp-content\/uploads\/2018\/02\/Get_it_on_iTunes_Badge_FR_1114-300x109.png 300w, https:\/\/www.pamelatarget.com\/wp-content\/uploads\/2018\/02\/Get_it_on_iTunes_Badge_FR_1114-768x279.png 768w, https:\/\/www.pamelatarget.com\/wp-content\/uploads\/2018\/02\/Get_it_on_iTunes_Badge_FR_1114-1024x372.png 1024w, https:\/\/www.pamelatarget.com\/wp-content\/uploads\/2018\/02\/Get_it_on_iTunes_Badge_FR_1114.png 1194w\" sizes=\"(max-width: 300px) 100vw, 300px\" \/><\/a><a href=\"https:\/\/soundcloud.com\/user-149328996\/pts02e01-quelle-belle-journee-a-la-madmax\" target=\"_blank\" rel=\"noopener\"><img decoding=\"async\" class=\"size-medium wp-image-477 aligncenter\" src=\"https:\/\/www.pamelatarget.com\/wp-content\/uploads\/2018\/02\/SoundCloud_logo_orange_color_plain.svg_-300x171.png\" alt=\"\" width=\"200\" srcset=\"https:\/\/www.pamelatarget.com\/wp-content\/uploads\/2018\/02\/SoundCloud_logo_orange_color_plain.svg_-300x171.png 300w, https:\/\/www.pamelatarget.com\/wp-content\/uploads\/2018\/02\/SoundCloud_logo_orange_color_plain.svg_-768x438.png 768w, https:\/\/www.pamelatarget.com\/wp-content\/uploads\/2018\/02\/SoundCloud_logo_orange_color_plain.svg_-1024x584.png 1024w, https:\/\/www.pamelatarget.com\/wp-content\/uploads\/2018\/02\/SoundCloud_logo_orange_color_plain.svg_.png 1200w\" sizes=\"(max-width: 300px) 100vw, 300px\" \/><\/a><a href=\"https:\/\/www.deezer.com\/fr\/episode\/5987417\" target=\"_blank\" rel=\"noopener\"><img decoding=\"async\" class=\"size-medium wp-image-574 aligncenter\" src=\"https:\/\/www.pamelatarget.com\/wp-content\/uploads\/2018\/02\/deezer-logo-300x168.png\" alt=\"\" width=\"200\" \/><\/a><a href=\"https:\/\/spoti.fi\/2OJzwUS\" target=\"_blank\" rel=\"noopener\"><img loading=\"lazy\" decoding=\"async\" width=\"300\" height=\"90\" class=\"size-medium wp-image-1572 aligncenter\" src=\"https:\/\/www.pamelatarget.com\/wp-content\/uploads\/2018\/11\/Spotify_Logo_RGB_Green-300x90.png\" alt=\"\" \/><\/a><a href=\"https:\/\/radiopublic.com\/pamela-target-8XR1ee\" target=\"_blank\" rel=\"noopener\"><img decoding=\"async\" class=\"size-medium wp-image-1572 aligncenter\" src=\"https:\/\/www.pamelatarget.com\/wp-content\/uploads\/2019\/02\/radiopublic.png\" alt=\"\" \/><\/a><\/div>\n<div><\/div>\n<p><!--more--><\/p>\n<h2 style=\"text-align: center;\"><strong>Retranscription de l&rsquo;\u00e9pisode<\/strong><\/h2>\n<div style=\"text-align: center;\">\n<div class=\"audiolibrary-column audiolibrary-column-title\">\n<div>texte prot\u00e9g\u00e9 &#8211; reproduction interdite sans l&rsquo;accord des auteurs<\/div>\n<\/div>\n<\/div>\n<p style=\"text-align: center;\">EXT. DANS LE CIEL AU-DESSUS DU LAC<br \/>\nVent qui souffle.<\/p>\n<p style=\"text-align: center;\">BILL<\/p>\n<p style=\"text-align: center;\">(criant \u00e0 cause du vent)Voil\u00e0 le lac. Je vois un parachute qui flotte. Largue-moi !<\/p>\n<p style=\"text-align: center;\">Bruit de chute, plouf. cris des 3.<\/p>\n<p style=\"text-align: center;\">RYU<\/p>\n<p style=\"text-align: center;\">D\u00e9sol\u00e9 les gars ! J\u2019\u00e9tais en surcharge ! j\u2019ai d\u00fb larguer tout le monde ! on se retrouve sur la rive Tout touto toutout<\/p>\n<p style=\"text-align: center;\">EXT. DANS LE LAC<\/p>\n<p style=\"text-align: center;\">BILL(nageant)<\/p>\n<p style=\"text-align: center;\">Je l\u2019ai Giulietta ! Je le ram\u00e8ne sur la rive.<\/p>\n<p style=\"text-align: center;\">Sortie de l\u2019eau des 3 nageurs. Le vent diminue. ressac de l\u2019eau.<br \/>\nGiulietta et Paulo soufflent. Bill d\u00e9pose Julius.<\/p>\n<p style=\"text-align: center;\">GIULIETTA<\/p>\n<p style=\"text-align: center;\">Comment il va \u00a0?<\/p>\n<p style=\"text-align: center;\">BILL<\/p>\n<p style=\"text-align: center;\">Il respire, c\u2019est bon signe.<\/p>\n<p style=\"text-align: center;\">RYU<\/p>\n<p style=\"text-align: center;\">Paulo, fais-lui du bouche \u00e0 bouche.<\/p>\n<p style=\"text-align: center;\">PAULO<\/p>\n<p style=\"text-align: center;\">Pourquoi moi ? Pourquoi on lui donne pas des claques ?<\/p>\n<p style=\"text-align: center;\">GIULIETTA<\/p>\n<p style=\"text-align: center;\">\u00e7a va pas ! tu trouves pas qu\u2019il est assez ab\u00eem\u00e9 comme \u00e7a ?<\/p>\n<p style=\"text-align: center;\">Mobylette qui s\u2019arr\u00eate.<\/p>\n<p style=\"text-align: center;\">LIVREUR PIZZA<\/p>\n<p style=\"text-align: center;\">Excusez-moi, j\u2019ai une pizza pour .. euhh spider vomit girl ou morving vomit man&#8230;<\/p>\n<p style=\"text-align: center;\">RYU<\/p>\n<p style=\"text-align: center;\">C\u2019est nous! enfin c\u2019est eux ! C\u2019est la gloire, les mecs!<\/p>\n<p style=\"text-align: center;\">GIULIETTA<\/p>\n<p style=\"text-align: center;\">C\u2019est n\u2019importe quoi surtout! on n\u2019a rien command\u00e9!<\/p>\n<p style=\"text-align: center;\">PAULO<\/p>\n<p style=\"text-align: center;\">C\u2019est pas grave Giugiu \u00a0! J\u2019ai la dalle, moi.<\/p>\n<p style=\"text-align: center;\">BILL<\/p>\n<p style=\"text-align: center;\">si vous avez rien command\u00e9, \u00e7a vient de qui, alors ?<\/p>\n<p style=\"text-align: center;\">LIVREUR PIZZA<\/p>\n<p style=\"text-align: center;\">Aucune id\u00e9e. Moi je livre.<\/p>\n<p style=\"text-align: center;\">RYU<\/p>\n<p style=\"text-align: center;\">Donnez !<\/p>\n<p style=\"text-align: center;\">LIVREUR PIZZA<\/p>\n<p style=\"text-align: center;\">(agressif)<\/p>\n<p style=\"text-align: center;\">C\u2019est pas pour toi, le fugu !C\u2019est pour eux.<\/p>\n<p style=\"text-align: center;\">cri de kung fu. Bruit d\u2019os qui craque.<\/p>\n<p style=\"text-align: center;\">RYU<\/p>\n<p style=\"text-align: center;\">a\u00efe ! mais il est dingue ce livreur de pizza. Il va me casser la nageoire.<\/p>\n<p style=\"text-align: center;\">GIULIETTA<\/p>\n<p style=\"text-align: center;\">On se calme le livreur de pizza. L\u00e2che Ryu tout de suite.<\/p>\n<p style=\"text-align: center;\">Combat entre le livreur de pizza et Giu.<\/p>\n<p style=\"text-align: center;\">LIVREUR DE PIZZA<\/p>\n<p style=\"text-align: center;\">non mais elle est malade cette cochonne !<\/p>\n<p style=\"text-align: center;\">la Mobylette d\u00e9marre\u2026<\/p>\n<p style=\"text-align: center;\">PAULO<\/p>\n<p style=\"text-align: center;\">Et la pizza ! laisse la pizza.<\/p>\n<p style=\"text-align: center;\">jet\u00e9 de pizza.<\/p>\n<p style=\"text-align: center;\">LIVREUR DE PIZZA<\/p>\n<p style=\"text-align: center;\">voil\u00e0 !<\/p>\n<p style=\"text-align: center;\">PAULO<\/p>\n<p style=\"text-align: center;\">Merci !<\/p>\n<p style=\"text-align: center;\">la mobylette s\u2019\u00e9loigne.<\/p>\n<p style=\"text-align: center;\">LIVREUR PIZZA<\/p>\n<p style=\"text-align: center;\">(de loin)<\/p>\n<p style=\"text-align: center;\">c\u2019est \u00e7a, salut.<\/p>\n<p style=\"text-align: center;\">BILL<\/p>\n<p style=\"text-align: center;\">Attends Paulo ! Si \u00e7a se trouve, c\u2019est un colis pi\u00e9g\u00e9.<\/p>\n<p style=\"text-align: center;\">RYU<\/p>\n<p style=\"text-align: center;\">Trop tard, Paulo a ouvert.<\/p>\n<div class=\"audiolibrary-column audiolibrary-column-title\" style=\"text-align: center;\">MESSAGE MISSION IMPOSSIBLE<\/div>\n<div class=\"audiolibrary-column audiolibrary-column-title\" style=\"text-align: center;\">(d\u00e9clic de lecteur K7)<\/div>\n<div class=\"audiolibrary-column audiolibrary-column-title\" style=\"text-align: center;\">Bonjour messieurs.<\/div>\n<div><\/div>\n<div class=\"audiolibrary-column audiolibrary-column-title\" style=\"text-align: center;\">PAULO<\/div>\n<div class=\"audiolibrary-column audiolibrary-column-title\" style=\"text-align: center;\">La pizza parle, mortel !<\/div>\n<div><\/div>\n<div class=\"audiolibrary-column audiolibrary-column-title\" style=\"text-align: center;\">GIULIETTA<\/div>\n<div class=\"audiolibrary-column audiolibrary-column-title\" style=\"text-align: center;\">Messieurs? non mais je r\u00eave !!!<\/div>\n<div><\/div>\n<div class=\"audiolibrary-column audiolibrary-column-title\" style=\"text-align: center;\">MESSAGE<\/div>\n<div class=\"audiolibrary-column audiolibrary-column-title\" style=\"text-align: center;\">Dans 24h, le monde verra un tyran s\u2019emparer d\u2019une puissance jamais \u00e9gal\u00e9e.<\/div>\n<div class=\"audiolibrary-column audiolibrary-column-title\" style=\"text-align: center;\">Ce tyran, vous le connaissez, c\u2019est le professeur Darryl Charwin.<\/div>\n<div class=\"audiolibrary-column audiolibrary-column-title\" style=\"text-align: center;\">Il a r\u00e9ussi \u00e0 capturer Bruce l\u2019\u00e9meu et \u00e0 s\u2019emparer de la machine du N\u00e9braska. \u2026<\/div>\n<div class=\"audiolibrary-column audiolibrary-column-title\" style=\"text-align: center;\">S\u2019il parvient \u00e0 faire fusionner les deux, il trouvera la formule de la chim\u00e8re.<\/div>\n<div class=\"audiolibrary-column audiolibrary-column-title\" style=\"text-align: center;\">Et Celui qui donnera vie \u00e0 la chim\u00e8re, sera suffisamment puissant pour renverser toutes les d\u00e9mocraties.<\/div>\n<div class=\"audiolibrary-column audiolibrary-column-title\" style=\"text-align: center;\">Le monde court un grave danger ! En aucun cas, la chim\u00e8re ne doit tomber entre de mauvaises mains.<\/div>\n<div class=\"audiolibrary-column audiolibrary-column-title\" style=\"text-align: center;\">Votre mission, si vous l\u2019acceptez, sera de trouver et d\u2019exfiltrer votre ami Bruce l\u2019\u00e9meu dans les 24h<\/div>\n<div class=\"audiolibrary-column audiolibrary-column-title\" style=\"text-align: center;\">et d\u2019emp\u00eacher ainsi Charwin de mener le monde \u00e0 sa perte en cr\u00e9ant la chim\u00e8re.<\/div>\n<div class=\"audiolibrary-column audiolibrary-column-title\" style=\"text-align: center;\">Si vous \u00eates captur\u00e9s ou tu\u00e9s, nous nierons avoir eu connaissance de vos actes.<\/div>\n<div class=\"audiolibrary-column audiolibrary-column-title\" style=\"text-align: center;\">Ce message s\u2019auto-d\u00e9truira dans cinq secondes. Bonne chance.<\/div>\n<div><\/div>\n<div class=\"audiolibrary-column audiolibrary-column-title\" style=\"text-align: center;\">RYU<\/div>\n<div class=\"audiolibrary-column audiolibrary-column-title\" style=\"text-align: center;\">Putain, les mecs, on a cinq secondes pour bouffer la pizza !<\/div>\n<div><\/div>\n<div class=\"audiolibrary-column audiolibrary-column-title\" style=\"text-align: center;\">A SUIVRE&#8230;<\/div>\n<div class=\"audiolibrary-column audiolibrary-column-title\"><\/div>\n","protected":false},"excerpt":{"rendered":"<p>PT S02 E14: Ce message s&rsquo;auto-d\u00e9truira dans cinq secondes Nos h\u00e9ros vont d\u00e9couvrir que n\u2019importe quel objet peut contenir un intrigant message enregistr\u00e9\u2026 Branche tes \u00e9couteurs et Bim ! Lance la lecture : https:\/\/radiopublic.com\/pamela-target-8XR1ee\/ep\/s1!f7011 Pour avoir de nos nouvelles et d\u00e9couvrir des bonus, c&rsquo;est ici CLUB VIP PAMELA TARGET &nbsp; CREDITS Ecrit par Katia Grivot, [&hellip;]<\/p>\n","protected":false},"author":1,"featured_media":2948,"parent":0,"menu_order":0,"comment_status":"closed","ping_status":"closed","template":"","meta":{"footnotes":""},"class_list":["post-2901","page","type-page","status-publish","has-post-thumbnail","hentry"],"_links":{"self":[{"href":"https:\/\/www.pamelatarget.com\/index.php\/wp-json\/wp\/v2\/pages\/2901","targetHints":{"allow":["GET"]}}],"collection":[{"href":"https:\/\/www.pamelatarget.com\/index.php\/wp-json\/wp\/v2\/pages"}],"about":[{"href":"https:\/\/www.pamelatarget.com\/index.php\/wp-json\/wp\/v2\/types\/page"}],"author":[{"embeddable":true,"href":"https:\/\/www.pamelatarget.com\/index.php\/wp-json\/wp\/v2\/users\/1"}],"replies":[{"embeddable":true,"href":"https:\/\/www.pamelatarget.com\/index.php\/wp-json\/wp\/v2\/comments?post=2901"}],"version-history":[{"count":13,"href":"https:\/\/www.pamelatarget.com\/index.php\/wp-json\/wp\/v2\/pages\/2901\/revisions"}],"predecessor-version":[{"id":3124,"href":"https:\/\/www.pamelatarget.com\/index.php\/wp-json\/wp\/v2\/pages\/2901\/revisions\/3124"}],"wp:featuredmedia":[{"embeddable":true,"href":"https:\/\/www.pamelatarget.com\/index.php\/wp-json\/wp\/v2\/media\/2948"}],"wp:attachment":[{"href":"https:\/\/www.pamelatarget.com\/index.php\/wp-json\/wp\/v2\/media?parent=2901"}],"curies":[{"name":"wp","href":"https:\/\/api.w.org\/{rel}","templated":true}]}}