{"id":2849,"date":"2019-06-07T20:15:11","date_gmt":"2019-06-07T18:15:11","guid":{"rendered":"https:\/\/www.pamelatarget.com\/?page_id=2849"},"modified":"2019-07-22T23:23:09","modified_gmt":"2019-07-22T21:23:09","slug":"pts02e12-taser-mecanique","status":"publish","type":"page","link":"https:\/\/www.pamelatarget.com\/index.php\/pts02e12-taser-mecanique\/","title":{"rendered":"PTS02E12 : Taser M\u00e9canique"},"content":{"rendered":"<h2 style=\"text-align: center;\"><strong>PT S02 E12:\u00a0Taser M\u00e9canique <\/strong><\/h2>\n<p style=\"text-align: center;\">Comme chaque h\u00e9ros a sa part d&rsquo;ombre, certains m\u00e9chant ont parfois une part de lumi\u00e8re insoup\u00e7onn\u00e9e.<\/p>\n<p style=\"text-align: center;\">Branche tes \u00e9couteurs et Bim ! Lance la lecture :<\/p>\n<p><iframe loading=\"lazy\" src=\"https:\/\/embed.radiopublic.com\/e?if=pamela-target-8XR1ee&amp;ge=s1!686637eef3ed0f8a619cedd608fc7eea9b04ce68\" width=\"100%\" height=\"185\" frameborder=\"0\" scrolling=\"no\" sandbox=\"allow-same-origin allow-scripts allow-top-navigation allow-popups\"><\/iframe><\/p>\n<p>&nbsp;<\/p>\n<p style=\"text-align: center;\">Pour avoir de nos nouvelles et d\u00e9couvrir des bonus,<\/p>\n<p style=\"text-align: center;\">c&rsquo;est ici<strong> <a href=\"https:\/\/www.pamelatarget.com\/index.php\/vip-club\/\">CLUB VIP PAMELA TARGET<\/a><\/strong><\/p>\n<p>&nbsp;<\/p>\n<h3><strong>CREDITS<\/strong><\/h3>\n<p><strong>Ecrit par<\/strong> Katia Grivot, David Neau et Pascal Senicourt<\/p>\n<p><strong>R\u00e9alis\u00e9, mont\u00e9 et mix\u00e9<\/strong> <strong>par<\/strong> Katia Grivot<\/p>\n<p><strong>Anim\u00e9 pour Youtube par<\/strong> Pascal Senicourt<\/p>\n<p>&nbsp;<\/p>\n<h3><strong>Musiques <\/strong><\/h3>\n<p>G\u00e9n\u00e9rique par Domingo Olmo Martin, alias King of Punk<\/p>\n<p>&nbsp;<\/p>\n<div class=\"audiolibrary-column audiolibrary-column-title\">\n<div>\n<div class=\"audiolibrary-column audiolibrary-column-title\">\n<h3><strong>Par ordre d&rsquo;apparition <\/strong><\/h3>\n<p>Paulo le Blaireau : Pascal Senicourt<\/p>\n<p>Giulietta la cochonne : Grika<\/p>\n<p>Ryu le fugu : David Neau<\/p>\n<p>Professeur Charwin : Pascal Senicourt<\/p>\n<p>Peter Pan Pan le Lapin : Domingo Olmo Martin alias King of punk<\/p>\n<\/div>\n<p>Chauffeur camion : Pascal Senicourt<\/p>\n<p>Bruce l&rsquo;\u00e9meu : David Chamalet<\/p>\n<div class=\"audiolibrary-column audiolibrary-column-title\">\n<p>&nbsp;<\/p>\n<\/div>\n<h3><strong>Cr\u00e9dits sons <\/strong><\/h3>\n<p>Dans cet e\u0301pisode de nombreux sons sont tire\u0301s de <strong>Freesound<\/strong>. Voici l\u2019ensemble des cre\u0301dits concerne\u0301s :<\/p>\n<\/div>\n<p><a href=\"https:\/\/freesound.org\/people\/krb21\/sounds\/118619\/\" target=\"_blank\" rel=\"noopener\">trash-chute.wav<\/a> by krb21<br \/>\n<a href=\"https:\/\/freesound.org\/people\/stephensaldanha\/sounds\/133731\/\" target=\"_blank\" rel=\"noopener\">motorcycle-startup-driveaway (1).wav<\/a> by stephensaldanha<br \/>\n<a href=\"https:\/\/freesound.org\/people\/halgrimm\/sounds\/169867\/\" target=\"_blank\" rel=\"noopener\">swoosh.wav<\/a> by halgrimm<br \/>\n<a href=\"https:\/\/freesound.org\/people\/maxdemianagl\/sounds\/183602\/\" target=\"_blank\" rel=\"noopener\">body-impact-wood.aiff<\/a> by maxdemianagl<br \/>\n<a href=\"https:\/\/freesound.org\/people\/matucha\/sounds\/187021\/\" target=\"_blank\" rel=\"noopener\">harley-passby-01.wav<\/a> by matucha<br \/>\n<a href=\"https:\/\/freesound.org\/people\/onteca\/sounds\/197775\/\" target=\"_blank\" rel=\"noopener\">building-collapse05-loud_1.wav<\/a> by onteca<br \/>\n<a href=\"https:\/\/freesound.org\/people\/castironcarousel\/sounds\/216782\/\" target=\"_blank\" rel=\"noopener\">punch-6.aiff<\/a> by castironcarousel<br \/>\n<a href=\"https:\/\/freesound.org\/people\/medartimus\/sounds\/217542\/\" target=\"_blank\" rel=\"noopener\">car-breaking-skid-01.wav<\/a> by medartimus<br \/>\n<a href=\"https:\/\/freesound.org\/people\/richerlandtv\/sounds\/232358\/\" target=\"_blank\" rel=\"noopener\">heavy-impacts (1).wav<\/a> by richerlandtv<br \/>\n<a href=\"https:\/\/freesound.org\/people\/richerlandtv\/sounds\/232358\/\" target=\"_blank\" rel=\"noopener\">heavy-impacts (2).wav<\/a> by richerlandtv<br \/>\n<a href=\"https:\/\/freesound.org\/people\/rucisko\/sounds\/250354\/\" target=\"_blank\" rel=\"noopener\">gravel-steps.wav<\/a> by rucisko<br \/>\n<a href=\"https:\/\/freesound.org\/people\/constructabeat\/sounds\/258379\/\" target=\"_blank\" rel=\"noopener\">large-metal-door-opening (1).wav<\/a> by constructabeat<br \/>\n<a href=\"https:\/\/freesound.org\/people\/arnaud-coutancier\/sounds\/273327\/\" target=\"_blank\" rel=\"noopener\">fall-3-on-floor-cushion.wav<\/a> by arnaud-coutancier<br \/>\n<a href=\"https:\/\/freesound.org\/people\/ivolipa\/sounds\/337097\/\" target=\"_blank\" rel=\"noopener\">construction-site-cat-2.wav<\/a> by ivolipa<br \/>\n<a href=\"https:\/\/freesound.org\/people\/ivolipa\/sounds\/337098\/\" target=\"_blank\" rel=\"noopener\">construction-site-cat-1.wav<\/a> by ivolipa<br \/>\n<a href=\"https:\/\/freesound.org\/people\/margotdots\/sounds\/362874\/\" target=\"_blank\" rel=\"noopener\">glass-bottle-getting-throw-in-dustbin.wav<\/a> by margotdots<br \/>\n<a href=\"https:\/\/freesound.org\/people\/shutup-outcast\/sounds\/367830\/\" target=\"_blank\" rel=\"noopener\">kicking-bottle.wav<\/a> by shutup-outcast<br \/>\n<a href=\"https:\/\/freesound.org\/people\/dycmaster\/sounds\/368208\/\" target=\"_blank\" rel=\"noopener\">motorcycle-passing-by-honda-cbf500-3.wav<\/a> by dycmaster<br \/>\n<a href=\"https:\/\/freesound.org\/people\/deleted-user-7146007\/sounds\/383753\/\" target=\"_blank\" rel=\"noopener\">jumping-on-a-bed (3)_1.wav<\/a> by deleted-user-7146007<br \/>\n<a href=\"https:\/\/freesound.org\/people\/the-chemical-workshop\/sounds\/403252\/\" target=\"_blank\" rel=\"noopener\">taser-high-voltage-discharge.wav<\/a> by the-chemical-workshop<br \/>\n<a href=\"https:\/\/freesound.org\/people\/dpren\/sounds\/440147\/\" target=\"_blank\" rel=\"noopener\">scifi-gun-mega-charge-cannon.wav<\/a> by dpren<br \/>\n<a href=\"https:\/\/freesound.org\/people\/subflux\/sounds\/51494\/\" target=\"_blank\" rel=\"noopener\">cage-bang.wav<\/a> by subflux<br \/>\n<a href=\"https:\/\/freesound.org\/people\/kevinkace\/sounds\/66780\/\" target=\"_blank\" rel=\"noopener\">crate-break-4.wav<\/a> by kevinkace<br \/>\n<a href=\"https:\/\/freesound.org\/people\/allencote\/sounds\/81068\/\" target=\"_blank\" rel=\"noopener\">harley-01_1.wav<\/a> by allencote<br \/>\n<a href=\"https:\/\/freesound.org\/people\/cgeffex\/sounds\/95755\/\" target=\"_blank\" rel=\"noopener\">step (3).wav<\/a> by cgeffex<br \/>\nBoat Fog Horn.aif par unknown artist<br \/>\nGrave_Matters.wav par Grave Matters by Kevin Mc Leod<\/p>\n<p>&nbsp;<\/p>\n<div class=\"audiolibrary-column audiolibrary-column-title\">\n<div>\n<h2><strong>Tu peux aussi choisir un autre moyen d\u2019\u00e9coute. T\u2019inqui\u00e8te, c\u2019est gratuit :<\/strong><\/h2>\n<div class=\"aligncenter\"><a href=\"https:\/\/itunes.apple.com\/fr\/podcast\/pamela-target-saison-1\/id1347089265?mt=2\" target=\"_blank\" rel=\"noopener\"><img decoding=\"async\" class=\"size-medium wp-image-479 aligncenter\" src=\"https:\/\/www.pamelatarget.com\/wp-content\/uploads\/2018\/02\/Get_it_on_iTunes_Badge_FR_1114-300x109.png\" alt=\"\" width=\"200\" srcset=\"https:\/\/www.pamelatarget.com\/wp-content\/uploads\/2018\/02\/Get_it_on_iTunes_Badge_FR_1114-300x109.png 300w, https:\/\/www.pamelatarget.com\/wp-content\/uploads\/2018\/02\/Get_it_on_iTunes_Badge_FR_1114-768x279.png 768w, https:\/\/www.pamelatarget.com\/wp-content\/uploads\/2018\/02\/Get_it_on_iTunes_Badge_FR_1114-1024x372.png 1024w, https:\/\/www.pamelatarget.com\/wp-content\/uploads\/2018\/02\/Get_it_on_iTunes_Badge_FR_1114.png 1194w\" sizes=\"(max-width: 300px) 100vw, 300px\" \/><\/a><a href=\"https:\/\/soundcloud.com\/user-149328996\/pts02e01-quelle-belle-journee-a-la-madmax\" target=\"_blank\" rel=\"noopener\"><img decoding=\"async\" class=\"size-medium wp-image-477\" src=\"https:\/\/www.pamelatarget.com\/wp-content\/uploads\/2018\/02\/SoundCloud_logo_orange_color_plain.svg_-300x171.png\" alt=\"\" width=\"200\" srcset=\"https:\/\/www.pamelatarget.com\/wp-content\/uploads\/2018\/02\/SoundCloud_logo_orange_color_plain.svg_-300x171.png 300w, https:\/\/www.pamelatarget.com\/wp-content\/uploads\/2018\/02\/SoundCloud_logo_orange_color_plain.svg_-768x438.png 768w, https:\/\/www.pamelatarget.com\/wp-content\/uploads\/2018\/02\/SoundCloud_logo_orange_color_plain.svg_-1024x584.png 1024w, https:\/\/www.pamelatarget.com\/wp-content\/uploads\/2018\/02\/SoundCloud_logo_orange_color_plain.svg_.png 1200w\" sizes=\"(max-width: 300px) 100vw, 300px\" \/><\/a><a href=\"https:\/\/www.deezer.com\/fr\/episode\/5987417\" target=\"_blank\" rel=\"noopener\"><img decoding=\"async\" class=\"size-medium wp-image-574\" src=\"https:\/\/www.pamelatarget.com\/wp-content\/uploads\/2018\/02\/deezer-logo-300x168.png\" alt=\"\" width=\"200\" \/><\/a><a href=\"https:\/\/spoti.fi\/2OJzwUS\" target=\"_blank\" rel=\"noopener\"><img loading=\"lazy\" decoding=\"async\" width=\"300\" height=\"90\" class=\"size-medium wp-image-1572\" src=\"https:\/\/www.pamelatarget.com\/wp-content\/uploads\/2018\/11\/Spotify_Logo_RGB_Green-300x90.png\" alt=\"\" \/><\/a><a href=\"https:\/\/radiopublic.com\/pamela-target-8XR1ee\" target=\"_blank\" rel=\"noopener\"><img decoding=\"async\" class=\"size-medium wp-image-1572 alignleft\" src=\"https:\/\/www.pamelatarget.com\/wp-content\/uploads\/2019\/02\/radiopublic.png\" alt=\"\" \/><\/a><\/div>\n<p><!--more--><\/p>\n<\/div>\n<h2 style=\"text-align: center;\"><strong>Retranscription de l&rsquo;\u00e9pisode<\/strong><\/h2>\n<div>\n<div class=\"audiolibrary-column audiolibrary-column-title\">\n<div style=\"text-align: center;\">texte prot\u00e9g\u00e9 &#8211; reproduction interdite sans l&rsquo;accord des auteurs<\/div>\n<\/div>\n<\/div>\n<div>\n<div class=\"audiolibrary-column audiolibrary-column-title\">\n<p style=\"text-align: center;\">EXT\/JOUR PLAINE DE L&rsquo;ARCHE<\/p>\n<p style=\"text-align: center;\">PAULO<br \/>\nJe l\u2019avais pr\u00e9venu.<\/p>\n<p style=\"text-align: center;\">GIULIETTA<br \/>\nOn l\u2019a eu !<\/p>\n<p style=\"text-align: center;\">Bruit de moto qui d\u00e9rape.<\/p>\n<p style=\"text-align: center;\">GIULIETTA<br \/>\nOn non, non ! Charwin avec sa moto! Il manquait plus que lui ! Qui a bien pu le pr\u00e9venir?<\/p>\n<p style=\"text-align: center;\">PAULO<\/p>\n<p style=\"text-align: center;\">Qu&rsquo;est-ce qu&rsquo;il a foutu Carwin, il reste plus que moi, il a r\u00e9duit tout le monde en poussi\u00e8res.<\/p>\n<p style=\"text-align: center;\">GIULIETTA<\/p>\n<p style=\"text-align: center;\">(chuchotant)<\/p>\n<p style=\"text-align: center;\">Mais non Paulo ! On est l\u00e0&#8230; planqu\u00e9s dans les poubelles.<\/p>\n<p style=\"text-align: center;\">RYU<\/p>\n<p style=\"text-align: center;\">(chuchotant)<\/p>\n<p style=\"text-align: center;\">ouais, mec\u2026 Ram\u00e8ne-toi !<\/p>\n<p style=\"text-align: center;\">Moteur de moto sur le point de s\u2019arr\u00eater.<\/p>\n<p style=\"text-align: center;\">CHARWIN<\/p>\n<p style=\"text-align: center;\">Ahah ! o\u00f9 sont-ils ?<\/p>\n<p style=\"text-align: center;\">Cri de Godzillapin.<\/p>\n<p style=\"text-align: center;\">CHARWIN<\/p>\n<p style=\"text-align: center;\">(surpris)<\/p>\n<p style=\"text-align: center;\">ahhh !<\/p>\n<p style=\"text-align: center;\">Bruit de d\u00e9charge \u00e9lectrique. rire nerveux de Charwin<\/p>\n<p style=\"text-align: center;\">CHARWIN<\/p>\n<p style=\"text-align: center;\">Une d\u00e9charge de taser \u00e0 8000 volts, tu vas moins faire le malin Godzillapin, hein.<\/p>\n<p style=\"text-align: center;\">PETEUR PAN PAN<\/p>\n<p style=\"text-align: center;\">Nooon !<\/p>\n<p style=\"text-align: center;\">EXT. \/JOUR Flash-back Camion<\/p>\n<p style=\"text-align: center;\">Bruit de camion<\/p>\n<p style=\"text-align: center;\">PETER PAN PAN BEBE<\/p>\n<p style=\"text-align: center;\">Non ! pas le taser !<\/p>\n<\/div>\n<div class=\"audiolibrary-column audiolibrary-column-title\">\n<p style=\"text-align: center;\">CHAUFFEUR CAMION<\/p>\n<p style=\"text-align: center;\">ahah ! Et pan, une d\u00e9charge pour le lapin !<\/p>\n<p style=\"text-align: center;\">cri de b\u00e9b\u00e9 Peter panpan.<\/p>\n<p style=\"text-align: center;\">CHAUFFEUR CAMION<\/p>\n<p style=\"text-align: center;\">Mais c\u2019est quoi ce petit laideron ! T\u2019as vu ta fourrure, t\u2019es moche comme un pou ! Personne voudra de toi, m\u00eame pour des exp\u00e9riences. L\u00e2che ta m\u00e8re ! D\u00e9gage !<\/p>\n<p style=\"text-align: center;\">PETER PAN PAN<\/p>\n<p style=\"text-align: center;\">Non, non ! Maman, non ! L\u00e2chez-moi!<\/p>\n<p style=\"text-align: center;\">EXT\/JOUR PLAINE DE L&rsquo;ARCHE<\/p>\n<p style=\"text-align: center;\">Fin flash-back, bruit de d\u00e9charge \u00e9lectrique.<\/p>\n<p style=\"text-align: center;\">CHARWIN<\/p>\n<p style=\"text-align: center;\">Ce lapin d\u00e9lire, on dirait. En tout cas, il a repris sa taille normale. Inutile de te d\u00e9mener mon petit.<\/p>\n<p style=\"text-align: center;\">Clac bruit de cage ouverte et referm\u00e9e.<\/p>\n<p style=\"text-align: center;\">CHARWIN<\/p>\n<p style=\"text-align: center;\">hop dans la cage \u00e0 lapin\u2026 Maintenant o\u00f9 sont pass\u00e9s les autres ? Alors , on joue \u00e0 cache-cache?<\/p>\n<p style=\"text-align: center;\">Bruit de poubelles.<\/p>\n<p style=\"text-align: center;\">CHARWIN<\/p>\n<p style=\"text-align: center;\">Dans la poubelle, je t\u2019ai vu Ryu !!<\/p>\n<p style=\"text-align: center;\">RYU<\/p>\n<p style=\"text-align: center;\">merde on est foutu les mecs !<\/p>\n<p style=\"text-align: center;\">BRUCE<\/p>\n<p style=\"text-align: center;\">(voix rauque)<\/p>\n<p style=\"text-align: center;\">Je vais faire diversion !<\/p>\n<p style=\"text-align: center;\">CHARWIN<\/p>\n<p style=\"text-align: center;\">Mais voyez-vous \u00e7a, qui d\u2019autre avons-nous l\u00e0, Mister Bruce en personne ? Quelle co\u00efncidence! C\u2018est justement vous que je cherchais.<\/p>\n<p style=\"text-align: center;\">(d\u00e9charge \u00e9lectrique)<\/p>\n<p style=\"text-align: center;\">Et hop ! j\u2019adore mon nouveau jouet.<\/p>\n<p style=\"text-align: center;\">BRUCE<\/p>\n<p style=\"text-align: center;\">(souffrant)<\/p>\n<p style=\"text-align: center;\">Mais, comment&#8230; m\u2019avez-vous reconnu&#8230; Charwin ?<\/p>\n<p style=\"text-align: center;\">CHARWIN<\/p>\n<p style=\"text-align: center;\">Voyons, Mister Bruce, un \u00e9meu avec un masque de chauve-souris, \u00e7a reste un \u00e9meu ! Mais bon, passons sur vos lubies vestimentaires. J\u2019ai une bonne nouvelle pour vous ! La l\u00e9gendaire machine du N\u00e9braska arrive en ce moment m\u00eame \u00e0 mon laboratoire.<\/p>\n<p style=\"text-align: center;\">Sir\u00e8ne de paquebot au loin !<\/p>\n<p style=\"text-align: center;\">CHARWIN (CONT\u2019D)<\/p>\n<p style=\"text-align: center;\">Vous entendez ? Vous allez pouvoir pleinement savourer vos retrouvailles.<\/p>\n<p style=\"text-align: center;\">BRUCE<\/p>\n<p style=\"text-align: center;\">(hurlant)<\/p>\n<p style=\"text-align: center;\">Non, pas la machine du Nebraska ! Pr\u00e9venez Julius !<\/p>\n<p style=\"text-align: center;\">CHARWIN<\/p>\n<p style=\"text-align: center;\">(aux robots patrouilleurs)<\/p>\n<p style=\"text-align: center;\">Robot patrouilleurs ! Mettez-le avec le lapin sur ma moto !<\/p>\n<p style=\"text-align: center;\">La moto de Charwin red\u00e9marre. Rire charwin.<\/p>\n<p style=\"text-align: center;\">BRUCE<\/p>\n<p style=\"text-align: center;\">(emmen\u00e9 par Charwin)<\/p>\n<p style=\"text-align: center;\">Pr\u00e9venez Juliuuuus !<\/p>\n<p style=\"text-align: center;\">Bruit de moto qui s\u2019\u00e9loigne dans un rire sard\u00e9moniaque.<\/p>\n<p style=\"text-align: center;\">RYU<\/p>\n<p style=\"text-align: center;\">(chuchotant)<\/p>\n<p style=\"text-align: center;\">H\u00e9 les mecs, il est o\u00f9 Julius ?<\/p>\n<p style=\"text-align: center;\">A SUIVRE&#8230;<\/p>\n<\/div>\n<\/div>\n<\/div>\n","protected":false},"excerpt":{"rendered":"<p>PT S02 E12:\u00a0Taser M\u00e9canique Comme chaque h\u00e9ros a sa part d&rsquo;ombre, certains m\u00e9chant ont parfois une part de lumi\u00e8re insoup\u00e7onn\u00e9e. Branche tes \u00e9couteurs et Bim ! Lance la lecture : &nbsp; Pour avoir de nos nouvelles et d\u00e9couvrir des bonus, c&rsquo;est ici CLUB VIP PAMELA TARGET &nbsp; CREDITS Ecrit par Katia Grivot, David Neau et [&hellip;]<\/p>\n","protected":false},"author":1,"featured_media":2903,"parent":0,"menu_order":0,"comment_status":"closed","ping_status":"closed","template":"","meta":{"footnotes":""},"class_list":["post-2849","page","type-page","status-publish","has-post-thumbnail","hentry"],"_links":{"self":[{"href":"https:\/\/www.pamelatarget.com\/index.php\/wp-json\/wp\/v2\/pages\/2849","targetHints":{"allow":["GET"]}}],"collection":[{"href":"https:\/\/www.pamelatarget.com\/index.php\/wp-json\/wp\/v2\/pages"}],"about":[{"href":"https:\/\/www.pamelatarget.com\/index.php\/wp-json\/wp\/v2\/types\/page"}],"author":[{"embeddable":true,"href":"https:\/\/www.pamelatarget.com\/index.php\/wp-json\/wp\/v2\/users\/1"}],"replies":[{"embeddable":true,"href":"https:\/\/www.pamelatarget.com\/index.php\/wp-json\/wp\/v2\/comments?post=2849"}],"version-history":[{"count":10,"href":"https:\/\/www.pamelatarget.com\/index.php\/wp-json\/wp\/v2\/pages\/2849\/revisions"}],"predecessor-version":[{"id":3123,"href":"https:\/\/www.pamelatarget.com\/index.php\/wp-json\/wp\/v2\/pages\/2849\/revisions\/3123"}],"wp:featuredmedia":[{"embeddable":true,"href":"https:\/\/www.pamelatarget.com\/index.php\/wp-json\/wp\/v2\/media\/2903"}],"wp:attachment":[{"href":"https:\/\/www.pamelatarget.com\/index.php\/wp-json\/wp\/v2\/media?parent=2849"}],"curies":[{"name":"wp","href":"https:\/\/api.w.org\/{rel}","templated":true}]}}