{"id":2589,"date":"2019-04-19T13:44:45","date_gmt":"2019-04-19T11:44:45","guid":{"rendered":"https:\/\/www.pamelatarget.com\/?page_id=2589"},"modified":"2019-04-19T23:27:23","modified_gmt":"2019-04-19T21:27:23","slug":"dosier-de-presse-lost-in-the-ark","status":"publish","type":"page","link":"https:\/\/www.pamelatarget.com\/index.php\/dosier-de-presse-lost-in-the-ark\/","title":{"rendered":"Dossier de presse: Lost In The ARK &#8211; Jeu audio Pamela Target"},"content":{"rendered":"<h2 class=\"p2\" style=\"text-align: center;\"><strong><span class=\"s1\">19 Avril 2019 &#8211; Pour la premi\u00e8re fois, un Podcast inspire la cr\u00e9ation<br \/>\n<\/span><\/strong><strong><span class=\"s2\">d\u2019un jeu audio interactif sur enceinte\u00a0<\/span><\/strong><strong><span class=\"s2\">connect\u00e9e<\/span><\/strong><\/h2>\n<div style=\"text-align: center;\">\n<div style=\"display: inline-block;\">\n<div style=\"width: 1280px;\" class=\"wp-video\"><video class=\"wp-video-shortcode\" id=\"video-2589-1\" width=\"1280\" height=\"720\" loop autoplay preload=\"auto\" controls=\"controls\"><source type=\"video\/mp4\" src=\"https:\/\/www.pamelatarget.com\/wp-content\/uploads\/2019\/04\/Comp-1-3.mp4?_=1\" \/><a href=\"https:\/\/www.pamelatarget.com\/wp-content\/uploads\/2019\/04\/Comp-1-3.mp4\">https:\/\/www.pamelatarget.com\/wp-content\/uploads\/2019\/04\/Comp-1-3.mp4<\/a><\/video><\/div>\n<\/div>\n<p><a href=\"https:\/\/www.pamelatarget.com\/wp-content\/uploads\/2019\/04\/Comp-1-1.mp4\">Lost in the ARK<\/a><\/p>\n<\/div>\n<p>&nbsp;<\/p>\n<h3><strong><span class=\"s1\">L\u2019univers de la s\u00e9rie audio Pamela Target d\u00e9clin\u00e9e en jeu audio interactif<\/span><\/strong><\/h3>\n<p><img loading=\"lazy\" decoding=\"async\" class=\"wp-image-1558 size-thumbnail alignleft\" src=\"https:\/\/www.pamelatarget.com\/wp-content\/uploads\/2018\/11\/PAMELA-TARGET-LOGO-HD-150x150.png\" alt=\"\" width=\"150\" height=\"150\" \/><\/p>\n<p class=\"p5\"><span class=\"s1\">19 Avril 2019 \u2013 Les cr\u00e9ateurs du podcast de fiction \u00ab\u00a0Pamela Target\u00a0\u00bb explorent les nouveaux modes de narration et lancent un jeu d\u2019aventure audio inspir\u00e9 de leur univers : \u00ab\u00a0LOST in the ARK\u00bb. Il s\u2019agit d\u2019une exp\u00e9rience interactive in\u00e9dite : un podcast fiction dont vous \u00eates le h\u00e9ros, disponible sur smartphones et enceintes connect\u00e9es Google. Cette aventure sonore bas\u00e9e sur le podcast Pamela Target pourrait bien inspirer les envies d\u2019interactivit\u00e9 de la radio de demain\u00a0!<\/span><\/p>\n<p class=\"p5\"><span class=\"s1\">L\u2019aventure commence le 19 avril 2019. Elle fait entrer le joueur dans l&rsquo;univers funky et barr\u00e9 du podcast Pamela Target. Les r\u00e8gles sont simples\u00a0: le joueur joue un nouvel arrivant dans l\u2019arche de Pamela target, qui se retrouve coinc\u00e9 dans une boucle temporelle par un malheureux concours de circonstances. Pour sortir de la boucle, il devra trouver un certain nombre d\u2019objets. Au cours de l\u2019aventure, il d\u00e9couvrira des lieux,<span class=\"Apple-converted-space\">\u00a0 <\/span>rencontrera des personnages de Pamela Target, en mesure de l\u2019aider ou non.<\/span><\/p>\n<h3><\/h3>\n<h3><strong>Comment jouer au jeu audio Pamela Target?\u00a0<\/strong><\/h3>\n<p class=\"p5\"><span class=\"s1\">Pour lancer le jeu, il suffit de prononcer ces simples phrases \u00e0 son smartphone ou son enceinte connect\u00e9e \u00ab\u00a0OK Google\u00a0: Je veux parler \u00e0 Pamela Target\u00a0\u00bb puis \u00ab\u00a0je veux jouer\u00a0\u00bb. Ce jeu est ouvert \u00e0 tous, auditeurs de Pamela Target ou simple curieux, \u00e0 condition d\u2019\u00eatre \u00e2g\u00e9 de plus de 13 ans.\u00a0<\/span><\/p>\n<p class=\"p5\" style=\"text-align: center;\"><iframe loading=\"lazy\" src=\"https:\/\/www.youtube.com\/embed\/VpU-e9Lbc_M\" width=\"560\" height=\"315\" frameborder=\"0\" allowfullscreen=\"allowfullscreen\"><\/iframe><\/p>\n<h3><\/h3>\n<h3><strong>Un jeu con\u00e7u par l&rsquo;\u00e9quipe Pamela Target<\/strong><\/h3>\n<p class=\"p5\"><span class=\"s1\">Pamela Target est une s\u00e9rie de fiction podcast gratuite, cr\u00e9\u00e9e par une petite <a href=\"https:\/\/www.pamelatarget.com\/index.php\/whoz-the-boss\/\"><span class=\"s3\">\u00e9quipe dynamique<\/span><\/a>, un geek, une auteure-r\u00e9alisatrice et un sc\u00e9nariste de jeux vid\u00e9o. Elle a vu le jour le 13 f\u00e9vrier 2018. Sa premi\u00e8re saison, de 33 \u00e9pisodes de 5 mn chacun, a \u00e9t\u00e9 diffus\u00e9e tous les mercredis jusqu\u2019en novembre 2018 et a \u00e9t\u00e9 prim\u00e9e, entre autres, Meilleure saga Mp3 \u00e0 la c\u00e9r\u00e9monie des Potards en mars 2019.<\/span><\/p>\n<p class=\"p5\"><span class=\"s1\">Toujours enregistr\u00e9e \u00e0 la maison, une nouvelle saison, tout aussi barr\u00e9e et bourr\u00e9e de r\u00e9f\u00e9rences cin\u00e9ma et culture pop est en cours. Elle est disponible sur <a href=\"https:\/\/www.pamelatarget.com\/\"><span class=\"s4\">https:\/\/www.pamelatarget.com<\/span><\/a> et sur toutes les plateformes de podcasts telles que <a href=\"https:\/\/open.spotify.com\/show\/0isAEkNhQpe6Hjpi8LzC0B\" target=\"_blank\" rel=\"noopener\">Spotify<\/a>, <a href=\"https:\/\/www.deezer.com\/fr\/show\/56145\" target=\"_blank\" rel=\"noopener\">Deezer<\/a>, <a href=\"https:\/\/soundcloud.com\/user-149328996\" target=\"_blank\" rel=\"noopener\">SoundCloud<\/a>, <a href=\"https:\/\/podcasts.apple.com\/fr\/podcast\/pamela-target\/id1347089265?mt=2\" target=\"_blank\" rel=\"noopener\">iTunes<\/a>, Google podcast, <a href=\"https:\/\/podcloud.fr\/podcast\/pamela-target\" target=\"_blank\" rel=\"noopener\">Podcloud<\/a>, <a href=\"https:\/\/radiopublic.com\/pamela-target-8XR1ee\" target=\"_blank\" rel=\"noopener\">Radio Public<\/a>\u2026<\/span><\/p>\n<h3><\/h3>\n<h3><strong>Un march\u00e9 enfin pr\u00eat pour le jeu audio<\/strong><\/h3>\n<p class=\"p5\"><span class=\"s1\">Avec plus de 1,7 Millions d\u2019enceintes connect\u00e9es vendues en France fin 2018, une part pr\u00e9pond\u00e9rante prise par les assistants Google sur les mobiles (+ de 75% du march\u00e9 fran\u00e7ais a un syst\u00e8me d\u2019exploitation Android) et la forte croissance annonc\u00e9e pour les podcasts, toutes les conditions sont r\u00e9unies pour offrir un large public au jeu de \u00a8Pamela Target, l\u2019aventure sonore\u00a0\u00bb. <\/span><\/p>\n<p class=\"p5\"><span class=\"s1\">\u00ab\u00a0C\u2019est un petit pas pour Pamela, et un grand bond pour la radio\u00a0\u00bb d\u00e9clare Pascal Senicourt, d\u00e9veloppeur et co-sc\u00e9nariste de l\u2019univers d\u00e9cal\u00e9 Pamela Target. \u00ab\u00a0m\u00eame pas cap\u2019 de me battre avec ta voix\u00a0\u00bb lui aurait r\u00e9pondu Pamela.<\/span><\/p>\n<p>&nbsp;<\/p>\n<h3 class=\"p5\"><span class=\"s1\">A propos de Pamela Target la s\u00e9rie audio <\/span><\/h3>\n<p class=\"p6\"><span class=\"s1\">Vous aimez les histoires ultra-r\u00e9f\u00e9renc\u00e9es ? Un humour qui n&rsquo;a peur de rien ? Et surtout pas de faire la nique au bon go\u00fbt ? Alors Pamela Target est faite pour vous. Mettez vos \u00e9couteurs et laissez-vous embarquer. Le voyage va \u00eatre agit\u00e9. Mais funky.<\/span><\/p>\n<p><img loading=\"lazy\" decoding=\"async\" width=\"1024\" height=\"159\" class=\"aligncenter size-large wp-image-2703\" src=\"https:\/\/www.pamelatarget.com\/wp-content\/uploads\/2019\/04\/bandeau-pochettes-1024x159.jpeg\" alt=\"\" srcset=\"https:\/\/www.pamelatarget.com\/wp-content\/uploads\/2019\/04\/bandeau-pochettes-1024x159.jpeg 1024w, https:\/\/www.pamelatarget.com\/wp-content\/uploads\/2019\/04\/bandeau-pochettes-300x47.jpeg 300w, https:\/\/www.pamelatarget.com\/wp-content\/uploads\/2019\/04\/bandeau-pochettes-768x119.jpeg 768w, https:\/\/www.pamelatarget.com\/wp-content\/uploads\/2019\/04\/bandeau-pochettes.jpeg 1610w\" sizes=\"auto, (max-width: 1024px) 100vw, 1024px\" \/><\/p>\n<h3>Contact Presse<\/h3>\n<p>Pascal Senicourt<br \/>\n<a href=\"mailto:contact@pamelatarget.com\">contact@pamelatarget.com<\/a><\/p>\n<h3>Ressources:<\/h3>\n<p>Affiche:<br \/>\n<a href=\"https:\/\/www.pamelatarget.com\/wp-content\/uploads\/2019\/04\/lost-in-teh-arch-VIDEO-2.jpg\"><img loading=\"lazy\" decoding=\"async\" class=\"wp-image-2675 alignnone\" src=\"https:\/\/www.pamelatarget.com\/wp-content\/uploads\/2019\/04\/lost-in-teh-arch-VIDEO-2-1024x576.jpg\" alt=\"\" width=\"150\" height=\"84\" srcset=\"https:\/\/www.pamelatarget.com\/wp-content\/uploads\/2019\/04\/lost-in-teh-arch-VIDEO-2-1024x576.jpg 1024w, https:\/\/www.pamelatarget.com\/wp-content\/uploads\/2019\/04\/lost-in-teh-arch-VIDEO-2-300x169.jpg 300w, https:\/\/www.pamelatarget.com\/wp-content\/uploads\/2019\/04\/lost-in-teh-arch-VIDEO-2-768x432.jpg 768w, https:\/\/www.pamelatarget.com\/wp-content\/uploads\/2019\/04\/lost-in-teh-arch-VIDEO-2.jpg 1920w\" sizes=\"auto, (max-width: 150px) 100vw, 150px\" \/><\/a><\/p>\n<p>Pochette:<br \/>\n<a href=\"https:\/\/www.pamelatarget.com\/wp-content\/uploads\/2019\/04\/LOSTINTHEARK-POCHETTE.jpg\"><img loading=\"lazy\" decoding=\"async\" class=\"wp-image-2686 size-thumbnail alignnone\" src=\"https:\/\/www.pamelatarget.com\/wp-content\/uploads\/2019\/04\/LOSTINTHEARK-POCHETTE-150x150.jpg\" alt=\"\" width=\"150\" height=\"150\" srcset=\"https:\/\/www.pamelatarget.com\/wp-content\/uploads\/2019\/04\/LOSTINTHEARK-POCHETTE-150x150.jpg 150w, https:\/\/www.pamelatarget.com\/wp-content\/uploads\/2019\/04\/LOSTINTHEARK-POCHETTE-300x300.jpg 300w, https:\/\/www.pamelatarget.com\/wp-content\/uploads\/2019\/04\/LOSTINTHEARK-POCHETTE-768x768.jpg 768w, https:\/\/www.pamelatarget.com\/wp-content\/uploads\/2019\/04\/LOSTINTHEARK-POCHETTE-1024x1024.jpg 1024w, https:\/\/www.pamelatarget.com\/wp-content\/uploads\/2019\/04\/LOSTINTHEARK-POCHETTE.jpg 1600w\" sizes=\"auto, (max-width: 150px) 100vw, 150px\" \/><\/a><\/p>\n<p>lien Google Assistant:<br \/>\n<a href=\"http:\/\/bit.ly\/PamelaTargetJeuAudio\" target=\"_blank\" rel=\"noopener\">http:\/\/bit.ly\/PamelaTargetJeuAudio<\/a><\/p>\n<p>&nbsp;<\/p>\n","protected":false},"excerpt":{"rendered":"<p>19 Avril 2019 &#8211; Pour la premi\u00e8re fois, un Podcast inspire la cr\u00e9ation d\u2019un jeu audio interactif sur enceinte\u00a0connect\u00e9e Lost in the ARK &nbsp; L\u2019univers de la s\u00e9rie audio Pamela Target d\u00e9clin\u00e9e en jeu audio interactif 19 Avril 2019 \u2013 Les cr\u00e9ateurs du podcast de fiction \u00ab\u00a0Pamela Target\u00a0\u00bb explorent les nouveaux modes de narration et [&hellip;]<\/p>\n","protected":false},"author":1,"featured_media":2675,"parent":0,"menu_order":0,"comment_status":"closed","ping_status":"closed","template":"","meta":{"footnotes":""},"class_list":["post-2589","page","type-page","status-publish","has-post-thumbnail","hentry"],"_links":{"self":[{"href":"https:\/\/www.pamelatarget.com\/index.php\/wp-json\/wp\/v2\/pages\/2589","targetHints":{"allow":["GET"]}}],"collection":[{"href":"https:\/\/www.pamelatarget.com\/index.php\/wp-json\/wp\/v2\/pages"}],"about":[{"href":"https:\/\/www.pamelatarget.com\/index.php\/wp-json\/wp\/v2\/types\/page"}],"author":[{"embeddable":true,"href":"https:\/\/www.pamelatarget.com\/index.php\/wp-json\/wp\/v2\/users\/1"}],"replies":[{"embeddable":true,"href":"https:\/\/www.pamelatarget.com\/index.php\/wp-json\/wp\/v2\/comments?post=2589"}],"version-history":[{"count":26,"href":"https:\/\/www.pamelatarget.com\/index.php\/wp-json\/wp\/v2\/pages\/2589\/revisions"}],"predecessor-version":[{"id":2704,"href":"https:\/\/www.pamelatarget.com\/index.php\/wp-json\/wp\/v2\/pages\/2589\/revisions\/2704"}],"wp:featuredmedia":[{"embeddable":true,"href":"https:\/\/www.pamelatarget.com\/index.php\/wp-json\/wp\/v2\/media\/2675"}],"wp:attachment":[{"href":"https:\/\/www.pamelatarget.com\/index.php\/wp-json\/wp\/v2\/media?parent=2589"}],"curies":[{"name":"wp","href":"https:\/\/api.w.org\/{rel}","templated":true}]}}