{"id":2557,"date":"2019-04-17T20:45:00","date_gmt":"2019-04-17T18:45:00","guid":{"rendered":"https:\/\/www.pamelatarget.com\/?page_id=2557"},"modified":"2019-04-18T11:13:08","modified_gmt":"2019-04-18T09:13:08","slug":"pts02e08-godzillapin-fuyez","status":"publish","type":"page","link":"https:\/\/www.pamelatarget.com\/index.php\/pts02e08-godzillapin-fuyez\/","title":{"rendered":"PTS02E08 : Godzillapin"},"content":{"rendered":"<h2 style=\"text-align: center;\"><strong>PT S02 E08: Godzillapin, fuyez !<\/strong><strong><br \/>\n<\/strong><\/h2>\n<p style=\"text-align: center;\">Une course-poursuite improbable s\u2019engage au c\u0153ur de l\u2019arche entre BatBruce et Peter Pan Pan le lapin p\u00e9teur. Mais attention au pi\u00e8ge !<\/p>\n<p style=\"text-align: center;\">Branche tes \u00e9couteurs et Bim ! Lance la lecture :<\/p>\n<p style=\"text-align: center;\"><iframe loading=\"lazy\" src=\"https:\/\/embed.radiopublic.com\/e?if=pamela-target-8XR1ee&amp;ge=s1!58763fd18b2a9539f7c5bde1c3dc8c8799f2ce00\" width=\"100%\" height=\"185\" frameborder=\"0\" scrolling=\"no\" sandbox=\"allow-same-origin allow-scripts allow-top-navigation allow-popups\"><\/iframe><\/p>\n<h3 style=\"text-align: center;\"><\/h3>\n<p style=\"text-align: center;\">Pour avoir de nos nouvelles et d\u00e9couvrir des bonus,<\/p>\n<p style=\"text-align: center;\">c&rsquo;est ici<strong> <a href=\"https:\/\/www.pamelatarget.com\/index.php\/vip-club\/\">CLUB VIP PAMELA TARGET<\/a><\/strong><\/p>\n<p>&nbsp;<\/p>\n<h3><strong>CREDITS<\/strong><\/h3>\n<p><strong>Ecrit par<\/strong> Katia Grivot, David Neau et Pascal Senicourt<\/p>\n<p><strong>R\u00e9alis\u00e9, mont\u00e9 et mix\u00e9<\/strong> <strong>par<\/strong> Katia Grivot<\/p>\n<p><strong>Anim\u00e9 pour Youtube par<\/strong> Pascal Senicourt<\/p>\n<p>&nbsp;<\/p>\n<h3><strong>Musiques <\/strong><\/h3>\n<p>g\u00e9n\u00e9riques par Domingo Olmo Martin<\/p>\n<div class=\"audiolibrary-column audiolibrary-column-title\">\n<div>\n<div class=\"audiolibrary-column audiolibrary-column-title\">Tibet par\u00a0<a class=\"artist-channel-url\" href=\"https:\/\/www.youtube.com\/channel\/UCQ3QtdsILJ8zuXpvqlRXfsw\" target=\"_blank\" rel=\"noopener\">HOVATOFF<\/a><\/div>\n<\/div>\n<div>\n<div class=\"audiolibrary-column audiolibrary-column-title\">Waltz To Death par\u00a0<a class=\"artist-channel-url\" href=\"https:\/\/www.youtube.com\/channel\/UC3edSSIDJPTZmBM-m9_G3Nw\" target=\"_blank\" rel=\"noopener\">Sir Cubworth<\/a><\/div>\n<\/div>\n<div class=\"audiolibrary-column audiolibrary-column-title\">Tribal War Council par Doug Maxwell\/Media Right Productions<\/div>\n<div class=\"audiolibrary-column audiolibrary-column-title\">Tension Nonstop par\u00a0<a class=\"artist-channel-url\" href=\"https:\/\/www.youtube.com\/channel\/UCiSKnkKCKAQVxMUWpZQobuQ\" target=\"_blank\" rel=\"noopener\">Myuu<\/a><\/div>\n<div class=\"audiolibrary-column audiolibrary-column-tag\"><\/div>\n<\/div>\n<div>\n<div class=\"audiolibrary-column audiolibrary-column-title\">\n<h3><strong>Par ordre d&rsquo;apparition <\/strong><\/h3>\n<p>Peter Pan Pan le Lapin : Domingo Olmo Martin alias King of punk<\/p>\n<p>Rodrigue le cochon dingue : David Chamalet<\/p>\n<p>Bruce l&rsquo;\u00e9meu : David Chamalet<\/p>\n<p>Bill le bousier : J\u00e9rome Th\u00e9venet<\/p>\n<p>Julius Washington le hamster : Domingo Olmo Martin alias King of punk<\/p>\n<h3><strong>Cr\u00e9dits sons <\/strong><\/h3>\n<p>Dans cet e\u0301pisode de nombreux sons sont tire\u0301s de <strong>Freesound<\/strong>. Voici l\u2019ensemble des cre\u0301dits concerne\u0301s :<\/p>\n<ul>\n<li>S:\u00a0<a href=\"https:\/\/freesound.org\/people\/qubodup\/sounds\/221503\/\" target=\"_blank\" rel=\"noopener\">Blowing Balloon<\/a>\u00a0by\u00a0<a href=\"https:\/\/freesound.org\/people\/qubodup\/\" target=\"_blank\" rel=\"noopener\">qubodup<\/a>\u00a0|\u00a0License:\u00a0Attribution<\/li>\n<li>S:\u00a0<a href=\"https:\/\/freesound.org\/people\/Slave2theLight\/sounds\/157121\/\" target=\"_blank\" rel=\"noopener\">Soup slurp<\/a>\u00a0by\u00a0<a href=\"https:\/\/freesound.org\/people\/Slave2theLight\/\" target=\"_blank\" rel=\"noopener\">Slave2theLight<\/a>\u00a0|\u00a0License:\u00a0Attribution<\/li>\n<li>S:\u00a0<a href=\"https:\/\/freesound.org\/people\/niwki\/sounds\/162822\/\" target=\"_blank\" rel=\"noopener\">Cat eating<\/a>\u00a0by\u00a0<a href=\"https:\/\/freesound.org\/people\/niwki\/\" target=\"_blank\" rel=\"noopener\">niwki<\/a>\u00a0|\u00a0License:\u00a0Creative Commons 0<\/li>\n<li>S:\u00a0<a href=\"https:\/\/freesound.org\/people\/CGEffex\/sounds\/95755\/\" target=\"_blank\" rel=\"noopener\">Step.wav<\/a>\u00a0by\u00a0<a href=\"https:\/\/freesound.org\/people\/CGEffex\/\" target=\"_blank\" rel=\"noopener\">CGEffex<\/a>\u00a0|\u00a0License:\u00a0Attribution<\/li>\n<li>S:\u00a0<a href=\"https:\/\/freesound.org\/people\/Aurelon\/sounds\/423702\/\" target=\"_blank\" rel=\"noopener\">Rolling suitcase 5<\/a>\u00a0by\u00a0<a href=\"https:\/\/freesound.org\/people\/Aurelon\/\" target=\"_blank\" rel=\"noopener\">Aurelon<\/a>\u00a0|\u00a0License:\u00a0Creative Commons 0<\/li>\n<li>S:\u00a0<a href=\"https:\/\/freesound.org\/people\/caquet\/sounds\/432217\/\" target=\"_blank\" rel=\"noopener\">Metal barrel rolling<\/a>\u00a0by\u00a0<a href=\"https:\/\/freesound.org\/people\/caquet\/\" target=\"_blank\" rel=\"noopener\">caquet<\/a>\u00a0|\u00a0License:\u00a0Creative Commons 0<\/li>\n<li>S:\u00a0<a href=\"https:\/\/freesound.org\/people\/isbeorn\/sounds\/388307\/\" target=\"_blank\" rel=\"noopener\">creaky-leather.wav<\/a>\u00a0by\u00a0<a href=\"https:\/\/freesound.org\/people\/isbeorn\/\" target=\"_blank\" rel=\"noopener\">isbeorn<\/a>\u00a0|\u00a0License:\u00a0Creative Commons 0<\/li>\n<\/ul>\n<ul>\n<li>S:\u00a0<a href=\"https:\/\/freesound.org\/people\/InspectorJ\/sounds\/405234\/\" target=\"_blank\" rel=\"noopener\">Helicopter Flyby, Distant, A.wav<\/a>\u00a0by\u00a0<a href=\"https:\/\/freesound.org\/people\/InspectorJ\/\" target=\"_blank\" rel=\"noopener\">InspectorJ<\/a>\u00a0|\u00a0License:\u00a0Attribution<\/li>\n<\/ul>\n<div>\n<ul>\n<li>S:\u00a0<a href=\"https:\/\/freesound.org\/people\/ccolbert70Eagles23\/sounds\/423526\/\" target=\"_blank\" rel=\"noopener\">Karate Chop.m4a<\/a>\u00a0by\u00a0<a href=\"https:\/\/freesound.org\/people\/ccolbert70Eagles23\/\" target=\"_blank\" rel=\"noopener\">ccolbert70Eagles23<\/a>\u00a0|\u00a0License:\u00a0Creative Commons 0<\/li>\n<li>S:\u00a0<a href=\"https:\/\/freesound.org\/people\/Ekokubza123\/sounds\/104183\/\" target=\"_blank\" rel=\"noopener\">punch.wav<\/a>\u00a0by\u00a0<a href=\"https:\/\/freesound.org\/people\/Ekokubza123\/\" target=\"_blank\" rel=\"noopener\">Ekokubza123<\/a>\u00a0|\u00a0License:\u00a0Creative Commons 0<\/li>\n<li>S:\u00a0<a href=\"https:\/\/freesound.org\/people\/Kodack\/sounds\/256606\/\" target=\"_blank\" rel=\"noopener\">Trying to open a locked door<\/a>\u00a0by\u00a0<a href=\"https:\/\/freesound.org\/people\/Kodack\/\" target=\"_blank\" rel=\"noopener\">Kodack<\/a>\u00a0|\u00a0License:\u00a0Creative Commons 0<\/li>\n<li>S:\u00a0<a href=\"https:\/\/freesound.org\/people\/qubodup\/sounds\/221503\/\" target=\"_blank\" rel=\"noopener\">Blowing Balloon<\/a>\u00a0by\u00a0<a href=\"https:\/\/freesound.org\/people\/qubodup\/\" target=\"_blank\" rel=\"noopener\">qubodup<\/a>\u00a0|\u00a0License:\u00a0Attribution<\/li>\n<li>S:\u00a0<a href=\"https:\/\/freesound.org\/people\/JoelAudio\/sounds\/135463\/\" target=\"_blank\" rel=\"noopener\">QUICK_SMASH_003.wav<\/a>\u00a0by\u00a0<a href=\"https:\/\/freesound.org\/people\/JoelAudio\/\" target=\"_blank\" rel=\"noopener\">JoelAudio<\/a>\u00a0|\u00a0License:\u00a0Attribution<\/li>\n<li>S:\u00a0<a href=\"https:\/\/freesound.org\/people\/Osiruswaltz\/sounds\/457741\/\" target=\"_blank\" rel=\"noopener\">Wall Bump 1.wav<\/a>\u00a0by\u00a0<a href=\"https:\/\/freesound.org\/people\/Osiruswaltz\/\" target=\"_blank\" rel=\"noopener\">Osiruswaltz<\/a>\u00a0|\u00a0License:\u00a0Creative Commons 0<\/li>\n<li>S:\u00a0<a href=\"https:\/\/freesound.org\/people\/dorian.mastin\/sounds\/381586\/\" target=\"_blank\" rel=\"noopener\">snd_ImpactHeavyWall03.wav<\/a>\u00a0by\u00a0<a href=\"https:\/\/freesound.org\/people\/dorian.mastin\/\" target=\"_blank\" rel=\"noopener\">dorian.mastin<\/a>\u00a0|\u00a0License:\u00a0Creative Commons 0<\/li>\n<li>S:\u00a0<a href=\"https:\/\/freesound.org\/people\/newagesoup\/sounds\/348243\/\" target=\"_blank\" rel=\"noopener\">PUNCH-BOXING-02.wav<\/a>\u00a0by\u00a0<a href=\"https:\/\/freesound.org\/people\/newagesoup\/\" target=\"_blank\" rel=\"noopener\">newagesoup<\/a>\u00a0|\u00a0License:\u00a0Creative Commons 0<\/li>\n<li>S:\u00a0<a href=\"https:\/\/freesound.org\/people\/Huminaatio\/sounds\/390462\/\" target=\"_blank\" rel=\"noopener\">Punch in the face<\/a>\u00a0by\u00a0<a href=\"https:\/\/freesound.org\/people\/Huminaatio\/\" target=\"_blank\" rel=\"noopener\">Huminaatio<\/a>\u00a0|\u00a0License:\u00a0Creative Commons 0<\/li>\n<li>S:\u00a0<a href=\"https:\/\/freesound.org\/people\/Ekokubza123\/sounds\/104183\/\" target=\"_blank\" rel=\"noopener\">punch.wav<\/a>\u00a0by\u00a0<a href=\"https:\/\/freesound.org\/people\/Ekokubza123\/\" target=\"_blank\" rel=\"noopener\">Ekokubza123<\/a>\u00a0|\u00a0License:\u00a0Creative Commons 0<\/li>\n<li>S:\u00a0<a href=\"https:\/\/freesound.org\/people\/cjosephwalker\/sounds\/94851\/\" target=\"_blank\" rel=\"noopener\">FOLEY &#8211; BODY FALL IMPACT.wav<\/a>\u00a0by\u00a0<a href=\"https:\/\/freesound.org\/people\/cjosephwalker\/\" target=\"_blank\" rel=\"noopener\">cjosephwalker<\/a>\u00a0|\u00a0License:\u00a0Sampling+<\/li>\n<li>S:\u00a0<a href=\"https:\/\/freesound.org\/people\/thencamenow\/sounds\/31230\/\" target=\"_blank\" rel=\"noopener\">metal gate 01.aif<\/a>\u00a0by\u00a0<a href=\"https:\/\/freesound.org\/people\/thencamenow\/\" target=\"_blank\" rel=\"noopener\">thencamenow<\/a>\u00a0|\u00a0License:\u00a0Attribution<\/li>\n<li>S:\u00a0<a href=\"https:\/\/freesound.org\/people\/viertelnachvier\/sounds\/249637\/\" target=\"_blank\" rel=\"noopener\">factory2.wav<\/a>\u00a0by\u00a0<a href=\"https:\/\/freesound.org\/people\/viertelnachvier\/\" target=\"_blank\" rel=\"noopener\">viertelnachvier<\/a>\u00a0|\u00a0License:\u00a0Creative Commons 0<\/li>\n<li>S:\u00a0<a href=\"https:\/\/freesound.org\/people\/leonelmail\/sounds\/427850\/\" target=\"_blank\" rel=\"noopener\">Foley Fight Moves Struggling<\/a>\u00a0by\u00a0<a href=\"https:\/\/freesound.org\/people\/leonelmail\/\" target=\"_blank\" rel=\"noopener\">leonelmail<\/a>\u00a0|\u00a0License:\u00a0Creative Commons 0<\/li>\n<\/ul>\n<\/div>\n<ul>\n<li>S:\u00a0<a href=\"https:\/\/freesound.org\/people\/CosmicEmbers\/sounds\/161415\/\" target=\"_blank\" rel=\"noopener\">cape-swoosh<\/a>\u00a0by\u00a0<a href=\"https:\/\/freesound.org\/people\/CosmicEmbers\/\" target=\"_blank\" rel=\"noopener\">CosmicEmbers<\/a>\u00a0|\u00a0License:\u00a0Attribution<\/li>\n<li>S:\u00a0<a href=\"https:\/\/freesound.org\/people\/jjhouse4\/sounds\/201198\/\" target=\"_blank\" rel=\"noopener\">Best Swim Cap.wav<\/a>\u00a0by\u00a0<a href=\"https:\/\/freesound.org\/people\/jjhouse4\/\" target=\"_blank\" rel=\"noopener\">jjhouse4<\/a>\u00a0|\u00a0License:\u00a0Attribution<\/li>\n<\/ul>\n<div><\/div>\n<p>&nbsp;<\/p>\n<h2><strong>Tu peux aussi choisir un autre moyen d\u2019\u00e9coute. T\u2019inqui\u00e8te, c\u2019est gratuit :<\/strong><\/h2>\n<div class=\"aligncenter\"><a href=\"https:\/\/itunes.apple.com\/fr\/podcast\/pamela-target-saison-1\/id1347089265?mt=2\" target=\"_blank\" rel=\"noopener\"><img decoding=\"async\" class=\"size-medium wp-image-479 aligncenter\" src=\"https:\/\/www.pamelatarget.com\/wp-content\/uploads\/2018\/02\/Get_it_on_iTunes_Badge_FR_1114-300x109.png\" alt=\"\" width=\"200\" srcset=\"https:\/\/www.pamelatarget.com\/wp-content\/uploads\/2018\/02\/Get_it_on_iTunes_Badge_FR_1114-300x109.png 300w, https:\/\/www.pamelatarget.com\/wp-content\/uploads\/2018\/02\/Get_it_on_iTunes_Badge_FR_1114-768x279.png 768w, https:\/\/www.pamelatarget.com\/wp-content\/uploads\/2018\/02\/Get_it_on_iTunes_Badge_FR_1114-1024x372.png 1024w, https:\/\/www.pamelatarget.com\/wp-content\/uploads\/2018\/02\/Get_it_on_iTunes_Badge_FR_1114.png 1194w\" sizes=\"(max-width: 300px) 100vw, 300px\" \/><\/a><a href=\"https:\/\/soundcloud.com\/user-149328996\/pts02e01-quelle-belle-journee-a-la-madmax\" target=\"_blank\" rel=\"noopener\"><img decoding=\"async\" class=\"size-medium wp-image-477\" src=\"https:\/\/www.pamelatarget.com\/wp-content\/uploads\/2018\/02\/SoundCloud_logo_orange_color_plain.svg_-300x171.png\" alt=\"\" width=\"200\" srcset=\"https:\/\/www.pamelatarget.com\/wp-content\/uploads\/2018\/02\/SoundCloud_logo_orange_color_plain.svg_-300x171.png 300w, https:\/\/www.pamelatarget.com\/wp-content\/uploads\/2018\/02\/SoundCloud_logo_orange_color_plain.svg_-768x438.png 768w, https:\/\/www.pamelatarget.com\/wp-content\/uploads\/2018\/02\/SoundCloud_logo_orange_color_plain.svg_-1024x584.png 1024w, https:\/\/www.pamelatarget.com\/wp-content\/uploads\/2018\/02\/SoundCloud_logo_orange_color_plain.svg_.png 1200w\" sizes=\"(max-width: 300px) 100vw, 300px\" \/><\/a><a href=\"https:\/\/www.deezer.com\/fr\/episode\/5987417\" target=\"_blank\" rel=\"noopener\"><img decoding=\"async\" class=\"size-medium wp-image-574\" src=\"https:\/\/www.pamelatarget.com\/wp-content\/uploads\/2018\/02\/deezer-logo-300x168.png\" alt=\"\" width=\"200\" \/><\/a><a href=\"https:\/\/spoti.fi\/2OJzwUS\" target=\"_blank\" rel=\"noopener\"><img loading=\"lazy\" decoding=\"async\" width=\"300\" height=\"90\" class=\"size-medium wp-image-1572\" src=\"https:\/\/www.pamelatarget.com\/wp-content\/uploads\/2018\/11\/Spotify_Logo_RGB_Green-300x90.png\" alt=\"\" \/><\/a><a href=\"https:\/\/radiopublic.com\/pamela-target-8XR1ee\" target=\"_blank\" rel=\"noopener\"><img decoding=\"async\" class=\"size-medium wp-image-1572 alignleft\" src=\"https:\/\/www.pamelatarget.com\/wp-content\/uploads\/2019\/02\/radiopublic.png\" alt=\"\" \/><\/a><\/div>\n<p><!--more--><\/p>\n<h2 style=\"text-align: center;\"><strong>Retranscription de l&rsquo;\u00e9pisode<\/strong><\/h2>\n<\/div>\n<div>\n<div>\n<div class=\"audiolibrary-column audiolibrary-column-title\">\n<div style=\"text-align: center;\">texte prot\u00e9g\u00e9 &#8211; reproduction interdite sans l&rsquo;accord des auteurs<\/div>\n<\/div>\n<\/div>\n<div><\/div>\n<\/div>\n<div style=\"text-align: center;\">EXT.\/NUIT DEVANT LA CHOCOLATERIE<\/div>\n<div><\/div>\n<div style=\"text-align: center;\">PETER PAN PAN<br \/>\nOuvrez la porte les cochons dingues!<\/div>\n<div style=\"text-align: center;\"><\/div>\n<div style=\"text-align: center;\">INT.\/NUIT DANS LA CHOCOLATERIE<\/div>\n<div style=\"text-align: center;\"><\/div>\n<div style=\"text-align: center;\">RODRIGUE<br \/>\nMerde c\u2019est Peter Panpan. Bougez pas, j\u2019vais voir ce qu\u2019y veut.<br \/>\n(\u00e0 Peter panpan )<br \/>\nOui patrone&#8230; heu&#8230; c\u2019est pourquoi ?<\/div>\n<div style=\"text-align: center;\"><\/div>\n<div style=\"text-align: center;\">PETER PAN PAN<br \/>\nAh ! Rodriiiiigue ! Qu\u2019est-ce que tu fous l\u00e0, tu n\u2019\u00e9tais pas cens\u00e9 \u00eatre \u00e0 la soir\u00e9e baywatch avec moi?<\/div>\n<div style=\"text-align: center;\"><\/div>\n<div style=\"text-align: center;\">RODRIGUE<br \/>\nSi patrone, mais c\u2019est compliqu\u00e9&#8230; et puis je m\u2019appelle Rambo maintenant&#8230;<br \/>\n(timidement)<br \/>\nhein?<\/div>\n<div style=\"text-align: center;\"><\/div>\n<div style=\"text-align: center;\">PETER PAN PAN<br \/>\nOn r\u00e8glera \u00e7a plus tard. File-moi le baril de mousse l\u00e0 sur l\u2019\u00e9tag\u00e8re.<\/div>\n<div style=\"text-align: center;\"><\/div>\n<div style=\"text-align: center;\">Bruit du baril qui est boug\u00e9.<\/div>\n<div style=\"text-align: center;\"><\/div>\n<div style=\"text-align: center;\">EXT.\/NUIT DEVANT LA CHOCOLATERIE<\/div>\n<div style=\"text-align: center;\"><\/div>\n<div style=\"text-align: center;\">PETER PAN PAN<br \/>\nEt voil\u00e0, je suis pr\u00eat !<br \/>\n(criant)<br \/>\nH\u00e9, ho, les deux justiciers, n\u2019oubliez pas ! C\u2019est moi qui vous ai pi\u00e9g\u00e9 ! Vous \u00eates l\u00e0 pour moi !<\/div>\n<div style=\"text-align: center;\"><\/div>\n<div style=\"text-align: center;\">Arr\u00eat du combat.<\/div>\n<div style=\"text-align: center;\"><\/div>\n<div style=\"text-align: center;\">BATBILL<br \/>\nIl a raison ce con !<\/div>\n<div style=\"text-align: center;\"><\/div>\n<div style=\"text-align: center;\">BATBRUCE<br \/>\nOK, Batbill, on r\u00e8gle son probl\u00e8me au lapin, et on se tatane apr\u00e8s. Ca te va ?<\/div>\n<div style=\"text-align: center;\"><\/div>\n<div style=\"text-align: center;\">BATBILL<br \/>\nCa me va, BatBruce !<\/div>\n<div style=\"text-align: center;\"><\/div>\n<div style=\"text-align: center;\">PETER PAN PAN<br \/>\nAhhh ! Enfin ! L\u2019heure de l\u2019affrontement est venue !<\/div>\n<div style=\"text-align: center;\"><\/div>\n<div style=\"text-align: center;\">Chlurp chlurp&#8230;<\/div>\n<div style=\"text-align: center;\"><\/div>\n<div style=\"text-align: center;\">BATBILL<br \/>\nMais qu\u2019est-ce qu\u2019y fout le lapin ?<\/div>\n<div style=\"text-align: center;\"><\/div>\n<div style=\"text-align: center;\">BATBRUCE<br \/>\nIl est en train de se taper un baril de mousse au chocolat !<\/div>\n<div style=\"text-align: center;\"><\/div>\n<div style=\"text-align: center;\">JULIUS (RADIO)<br \/>\nQuoi ? Il mange une mousse au chocolat ? Il faut \u00e0 tout prix l\u2019en emp\u00eacher.<\/div>\n<div style=\"text-align: center;\">Vous n\u2019\u00eates pas sans conna\u00eetre les effets de sa mousse ?<\/div>\n<div style=\"text-align: center;\"><\/div>\n<div style=\"text-align: center;\">BATBRUCE<br \/>\nPar toutes les putes de&#8230; de Rio ! S\u2019il absorbe sa super mousse et qu\u2019il se met \u00e0 p\u00e9ter,<\/div>\n<div style=\"text-align: center;\">nous risquons une explosion flatulente digne d\u2019une bombe Atomique ! Batbill, on doit arr\u00eater le lapin !<\/div>\n<div style=\"text-align: center;\"><\/div>\n<div style=\"text-align: center;\">PETER PAN PAN<br \/>\nTrop tard ! ahhhh ahhh ! Maintenant, je vous laisse imaginer la suite du programme.<\/div>\n<div style=\"text-align: center;\"><\/div>\n<div style=\"text-align: center;\">BATBILL<br \/>\nMerde, il est en train de gonfler !<\/div>\n<div style=\"text-align: center;\"><\/div>\n<div style=\"text-align: center;\">BATBRUCE<br \/>\nNon Batbill, c\u2019est bien pire !<\/div>\n<div style=\"text-align: center;\"><\/div>\n<div style=\"text-align: center;\">JULIUS<br \/>\nQuoi ? j\u2019arrive sur la zone !<br \/>\nCible bient\u00f4t en vue ! Mais&#8230; Qu\u2019est-ce que c\u2019est que \u00e7a ?<\/div>\n<div style=\"text-align: center;\"><\/div>\n<div style=\"text-align: center;\">Rire de peter pan pan se transformant en cri de douleur et voix qui prend de l\u2019ampleur.<\/div>\n<div style=\"text-align: center;\"><\/div>\n<div style=\"text-align: center;\">PETEUR PAN PAN<br \/>\nHa ha ha ha ! Voyons voir ce que vous allez faire contre&#8230; GODZILAPIN !<\/div>\n<div style=\"text-align: center;\"><\/div>\n<div style=\"text-align: center;\">BATBRUCE<br \/>\nJulius, on a un s\u00e9rieux probl\u00e8me&#8230; plus gros qu\u2019un B52.<\/div>\n<div style=\"text-align: center;\"><\/div>\n<div style=\"text-align: center;\">Bruit du drone comme avion.<\/div>\n<div style=\"text-align: center;\"><\/div>\n<div style=\"text-align: center;\">JULIUS<br \/>\nJe confirme, cible en vue. Pr\u00eat \u00e0 engager le combat !<\/div>\n<div style=\"text-align: center;\"><\/div>\n<div style=\"text-align: center;\">A SUIVRE&#8230;<\/div>\n<div>\n<div class=\"audiolibrary-column audiolibrary-column-title\">\n<div>\n<p>&nbsp;<\/p>\n<\/div>\n<\/div>\n<\/div>\n<div class=\"audiolibrary-column audiolibrary-column-title\">\n<p>&nbsp;<\/p>\n<\/div>\n<\/div>\n","protected":false},"excerpt":{"rendered":"<p>PT S02 E08: Godzillapin, fuyez ! Une course-poursuite improbable s\u2019engage au c\u0153ur de l\u2019arche entre BatBruce et Peter Pan Pan le lapin p\u00e9teur. Mais attention au pi\u00e8ge ! Branche tes \u00e9couteurs et Bim ! Lance la lecture : Pour avoir de nos nouvelles et d\u00e9couvrir des bonus, c&rsquo;est ici CLUB VIP PAMELA TARGET &nbsp; CREDITS [&hellip;]<\/p>\n","protected":false},"author":1,"featured_media":2610,"parent":0,"menu_order":0,"comment_status":"closed","ping_status":"closed","template":"","meta":{"footnotes":""},"class_list":["post-2557","page","type-page","status-publish","has-post-thumbnail","hentry"],"_links":{"self":[{"href":"https:\/\/www.pamelatarget.com\/index.php\/wp-json\/wp\/v2\/pages\/2557","targetHints":{"allow":["GET"]}}],"collection":[{"href":"https:\/\/www.pamelatarget.com\/index.php\/wp-json\/wp\/v2\/pages"}],"about":[{"href":"https:\/\/www.pamelatarget.com\/index.php\/wp-json\/wp\/v2\/types\/page"}],"author":[{"embeddable":true,"href":"https:\/\/www.pamelatarget.com\/index.php\/wp-json\/wp\/v2\/users\/1"}],"replies":[{"embeddable":true,"href":"https:\/\/www.pamelatarget.com\/index.php\/wp-json\/wp\/v2\/comments?post=2557"}],"version-history":[{"count":8,"href":"https:\/\/www.pamelatarget.com\/index.php\/wp-json\/wp\/v2\/pages\/2557\/revisions"}],"predecessor-version":[{"id":2649,"href":"https:\/\/www.pamelatarget.com\/index.php\/wp-json\/wp\/v2\/pages\/2557\/revisions\/2649"}],"wp:featuredmedia":[{"embeddable":true,"href":"https:\/\/www.pamelatarget.com\/index.php\/wp-json\/wp\/v2\/media\/2610"}],"wp:attachment":[{"href":"https:\/\/www.pamelatarget.com\/index.php\/wp-json\/wp\/v2\/media?parent=2557"}],"curies":[{"name":"wp","href":"https:\/\/api.w.org\/{rel}","templated":true}]}}