{"id":2439,"date":"2019-03-27T14:41:59","date_gmt":"2019-03-27T13:41:59","guid":{"rendered":"https:\/\/www.pamelatarget.com\/?page_id=2439"},"modified":"2019-04-07T15:09:27","modified_gmt":"2019-04-07T13:09:27","slug":"pts02e05-the-jocker-party","status":"publish","type":"page","link":"https:\/\/www.pamelatarget.com\/index.php\/pts02e05-the-jocker-party\/","title":{"rendered":"PTS02E05 : The Jocker Party"},"content":{"rendered":"<h2 style=\"text-align: center;\"><strong>PT S02 E05: The Joker Party<\/strong> <strong>!<\/strong><\/h2>\n<p style=\"text-align: center;\">Quand Peter Pan Pan joue son r\u00f4le de Joker \u00e0 la perfection, la soir\u00e9e Baywatch risque bien de virer au cauchemar.<\/p>\n<p style=\"text-align: center;\">Branche tes \u00e9couteurs et Bim ! Lance la lecture :<\/p>\n<p style=\"text-align: center;\"><iframe loading=\"lazy\" src=\"https:\/\/embed.radiopublic.com\/e?if=pamela-target-8XR1ee&amp;ge=s1!222580e70d471cb09b151c32141e779a23546330\" width=\"100%\" height=\"185\" frameborder=\"0\" scrolling=\"no\" sandbox=\"allow-same-origin allow-scripts allow-top-navigation allow-popups\"><\/iframe><\/p>\n<h3 style=\"text-align: center;\"><strong>D\u00e9couvre notre article sur les inspirations cin\u00e9 de cet \u00e9pisode :<br \/>\n<\/strong><a href=\"https:\/\/www.pamelatarget.com\/index.php\/2019\/03\/29\/pourquoi-les-lapins-sont-tous-des-salauds\/\">Pourquoi les lapins sont tous des salauds\u00a0?\u00a0<\/a><\/h3>\n<h3 style=\"text-align: center;\"><\/h3>\n<p style=\"text-align: center;\">Pour avoir de nos nouvelles et d\u00e9couvrir des bonus,<\/p>\n<p style=\"text-align: center;\">c&rsquo;est ici<strong> <a href=\"https:\/\/www.pamelatarget.com\/index.php\/vip-club\/\">CLUB VIP PAMELA TARGET<\/a> <\/strong><\/p>\n<h3><strong>CREDITS<\/strong><\/h3>\n<p><strong>Ecrit par<\/strong> Katia Grivot, David Neau et Pascal Senicourt<\/p>\n<p><strong>R\u00e9alis\u00e9, mont\u00e9 et mix\u00e9<\/strong> <strong>par<\/strong> Katia Grivot<\/p>\n<p><strong>Anim\u00e9 pour Youtube par<\/strong> Pascal Senicourt<\/p>\n<p>&nbsp;<\/p>\n<h3><strong>Musiques <\/strong><\/h3>\n<p>g\u00e9n\u00e9riques par Domingo Olmo Martin<\/p>\n<div class=\"audiolibrary-column audiolibrary-column-title\">Fugetaboutit par\u00a0<a class=\"artist-channel-url\" href=\"https:\/\/www.youtube.com\/channel\/UC38A5qHrlc_Zgua7vL4b96w\" target=\"_blank\" rel=\"noopener\">Dan Lebowitz<\/a><\/div>\n<div class=\"audiolibrary-column audiolibrary-column-title\">The New Order par\u00a0<a class=\"artist-channel-url\" href=\"https:\/\/www.youtube.com\/channel\/UCVAggfwI4hnkA2WO6-xC06Q\" target=\"_blank\" rel=\"noopener\">Aaron Kenny<\/a><\/div>\n<div class=\"audiolibrary-column audiolibrary-column-title\">Broadway par <a class=\"artist-channel-url\" href=\"https:\/\/www.youtube.com\/channel\/UCnJoBJAmgihRWlyV5QgSujA\" target=\"_blank\" rel=\"noopener\">Josh Lippi &amp; The Overtimers<\/a><\/div>\n<p>&nbsp;<\/p>\n<div>\n<div class=\"audiolibrary-column audiolibrary-column-title\">\n<h3><strong>Par ordre d&rsquo;apparition <\/strong><\/h3>\n<p>Peter Pan Pan le Lapin : Domingo Olmo Martin alias King of punk<\/p>\n<p>Babelitto :\u00a0Pascal Senicourt<\/p>\n<p>Titus le tigre : R\u00e9gis Chaussard<\/p>\n<p>Giulietta La cochonne : Grika<\/p>\n<p>Bill le bousier : J\u00e9rome Th\u00e9venet<\/p>\n<p>Colonel Harry : Yannick Schiavone<\/p>\n<p>Ryu le Fugu : David Neau<\/p>\n<p>Paulo le blaireau : Pascal Senicourt<\/p>\n<p>Bruce l&rsquo;\u00e9meu : David Chamalet<\/p>\n<p>&nbsp;<\/p>\n<h3><strong>Cr\u00e9dits sons <\/strong><\/h3>\n<p>Dans cet e\u0301pisode de nombreux sons sont tire\u0301s de <strong>Freesound<\/strong>. Voici l\u2019ensemble des cre\u0301dits concerne\u0301s :<\/p>\n<ul>\n<li>S:\u00a0<a href=\"https:\/\/freesound.org\/people\/Kinoton\/sounds\/353159\/\" target=\"_blank\" rel=\"noopener\">Sci Fi Room Tone, Large Hall, Soft Ventilation<\/a>\u00a0by\u00a0<a href=\"https:\/\/freesound.org\/people\/Kinoton\/\" target=\"_blank\" rel=\"noopener\">Kinoton<\/a>\u00a0|\u00a0License:\u00a0Creative Commons 0<\/li>\n<li>S:\u00a0<a href=\"https:\/\/freesound.org\/people\/Adam_N\/sounds\/324895\/\" target=\"_blank\" rel=\"noopener\">Crowd gasp.wav<\/a>\u00a0by\u00a0<a href=\"https:\/\/freesound.org\/people\/Adam_N\/\" target=\"_blank\" rel=\"noopener\">Adam_N<\/a>\u00a0|\u00a0License:\u00a0Creative Commons 0<\/li>\n<li>S:\u00a0<a href=\"https:\/\/freesound.org\/people\/leonelmail\/sounds\/427850\/\" target=\"_blank\" rel=\"noopener\">Foley Fight Moves Struggling<\/a>\u00a0by\u00a0<a href=\"https:\/\/freesound.org\/people\/leonelmail\/\" target=\"_blank\" rel=\"noopener\">leonelmail<\/a>\u00a0|\u00a0License:\u00a0Creative Commons 0<\/li>\n<li>S:\u00a0<a href=\"https:\/\/freesound.org\/people\/rkeato\/sounds\/118057\/\" target=\"_blank\" rel=\"noopener\">RKeaton_EMF366_5_Squeaky Leather Boots.aif<\/a>\u00a0by\u00a0<a href=\"https:\/\/freesound.org\/people\/rkeato\/\" target=\"_blank\" rel=\"noopener\">rkeato<\/a>\u00a0|\u00a0License:\u00a0Attribution<\/li>\n<li>S: <a href=\"https:\/\/freesound.org\/people\/InspectorJ\/sounds\/344265\/\" target=\"_blank\" rel=\"noopener\">Glass Smash, Bottle, D.wav<\/a> by <a href=\"https:\/\/freesound.org\/people\/InspectorJ\/\" target=\"_blank\" rel=\"noopener\">InspectorJ<\/a> | License: Attribution<\/li>\n<li>S: <a href=\"https:\/\/freesound.org\/people\/Adam_N\/sounds\/324892\/\" target=\"_blank\" rel=\"noopener\">Crowd Cheer.wav<\/a> by <a href=\"https:\/\/freesound.org\/people\/Adam_N\/\" target=\"_blank\" rel=\"noopener\">Adam_N<\/a> | License: Creative Commons 0<\/li>\n<li>S:\u00a0<a href=\"https:\/\/freesound.org\/people\/CosmicEmbers\/sounds\/161415\/\" target=\"_blank\" rel=\"noopener\">cape-swoosh<\/a>\u00a0by\u00a0<a href=\"https:\/\/freesound.org\/people\/CosmicEmbers\/\" target=\"_blank\" rel=\"noopener\">CosmicEmbers<\/a>\u00a0|\u00a0License:\u00a0Attribution<\/li>\n<li>S:\u00a0<a href=\"https:\/\/freesound.org\/people\/jjhouse4\/sounds\/201198\/\" target=\"_blank\" rel=\"noopener\">Best Swim Cap.wav<\/a>\u00a0by\u00a0<a href=\"https:\/\/freesound.org\/people\/jjhouse4\/\" target=\"_blank\" rel=\"noopener\">jjhouse4<\/a>\u00a0|\u00a0License:\u00a0Attribution<\/li>\n<li>S: <a href=\"https:\/\/freesound.org\/people\/13FPanska_Marval_Lukas\/sounds\/379334\/\" target=\"_blank\" rel=\"noopener\">Swimming.wav<\/a> by <a href=\"https:\/\/freesound.org\/people\/13FPanska_Marval_Lukas\/\" target=\"_blank\" rel=\"noopener\">13FPanska_Marval_Lukas<\/a> | License: Creative Commons<\/li>\n<li>S: <a href=\"https:\/\/freesound.org\/people\/Frankie01234\/sounds\/201667\/\" target=\"_blank\" rel=\"noopener\">MP5 Submachine gun in doorway.aif<\/a> by <a href=\"https:\/\/freesound.org\/people\/Frankie01234\/\" target=\"_blank\" rel=\"noopener\">Frankie01234<\/a> | License: Creative Commons 0<\/li>\n<\/ul>\n<div><\/div>\n<p>&nbsp;<\/p>\n<h2 style=\"text-align: center;\"><span style=\"color: #000000;\"><strong>Tu peux aussi choisir un autre moyen d\u2019\u00e9coute. T\u2019inqui\u00e8te, c\u2019est gratuit :<\/strong><\/span><\/h2>\n<div class=\"aligncenter\"><a href=\"https:\/\/itunes.apple.com\/fr\/podcast\/pamela-target-saison-1\/id1347089265?mt=2\" target=\"_blank\" rel=\"noopener\"><img decoding=\"async\" class=\"size-medium wp-image-479\" style=\"display: inherit; margin: 30px;\" src=\"https:\/\/www.pamelatarget.com\/wp-content\/uploads\/2018\/02\/Get_it_on_iTunes_Badge_FR_1114-300x109.png\" alt=\"\" width=\"200\" srcset=\"https:\/\/www.pamelatarget.com\/wp-content\/uploads\/2018\/02\/Get_it_on_iTunes_Badge_FR_1114-300x109.png 300w, https:\/\/www.pamelatarget.com\/wp-content\/uploads\/2018\/02\/Get_it_on_iTunes_Badge_FR_1114-768x279.png 768w, https:\/\/www.pamelatarget.com\/wp-content\/uploads\/2018\/02\/Get_it_on_iTunes_Badge_FR_1114-1024x372.png 1024w, https:\/\/www.pamelatarget.com\/wp-content\/uploads\/2018\/02\/Get_it_on_iTunes_Badge_FR_1114.png 1194w\" sizes=\"(max-width: 300px) 100vw, 300px\" \/><\/a><a href=\"https:\/\/soundcloud.com\/user-149328996\/pts02e01-quelle-belle-journee-a-la-madmax\" target=\"_blank\" rel=\"noopener\"><img decoding=\"async\" class=\"size-medium wp-image-477\" style=\"display: inherit; margin: 30px;\" src=\"https:\/\/www.pamelatarget.com\/wp-content\/uploads\/2018\/02\/SoundCloud_logo_orange_color_plain.svg_-300x171.png\" alt=\"\" width=\"200\" srcset=\"https:\/\/www.pamelatarget.com\/wp-content\/uploads\/2018\/02\/SoundCloud_logo_orange_color_plain.svg_-300x171.png 300w, https:\/\/www.pamelatarget.com\/wp-content\/uploads\/2018\/02\/SoundCloud_logo_orange_color_plain.svg_-768x438.png 768w, https:\/\/www.pamelatarget.com\/wp-content\/uploads\/2018\/02\/SoundCloud_logo_orange_color_plain.svg_-1024x584.png 1024w, https:\/\/www.pamelatarget.com\/wp-content\/uploads\/2018\/02\/SoundCloud_logo_orange_color_plain.svg_.png 1200w\" sizes=\"(max-width: 300px) 100vw, 300px\" \/><\/a><a href=\"https:\/\/www.deezer.com\/fr\/episode\/5987417\" target=\"_blank\" rel=\"noopener\"><img decoding=\"async\" class=\"size-medium wp-image-574\" style=\"display: inherit; margin: 30px;\" src=\"https:\/\/www.pamelatarget.com\/wp-content\/uploads\/2018\/02\/deezer-logo-300x168.png\" alt=\"\" width=\"200\" \/><\/a><a href=\"https:\/\/spoti.fi\/2OJzwUS\" target=\"_blank\" rel=\"noopener\"><img loading=\"lazy\" decoding=\"async\" width=\"300\" height=\"90\" class=\"size-medium wp-image-1572\" style=\"display: inherit; margin: 30px;\" src=\"https:\/\/www.pamelatarget.com\/wp-content\/uploads\/2018\/11\/Spotify_Logo_RGB_Green-300x90.png\" alt=\"\" \/><\/a><a href=\"https:\/\/radiopublic.com\/pamela-target-8XR1ee\" target=\"_blank\" rel=\"noopener\"><img decoding=\"async\" class=\"size-medium wp-image-1572\" style=\"display: inherit; margin: 30px;\" src=\"https:\/\/www.pamelatarget.com\/wp-content\/uploads\/2019\/02\/radiopublic.png\" alt=\"\" \/><\/a><\/div>\n<p><!--more--><\/p>\n<h2 style=\"text-align: center; font-size: 30px; font-family: inherit;\"><strong>Retranscription de l&rsquo;\u00e9pisode<\/strong><\/h2>\n<div style=\"text-align: center; font-size: 10px; font-family: inherit; margin-bottom: 30px;\">texte prot\u00e9g\u00e9 &#8211; reproduction interdite sans l&rsquo;accord des auteurs<\/div>\n<div style=\"text-align: center;\">\n<p>INT\/SOIR SOIREE BAYWATCH<\/p>\n<p>PETEUR PAN PAN<br \/>\nOU EST BRILL ? Alors, il y a bien quelqu\u2019un qui va me dire o\u00f9 il est, Toi ? Non, tu sais rien? Toi alors? Toute l\u2019arche est r\u00e9unie autour d\u2019une grande piscine pour reluquer Pamela et y en a pas un qui sait o\u00f9 se trouve le justicier ?<\/p>\n<p>GIULIETTA<br \/>\n(chuchotant)<br \/>\nBill, il ne faut pas que Peter Pan Pan me voit.<\/p>\n<p>BILL<br \/>\n(chuchotant)<br \/>\nJ\u2019ai comme le pressentiment, Giulietta, que tu n\u2019es pas la seule qu\u2019il ait envie de se faire.<\/p>\n<p>RYU<br \/>\nOh! merde, merde, pas peter panpan! Le con! Il va g\u00e2cher la soir\u00e9e Baywatch !<\/p>\n<p>GIULIETTA<br \/>\nTais-toi Ryu ! Tu vas nous faire rep\u00e9rer&#8230;<\/p>\n<p>PETER PANPAN<br \/>\n(hurlant)<br \/>\nAlors o\u00f9 est Brill ?<\/p>\n<p>COLONEL HARRY<br \/>\nMonsieur le lapin p\u00e9teur, je suis harry la chauve souris !<br \/>\n(claquement de talons)<br \/>\nColonel Harry ! Et je n\u2019ai pas peur des voyous comme vous.<\/p>\n<p>RYU<br \/>\n(chuchotant)<br \/>\nPutain ! Colonel Harry ! Respect ! Quel courage !<\/p>\n<p>PETEUR PAN PAN<br \/>\nToi la chauve-souris, avec ta t\u00eate de pervers, tu me rappelles mon p\u00e8re&#8230;<\/p>\n<p>HARRY<br \/>\nH\u00e9 bien votre p\u00e8re, il aurait d\u00fb vous apprendre la politesse&#8230;<br \/>\ncri d\u2019agonie de Harry. PLOUF<\/p>\n<p>PETER PAN PAN<br \/>\nFaut pas me rappeler mon p\u00e8re, c\u2019est lui qui m\u2019a fait ce que je suis.<\/p>\n<p>GIULIETTA<br \/>\n(\u00e0 voix basse)<br \/>\nOh mon dieu, il a tu\u00e9 Harry ! Et il l\u2019a jet\u00e9 dans la piscine.<\/p>\n<p>PETER PANPAN<br \/>\nAhaaaa !!! Tu es l\u00e0, la cochonne ! Une tr\u00e8s mauvaise id\u00e9e de se cacher derri\u00e8re le colonel ! Tu tombes bien, viens avec moi !<br \/>\nBruit de saisie, cri de Giulietta.<\/p>\n<p>GIULIETTA<br \/>\nNoooon ! L\u00e2chez-moi !!<\/p>\n<p>RYU<br \/>\nMerde, il a pris Giugiu en otage ! Bill, faut faire quelque chose. Mais, Bill, t\u2019es pass\u00e9 o\u00f9 mec ?<br \/>\nBruit de cape.<\/p>\n<p>PAULO<br \/>\n(reniflant)<br \/>\nOn n\u2019a plus le choix Ryu, c\u2019est \u00e0 nous de jouer !<\/p>\n<p>RYU<br \/>\nMais d\u2019o\u00f9 tu sors Paulo ? Bill dispara\u00eet, toi tu r\u00e9apparais vous pouvez m\u2019expliquer c\u2019que vous foutez les mecs ? Et puis pourquoi t\u2019es fringu\u00e9 avec une cagoule de Spider-Man et un maillot de bain rouge ?<\/p>\n<p>PAULO<br \/>\nT\u2019occupes et apprends !<br \/>\n(\u00e0 peter pan pan, voix grave pourrie)<br \/>\nH\u00e9 toi l\u00e0-bas, rel\u00e2che-la ou sinon&#8230;<\/p>\n<p>PETEUR PAN PAN<br \/>\nOu sinon quoi , Spider man de mes couilles?<\/p>\n<p>PAULO<br \/>\nEuh&#8230; Sinon rien m\u2019sieur&#8230;<\/p>\n<p>PETEUR PAN PAN<br \/>\nBrill, montre-toi ou j\u2019explose ta cochonne !<\/p>\n<p>GIULIETTA<br \/>\nL\u00e2chez-moi, piti\u00e9, l\u00e2chez-moi, je vous en prie. Brill ne viendra pas.<\/p>\n<p>PETEUR PAN PAN<br \/>\nOn va bien voir ma cochonne. C\u2019est moi qui d\u00e9cide ici!<\/p>\n<p>BRUCE<br \/>\n(voix rauque)<br \/>\nNon, c\u2019est moi.<\/p>\n<p>BABELITO<br \/>\nRegardez Patron, l\u00e0-haut, j\u2019le vois pas bien, mais&#8230; on dirait le justicier masqu\u00e9 !<\/p>\n<p>PETEUR PAN PAN<br \/>\nBrill, enfin !<\/p>\n<p>A suivre&#8230;<\/p>\n<\/div>\n<p>&nbsp;<\/p>\n<\/div>\n<\/div>\n","protected":false},"excerpt":{"rendered":"<p>PT S02 E05: The Joker Party ! Quand Peter Pan Pan joue son r\u00f4le de Joker \u00e0 la perfection, la soir\u00e9e Baywatch risque bien de virer au cauchemar. Branche tes \u00e9couteurs et Bim ! Lance la lecture : D\u00e9couvre notre article sur les inspirations cin\u00e9 de cet \u00e9pisode : Pourquoi les lapins sont tous des [&hellip;]<\/p>\n","protected":false},"author":1,"featured_media":2474,"parent":0,"menu_order":0,"comment_status":"closed","ping_status":"closed","template":"","meta":{"footnotes":""},"class_list":["post-2439","page","type-page","status-publish","has-post-thumbnail","hentry"],"_links":{"self":[{"href":"https:\/\/www.pamelatarget.com\/index.php\/wp-json\/wp\/v2\/pages\/2439","targetHints":{"allow":["GET"]}}],"collection":[{"href":"https:\/\/www.pamelatarget.com\/index.php\/wp-json\/wp\/v2\/pages"}],"about":[{"href":"https:\/\/www.pamelatarget.com\/index.php\/wp-json\/wp\/v2\/types\/page"}],"author":[{"embeddable":true,"href":"https:\/\/www.pamelatarget.com\/index.php\/wp-json\/wp\/v2\/users\/1"}],"replies":[{"embeddable":true,"href":"https:\/\/www.pamelatarget.com\/index.php\/wp-json\/wp\/v2\/comments?post=2439"}],"version-history":[{"count":15,"href":"https:\/\/www.pamelatarget.com\/index.php\/wp-json\/wp\/v2\/pages\/2439\/revisions"}],"predecessor-version":[{"id":2523,"href":"https:\/\/www.pamelatarget.com\/index.php\/wp-json\/wp\/v2\/pages\/2439\/revisions\/2523"}],"wp:featuredmedia":[{"embeddable":true,"href":"https:\/\/www.pamelatarget.com\/index.php\/wp-json\/wp\/v2\/media\/2474"}],"wp:attachment":[{"href":"https:\/\/www.pamelatarget.com\/index.php\/wp-json\/wp\/v2\/media?parent=2439"}],"curies":[{"name":"wp","href":"https:\/\/api.w.org\/{rel}","templated":true}]}}