{"id":2396,"date":"2019-03-20T23:59:43","date_gmt":"2019-03-20T22:59:43","guid":{"rendered":"https:\/\/www.pamelatarget.com\/?page_id=2396"},"modified":"2019-04-07T08:59:43","modified_gmt":"2019-04-07T06:59:43","slug":"pt-s02e04-alerte-a-la-soiree-baywatch","status":"publish","type":"page","link":"https:\/\/www.pamelatarget.com\/index.php\/pt-s02e04-alerte-a-la-soiree-baywatch\/","title":{"rendered":"PTS02E04 :  Alerte \u00e0 la soir\u00e9e BAYWATCH"},"content":{"rendered":"<h2 style=\"text-align: center;\"><strong>PTS02 E04:\u00a0 Alerte \u00e0 la soir\u00e9e\u00a0<\/strong><strong>BAYWATCH\u00a0<\/strong><strong>!<\/strong><\/h2>\n<p style=\"text-align: center;\">Pamela ! Pamela ! Pamela !<\/p>\n<p style=\"text-align: center;\">Branche tes \u00e9couteurs et Bim ! Lance la lecture :<\/p>\n<p style=\"text-align: center;\"><iframe loading=\"lazy\" src=\"https:\/\/embed.radiopublic.com\/e?if=pamela-target-8XR1ee&amp;ge=s1!4cda63f691fe6cb36eae198442c93289252c56da\" width=\"100%\" height=\"185\" frameborder=\"0\" scrolling=\"no\" sandbox=\"allow-same-origin allow-scripts allow-top-navigation allow-popups\"><\/iframe><\/p>\n<h2><\/h2>\n<h3 style=\"text-align: center;\"><strong>D\u00e9couvre notre article sur les inspirations cin\u00e9 de cet \u00e9pisode :<br \/>\n<\/strong><a href=\"https:\/\/www.pamelatarget.com\/index.php\/2019\/03\/20\/comment-alerte-a-malibu-a-atteint-le-rang-de-serie-mythique-avec-un-ralenti\/\">Comment Baywatch atteint le rang de s\u00e9rie mythique&#8230; avec un ralenti.<\/a><\/h3>\n<p style=\"text-align: center;\">Pour avoir de nos nouvelles et d\u00e9couvrir des bonus,<\/p>\n<p style=\"text-align: center;\">c&rsquo;est ici<strong> <a href=\"https:\/\/www.pamelatarget.com\/index.php\/vip-club\/\">CLUB VIP PAMELA TARGET<\/a> <\/strong><\/p>\n<h3><strong>CREDITS<\/strong><\/h3>\n<p><strong>Ecrit par<\/strong> Katia Grivot, David Neau et Pascal Senicourt<\/p>\n<p><strong>R\u00e9alis\u00e9, mont\u00e9 et mix\u00e9<\/strong> <strong>par<\/strong> Katia Grivot<\/p>\n<p><strong>Anim\u00e9 pour Youtube par<\/strong> Pascal Senicourt<\/p>\n<p>&nbsp;<\/p>\n<h3><strong>Musiques <\/strong><\/h3>\n<p>g\u00e9n\u00e9riques par Domingo Olmo Martin<\/p>\n<div class=\"audiolibrary-column audiolibrary-column-title\">Fugetaboutit par\u00a0<a class=\"artist-channel-url\" href=\"https:\/\/www.youtube.com\/channel\/UC38A5qHrlc_Zgua7vL4b96w\" target=\"_blank\" rel=\"noopener\">Dan Lebowitz<\/a><\/div>\n<div class=\"audiolibrary-column audiolibrary-column-title\">The New Order par\u00a0<a class=\"artist-channel-url\" href=\"https:\/\/www.youtube.com\/channel\/UCVAggfwI4hnkA2WO6-xC06Q\" target=\"_blank\" rel=\"noopener\">Aaron Kenny<\/a><\/div>\n<div>Broadway par\u00a0<a class=\"artist-channel-url\" href=\"https:\/\/www.youtube.com\/channel\/UCnJoBJAmgihRWlyV5QgSujA\" target=\"_blank\" rel=\"noopener\">Josh Lippi &amp; The Overtimers<\/a><\/div>\n<p>&nbsp;<\/p>\n<div>\n<div class=\"audiolibrary-column audiolibrary-column-title\">\n<h3><strong>Par ordre d&rsquo;apparition <\/strong><\/h3>\n<p>Korragen le Corbeau : Frans Boyer<\/p>\n<p>Bill le bousier : J\u00e9rome Th\u00e9venet<\/p>\n<p>Giulietta La cochonne : Grika<\/p>\n<p>Mounica :\u00a0Yannick Schiavone<\/p>\n<p>Colonel Harry : Yannick Schiavone<\/p>\n<p>Titus le Tigre : R\u00e9gis Chaussard<\/p>\n<p>Ryu le Fugu : David Neau<\/p>\n<p>Victoria la tortue : No\u00e9mie Bousquainaud<\/p>\n<p>Peter Pan Pan le Lapin : Domingo Olmo Martin alias King of punk<\/p>\n<p>Babelito : Pascal Senicourt<\/p>\n<p>&nbsp;<\/p>\n<h3><strong>Cr\u00e9dits sons\u00a0<\/strong><\/h3>\n<p>Dans cet e\u0301pisode de nombreux sons sont tire\u0301s de <strong>Freesound<\/strong>. Voici l\u2019ensemble des cre\u0301dits concerne\u0301s :<\/p>\n<ul>\n<li>S:\u00a0<a href=\"https:\/\/freesound.org\/people\/MAJ061785\/sounds\/85541\/\" target=\"_blank\" rel=\"noopener\">banging screen door.aif<\/a>\u00a0by\u00a0<a href=\"https:\/\/freesound.org\/people\/MAJ061785\/\" target=\"_blank\" rel=\"noopener\">MAJ061785<\/a>\u00a0|\u00a0License:\u00a0Attribution<\/li>\n<li>S:\u00a0<a href=\"https:\/\/freesound.org\/people\/fliegermatze\/sounds\/184460\/\" target=\"_blank\" rel=\"noopener\">Bottle smash 7.MP3<\/a>\u00a0by\u00a0<a href=\"https:\/\/freesound.org\/people\/fliegermatze\/\" target=\"_blank\" rel=\"noopener\">fliegermatze<\/a>\u00a0|\u00a0License:\u00a0Creative Commons 0<\/li>\n<li>S:\u00a0<a href=\"https:\/\/freesound.org\/people\/fliegermatze\/sounds\/184459\/\" target=\"_blank\" rel=\"noopener\">Bottle smash 1.MP3<\/a>\u00a0by\u00a0<a href=\"https:\/\/freesound.org\/people\/fliegermatze\/\" target=\"_blank\" rel=\"noopener\">fliegermatze<\/a>\u00a0|\u00a0License:\u00a0Creative Commons 0<\/li>\n<li>S:\u00a0<a href=\"https:\/\/freesound.org\/people\/JoelAudio\/sounds\/135461\/\" target=\"_blank\" rel=\"noopener\">QUICK_SMASH_002.wav<\/a>\u00a0by\u00a0<a href=\"https:\/\/freesound.org\/people\/JoelAudio\/\" target=\"_blank\" rel=\"noopener\">JoelAudio<\/a>\u00a0|\u00a0License:\u00a0Attribution<\/li>\n<li>S:\u00a0<a href=\"https:\/\/freesound.org\/people\/InspectorJ\/sounds\/352204\/\" target=\"_blank\" rel=\"noopener\">Smashing, Wooden Fence, B.wav<\/a>\u00a0by\u00a0<a href=\"https:\/\/freesound.org\/people\/InspectorJ\/\" target=\"_blank\" rel=\"noopener\">InspectorJ<\/a>\u00a0|\u00a0License:\u00a0Attribution<\/li>\n<li>S:\u00a0<a href=\"https:\/\/freesound.org\/people\/fliegermatze\/sounds\/184456\/\" target=\"_blank\" rel=\"noopener\">Bottle smash 4.MP3<\/a>\u00a0by\u00a0<a href=\"https:\/\/freesound.org\/people\/fliegermatze\/\" target=\"_blank\" rel=\"noopener\">fliegermatze<\/a>\u00a0|\u00a0License:\u00a0Creative Commons 0<\/li>\n<li>S:\u00a0<a href=\"https:\/\/freesound.org\/people\/dasebr\/sounds\/212698\/\" target=\"_blank\" rel=\"noopener\">Breaking a glass bottle<\/a>\u00a0by\u00a0<a href=\"https:\/\/freesound.org\/people\/dasebr\/\" target=\"_blank\" rel=\"noopener\">dasebr<\/a>\u00a0|\u00a0License:\u00a0Creative Commons 0<\/li>\n<li>S:\u00a0<a href=\"https:\/\/freesound.org\/people\/kevinkace\/sounds\/66778\/\" target=\"_blank\" rel=\"noopener\">Crate Break 2.wav<\/a>\u00a0by\u00a0<a href=\"https:\/\/freesound.org\/people\/kevinkace\/\" target=\"_blank\" rel=\"noopener\">kevinkace<\/a>\u00a0|\u00a0License:\u00a0Creative Commons 0<\/li>\n<li>S:\u00a0<a href=\"https:\/\/freesound.org\/people\/Srehpog\/sounds\/31623\/\" target=\"_blank\" rel=\"noopener\">light_crate_smash2.wav<\/a>\u00a0by\u00a0<a href=\"https:\/\/freesound.org\/people\/Srehpog\/\" target=\"_blank\" rel=\"noopener\">Srehpog<\/a>\u00a0|\u00a0License:\u00a0Attribution<\/li>\n<li>S:\u00a0<a href=\"https:\/\/freesound.org\/people\/InspectorJ\/sounds\/344265\/\" target=\"_blank\" rel=\"noopener\">Glass Smash, Bottle, D.wav<\/a>\u00a0by\u00a0<a href=\"https:\/\/freesound.org\/people\/InspectorJ\/\" target=\"_blank\" rel=\"noopener\">InspectorJ<\/a>\u00a0|\u00a0License:\u00a0Attribution<\/li>\n<li>S:\u00a0<a href=\"https:\/\/freesound.org\/people\/TobiasKosmos\/sounds\/317382\/\" target=\"_blank\" rel=\"noopener\">Slap to the Face<\/a>\u00a0by\u00a0<a href=\"https:\/\/freesound.org\/people\/TobiasKosmos\/\" target=\"_blank\" rel=\"noopener\">TobiasKosmos<\/a>\u00a0|\u00a0License:\u00a0Attribution<\/li>\n<\/ul>\n<ul>\n<li>S:\u00a0<a href=\"https:\/\/freesound.org\/people\/lonemonk\/sounds\/31169\/\" target=\"_blank\" rel=\"noopener\">Approx 850 &#8211; Enthusiast Audience.wav<\/a>\u00a0by\u00a0<a href=\"https:\/\/freesound.org\/people\/lonemonk\/\" target=\"_blank\" rel=\"noopener\">lonemonk<\/a>\u00a0|\u00a0License:\u00a0Attribution<\/li>\n<li>S:\u00a0<a href=\"https:\/\/freesound.org\/people\/Tomlija\/sounds\/99636\/\" target=\"_blank\" rel=\"noopener\">small crowd yelling &lsquo;YEAH&rsquo;.wav<\/a>\u00a0by\u00a0<a href=\"https:\/\/freesound.org\/people\/Tomlija\/\" target=\"_blank\" rel=\"noopener\">Tomlija<\/a>\u00a0|\u00a0License:\u00a0Attribution<\/li>\n<li>S:\u00a0<a href=\"https:\/\/freesound.org\/people\/Adam_N\/sounds\/324892\/\" target=\"_blank\" rel=\"noopener\">Crowd Cheer.wav<\/a>\u00a0by\u00a0<a href=\"https:\/\/freesound.org\/people\/Adam_N\/\" target=\"_blank\" rel=\"noopener\">Adam_N<\/a>\u00a0|\u00a0License:\u00a0Creative Commons 0<\/li>\n<li>S:\u00a0<a href=\"https:\/\/freesound.org\/people\/danhelbling\/sounds\/272384\/\" target=\"_blank\" rel=\"noopener\">Glasses Clinking.wav<\/a>\u00a0by\u00a0<a href=\"https:\/\/freesound.org\/people\/danhelbling\/\" target=\"_blank\" rel=\"noopener\">danhelbling<\/a>\u00a0|\u00a0License:\u00a0Creative Commons 0<\/li>\n<\/ul>\n<ul>\n<li>S:\u00a0<a href=\"https:\/\/freesound.org\/people\/13FPanska_Marval_Lukas\/sounds\/379334\/\" target=\"_blank\" rel=\"noopener\">Swimming.wav<\/a>\u00a0by\u00a0<a href=\"https:\/\/freesound.org\/people\/13FPanska_Marval_Lukas\/\" target=\"_blank\" rel=\"noopener\">13FPanska_Marval_Lukas<\/a>\u00a0|\u00a0License:\u00a0Creative Commons<\/li>\n<li>S:\u00a0<a href=\"https:\/\/freesound.org\/people\/klavo1985\/sounds\/383066\/\" target=\"_blank\" rel=\"noopener\">night club wave night loop by kk final.wav<\/a>\u00a0by\u00a0<a href=\"https:\/\/freesound.org\/people\/klavo1985\/\" target=\"_blank\" rel=\"noopener\">klavo1985<\/a>\u00a0|\u00a0License:\u00a0Attribution<\/li>\n<li>S:\u00a0<a href=\"https:\/\/freesound.org\/people\/dobroide\/sounds\/51610\/\" target=\"_blank\" rel=\"noopener\">20080405.outdoor.party.mp3<\/a>\u00a0by\u00a0<a href=\"https:\/\/freesound.org\/people\/dobroide\/\" target=\"_blank\" rel=\"noopener\">dobroide<\/a>\u00a0|\u00a0License:\u00a0Attribution<\/li>\n<li>S:\u00a0<a href=\"https:\/\/freesound.org\/people\/FreqMan\/sounds\/23153\/\" target=\"_blank\" rel=\"noopener\">Party Sounds.wav<\/a>\u00a0by\u00a0<a href=\"https:\/\/freesound.org\/people\/FreqMan\/\" target=\"_blank\" rel=\"noopener\">FreqMan<\/a>\u00a0|\u00a0License:\u00a0Attribution<\/li>\n<li>S:\u00a0<a href=\"https:\/\/freesound.org\/people\/Frankie01234\/sounds\/201667\/\" target=\"_blank\" rel=\"noopener\">MP5 Submachine gun in doorway.aif<\/a>\u00a0by\u00a0<a href=\"https:\/\/freesound.org\/people\/Frankie01234\/\" target=\"_blank\" rel=\"noopener\">Frankie01234<\/a>\u00a0|\u00a0License:\u00a0Creative Commons 0<\/li>\n<\/ul>\n<div><\/div>\n<p>&nbsp;<\/p>\n<h2 style=\"text-align: center;\"><strong>Tu peux aussi choisir un autre moyen d\u2019\u00e9coute. T\u2019inqui\u00e8te, c\u2019est gratuit :<\/strong><\/h2>\n<div class=\"aligncenter\"><a href=\"https:\/\/itunes.apple.com\/fr\/podcast\/pamela-target-saison-1\/id1347089265?mt=2\" target=\"_blank\" rel=\"noopener\"><img decoding=\"async\" class=\"size-medium wp-image-479\" style=\"display: inherit; margin: 30px;\" src=\"https:\/\/www.pamelatarget.com\/wp-content\/uploads\/2018\/02\/Get_it_on_iTunes_Badge_FR_1114-300x109.png\" alt=\"\" width=\"200\" srcset=\"https:\/\/www.pamelatarget.com\/wp-content\/uploads\/2018\/02\/Get_it_on_iTunes_Badge_FR_1114-300x109.png 300w, https:\/\/www.pamelatarget.com\/wp-content\/uploads\/2018\/02\/Get_it_on_iTunes_Badge_FR_1114-768x279.png 768w, https:\/\/www.pamelatarget.com\/wp-content\/uploads\/2018\/02\/Get_it_on_iTunes_Badge_FR_1114-1024x372.png 1024w, https:\/\/www.pamelatarget.com\/wp-content\/uploads\/2018\/02\/Get_it_on_iTunes_Badge_FR_1114.png 1194w\" sizes=\"(max-width: 300px) 100vw, 300px\" \/><\/a><a href=\"https:\/\/soundcloud.com\/user-149328996\/pts02e01-quelle-belle-journee-a-la-madmax\" target=\"_blank\" rel=\"noopener\"><img decoding=\"async\" class=\"size-medium wp-image-477\" style=\"display: inherit; margin: 30px;\" src=\"https:\/\/www.pamelatarget.com\/wp-content\/uploads\/2018\/02\/SoundCloud_logo_orange_color_plain.svg_-300x171.png\" alt=\"\" width=\"200\" srcset=\"https:\/\/www.pamelatarget.com\/wp-content\/uploads\/2018\/02\/SoundCloud_logo_orange_color_plain.svg_-300x171.png 300w, https:\/\/www.pamelatarget.com\/wp-content\/uploads\/2018\/02\/SoundCloud_logo_orange_color_plain.svg_-768x438.png 768w, https:\/\/www.pamelatarget.com\/wp-content\/uploads\/2018\/02\/SoundCloud_logo_orange_color_plain.svg_-1024x584.png 1024w, https:\/\/www.pamelatarget.com\/wp-content\/uploads\/2018\/02\/SoundCloud_logo_orange_color_plain.svg_.png 1200w\" sizes=\"(max-width: 300px) 100vw, 300px\" \/><\/a><a href=\"https:\/\/www.deezer.com\/fr\/episode\/5987417\" target=\"_blank\" rel=\"noopener\"><img decoding=\"async\" class=\"size-medium wp-image-574\" style=\"display: inherit; margin: 30px;\" src=\"https:\/\/www.pamelatarget.com\/wp-content\/uploads\/2018\/02\/deezer-logo-300x168.png\" alt=\"\" width=\"200\" \/><\/a><a href=\"https:\/\/spoti.fi\/2OJzwUS\" target=\"_blank\" rel=\"noopener\"><img loading=\"lazy\" decoding=\"async\" width=\"300\" height=\"90\" class=\"size-medium wp-image-1572\" style=\"display: inherit; margin: 30px;\" src=\"https:\/\/www.pamelatarget.com\/wp-content\/uploads\/2018\/11\/Spotify_Logo_RGB_Green-300x90.png\" alt=\"\" \/><\/a><a href=\"https:\/\/radiopublic.com\/pamela-target-8XR1ee\" target=\"_blank\" rel=\"noopener\"><img decoding=\"async\" class=\"size-medium wp-image-1572\" style=\"display: inherit; margin: 30px;\" src=\"https:\/\/www.pamelatarget.com\/wp-content\/uploads\/2019\/02\/radiopublic.png\" alt=\"\" \/><\/a><\/div>\n<p><!--more--><\/p>\n<h2 style=\"text-align: center; font-size: 30px; font-family: inherit;\"><strong>Retranscription de l&rsquo;\u00e9pisode<\/strong><\/h2>\n<div style=\"text-align: center; font-size: 10px; font-family: inherit; margin-bottom: 30px;\">texte prot\u00e9g\u00e9 &#8211; reproduction interdite sans l&rsquo;accord des auteurs<\/div>\n<div style=\"text-align: center;\">\n<p>INT.JOUR. SOIREE BAYWATCH<br \/>\nPapotage mondain et verres qui trinquent, plouf dans la piscine. Ambiance soiree<br \/>\nBILL<br \/>\nLe signal dans le ciel, c\u2019\u00e9tait donc pour moi ! Mais qui je peux bien \u00eatre pour qu\u2019on m\u2019envoie ce genre de message ?<br \/>\nGIULIETTA<br \/>\nBill, le bousier ! Il faut qu\u2019on parle !<br \/>\nBILL<br \/>\nGiulietta ?!? o\u00f9 est-ce que tu \u00e9tais pass\u00e9e ?<br \/>\nRire de bimbo.<br \/>\nURSOULA<br \/>\nEt voil\u00e0 ton verre, Bill ch\u00e9ri.<br \/>\nGIULIETTA<br \/>\nBill ch\u00e9ri ? J\u2019ai bien entendu ? C\u2019est quoi ces deux poules? Elles sortent d\u2019o\u00f9 ?<br \/>\nBILL<br \/>\nEuh, voici Oursula et&#8230; Euh&#8230;<br \/>\nMOUNICA<br \/>\nMoi c\u2019est mounica.<br \/>\nBILL<br \/>\nMounica, c\u2019est \u00e7a !<br \/>\nGIULIETTA<br \/>\nNon mais je r\u00eave ! quand tu leur parles, regarde-les au moins dans les yeux et pas dans le d\u00e9collet\u00e9 !<br \/>\nBILL<br \/>\nJe sais ce que tu penses mais c\u2019est pas ce que tu crois&#8230; Je &#8230; Je suis en infiltration. Oui c\u2019est \u00e7a en infiltration.<br \/>\nGIULIETTA<br \/>\nEn infiltration ? (baf) goujat !<br \/>\nBILL<br \/>\nMais pourquoi tu m\u2019as gifl\u00e9 Giulietta ?<br \/>\nGIULIETTA<br \/>\nVas-y ! Te g\u00eane pas ! Drague tout ce qui traine en maillot rouge.<br \/>\nBILL<br \/>\nBen l\u00e0 , \u00e7a va pas \u00eatre difficile, y a des maillots rouge partout !<br \/>\nGIULIETTA<br \/>\n(baf) Goujat !<br \/>\nQuand je pense que je prends des risques insens\u00e9s en venant ici, juste pour parler avec ce goujat qui ne pense qu\u2019\u00e0 draguer alors que l\u2019ultimatum de Peter Pan Pan expire maintenant !<br \/>\nCris et Bousculade.<br \/>\nGIULIETTA (CONT\u2019D)<br \/>\nQu\u2019est-ce qui se passe ? C\u2019est Peter PanPan ?<br \/>\nBILL<br \/>\nReste-l\u00e0 !<br \/>\nGIULIETTA<br \/>\nMais non Bill ! T\u2019arr\u00eates \u00e7a tout de suite ! Tu n\u2019y vas pas tout seul. Tu n\u2019as pas le monopole du super h\u00e9ro ici ok ?<br \/>\nBILL<br \/>\nAllons voir<br \/>\nFOULE EN DELIRE<br \/>\nPamela ! Pamela ! Pamela !<\/p>\n<p>GIULIETTA<br \/>\nDis tu crois vraiment que Pamela Anderson court au ralenti comme dans la s\u00e9rie?<br \/>\nCOLONEL HARRY<br \/>\nBien s\u00fbr que oui, ma ch\u00e8re Giulietta !<br \/>\nGIULIETTA<br \/>\nColonel harry!? Savez-vous ce qui se passe?<br \/>\nCOLONEL HARRY<br \/>\nJe vous le confirmerai apr\u00e8s le d\u00eener avec Pamela !<br \/>\nGIULIETTA<br \/>\nQuoi ? Colonel Harry, Vous diner avec ELLE ?<br \/>\nCOLONEL HARRY<br \/>\nOui Titus le Tigre me l\u2019a promis, n\u2019est ce pas Titus ?<br \/>\nTITUS<br \/>\n(s\u2019\u00e9loignant)<br \/>\nUne promesse est une promesse, Colonel ! Surtout celle qu\u2019on fait fait aux grands \u00e9lecteurs qui nous soutiennent comme vous. Je vous laisse, Colonel, j\u2019ai quelque chose \u00e0 voir !<br \/>\nHARRY<br \/>\nJe compte sur vous !<br \/>\nTITUS<br \/>\nce colonel Harry il a une id\u00e9e derri\u00e8re la main, j&rsquo;en mettrais ma t\u00eate au feu !<br \/>\nRYU<br \/>\nH\u00e9, Titus, j\u2019ai un truc \u00e0 te demander !<br \/>\nTITUS<br \/>\nPas maintenant, Ryu.<\/p>\n<p>FOULE EN DELIRE<br \/>\nPamela ! Pamela ! Pamela !<br \/>\nTITUS<br \/>\nKorragen, Victoria ! Excusez-moi, laissez-moi passer, il faut que je rejoigne le conseil !!!<br \/>\nFOULE EN DELIRE<br \/>\n(plus fort)<br \/>\nPamela ! Pamela ! Pamela !<br \/>\nTITUS<br \/>\nJe suis l\u00e0 les gars ! J&rsquo;voudrais pas faire ma raclette, mais la soir\u00e9e s&rsquo;annonce pas super.<br \/>\nKORRAGEN<br \/>\nTu veux dire, faire ta tapette, Titus. On s\u2019en branle. Ca pue grave l\u2019\u00e9meute, l\u00e0 !<br \/>\nVICTORIA<br \/>\nOuai, \u00e7a part en live ! Si Pamela Anderson se pointe pas dans les dix minutes, je disperse la foule.<br \/>\nTITUS<br \/>\nC\u2019est qu\u2019elle nous p\u00e8te un c\u00e2ble la v\u00e9gan ! La soir\u00e9e est pas assez pourrie comme \u00e7a !<\/p>\n<p>COLONEL HARRY<br \/>\nTitus ! Vous avez promis !<\/p>\n<p>KORRAGEN<br \/>\noh P&#8230; ! le Colonel Harry !<\/p>\n<p>VICTORIA<br \/>\nOh non pas lui ! Ce vieux pervers va encore nous saouler avec Pamela Anderson.<\/p>\n<p>KORRAGEN<br \/>\nBon pour une fois Victoria, je suis d&rsquo;accord avec toi, \u00e7a pue grave l&rsquo;\u00e9meute.<\/p>\n<p>VICTORIA<br \/>\nT\u2019as raison, il nous manque plus que le lapin et c\u2019est le pompom ! J\u2019ai dit pompom, moi ?<\/p>\n<p>KORRAGEN<br \/>\nAvec tout ce monde, Peter Prout prout n\u2019osera jamais attaquer ! J\u2019ai vite cern\u00e9 cette petite merde. Que de la gueule.<\/p>\n<p>bruit de harley, gloussement des cochons d\u2019inde.<br \/>\nPETEUR PAN PAN<br \/>\nNous y voil\u00e0. (rires) Bonsoir, mesdames et messieurs, Ce soir, c\u2019est nous qui faisons le show !<br \/>\n(plus bas, \u00e0 Babelito)<br \/>\nBabelito, o\u00f9 est pass\u00e9 cet abruti de Rodrigue?<\/p>\n<p>BABELITO<br \/>\nJe sais pas patrone<\/p>\n<p>Serveur qui tombe dans la piscine.<\/p>\n<p>PETER PAN PAN<br \/>\nJe n\u2019ai qu\u2019une seule et unique question \u00e0 vous poser : O\u00f9 est Brill ?<\/p>\n<p>TITUS<br \/>\nTu vois Victoria, gr\u00e2ce \u00e0 Peter pan pan, tout le monde va oublier Pamela Anderson! Quelle b\u00e9n\u00e9diction ce lapin !<\/p>\n<p>A suivre&#8230;<\/p>\n<\/div>\n<p>&nbsp;<\/p>\n<\/div>\n<\/div>\n","protected":false},"excerpt":{"rendered":"<p>PTS02 E04:\u00a0 Alerte \u00e0 la soir\u00e9e\u00a0BAYWATCH\u00a0! Pamela ! Pamela ! Pamela ! Branche tes \u00e9couteurs et Bim ! Lance la lecture : D\u00e9couvre notre article sur les inspirations cin\u00e9 de cet \u00e9pisode : Comment Baywatch atteint le rang de s\u00e9rie mythique&#8230; avec un ralenti. Pour avoir de nos nouvelles et d\u00e9couvrir des bonus, c&rsquo;est ici [&hellip;]<\/p>\n","protected":false},"author":1,"featured_media":2424,"parent":0,"menu_order":0,"comment_status":"closed","ping_status":"closed","template":"","meta":{"footnotes":""},"class_list":["post-2396","page","type-page","status-publish","has-post-thumbnail","hentry"],"_links":{"self":[{"href":"https:\/\/www.pamelatarget.com\/index.php\/wp-json\/wp\/v2\/pages\/2396","targetHints":{"allow":["GET"]}}],"collection":[{"href":"https:\/\/www.pamelatarget.com\/index.php\/wp-json\/wp\/v2\/pages"}],"about":[{"href":"https:\/\/www.pamelatarget.com\/index.php\/wp-json\/wp\/v2\/types\/page"}],"author":[{"embeddable":true,"href":"https:\/\/www.pamelatarget.com\/index.php\/wp-json\/wp\/v2\/users\/1"}],"replies":[{"embeddable":true,"href":"https:\/\/www.pamelatarget.com\/index.php\/wp-json\/wp\/v2\/comments?post=2396"}],"version-history":[{"count":10,"href":"https:\/\/www.pamelatarget.com\/index.php\/wp-json\/wp\/v2\/pages\/2396\/revisions"}],"predecessor-version":[{"id":2513,"href":"https:\/\/www.pamelatarget.com\/index.php\/wp-json\/wp\/v2\/pages\/2396\/revisions\/2513"}],"wp:featuredmedia":[{"embeddable":true,"href":"https:\/\/www.pamelatarget.com\/index.php\/wp-json\/wp\/v2\/media\/2424"}],"wp:attachment":[{"href":"https:\/\/www.pamelatarget.com\/index.php\/wp-json\/wp\/v2\/media?parent=2396"}],"curies":[{"name":"wp","href":"https:\/\/api.w.org\/{rel}","templated":true}]}}