{"id":2205,"date":"2019-02-10T08:01:12","date_gmt":"2019-02-10T07:01:12","guid":{"rendered":"https:\/\/www.pamelatarget.com\/?page_id=2205"},"modified":"2019-02-10T08:01:12","modified_gmt":"2019-02-10T07:01:12","slug":"politique-de-confidentialite","status":"publish","type":"page","link":"https:\/\/www.pamelatarget.com\/index.php\/politique-de-confidentialite\/","title":{"rendered":"Politique de confidentialit\u00e9"},"content":{"rendered":"<p>Politique de confidentialit\u00e9<\/p>\n<ul>\n<li>Pamela Target: le jeu sur assistant personnel<\/li>\n<\/ul>\n<ol>\n<li>Introduction<\/li>\n<\/ol>\n<p>la protection de vos donn\u00e9es personnelles est tr\u00e8s important pour nous. ce court document pr\u00e9cise les modalit\u00e9s appliqu\u00e9es sur l&rsquo;application pour assistant personnel PAMELA TARGET<\/p>\n<p>2. Version du document<\/p>\n<p>Ce document a \u00e9t\u00e9 cr\u00e9\u00e9 le Dimanche 7 F\u00e9vrier 2019: R\u00e9vision 0.1<\/p>\n<p>3. Recueil de donn\u00e9es personnelles<\/p>\n<p>Nous ne recueillons aucune donn\u00e9e personnelle. Les seules donn\u00e9es que nous sommes en mesure d&rsquo;acc\u00e9der sont les donn\u00e9es d&rsquo;usage du jeu se retrouvant dans les logs de l&rsquo;application. Il n&rsquo;y a aucune information permettant d&rsquo;identifier l&rsquo;utilisateur du service ou de moyen contact.<\/p>\n<p>Le jeu s&rsquo;appuie sur les interactions vocales de l&rsquo;utilisateur et la transcription qui en est faite par les serveurs de Google. Aucun enregistrement n&rsquo;est transmis a l&rsquo;application Pamela Target. Les r\u00e8gles de confidentialit\u00e9 qui s&rsquo;appliquent sur le traitement des donn\u00e9es vocales sont celles de l&rsquo;assistant personnel Google<\/p>\n<p>Ce document peut \u00e9voluer avec l&rsquo;\u00e9volution de notre connaissance sur le fonctionnement des outils autour de l&rsquo;application.<\/p>\n<p>&nbsp;<\/p>\n<p>&nbsp;<\/p>\n","protected":false},"excerpt":{"rendered":"<p>Politique de confidentialit\u00e9 Pamela Target: le jeu sur assistant personnel Introduction la protection de vos donn\u00e9es personnelles est tr\u00e8s important pour nous. ce court document pr\u00e9cise les modalit\u00e9s appliqu\u00e9es sur l&rsquo;application pour assistant personnel PAMELA TARGET 2. Version du document Ce document a \u00e9t\u00e9 cr\u00e9\u00e9 le Dimanche 7 F\u00e9vrier 2019: R\u00e9vision 0.1 3. Recueil de [&hellip;]<\/p>\n","protected":false},"author":1,"featured_media":0,"parent":0,"menu_order":0,"comment_status":"closed","ping_status":"closed","template":"","meta":{"footnotes":""},"class_list":["post-2205","page","type-page","status-publish","hentry"],"_links":{"self":[{"href":"https:\/\/www.pamelatarget.com\/index.php\/wp-json\/wp\/v2\/pages\/2205","targetHints":{"allow":["GET"]}}],"collection":[{"href":"https:\/\/www.pamelatarget.com\/index.php\/wp-json\/wp\/v2\/pages"}],"about":[{"href":"https:\/\/www.pamelatarget.com\/index.php\/wp-json\/wp\/v2\/types\/page"}],"author":[{"embeddable":true,"href":"https:\/\/www.pamelatarget.com\/index.php\/wp-json\/wp\/v2\/users\/1"}],"replies":[{"embeddable":true,"href":"https:\/\/www.pamelatarget.com\/index.php\/wp-json\/wp\/v2\/comments?post=2205"}],"version-history":[{"count":1,"href":"https:\/\/www.pamelatarget.com\/index.php\/wp-json\/wp\/v2\/pages\/2205\/revisions"}],"predecessor-version":[{"id":2206,"href":"https:\/\/www.pamelatarget.com\/index.php\/wp-json\/wp\/v2\/pages\/2205\/revisions\/2206"}],"wp:attachment":[{"href":"https:\/\/www.pamelatarget.com\/index.php\/wp-json\/wp\/v2\/media?parent=2205"}],"curies":[{"name":"wp","href":"https:\/\/api.w.org\/{rel}","templated":true}]}}