{"id":2147,"date":"2018-12-23T17:37:47","date_gmt":"2018-12-23T16:37:47","guid":{"rendered":"https:\/\/www.pamelatarget.com\/?page_id=2147"},"modified":"2019-02-06T22:28:40","modified_gmt":"2019-02-06T21:28:40","slug":"pts02e00-la-reine-des-neiges","status":"publish","type":"page","link":"https:\/\/www.pamelatarget.com\/index.php\/pts02e00-la-reine-des-neiges\/","title":{"rendered":"PTS02E00 La reine des neiges"},"content":{"rendered":"<h3 style=\"text-align: center;\"><strong>PTS02E00 : La Reine des neiges<\/strong><\/h3>\n<p style=\"text-align: center;\">Episode 00 de la saison II en exclusivit\u00e9 !<br \/>\nSur le chemin de la soir\u00e9e Baywatch, les cochons dingues, perdus dans le blizzard, tombent sur une charmante cabane en bois avec un tra\u00eeneau et un renne devant.\u00a0Mais \u00e0 qui tout cela peut-il bien appartenir ?<\/p>\n<p style=\"text-align: center;\">Branche tes \u00e9couteurs et Bim ! Lance la lecture :<\/p>\n<p style=\"text-align: center;\"><iframe loading=\"lazy\" src=\"https:\/\/embed.radiopublic.com\/e?if=pamela-target-8XR1ee&amp;ge=s1!e38bea07d1a76c8230588d9c472a39159f81abee\" width=\"100%\" height=\"185\" frameborder=\"0\" scrolling=\"no\" sandbox=\"allow-same-origin allow-scripts allow-top-navigation allow-popups\"><\/iframe><\/p>\n<p>&nbsp;<\/p>\n<div data-podcloud=\"feedreader\" data-feed-src=\"http:\/\/pamela-target.podcloud.fr\/rss\" data-items-count=\"1\"><\/div>\n<p style=\"text-align: center;\">En attendant la saison 2, pour avoir de nos nouvelles et d\u00e9couvrir des bonus ,<\/p>\n<p style=\"text-align: center;\">c&rsquo;est ici<strong> <a href=\"https:\/\/www.pamelatarget.com\/index.php\/vip-club\/\">CLUB VIP PAMELA TARGET<\/a>\u00a0<\/strong><\/p>\n<p>&nbsp;<\/p>\n<h3><strong>CREDITS<\/strong><\/h3>\n<p><strong>Ecrit par<\/strong> Katia Grivot, David Neau et Pascal Senicourt<\/p>\n<p><strong>R\u00e9alis\u00e9, mont\u00e9 et mix\u00e9<\/strong> <strong>par<\/strong> Katia Grivot<\/p>\n<p><strong>Anim\u00e9 pour Youtube par<\/strong> Pascal Senicourt<\/p>\n<p><strong>Musiques <\/strong><\/p>\n<p>g\u00e9n\u00e9riques\u00a0par Domingo Olmo Martin<\/p>\n<p>Spider de Lincoln Grounds<\/p>\n<div class=\"audiolibrary-column audiolibrary-column-title\">Jingle Bells (Instrumental) de Jingle Punks<\/div>\n<div>\n<div><\/div>\n<div class=\"audiolibrary-column audiolibrary-column-title\">\n<div class=\"music-attribution license\"><span class=\"attribution_title\">Angels We Have Heard<\/span>\u00a0par\u00a0<span class=\"attribution_artist\">Kevin MacLeod<\/span>\u00a0est distribu\u00e9 sous la licence\u00a0<span class=\"attribution_license\">Creative Commons Attribution<\/span>\u00a0(<a href=\"https:\/\/creativecommons.org\/licenses\/by\/4.0\/\" target=\"blank\" rel=\"noopener\">https:\/\/creativecommons.org\/licenses\/by\/4.0\/<\/a>)<\/div>\n<div class=\"music-attribution track\">Source\u00a0:\u00a0<a href=\"http:\/\/incompetech.com\/music\/royalty-free\/index.html?collection=004&amp;page=1\" target=\"blank\" rel=\"noopener\">http:\/\/incompetech.com\/music\/royalty-free\/index.html?collection=004&amp;page=1<\/a><\/div>\n<div class=\"music-attribution artist\">Artiste\u00a0:\u00a0<a href=\"http:\/\/incompetech.com\/\" target=\"blank\" rel=\"noopener\">__url_artiste__<\/a><\/div>\n<p class=\"western\">Rodrigue le cochon dingue : David Chamalet<\/p>\n<p>Augusto le cochon Dingue : David Neau<\/p>\n<p>Domingo le cochon dingue : J\u00e9rome Th\u00e9venet<\/p>\n<p>Professeur Charwin : Pascal Senicourt<\/p>\n<p>Robot Grofayo : David Neau<\/p>\n<p>Colonel : Grika<\/p>\n<p>&nbsp;<\/p>\n<p>Dans cet e\u0301pisode de nombreux sons sont tire\u0301s de <strong>Freesound<\/strong>. Voici l\u2019ensemble des cre\u0301dits concerne\u0301s :<\/p>\n<ul>\n<li style=\"list-style-type: none;\">\n<ul>\n<li>S:\u00a0<a href=\"https:\/\/freesound.org\/people\/sphion\/sounds\/153540\/\" target=\"_blank\" rel=\"noopener\">harley_in_the_city.wav<\/a>\u00a0by\u00a0<a href=\"https:\/\/freesound.org\/people\/sphion\/\" target=\"_blank\" rel=\"noopener\">sphion<\/a>\u00a0|\u00a0License:\u00a0Creative Commons 0<\/li>\n<li>S:\u00a0<a href=\"https:\/\/freesound.org\/people\/StephenSaldanha\/sounds\/133731\/\" target=\"_blank\" rel=\"noopener\">Motorcycle_Startup_Driveaway.wav<\/a>\u00a0by\u00a0<a href=\"https:\/\/freesound.org\/people\/StephenSaldanha\/\" target=\"_blank\" rel=\"noopener\">StephenSaldanha<\/a>\u00a0|\u00a0License:\u00a0Attribution<\/li>\n<li>S:\u00a0<a href=\"https:\/\/freesound.org\/people\/Robinhood76\/sounds\/56275\/\" target=\"_blank\" rel=\"noopener\">00178 motorcycles forward bicycles on a field way.wav<\/a>\u00a0by\u00a0<a href=\"https:\/\/freesound.org\/people\/Robinhood76\/\" target=\"_blank\" rel=\"noopener\">Robinhood76<\/a>\u00a0|\u00a0License:\u00a0Attribution Noncommercial<\/li>\n<li>S:\u00a0<a href=\"https:\/\/freesound.org\/people\/sphion\/sounds\/153540\/\" target=\"_blank\" rel=\"noopener\">harley_in_the_city.wav<\/a>\u00a0by\u00a0<a href=\"https:\/\/freesound.org\/people\/sphion\/\" target=\"_blank\" rel=\"noopener\">sphion<\/a>\u00a0|\u00a0License:\u00a0Creative Commons 0<\/li>\n<li>S:\u00a0<a href=\"https:\/\/freesound.org\/people\/15050_Francois\/sounds\/325716\/\" target=\"_blank\" rel=\"noopener\">Dropping and Putting Down of Keys.wav<\/a>\u00a0by\u00a0<a href=\"https:\/\/freesound.org\/people\/15050_Francois\/\" target=\"_blank\" rel=\"noopener\">15050_Francois<\/a>\u00a0|\u00a0License:\u00a0Attribution Noncommercial<\/li>\n<li>S:\u00a0<a href=\"https:\/\/freesound.org\/people\/Coonick\/sounds\/235641\/\" target=\"_blank\" rel=\"noopener\">Key Chain Jingle Loop.mp3<\/a>\u00a0by\u00a0<a href=\"https:\/\/freesound.org\/people\/Coonick\/\" target=\"_blank\" rel=\"noopener\">Coonick<\/a>\u00a0|\u00a0License:\u00a0Creative Commons 0<\/li>\n<li>S:\u00a0<a href=\"https:\/\/freesound.org\/people\/Frankie01234\/sounds\/201667\/\" target=\"_blank\" rel=\"noopener\">MP5 Submachine gun in doorway.aif<\/a>\u00a0by\u00a0<a href=\"https:\/\/freesound.org\/people\/Frankie01234\/\" target=\"_blank\" rel=\"noopener\">Frankie01234<\/a>\u00a0|\u00a0License:\u00a0Creative Commons 0<\/li>\n<li>S:\u00a0<a href=\"https:\/\/freesound.org\/people\/kforetek\/sounds\/146805\/\" target=\"_blank\" rel=\"noopener\">Wood Chest Slid.3.wav<\/a>\u00a0by\u00a0<a href=\"https:\/\/freesound.org\/people\/kforetek\/\" target=\"_blank\" rel=\"noopener\">kforetek<\/a>\u00a0|\u00a0License:\u00a0Creative Commons 0<\/li>\n<li>S:\u00a0<a href=\"https:\/\/freesound.org\/people\/lizanejordaan\/sounds\/325929\/\" target=\"_blank\" rel=\"noopener\">Wooden box on wooden floor.wav<\/a>\u00a0by\u00a0<a href=\"https:\/\/freesound.org\/people\/lizanejordaan\/\" target=\"_blank\" rel=\"noopener\">lizanejordaan<\/a>\u00a0|\u00a0License:\u00a0Attribution Noncommercial<\/li>\n<li>S:\u00a0<a href=\"https:\/\/freesound.org\/people\/et_graham\/sounds\/366342\/\" target=\"_blank\" rel=\"noopener\">Crate.wav<\/a>\u00a0by\u00a0<a href=\"https:\/\/freesound.org\/people\/et_graham\/\" target=\"_blank\" rel=\"noopener\">et_graham<\/a>\u00a0|\u00a0License:\u00a0Attribution Noncommercial<\/li>\n<li>S:\u00a0<a href=\"https:\/\/freesound.org\/people\/movingplaid\/sounds\/88551\/\" target=\"_blank\" rel=\"noopener\">slap_concrete_01.wav<\/a>\u00a0by\u00a0<a href=\"https:\/\/freesound.org\/people\/movingplaid\/\" target=\"_blank\" rel=\"noopener\">movingplaid<\/a>\u00a0|\u00a0License:\u00a0Attribution<\/li>\n<\/ul>\n<ul>\n<li>S:\u00a0<a href=\"https:\/\/freesound.org\/people\/AdminMP\/sounds\/383201\/\" target=\"_blank\" rel=\"noopener\">Slap &#8211; Cartoony<\/a>\u00a0by\u00a0<a href=\"https:\/\/freesound.org\/people\/AdminMP\/\" target=\"_blank\" rel=\"noopener\">AdminMP<\/a>\u00a0|\u00a0License:\u00a0Creative Commons 0<\/li>\n<li>\u00a0S:\u00a0<a href=\"https:\/\/freesound.org\/people\/viertelnachvier\/sounds\/249637\/\" target=\"_blank\" rel=\"noopener\">factory2.wav<\/a>\u00a0by\u00a0<a href=\"https:\/\/freesound.org\/people\/viertelnachvier\/\" target=\"_blank\" rel=\"noopener\">viertelnachvier<\/a>\u00a0|\u00a0License:\u00a0Creative Commons 0<\/li>\n<li>S:\u00a0<a href=\"https:\/\/freesound.org\/people\/miekyj\/sounds\/326463\/\" target=\"_blank\" rel=\"noopener\">Lighting A Match OWI.wav<\/a>\u00a0by\u00a0<a href=\"https:\/\/freesound.org\/people\/miekyj\/\" target=\"_blank\" rel=\"noopener\">miekyj<\/a>\u00a0|\u00a0License:\u00a0Creative Commons 0<\/li>\n<li>S:\u00a0<a href=\"https:\/\/freesound.org\/people\/Gniffelbaf\/sounds\/82120\/\" target=\"_blank\" rel=\"noopener\">Balloon-Burst-06.wav<\/a>\u00a0by\u00a0<a href=\"https:\/\/freesound.org\/people\/Gniffelbaf\/\" target=\"_blank\" rel=\"noopener\">Gniffelbaf<\/a>\u00a0|\u00a0License:\u00a0Creative Commons 0<\/li>\n<li>S:\u00a0<a href=\"https:\/\/freesound.org\/people\/audible-edge\/sounds\/76806\/\" target=\"_blank\" rel=\"noopener\">AE0092 Volvo 740 GLE handbrake turn 03.flac<\/a>\u00a0by\u00a0<a href=\"https:\/\/freesound.org\/people\/audible-edge\/\" target=\"_blank\" rel=\"noopener\">audible-edge<\/a>\u00a0|\u00a0License:\u00a0Creative Commons 0<\/li>\n<li>S:\u00a0<a href=\"https:\/\/freesound.org\/people\/kyles\/sounds\/452032\/\" target=\"_blank\" rel=\"noopener\">footsteps snowshoes old wood1 semipacked snow slow tired and scuffs +wind.flac<\/a>\u00a0by\u00a0<a href=\"https:\/\/freesound.org\/people\/kyles\/\" target=\"_blank\" rel=\"noopener\">kyles<\/a>\u00a0|\u00a0License:\u00a0Creative Commons 0<\/li>\n<li>S:\u00a0<a href=\"https:\/\/freesound.org\/people\/luminadii\/sounds\/336765\/\" target=\"_blank\" rel=\"noopener\">Snow crunch 01.WAV<\/a>\u00a0by\u00a0<a href=\"https:\/\/freesound.org\/people\/luminadii\/\" target=\"_blank\" rel=\"noopener\">luminadii<\/a>\u00a0|\u00a0License:\u00a0Attribution<\/li>\n<li>S:\u00a0<a href=\"https:\/\/freesound.org\/people\/Spandau\/sounds\/30833\/\" target=\"_blank\" rel=\"noopener\">walkinginsnow.aif<\/a>\u00a0by\u00a0<a href=\"https:\/\/freesound.org\/people\/Spandau\/\" target=\"_blank\" rel=\"noopener\">Spandau<\/a>\u00a0|\u00a0License:\u00a0Creative Commons 0<\/li>\n<li>S:\u00a0<a href=\"https:\/\/freesound.org\/people\/FreqMan\/sounds\/368419\/\" target=\"_blank\" rel=\"noopener\">Stock wind sound.wav<\/a>\u00a0by\u00a0<a href=\"https:\/\/freesound.org\/people\/FreqMan\/\" target=\"_blank\" rel=\"noopener\">FreqMan<\/a>\u00a0|\u00a0License:\u00a0Attribution Noncommercial<\/li>\n<li>S:\u00a0<a href=\"https:\/\/freesound.org\/people\/InspectorJ\/sounds\/421022\/\" target=\"_blank\" rel=\"noopener\">Running, Snow, A.wav<\/a>\u00a0by\u00a0<a href=\"https:\/\/freesound.org\/people\/InspectorJ\/\" target=\"_blank\" rel=\"noopener\">InspectorJ<\/a>\u00a0|\u00a0License:\u00a0Attribution<\/li>\n<li>S:\u00a0<a href=\"https:\/\/freesound.org\/people\/florianreichelt\/sounds\/453168\/\" target=\"_blank\" rel=\"noopener\">footsteps in fresh snow<\/a>\u00a0by\u00a0<a href=\"https:\/\/freesound.org\/people\/florianreichelt\/\" target=\"_blank\" rel=\"noopener\">florianreichelt<\/a>\u00a0|\u00a0License:\u00a0Creative Commons 0<\/li>\n<li>S:\u00a0<a href=\"https:\/\/freesound.org\/people\/mallement\/sounds\/160604\/\" target=\"_blank\" rel=\"noopener\">Jump, landing in snow02<\/a>\u00a0by\u00a0<a href=\"https:\/\/freesound.org\/people\/mallement\/\" target=\"_blank\" rel=\"noopener\">mallement<\/a>\u00a0|\u00a0License:\u00a0Attribution<\/li>\n<li>S:\u00a0<a href=\"https:\/\/freesound.org\/people\/SoundsForHim\/sounds\/395653\/\" target=\"_blank\" rel=\"noopener\">Slam door.MP3<\/a>\u00a0by\u00a0<a href=\"https:\/\/freesound.org\/people\/SoundsForHim\/\" target=\"_blank\" rel=\"noopener\">SoundsForHim<\/a>\u00a0|\u00a0License:\u00a0Creative Commons 0<\/li>\n<li>S:\u00a0<a href=\"https:\/\/freesound.org\/people\/YleArkisto\/sounds\/249656\/\" target=\"_blank\" rel=\"noopener\">Moottorisaha, puu kaatuu \/ A chain saw, big tree falls, timber, roots crackle<\/a>\u00a0by\u00a0<a href=\"https:\/\/freesound.org\/people\/YleArkisto\/\" target=\"_blank\" rel=\"noopener\">YleArkisto<\/a>\u00a0|\u00a0License:\u00a0Attribution<\/li>\n<li><\/li>\n<\/ul>\n<\/li>\n<\/ul>\n<p>&nbsp;<\/p>\n<p>Pochette<\/p>\n<div><span class=\"grey dove-text\">Motorcycle Club Emblem.\u00a0<\/span><span class=\"grey mountain-mist-text\">Par<\/span>\u00a0<span class=\"blue bleu-de-france-text\"><a class=\"blue bleu-de-france-text\" href=\"https:\/\/stock.adobe.com\/fr\/contributor\/204697482\/klauskunstler?load_type=author&amp;prev_url=detail\" target=\"_blank\" rel=\"noopener\">KlausKunstler<\/a><\/span><\/div>\n<p>&nbsp;<\/p>\n<p style=\"text-align: center;\">Tu peux aussi choisir un autre moyen d\u2019\u00e9coute. T\u2019inqui\u00e8te, c\u2019est gratuit :<\/p>\n<p><a href=\"https:\/\/itunes.apple.com\/fr\/podcast\/pamela-target-saison-1\/id1347089265?mt=2\" target=\"_blank\" rel=\"noopener\"><img loading=\"lazy\" decoding=\"async\" class=\"size-medium wp-image-479 aligncenter\" src=\"https:\/\/www.pamelatarget.com\/wp-content\/uploads\/2018\/02\/Get_it_on_iTunes_Badge_FR_1114-300x109.png\" alt=\"\" width=\"300\" height=\"109\" srcset=\"https:\/\/www.pamelatarget.com\/wp-content\/uploads\/2018\/02\/Get_it_on_iTunes_Badge_FR_1114-300x109.png 300w, https:\/\/www.pamelatarget.com\/wp-content\/uploads\/2018\/02\/Get_it_on_iTunes_Badge_FR_1114-768x279.png 768w, https:\/\/www.pamelatarget.com\/wp-content\/uploads\/2018\/02\/Get_it_on_iTunes_Badge_FR_1114-1024x372.png 1024w, https:\/\/www.pamelatarget.com\/wp-content\/uploads\/2018\/02\/Get_it_on_iTunes_Badge_FR_1114.png 1194w\" sizes=\"auto, (max-width: 300px) 100vw, 300px\" \/><\/a><\/p>\n<p>&nbsp;<\/p>\n<p>&nbsp;<\/p>\n<p><a href=\"https:\/\/soundcloud.com\/user-149328996\/pts01e29-the-day-before-the-day-after\" target=\"_blank\" rel=\"noopener\"><img loading=\"lazy\" decoding=\"async\" class=\"size-medium wp-image-477 aligncenter\" src=\"https:\/\/www.pamelatarget.com\/wp-content\/uploads\/2018\/02\/SoundCloud_logo_orange_color_plain.svg_-300x171.png\" alt=\"\" width=\"300\" height=\"171\" srcset=\"https:\/\/www.pamelatarget.com\/wp-content\/uploads\/2018\/02\/SoundCloud_logo_orange_color_plain.svg_-300x171.png 300w, https:\/\/www.pamelatarget.com\/wp-content\/uploads\/2018\/02\/SoundCloud_logo_orange_color_plain.svg_-768x438.png 768w, https:\/\/www.pamelatarget.com\/wp-content\/uploads\/2018\/02\/SoundCloud_logo_orange_color_plain.svg_-1024x584.png 1024w, https:\/\/www.pamelatarget.com\/wp-content\/uploads\/2018\/02\/SoundCloud_logo_orange_color_plain.svg_.png 1200w\" sizes=\"auto, (max-width: 300px) 100vw, 300px\" \/><\/a><\/p>\n<p>&nbsp;<\/p>\n<p><a href=\"https:\/\/www.deezer.com\/fr\/episode\/5987417\" target=\"_blank\" rel=\"noopener\"><img loading=\"lazy\" decoding=\"async\" class=\"size-medium wp-image-574 aligncenter\" src=\"https:\/\/www.pamelatarget.com\/wp-content\/uploads\/2018\/02\/deezer-logo-300x168.png\" alt=\"\" width=\"300\" height=\"168\" \/><\/a><\/p>\n<p><a href=\"https:\/\/spoti.fi\/2OJzwUS\" target=\"_blank\" rel=\"noopener\"><img loading=\"lazy\" decoding=\"async\" width=\"300\" height=\"90\" class=\"aligncenter size-medium wp-image-1572\" src=\"https:\/\/www.pamelatarget.com\/wp-content\/uploads\/2018\/11\/Spotify_Logo_RGB_Green-300x90.png\" alt=\"\" \/><\/a><\/p>\n<p>&nbsp;<\/p>\n<\/div>\n<\/div>\n","protected":false},"excerpt":{"rendered":"<p>PTS02E00 : La Reine des neiges Episode 00 de la saison II en exclusivit\u00e9 ! Sur le chemin de la soir\u00e9e Baywatch, les cochons dingues, perdus dans le blizzard, tombent sur une charmante cabane en bois avec un tra\u00eeneau et un renne devant.\u00a0Mais \u00e0 qui tout cela peut-il bien appartenir ? Branche tes \u00e9couteurs et [&hellip;]<\/p>\n","protected":false},"author":1,"featured_media":2148,"parent":0,"menu_order":0,"comment_status":"closed","ping_status":"closed","template":"","meta":{"footnotes":""},"class_list":["post-2147","page","type-page","status-publish","has-post-thumbnail","hentry"],"_links":{"self":[{"href":"https:\/\/www.pamelatarget.com\/index.php\/wp-json\/wp\/v2\/pages\/2147","targetHints":{"allow":["GET"]}}],"collection":[{"href":"https:\/\/www.pamelatarget.com\/index.php\/wp-json\/wp\/v2\/pages"}],"about":[{"href":"https:\/\/www.pamelatarget.com\/index.php\/wp-json\/wp\/v2\/types\/page"}],"author":[{"embeddable":true,"href":"https:\/\/www.pamelatarget.com\/index.php\/wp-json\/wp\/v2\/users\/1"}],"replies":[{"embeddable":true,"href":"https:\/\/www.pamelatarget.com\/index.php\/wp-json\/wp\/v2\/comments?post=2147"}],"version-history":[{"count":6,"href":"https:\/\/www.pamelatarget.com\/index.php\/wp-json\/wp\/v2\/pages\/2147\/revisions"}],"predecessor-version":[{"id":2198,"href":"https:\/\/www.pamelatarget.com\/index.php\/wp-json\/wp\/v2\/pages\/2147\/revisions\/2198"}],"wp:featuredmedia":[{"embeddable":true,"href":"https:\/\/www.pamelatarget.com\/index.php\/wp-json\/wp\/v2\/media\/2148"}],"wp:attachment":[{"href":"https:\/\/www.pamelatarget.com\/index.php\/wp-json\/wp\/v2\/media?parent=2147"}],"curies":[{"name":"wp","href":"https:\/\/api.w.org\/{rel}","templated":true}]}}