{"id":19,"date":"2017-10-25T23:48:15","date_gmt":"2017-10-25T21:48:15","guid":{"rendered":"http:\/\/pamelatarget.com\/?page_id=19"},"modified":"2018-10-14T21:23:28","modified_gmt":"2018-10-14T19:23:28","slug":"page-2","status":"publish","type":"page","link":"https:\/\/www.pamelatarget.com\/index.php\/vip-club\/page-2\/","title":{"rendered":"Les 9 Rules du VIP Club"},"content":{"rendered":"<p><img loading=\"lazy\" decoding=\"async\" class=\"size-medium wp-image-239 alignright\" src=\"https:\/\/www.pamelatarget.com\/wp-content\/uploads\/2017\/10\/EnteteVIPClubpng600px-300x169.png\" alt=\"\" width=\"300\" height=\"169\" srcset=\"https:\/\/www.pamelatarget.com\/wp-content\/uploads\/2017\/10\/EnteteVIPClubpng600px-300x169.png 300w, https:\/\/www.pamelatarget.com\/wp-content\/uploads\/2017\/10\/EnteteVIPClubpng600px.png 600w\" sizes=\"auto, (max-width: 300px) 100vw, 300px\" \/><\/p>\n<h2 class=\"p1\" style=\"text-align: left;\"><span class=\"s1\">VOICI Les <strong><span style=\"color: #993366;\">9<\/span><\/strong> Rules du <span style=\"color: #993366;\"><strong>VIP CLUB Pamela Target<\/strong><\/span>\u00a0 :<\/span><\/h2>\n<p class=\"p1\" style=\"text-align: left;\"><span class=\"s1\"><strong>RULE n\u00b0 1<\/strong> : Tu\u00a0 parles de PAMELA TARGET<\/span><\/p>\n<p class=\"p1\" style=\"text-align: left;\"><span class=\"s1\"><strong>RULE n\u00b0 2<\/strong> : Tu parles de PAMELA TARGET&#8230; sur tes r\u00e9seaux sociaux, en soir\u00e9e, au bureau, \u00e0 la maison, au presbyt\u00e8re, en courant, dans le m\u00e9tro, dans le train&#8230;<\/span><\/p>\n<p class=\"p1\" style=\"text-align: left;\"><span class=\"s1\"><strong>RULE n\u00b0 3<\/strong> : Tu sauras quand \u00e7a commence, quand tu seras pr\u00e9venu.<\/span><\/p>\n<p class=\"p1\" style=\"text-align: left;\"><span class=\"s1\"><strong>RULE n\u00b04<\/strong> : Quand tu seras pr\u00eat, tu recevras tes premiers avantages de membre VIP.<br \/>\n<\/span><\/p>\n<p class=\"p1\" style=\"text-align: left;\"><span class=\"s1\"><strong>RULE n\u00b0 5<\/strong> : Tu es le premier cercle de la communaut\u00e9 Pamela Target. Ton avis compte un max. Tu peux nous aider \u00e0 am\u00e9liorer encore plus la s\u00e9rie. On compte sur toi. Alors laisse des COMMENTAIRES&#8230; Partout !!!<\/span><\/p>\n<p style=\"text-align: left;\"><span class=\"s1\"><strong>RULE n\u00b06 : <\/strong>Si tu le souhaites tr\u00e8s fort et en tant que membre du VIP CLUB, tu peux devenir en<\/span><span class=\"s1\">core plus,<span style=\"color: #993366;\"> tu peux devenir <\/span><span style=\"color: #ffff00;\"><span style=\"color: #993366;\"><strong>AMBASSADEUR<\/strong> de la s\u00e9rie.<\/span> <\/span>\u00a0mais attention ! Un grand pouvoir implique de grandes responsabilit\u00e9s.<br \/>\n<\/span><\/p>\n<p class=\"p1\" style=\"text-align: left;\"><span class=\"s1\"><strong>RULE n\u00b08<\/strong> : t&rsquo;es libre de partir quand tu veux, mais ce serait dommage de passer \u00e0 cot\u00e9 de tout le bien que le\u00a0VIP Club\u00a0 peut te faire et de la l\u00e9gende que l&rsquo;on est en train de construire ensemble.<\/span><\/p>\n<p class=\"p1\" style=\"text-align: left;\"><span class=\"s1\"><strong>RULE n\u00b09<\/strong> : Y a pas de r\u00e8gles 7 et ouais ! on a le droit !<br \/>\n<\/span><\/p>\n<p>&nbsp;<\/p>\n<h3 style=\"text-align: left;\"><strong>ALORS, Si tu n&rsquo;es pas encore inscrit (e), tu peux aller ici : <span style=\"color: #993366;\"><a style=\"color: #993366;\" href=\"https:\/\/www.pamelatarget.com\/index.php\/vip-club\/\">VIP CLUB\u00a0<\/a><\/span>\u00a0<\/strong><\/h3>\n<p>&nbsp;<\/p>\n","protected":false},"excerpt":{"rendered":"<p>VOICI Les 9 Rules du VIP CLUB Pamela Target\u00a0 : RULE n\u00b0 1 : Tu\u00a0 parles de PAMELA TARGET RULE n\u00b0 2 : Tu parles de PAMELA TARGET&#8230; sur tes r\u00e9seaux sociaux, en soir\u00e9e, au bureau, \u00e0 la maison, au presbyt\u00e8re, en courant, dans le m\u00e9tro, dans le train&#8230; RULE n\u00b0 3 : Tu sauras [&hellip;]<\/p>\n","protected":false},"author":1,"featured_media":240,"parent":324,"menu_order":0,"comment_status":"closed","ping_status":"closed","template":"","meta":{"footnotes":""},"class_list":["post-19","page","type-page","status-publish","has-post-thumbnail","hentry"],"_links":{"self":[{"href":"https:\/\/www.pamelatarget.com\/index.php\/wp-json\/wp\/v2\/pages\/19","targetHints":{"allow":["GET"]}}],"collection":[{"href":"https:\/\/www.pamelatarget.com\/index.php\/wp-json\/wp\/v2\/pages"}],"about":[{"href":"https:\/\/www.pamelatarget.com\/index.php\/wp-json\/wp\/v2\/types\/page"}],"author":[{"embeddable":true,"href":"https:\/\/www.pamelatarget.com\/index.php\/wp-json\/wp\/v2\/users\/1"}],"replies":[{"embeddable":true,"href":"https:\/\/www.pamelatarget.com\/index.php\/wp-json\/wp\/v2\/comments?post=19"}],"version-history":[{"count":31,"href":"https:\/\/www.pamelatarget.com\/index.php\/wp-json\/wp\/v2\/pages\/19\/revisions"}],"predecessor-version":[{"id":1410,"href":"https:\/\/www.pamelatarget.com\/index.php\/wp-json\/wp\/v2\/pages\/19\/revisions\/1410"}],"up":[{"embeddable":true,"href":"https:\/\/www.pamelatarget.com\/index.php\/wp-json\/wp\/v2\/pages\/324"}],"wp:featuredmedia":[{"embeddable":true,"href":"https:\/\/www.pamelatarget.com\/index.php\/wp-json\/wp\/v2\/media\/240"}],"wp:attachment":[{"href":"https:\/\/www.pamelatarget.com\/index.php\/wp-json\/wp\/v2\/media?parent=19"}],"curies":[{"name":"wp","href":"https:\/\/api.w.org\/{rel}","templated":true}]}}