{"id":1810,"date":"2018-11-26T14:13:49","date_gmt":"2018-11-26T13:13:49","guid":{"rendered":"https:\/\/www.pamelatarget.com\/?page_id=1810"},"modified":"2018-11-27T11:56:17","modified_gmt":"2018-11-27T10:56:17","slug":"sondage-top-3-saison-1","status":"publish","type":"page","link":"https:\/\/www.pamelatarget.com\/index.php\/sondage-top-3-saison-1\/","title":{"rendered":"Sondage TOP 3 saison 1"},"content":{"rendered":"<p style=\"text-align: center;\">Pour te pr\u00e9parer une super <strong>Saison 2<\/strong> et quelques petits bonus bien sympas,<\/p>\n<p style=\"text-align: center;\">donne-nous tes <strong>3<\/strong> \u00e9pisodes pr\u00e9f\u00e9r\u00e9s de la saison 1 de Pamela Target ! Aller, go, go, go !<\/p>\n<p>[socialpoll id=\u00a0\u00bb2526445&Prime;]<\/p>\n","protected":false},"excerpt":{"rendered":"<p>Pour te pr\u00e9parer une super Saison 2 et quelques petits bonus bien sympas, donne-nous tes 3 \u00e9pisodes pr\u00e9f\u00e9r\u00e9s de la saison 1 de Pamela Target ! Aller, go, go, go ! [socialpoll id=\u00a0\u00bb2526445&Prime;]<\/p>\n","protected":false},"author":1,"featured_media":1801,"parent":0,"menu_order":0,"comment_status":"closed","ping_status":"closed","template":"","meta":{"footnotes":""},"class_list":["post-1810","page","type-page","status-publish","has-post-thumbnail","hentry"],"_links":{"self":[{"href":"https:\/\/www.pamelatarget.com\/index.php\/wp-json\/wp\/v2\/pages\/1810","targetHints":{"allow":["GET"]}}],"collection":[{"href":"https:\/\/www.pamelatarget.com\/index.php\/wp-json\/wp\/v2\/pages"}],"about":[{"href":"https:\/\/www.pamelatarget.com\/index.php\/wp-json\/wp\/v2\/types\/page"}],"author":[{"embeddable":true,"href":"https:\/\/www.pamelatarget.com\/index.php\/wp-json\/wp\/v2\/users\/1"}],"replies":[{"embeddable":true,"href":"https:\/\/www.pamelatarget.com\/index.php\/wp-json\/wp\/v2\/comments?post=1810"}],"version-history":[{"count":5,"href":"https:\/\/www.pamelatarget.com\/index.php\/wp-json\/wp\/v2\/pages\/1810\/revisions"}],"predecessor-version":[{"id":1827,"href":"https:\/\/www.pamelatarget.com\/index.php\/wp-json\/wp\/v2\/pages\/1810\/revisions\/1827"}],"wp:featuredmedia":[{"embeddable":true,"href":"https:\/\/www.pamelatarget.com\/index.php\/wp-json\/wp\/v2\/media\/1801"}],"wp:attachment":[{"href":"https:\/\/www.pamelatarget.com\/index.php\/wp-json\/wp\/v2\/media?parent=1810"}],"curies":[{"name":"wp","href":"https:\/\/api.w.org\/{rel}","templated":true}]}}