{"id":169,"date":"2017-12-18T23:13:10","date_gmt":"2017-12-18T22:13:10","guid":{"rendered":"https:\/\/www.pamelatarget.com\/?page_id=169"},"modified":"2018-02-23T12:55:14","modified_gmt":"2018-02-23T11:55:14","slug":"trailer-audio-credits","status":"publish","type":"page","link":"https:\/\/www.pamelatarget.com\/index.php\/trailer-audio-credits\/","title":{"rendered":"Bande Annonce &#8211; CREDITS 1"},"content":{"rendered":"<p>Tenez-vous pr\u00eats pour une nouvelle g\u00e9n\u00e9ration de super h\u00e9ros barr\u00e9s ! Ensemble, ils vont devoir sauver l&rsquo;Arche.<\/p>\n<h3>Bande annonce Pamela Target<\/h3>\n<p style=\"text-align: center;\">Allez, enfile ton casque et choisis ton mode d&rsquo;\u00e9coute pr\u00e9f\u00e9r\u00e9. t&rsquo;inqui\u00e8te, c&rsquo;est gratuit :<\/p>\n<p>\u00a0 <a href=\"https:\/\/soundcloud.com\/user-149328996\/pamela-target-bande-annonce\" target=\"_blank\" rel=\"noopener\"><img loading=\"lazy\" decoding=\"async\" class=\"size-medium wp-image-477 aligncenter\" src=\"https:\/\/www.pamelatarget.com\/wp-content\/uploads\/2018\/02\/SoundCloud_logo_orange_color_plain.svg_-300x171.png\" alt=\"\" width=\"300\" height=\"171\" srcset=\"https:\/\/www.pamelatarget.com\/wp-content\/uploads\/2018\/02\/SoundCloud_logo_orange_color_plain.svg_-300x171.png 300w, https:\/\/www.pamelatarget.com\/wp-content\/uploads\/2018\/02\/SoundCloud_logo_orange_color_plain.svg_-768x438.png 768w, https:\/\/www.pamelatarget.com\/wp-content\/uploads\/2018\/02\/SoundCloud_logo_orange_color_plain.svg_-1024x584.png 1024w, https:\/\/www.pamelatarget.com\/wp-content\/uploads\/2018\/02\/SoundCloud_logo_orange_color_plain.svg_.png 1200w\" sizes=\"auto, (max-width: 300px) 100vw, 300px\" \/><\/a><\/p>\n<p><a href=\"https:\/\/itunes.apple.com\/fr\/podcast\/pamela-target-saison-1\/id1347089265?mt=2\" target=\"_blank\" rel=\"noopener\"><img loading=\"lazy\" decoding=\"async\" class=\"size-medium wp-image-271 aligncenter\" src=\"https:\/\/www.pamelatarget.com\/wp-content\/uploads\/2018\/01\/Americas-Family-Coaches-iTunes-podcast-audio-300x112.jpg\" alt=\"\" width=\"300\" height=\"112\" srcset=\"https:\/\/www.pamelatarget.com\/wp-content\/uploads\/2018\/01\/Americas-Family-Coaches-iTunes-podcast-audio-300x112.jpg 300w, https:\/\/www.pamelatarget.com\/wp-content\/uploads\/2018\/01\/Americas-Family-Coaches-iTunes-podcast-audio-768x286.jpg 768w, https:\/\/www.pamelatarget.com\/wp-content\/uploads\/2018\/01\/Americas-Family-Coaches-iTunes-podcast-audio.jpg 1000w\" sizes=\"auto, (max-width: 300px) 100vw, 300px\" \/><\/a><\/p>\n<p><a href=\"https:\/\/www.deezer.com\/fr\/episode\/4594231\" target=\"_blank\" rel=\"noopener\"><img loading=\"lazy\" decoding=\"async\" class=\"size-medium wp-image-574 aligncenter\" src=\"https:\/\/www.pamelatarget.com\/wp-content\/uploads\/2018\/02\/deezer-logo-300x168.png\" alt=\"\" width=\"300\" height=\"168\" \/><\/a><\/p>\n<p>&nbsp;<\/p>\n<p><a href=\"https:\/\/www.youtube.com\/watch?v=nIVRbfdTJD0&amp;t=6s\" target=\"_blank\" rel=\"noopener\"><img loading=\"lazy\" decoding=\"async\" class=\"size-medium wp-image-270 aligncenter\" src=\"https:\/\/www.pamelatarget.com\/wp-content\/uploads\/2018\/01\/yt_logo_rgb_light-300x67.png\" alt=\"\" width=\"300\" height=\"67\" srcset=\"https:\/\/www.pamelatarget.com\/wp-content\/uploads\/2018\/01\/yt_logo_rgb_light-300x67.png 300w, https:\/\/www.pamelatarget.com\/wp-content\/uploads\/2018\/01\/yt_logo_rgb_light-768x172.png 768w, https:\/\/www.pamelatarget.com\/wp-content\/uploads\/2018\/01\/yt_logo_rgb_light.png 794w\" sizes=\"auto, (max-width: 300px) 100vw, 300px\" \/><\/a><\/p>\n<h3>Cr\u00e9dits :<\/h3>\n<h4>par ordre d&rsquo;apparition<\/h4>\n<p>Peter Panpan le Lapin : Domingo Olmo Martin<\/p>\n<p>Bill le Bousier : J\u00e9r\u00f4me Th\u00e9venet<\/p>\n<p>Voix Bande annonce : Franck Narbo<\/p>\n<p>Paulo le Blaireau : Pascal Senicourt<\/p>\n<p>Ordinateur Central, Ally : Grika<\/p>\n<p>Ryu le fugu : David Neau<\/p>\n<p>Darryl Charwin : Pascal Senicourt<\/p>\n<p>Giulietta la cochonne : Grika<\/p>\n<p>Riton le chaton : Mehdi Deeze.<\/p>\n<p>&nbsp;<\/p>\n<p>\u00e9crit par Katia Grivot, Pascal Senicourt et David Neau<\/p>\n<p>R\u00e9alis\u00e9, mont\u00e9 par Katia Grivot<\/p>\n<p>Mix\u00e9 par Franck Narbo<\/p>\n<p>&nbsp;<\/p>\n<p>Musiques Bande annonce<\/p>\n<p>Music trailer de Lulu-Production sur audio Jungle<\/p>\n<p>Spider de Lincoln Grounds<\/p>\n<p>This video uses these sounds from freesound :<\/p>\n<ul>\n<li>Monster Roar by dingo1\u00a0 (http:\/\/www.freesound.org\/people\/dingo1\/ )<\/li>\n<li>Monster roar and eat.aif by kamracuc (http\/\/www.freesound.org\/people\/kamracuc)<\/li>\n<li>Drips In Mine.wav by Benboncan (http\/\/www.freesound.org\/people\/Benboncan)<\/li>\n<li>small_rocket_flybys_and_explosion.aif by belloq (http\/\/www.freesound.org\/people\/belloq)<\/li>\n<li>Man screaming.wav by Archeos (http\/\/www.freesound.org\/people\/Archeos )<\/li>\n<li>human male scream small crowd panic fear.mp3 by JohnsonBrandEditing (http\/\/www.freesound.org\/people\/JohnsonBrandEditing )<\/li>\n<li>laser.wav by THE_bizniss (http\/\/www.freesound.org\/people\/THE_bizniss)<\/li>\n<li>Robotfx1 by mitchelk (http\/\/www.freesound.org\/people\/mitchelk)<\/li>\n<li>Robot arm by misjoc (http\/\/www.freesound.org\/people\/misjoc)<\/li>\n<\/ul>\n<p>&nbsp;<\/p>\n","protected":false},"excerpt":{"rendered":"<p>Tenez-vous pr\u00eats pour une nouvelle g\u00e9n\u00e9ration de super h\u00e9ros barr\u00e9s ! Ensemble, ils vont devoir sauver l&rsquo;Arche. Bande annonce Pamela Target Allez, enfile ton casque et choisis ton mode d&rsquo;\u00e9coute pr\u00e9f\u00e9r\u00e9. t&rsquo;inqui\u00e8te, c&rsquo;est gratuit : \u00a0 &nbsp; Cr\u00e9dits : par ordre d&rsquo;apparition Peter Panpan le Lapin : Domingo Olmo Martin Bill le Bousier : J\u00e9r\u00f4me [&hellip;]<\/p>\n","protected":false},"author":1,"featured_media":0,"parent":0,"menu_order":0,"comment_status":"closed","ping_status":"closed","template":"","meta":{"footnotes":""},"class_list":["post-169","page","type-page","status-publish","hentry"],"_links":{"self":[{"href":"https:\/\/www.pamelatarget.com\/index.php\/wp-json\/wp\/v2\/pages\/169","targetHints":{"allow":["GET"]}}],"collection":[{"href":"https:\/\/www.pamelatarget.com\/index.php\/wp-json\/wp\/v2\/pages"}],"about":[{"href":"https:\/\/www.pamelatarget.com\/index.php\/wp-json\/wp\/v2\/types\/page"}],"author":[{"embeddable":true,"href":"https:\/\/www.pamelatarget.com\/index.php\/wp-json\/wp\/v2\/users\/1"}],"replies":[{"embeddable":true,"href":"https:\/\/www.pamelatarget.com\/index.php\/wp-json\/wp\/v2\/comments?post=169"}],"version-history":[{"count":12,"href":"https:\/\/www.pamelatarget.com\/index.php\/wp-json\/wp\/v2\/pages\/169\/revisions"}],"predecessor-version":[{"id":586,"href":"https:\/\/www.pamelatarget.com\/index.php\/wp-json\/wp\/v2\/pages\/169\/revisions\/586"}],"wp:attachment":[{"href":"https:\/\/www.pamelatarget.com\/index.php\/wp-json\/wp\/v2\/media?parent=169"}],"curies":[{"name":"wp","href":"https:\/\/api.w.org\/{rel}","templated":true}]}}