{"id":1571,"date":"2018-11-13T12:32:30","date_gmt":"2018-11-13T11:32:30","guid":{"rendered":"https:\/\/www.pamelatarget.com\/?page_id=1571"},"modified":"2019-11-29T21:39:17","modified_gmt":"2019-11-29T20:39:17","slug":"1571-2","status":"publish","type":"page","link":"https:\/\/www.pamelatarget.com\/index.php\/1571-2\/","title":{"rendered":"PTS01E33 : Born to be wild"},"content":{"rendered":"<h3 style=\"text-align: center;\"><strong>PTS01E33 : Born to be wild<\/strong><\/h3>\n<p style=\"text-align: center;\">Toute saison a une fin, mais l&rsquo;histoire continue.<\/p>\n<p style=\"text-align: center;\">Branche tes \u00e9couteurs et Bim ! Lance la lecture :<\/p>\n<p>&nbsp;<\/p>\n<p>https:\/\/radiopublic.com\/pamela-target-8XR1ee\/s1!13caa<\/p>\n<div data-podcloud=\"feedreader\" data-feed-src=\"http:\/\/pamela-target.podcloud.fr\/rss\" data-items-count=\"1\"><\/div>\n<p style=\"text-align: center;\">En attendant la saison 2, pour avoir de nos nouvelles et d\u00e9couvrir des bonus ,<\/p>\n<p style=\"text-align: center;\">c&rsquo;est ici<strong> <a href=\"https:\/\/www.pamelatarget.com\/index.php\/vip-club\/\">CLUB VIP PAMELA TARGET<\/a>\u00a0<\/strong><\/p>\n<p><img loading=\"lazy\" decoding=\"async\" width=\"300\" height=\"300\" class=\"aligncenter size-medium wp-image-1578\" src=\"https:\/\/www.pamelatarget.com\/wp-content\/uploads\/2018\/11\/POCHETTE-PT-S01E33-soundcloud-300x300.jpg\" alt=\"\" \/><\/p>\n<p>&nbsp;<\/p>\n<h3><strong>CREDITS<\/strong><\/h3>\n<p><strong>Ecrit par<\/strong> Katia Grivot, David Neau et Pascal Senicourt<\/p>\n<p><strong>R\u00e9alis\u00e9, mont\u00e9 et mix\u00e9<\/strong> <strong>par<\/strong> Katia Grivot<\/p>\n<p><strong>Anim\u00e9 pour Youtube par<\/strong> Pascal Senicourt<\/p>\n<p><strong>Musiques <\/strong><\/p>\n<p>g\u00e9n\u00e9riques\u00a0par Domingo Olmo Martin<\/p>\n<p>Doctor True par <a href=\"https:\/\/www.youtube.com\/channel\/UCVAggfwI4hnkA2WO6-xC06Q\" target=\"_blank\" rel=\"noopener\">Aaron Kenny<\/a><\/p>\n<p>Spider de Lincoln Grounds<\/p>\n<h6><\/h6>\n<h6><strong>Par ordre d&rsquo;apparition<\/strong><\/h6>\n<p class=\"western\">Peter Pan Pan :\u00a0Domingo Olmo Martin<\/p>\n<p>Augusto le cochon Dingue : David Neau<\/p>\n<p>Rodrigue le cochon dingue : David Chamalet<\/p>\n<p>Domingo le cochon dingue : J\u00e9rome Th\u00e9venet<\/p>\n<p>&nbsp;<\/p>\n<p>Dans cet e\u0301pisode de nombreux sons sont tire\u0301s de <strong>Freesound<\/strong>. Voici l\u2019ensemble des cre\u0301dits concerne\u0301s :<\/p>\n<ul>\n<li style=\"list-style-type: none;\">\n<ul>\n<li>S:\u00a0<a href=\"https:\/\/freesound.org\/people\/sphion\/sounds\/153540\/\" target=\"_blank\" rel=\"noopener\">harley_in_the_city.wav<\/a>\u00a0by\u00a0<a href=\"https:\/\/freesound.org\/people\/sphion\/\" target=\"_blank\" rel=\"noopener\">sphion<\/a>\u00a0|\u00a0License:\u00a0Creative Commons 0<\/li>\n<li>S:\u00a0<a href=\"https:\/\/freesound.org\/people\/StephenSaldanha\/sounds\/133731\/\" target=\"_blank\" rel=\"noopener\">Motorcycle_Startup_Driveaway.wav<\/a>\u00a0by\u00a0<a href=\"https:\/\/freesound.org\/people\/StephenSaldanha\/\" target=\"_blank\" rel=\"noopener\">StephenSaldanha<\/a>\u00a0|\u00a0License:\u00a0Attribution<\/li>\n<li>S:\u00a0<a href=\"https:\/\/freesound.org\/people\/Robinhood76\/sounds\/56275\/\" target=\"_blank\" rel=\"noopener\">00178 motorcycles forward bicycles on a field way.wav<\/a>\u00a0by\u00a0<a href=\"https:\/\/freesound.org\/people\/Robinhood76\/\" target=\"_blank\" rel=\"noopener\">Robinhood76<\/a>\u00a0|\u00a0License:\u00a0Attribution Noncommercial<\/li>\n<li>S:\u00a0<a href=\"https:\/\/freesound.org\/people\/sphion\/sounds\/153540\/\" target=\"_blank\" rel=\"noopener\">harley_in_the_city.wav<\/a>\u00a0by\u00a0<a href=\"https:\/\/freesound.org\/people\/sphion\/\" target=\"_blank\" rel=\"noopener\">sphion<\/a>\u00a0|\u00a0License:\u00a0Creative Commons 0<\/li>\n<li>S:\u00a0<a href=\"https:\/\/freesound.org\/people\/CraftyIndividual\/sounds\/418431\/\" target=\"_blank\" rel=\"noopener\">FNP90 burst.mp3<\/a>\u00a0by\u00a0<a href=\"https:\/\/freesound.org\/people\/CraftyIndividual\/\" target=\"_blank\" rel=\"noopener\">CraftyIndividual<\/a>\u00a0|\u00a0License:\u00a0Creative Commons 0<\/li>\n<li>S:\u00a0<a href=\"https:\/\/freesound.org\/people\/15050_Francois\/sounds\/325716\/\" target=\"_blank\" rel=\"noopener\">Dropping and Putting Down of Keys.wav<\/a>\u00a0by\u00a0<a href=\"https:\/\/freesound.org\/people\/15050_Francois\/\" target=\"_blank\" rel=\"noopener\">15050_Francois<\/a>\u00a0|\u00a0License:\u00a0Attribution Noncommercial<\/li>\n<li>S:\u00a0<a href=\"https:\/\/freesound.org\/people\/Coonick\/sounds\/235641\/\" target=\"_blank\" rel=\"noopener\">Key Chain Jingle Loop.mp3<\/a>\u00a0by\u00a0<a href=\"https:\/\/freesound.org\/people\/Coonick\/\" target=\"_blank\" rel=\"noopener\">Coonick<\/a>\u00a0|\u00a0License:\u00a0Creative Commons 0<\/li>\n<li>S:\u00a0<a href=\"https:\/\/freesound.org\/people\/Frankie01234\/sounds\/201667\/\" target=\"_blank\" rel=\"noopener\">MP5 Submachine gun in doorway.aif<\/a>\u00a0by\u00a0<a href=\"https:\/\/freesound.org\/people\/Frankie01234\/\" target=\"_blank\" rel=\"noopener\">Frankie01234<\/a>\u00a0|\u00a0License:\u00a0Creative Commons 0<\/li>\n<li>S:\u00a0<a href=\"https:\/\/freesound.org\/people\/woodmoose\/sounds\/177054\/\" target=\"_blank\" rel=\"noopener\">LowerGunCock.wav<\/a>\u00a0by\u00a0<a href=\"https:\/\/freesound.org\/people\/woodmoose\/\" target=\"_blank\" rel=\"noopener\">woodmoose<\/a>\u00a0|\u00a0License:\u00a0Attribution<\/li>\n<li>S:\u00a0<a href=\"https:\/\/freesound.org\/people\/kforetek\/sounds\/146805\/\" target=\"_blank\" rel=\"noopener\">Wood Chest Slid.3.wav<\/a>\u00a0by\u00a0<a href=\"https:\/\/freesound.org\/people\/kforetek\/\" target=\"_blank\" rel=\"noopener\">kforetek<\/a>\u00a0|\u00a0License:\u00a0Creative Commons 0<\/li>\n<li>S:\u00a0<a href=\"https:\/\/freesound.org\/people\/lizanejordaan\/sounds\/325929\/\" target=\"_blank\" rel=\"noopener\">Wooden box on wooden floor.wav<\/a>\u00a0by\u00a0<a href=\"https:\/\/freesound.org\/people\/lizanejordaan\/\" target=\"_blank\" rel=\"noopener\">lizanejordaan<\/a>\u00a0|\u00a0License:\u00a0Attribution Noncommercial<\/li>\n<li>S:\u00a0<a href=\"https:\/\/freesound.org\/people\/et_graham\/sounds\/366342\/\" target=\"_blank\" rel=\"noopener\">Crate.wav<\/a>\u00a0by\u00a0<a href=\"https:\/\/freesound.org\/people\/et_graham\/\" target=\"_blank\" rel=\"noopener\">et_graham<\/a>\u00a0|\u00a0License:\u00a0Attribution Noncommercial<\/li>\n<li>S:\u00a0<a href=\"https:\/\/freesound.org\/people\/movingplaid\/sounds\/88551\/\" target=\"_blank\" rel=\"noopener\">slap_concrete_01.wav<\/a>\u00a0by\u00a0<a href=\"https:\/\/freesound.org\/people\/movingplaid\/\" target=\"_blank\" rel=\"noopener\">movingplaid<\/a>\u00a0|\u00a0License:\u00a0Attribution<\/li>\n<\/ul>\n<ul>\n<li>S:\u00a0<a href=\"https:\/\/freesound.org\/people\/AdminMP\/sounds\/383201\/\" target=\"_blank\" rel=\"noopener\">Slap &#8211; Cartoony<\/a>\u00a0by\u00a0<a href=\"https:\/\/freesound.org\/people\/AdminMP\/\" target=\"_blank\" rel=\"noopener\">AdminMP<\/a>\u00a0|\u00a0License:\u00a0Creative Commons 0<\/li>\n<li>S:\u00a0<a href=\"https:\/\/freesound.org\/people\/captainvince\/sounds\/223549\/\" target=\"_blank\" rel=\"noopener\">Industrial Garage Door Storage Gate Open.wav<\/a>\u00a0by\u00a0<a href=\"https:\/\/freesound.org\/people\/captainvince\/\" target=\"_blank\" rel=\"noopener\">captainvince<\/a>\u00a0|\u00a0License:\u00a0Attribution<\/li>\n<li>S:\u00a0<a href=\"https:\/\/freesound.org\/people\/thencamenow\/sounds\/31230\/\" target=\"_blank\" rel=\"noopener\">metal gate 01.aif<\/a>\u00a0by\u00a0<a href=\"https:\/\/freesound.org\/people\/thencamenow\/\" target=\"_blank\" rel=\"noopener\">thencamenow<\/a>\u00a0|\u00a0License:\u00a0Attribution<\/li>\n<li>S:\u00a0<a href=\"https:\/\/freesound.org\/people\/timgormly\/sounds\/151271\/\" target=\"_blank\" rel=\"noopener\">Metal Lever 1.aif<\/a>\u00a0by\u00a0<a href=\"https:\/\/freesound.org\/people\/timgormly\/\" target=\"_blank\" rel=\"noopener\">timgormly<\/a>\u00a0|\u00a0License:\u00a0Creative Commons 0<\/li>\n<li>S:\u00a0<a href=\"https:\/\/freesound.org\/people\/EinTon\/sounds\/443271\/\" target=\"_blank\" rel=\"noopener\">Great Factory Alarm<\/a>\u00a0by\u00a0<a href=\"https:\/\/freesound.org\/people\/EinTon\/\" target=\"_blank\" rel=\"noopener\">EinTon<\/a>\u00a0|\u00a0License:\u00a0Attribution<\/li>\n<li>\u00a0S:\u00a0<a href=\"https:\/\/freesound.org\/people\/viertelnachvier\/sounds\/249637\/\" target=\"_blank\" rel=\"noopener\">factory2.wav<\/a>\u00a0by\u00a0<a href=\"https:\/\/freesound.org\/people\/viertelnachvier\/\" target=\"_blank\" rel=\"noopener\">viertelnachvier<\/a>\u00a0|\u00a0License:\u00a0Creative Commons 0<\/li>\n<li>S:\u00a0<a href=\"https:\/\/freesound.org\/people\/GowlerMusic\/sounds\/266566\/\" target=\"_blank\" rel=\"noopener\">Gong Hit<\/a>\u00a0by\u00a0<a href=\"https:\/\/freesound.org\/people\/GowlerMusic\/\" target=\"_blank\" rel=\"noopener\">GowlerMusic<\/a>\u00a0|\u00a0License:\u00a0Attribution\n<ul>\n<li style=\"list-style-type: none;\"><\/li>\n<\/ul>\n<\/li>\n<\/ul>\n<\/li>\n<\/ul>\n<p>&nbsp;<\/p>\n<p>Pochette<\/p>\n<div><span class=\"grey dove-text\">Motorcycle Club Emblem.\u00a0<\/span><span class=\"grey mountain-mist-text\">Par<\/span>\u00a0<span class=\"blue bleu-de-france-text\"><a class=\"blue bleu-de-france-text\" href=\"https:\/\/stock.adobe.com\/fr\/contributor\/204697482\/klauskunstler?load_type=author&amp;prev_url=detail\" target=\"_blank\" rel=\"noopener\">KlausKunstler<\/a><\/span><\/div>\n<p>&nbsp;<\/p>\n<p style=\"text-align: center;\">Tu peux aussi choisir un autre moyen d\u2019\u00e9coute. T\u2019inqui\u00e8te, c\u2019est gratuit :<\/p>\n<p><a href=\"https:\/\/itunes.apple.com\/fr\/podcast\/pamela-target-saison-1\/id1347089265?mt=2\" target=\"_blank\" rel=\"noopener\"><img loading=\"lazy\" decoding=\"async\" class=\"size-medium wp-image-479 aligncenter\" src=\"https:\/\/www.pamelatarget.com\/wp-content\/uploads\/2018\/02\/Get_it_on_iTunes_Badge_FR_1114-300x109.png\" alt=\"\" width=\"300\" height=\"109\" srcset=\"https:\/\/www.pamelatarget.com\/wp-content\/uploads\/2018\/02\/Get_it_on_iTunes_Badge_FR_1114-300x109.png 300w, https:\/\/www.pamelatarget.com\/wp-content\/uploads\/2018\/02\/Get_it_on_iTunes_Badge_FR_1114-768x279.png 768w, https:\/\/www.pamelatarget.com\/wp-content\/uploads\/2018\/02\/Get_it_on_iTunes_Badge_FR_1114-1024x372.png 1024w, https:\/\/www.pamelatarget.com\/wp-content\/uploads\/2018\/02\/Get_it_on_iTunes_Badge_FR_1114.png 1194w\" sizes=\"auto, (max-width: 300px) 100vw, 300px\" \/><\/a><\/p>\n<p>&nbsp;<\/p>\n<p>&nbsp;<\/p>\n<p><a href=\"https:\/\/soundcloud.com\/user-149328996\/pts01e29-the-day-before-the-day-after\" target=\"_blank\" rel=\"noopener\"><img loading=\"lazy\" decoding=\"async\" class=\"size-medium wp-image-477 aligncenter\" src=\"https:\/\/www.pamelatarget.com\/wp-content\/uploads\/2018\/02\/SoundCloud_logo_orange_color_plain.svg_-300x171.png\" alt=\"\" width=\"300\" height=\"171\" srcset=\"https:\/\/www.pamelatarget.com\/wp-content\/uploads\/2018\/02\/SoundCloud_logo_orange_color_plain.svg_-300x171.png 300w, https:\/\/www.pamelatarget.com\/wp-content\/uploads\/2018\/02\/SoundCloud_logo_orange_color_plain.svg_-768x438.png 768w, https:\/\/www.pamelatarget.com\/wp-content\/uploads\/2018\/02\/SoundCloud_logo_orange_color_plain.svg_-1024x584.png 1024w, https:\/\/www.pamelatarget.com\/wp-content\/uploads\/2018\/02\/SoundCloud_logo_orange_color_plain.svg_.png 1200w\" sizes=\"auto, (max-width: 300px) 100vw, 300px\" \/><\/a><\/p>\n<p>&nbsp;<\/p>\n<p><a href=\"https:\/\/www.deezer.com\/fr\/episode\/5987417\" target=\"_blank\" rel=\"noopener\"><img loading=\"lazy\" decoding=\"async\" class=\"size-medium wp-image-574 aligncenter\" src=\"https:\/\/www.pamelatarget.com\/wp-content\/uploads\/2018\/02\/deezer-logo-300x168.png\" alt=\"\" width=\"300\" height=\"168\" \/><\/a><\/p>\n<p><a href=\"https:\/\/spoti.fi\/2OJzwUS\" target=\"_blank\" rel=\"noopener\"><img loading=\"lazy\" decoding=\"async\" width=\"300\" height=\"90\" class=\"aligncenter size-medium wp-image-1572\" src=\"https:\/\/www.pamelatarget.com\/wp-content\/uploads\/2018\/11\/Spotify_Logo_RGB_Green-300x90.png\" alt=\"\" \/><\/a><\/p>\n<p>&nbsp;<\/p>\n","protected":false},"excerpt":{"rendered":"<p>PTS01E33 : Born to be wild Toute saison a une fin, mais l&rsquo;histoire continue. Branche tes \u00e9couteurs et Bim ! Lance la lecture : &nbsp; https:\/\/radiopublic.com\/pamela-target-8XR1ee\/s1!13caa En attendant la saison 2, pour avoir de nos nouvelles et d\u00e9couvrir des bonus , c&rsquo;est ici CLUB VIP PAMELA TARGET\u00a0 &nbsp; CREDITS Ecrit par Katia Grivot, David Neau [&hellip;]<\/p>\n","protected":false},"author":1,"featured_media":1578,"parent":0,"menu_order":0,"comment_status":"closed","ping_status":"closed","template":"","meta":{"footnotes":""},"class_list":["post-1571","page","type-page","status-publish","has-post-thumbnail","hentry"],"_links":{"self":[{"href":"https:\/\/www.pamelatarget.com\/index.php\/wp-json\/wp\/v2\/pages\/1571","targetHints":{"allow":["GET"]}}],"collection":[{"href":"https:\/\/www.pamelatarget.com\/index.php\/wp-json\/wp\/v2\/pages"}],"about":[{"href":"https:\/\/www.pamelatarget.com\/index.php\/wp-json\/wp\/v2\/types\/page"}],"author":[{"embeddable":true,"href":"https:\/\/www.pamelatarget.com\/index.php\/wp-json\/wp\/v2\/users\/1"}],"replies":[{"embeddable":true,"href":"https:\/\/www.pamelatarget.com\/index.php\/wp-json\/wp\/v2\/comments?post=1571"}],"version-history":[{"count":9,"href":"https:\/\/www.pamelatarget.com\/index.php\/wp-json\/wp\/v2\/pages\/1571\/revisions"}],"predecessor-version":[{"id":3316,"href":"https:\/\/www.pamelatarget.com\/index.php\/wp-json\/wp\/v2\/pages\/1571\/revisions\/3316"}],"wp:featuredmedia":[{"embeddable":true,"href":"https:\/\/www.pamelatarget.com\/index.php\/wp-json\/wp\/v2\/media\/1578"}],"wp:attachment":[{"href":"https:\/\/www.pamelatarget.com\/index.php\/wp-json\/wp\/v2\/media?parent=1571"}],"curies":[{"name":"wp","href":"https:\/\/api.w.org\/{rel}","templated":true}]}}