{"id":1508,"date":"2018-11-05T13:51:39","date_gmt":"2018-11-05T12:51:39","guid":{"rendered":"https:\/\/www.pamelatarget.com\/?page_id=1508"},"modified":"2019-02-26T15:50:03","modified_gmt":"2019-02-26T14:50:03","slug":"1508-2","status":"publish","type":"page","link":"https:\/\/www.pamelatarget.com\/index.php\/1508-2\/","title":{"rendered":"PTS01E32 : LORD of CHOCOLATE"},"content":{"rendered":"<h3 style=\"text-align: center;\"><strong>PTS01E32 : LORD of CHOCOLATE<\/strong><\/h3>\n<p style=\"text-align: center;\">Vendre des mousses au chocolat explosives est un business comme un autre&#8230;<\/p>\n<p style=\"text-align: center;\">Branche tes \u00e9couteurs et Bim ! Lance la lecture :<\/p>\n<p><iframe loading=\"lazy\" src=\"https:\/\/embed.radiopublic.com\/e?if=pamela-target-8XR1ee&amp;ge=s1!aa3aa4d0b7ab2d5d4518e9ec846ae63aafe4515d\" width=\"100%\" height=\"185\" frameborder=\"0\" scrolling=\"no\" sandbox=\"allow-same-origin allow-scripts allow-top-navigation allow-popups\"><\/iframe><\/p>\n<p style=\"text-align: center;\">Pour ne pas rater les prochains \u00e9pisodes et si tu n&rsquo;es pas encore abonn\u00e9,<\/p>\n<p style=\"text-align: center;\">c&rsquo;est ici<strong> <a href=\"https:\/\/www.pamelatarget.com\/index.php\/vip-club\/\">CLUB VIP PAMELA TARGET<\/a>\u00a0<\/strong><\/p>\n<p><img loading=\"lazy\" decoding=\"async\" width=\"300\" height=\"300\" class=\"aligncenter size-medium wp-image-1509\" src=\"https:\/\/www.pamelatarget.com\/wp-content\/uploads\/2018\/11\/POCHETTE-PT-S01E32-soundcloud-300x300.jpg\" alt=\"\" \/><\/p>\n<p>&nbsp;<\/p>\n<h3><strong>CREDITS<\/strong><\/h3>\n<p><strong>Ecrit par<\/strong> Katia Grivot, David Neau et Pascal Senicourt<\/p>\n<p><strong>R\u00e9alis\u00e9, mont\u00e9 et mix\u00e9<\/strong> <strong>par<\/strong> Katia Grivot<\/p>\n<p><strong>Anim\u00e9 pour Youtube par<\/strong> Pascal Senicourt<\/p>\n<p><strong>Musiques <\/strong><\/p>\n<p>g\u00e9n\u00e9riques\u00a0par Domingo Olmo Martin<\/p>\n<p>The new order par <a href=\"https:\/\/www.youtube.com\/channel\/UCVAggfwI4hnkA2WO6-xC06Q\" target=\"_blank\" rel=\"noopener\">Aaron Kenny<\/a><\/p>\n<h6><\/h6>\n<h6><strong>Par ordre d&rsquo;apparition<\/strong><\/h6>\n<p class=\"western\">Peter Pan Pan :\u00a0Domingo Olmo Martin<\/p>\n<p>Babelitto :\u00a0Pascal Senicourt<\/p>\n<p>Augusto le cochon Dingue : David Neau<\/p>\n<p>Rodrigue le cochon dingue : David Chamalet<\/p>\n<p>Domingo le cochon dingue : J\u00e9rome Th\u00e9venet<\/p>\n<p>&nbsp;<\/p>\n<p>Dans cet e\u0301pisode de nombreux sons sont tire\u0301s de <strong>Freesound<\/strong>. Voici l\u2019ensemble des cre\u0301dits concerne\u0301s :<\/p>\n<ul>\n<li>S:\u00a0<a href=\"https:\/\/freesound.org\/people\/movingplaid\/sounds\/88551\/\" target=\"_blank\" rel=\"noopener\">slap_concrete_01.wav<\/a>\u00a0by\u00a0<a href=\"https:\/\/freesound.org\/people\/movingplaid\/\" target=\"_blank\" rel=\"noopener\">movingplaid<\/a>\u00a0|\u00a0License:\u00a0Attribution<\/li>\n<li>S:\u00a0<a href=\"https:\/\/freesound.org\/people\/AdminMP\/sounds\/383201\/\" target=\"_blank\" rel=\"noopener\">Slap &#8211; Cartoony<\/a>\u00a0by\u00a0<a href=\"https:\/\/freesound.org\/people\/AdminMP\/\" target=\"_blank\" rel=\"noopener\">AdminMP<\/a>\u00a0|\u00a0License:\u00a0Creative Commons 0<\/li>\n<li>S:\u00a0<a href=\"https:\/\/freesound.org\/people\/captainvince\/sounds\/223549\/\" target=\"_blank\" rel=\"noopener\">Industrial Garage Door Storage Gate Open.wav<\/a>\u00a0by\u00a0<a href=\"https:\/\/freesound.org\/people\/captainvince\/\" target=\"_blank\" rel=\"noopener\">captainvince<\/a>\u00a0|\u00a0License:\u00a0Attribution<\/li>\n<li>S:\u00a0<a href=\"https:\/\/freesound.org\/people\/thencamenow\/sounds\/31230\/\" target=\"_blank\" rel=\"noopener\">metal gate 01.aif<\/a>\u00a0by\u00a0<a href=\"https:\/\/freesound.org\/people\/thencamenow\/\" target=\"_blank\" rel=\"noopener\">thencamenow<\/a>\u00a0|\u00a0License:\u00a0Attribution<\/li>\n<li>S:\u00a0<a href=\"https:\/\/freesound.org\/people\/timgormly\/sounds\/151271\/\" target=\"_blank\" rel=\"noopener\">Metal Lever 1.aif<\/a>\u00a0by\u00a0<a href=\"https:\/\/freesound.org\/people\/timgormly\/\" target=\"_blank\" rel=\"noopener\">timgormly<\/a>\u00a0|\u00a0License:\u00a0Creative Commons 0<\/li>\n<li>S:\u00a0<a href=\"https:\/\/freesound.org\/people\/EinTon\/sounds\/443271\/\" target=\"_blank\" rel=\"noopener\">Great Factory Alarm<\/a>\u00a0by\u00a0<a href=\"https:\/\/freesound.org\/people\/EinTon\/\" target=\"_blank\" rel=\"noopener\">EinTon<\/a>\u00a0|\u00a0License:\u00a0Attribution<\/li>\n<li>S:\u00a0<a href=\"https:\/\/freesound.org\/people\/viertelnachvier\/sounds\/249637\/\" target=\"_blank\" rel=\"noopener\">factory2.wav<\/a>\u00a0by\u00a0<a href=\"https:\/\/freesound.org\/people\/viertelnachvier\/\" target=\"_blank\" rel=\"noopener\">viertelnachvier<\/a>\u00a0|\u00a0License:\u00a0Creative Commons 0<\/li>\n<li>S:\u00a0<a href=\"https:\/\/freesound.org\/people\/Benboncan\/sounds\/74242\/\" target=\"_blank\" rel=\"noopener\">Military Helicopter.wav<\/a>\u00a0by\u00a0<a href=\"https:\/\/freesound.org\/people\/Benboncan\/\" target=\"_blank\" rel=\"noopener\">Benboncan<\/a>\u00a0|\u00a0License:\u00a0Attribution<\/li>\n<\/ul>\n<div id=\"122f6f92-e043-478e-aa11-8cbfaf5045fb\"><\/div>\n<ul>\n<li>S:\u00a0<a href=\"https:\/\/freesound.org\/people\/GowlerMusic\/sounds\/266566\/\" target=\"_blank\" rel=\"noopener\">Gong Hit<\/a>\u00a0by\u00a0<a href=\"https:\/\/freesound.org\/people\/GowlerMusic\/\" target=\"_blank\" rel=\"noopener\">GowlerMusic<\/a>\u00a0|\u00a0License:\u00a0Attribution<\/li>\n<\/ul>\n<p>Pochette<\/p>\n<div>Icons made by <a title=\"Freepik\" href=\"http:\/\/www.freepik.com\" target=\"_blank\" rel=\"noopener\">Freepik<\/a> from <a title=\"Flaticon\" href=\"https:\/\/www.flaticon.com\/\" target=\"_blank\" rel=\"noopener\">www.flaticon.com<\/a> is licensed by <a title=\"Creative Commons BY 3.0\" href=\"http:\/\/creativecommons.org\/licenses\/by\/3.0\/\" target=\"_blank\" rel=\"noopener\">CC 3.0 BY<\/a><\/div>\n<p>&nbsp;<\/p>\n<p style=\"text-align: center;\">Tu peux aussi choisir un autre moyen d\u2019\u00e9coute. T\u2019inqui\u00e8te, c\u2019est gratuit :<\/p>\n<p><a href=\"https:\/\/itunes.apple.com\/fr\/podcast\/pamela-target-saison-1\/id1347089265?mt=2\" target=\"_blank\" rel=\"noopener\"><img loading=\"lazy\" decoding=\"async\" class=\"size-medium wp-image-479 aligncenter\" src=\"https:\/\/www.pamelatarget.com\/wp-content\/uploads\/2018\/02\/Get_it_on_iTunes_Badge_FR_1114-300x109.png\" alt=\"\" width=\"300\" height=\"109\" srcset=\"https:\/\/www.pamelatarget.com\/wp-content\/uploads\/2018\/02\/Get_it_on_iTunes_Badge_FR_1114-300x109.png 300w, https:\/\/www.pamelatarget.com\/wp-content\/uploads\/2018\/02\/Get_it_on_iTunes_Badge_FR_1114-768x279.png 768w, https:\/\/www.pamelatarget.com\/wp-content\/uploads\/2018\/02\/Get_it_on_iTunes_Badge_FR_1114-1024x372.png 1024w, https:\/\/www.pamelatarget.com\/wp-content\/uploads\/2018\/02\/Get_it_on_iTunes_Badge_FR_1114.png 1194w\" sizes=\"auto, (max-width: 300px) 100vw, 300px\" \/><\/a><\/p>\n<p>&nbsp;<\/p>\n<p>&nbsp;<\/p>\n<p><a href=\"https:\/\/soundcloud.com\/user-149328996\/pts01e29-the-day-before-the-day-after\" target=\"_blank\" rel=\"noopener\"><img loading=\"lazy\" decoding=\"async\" class=\"size-medium wp-image-477 aligncenter\" src=\"https:\/\/www.pamelatarget.com\/wp-content\/uploads\/2018\/02\/SoundCloud_logo_orange_color_plain.svg_-300x171.png\" alt=\"\" width=\"300\" height=\"171\" srcset=\"https:\/\/www.pamelatarget.com\/wp-content\/uploads\/2018\/02\/SoundCloud_logo_orange_color_plain.svg_-300x171.png 300w, https:\/\/www.pamelatarget.com\/wp-content\/uploads\/2018\/02\/SoundCloud_logo_orange_color_plain.svg_-768x438.png 768w, https:\/\/www.pamelatarget.com\/wp-content\/uploads\/2018\/02\/SoundCloud_logo_orange_color_plain.svg_-1024x584.png 1024w, https:\/\/www.pamelatarget.com\/wp-content\/uploads\/2018\/02\/SoundCloud_logo_orange_color_plain.svg_.png 1200w\" sizes=\"auto, (max-width: 300px) 100vw, 300px\" \/><\/a><\/p>\n<p>&nbsp;<\/p>\n<p><a href=\"https:\/\/www.deezer.com\/fr\/episode\/5987417\" target=\"_blank\" rel=\"noopener\"><img loading=\"lazy\" decoding=\"async\" class=\"size-medium wp-image-574 aligncenter\" src=\"https:\/\/www.pamelatarget.com\/wp-content\/uploads\/2018\/02\/deezer-logo-300x168.png\" alt=\"\" width=\"300\" height=\"168\" \/><\/a><\/p>\n<p>&nbsp;<\/p>\n","protected":false},"excerpt":{"rendered":"<p>PTS01E32 : LORD of CHOCOLATE Vendre des mousses au chocolat explosives est un business comme un autre&#8230; Branche tes \u00e9couteurs et Bim ! Lance la lecture : Pour ne pas rater les prochains \u00e9pisodes et si tu n&rsquo;es pas encore abonn\u00e9, c&rsquo;est ici CLUB VIP PAMELA TARGET\u00a0 &nbsp; CREDITS Ecrit par Katia Grivot, David Neau [&hellip;]<\/p>\n","protected":false},"author":1,"featured_media":1509,"parent":0,"menu_order":0,"comment_status":"closed","ping_status":"closed","template":"","meta":{"footnotes":""},"class_list":["post-1508","page","type-page","status-publish","has-post-thumbnail","hentry"],"_links":{"self":[{"href":"https:\/\/www.pamelatarget.com\/index.php\/wp-json\/wp\/v2\/pages\/1508","targetHints":{"allow":["GET"]}}],"collection":[{"href":"https:\/\/www.pamelatarget.com\/index.php\/wp-json\/wp\/v2\/pages"}],"about":[{"href":"https:\/\/www.pamelatarget.com\/index.php\/wp-json\/wp\/v2\/types\/page"}],"author":[{"embeddable":true,"href":"https:\/\/www.pamelatarget.com\/index.php\/wp-json\/wp\/v2\/users\/1"}],"replies":[{"embeddable":true,"href":"https:\/\/www.pamelatarget.com\/index.php\/wp-json\/wp\/v2\/comments?post=1508"}],"version-history":[{"count":5,"href":"https:\/\/www.pamelatarget.com\/index.php\/wp-json\/wp\/v2\/pages\/1508\/revisions"}],"predecessor-version":[{"id":2218,"href":"https:\/\/www.pamelatarget.com\/index.php\/wp-json\/wp\/v2\/pages\/1508\/revisions\/2218"}],"wp:featuredmedia":[{"embeddable":true,"href":"https:\/\/www.pamelatarget.com\/index.php\/wp-json\/wp\/v2\/media\/1509"}],"wp:attachment":[{"href":"https:\/\/www.pamelatarget.com\/index.php\/wp-json\/wp\/v2\/media?parent=1508"}],"curies":[{"name":"wp","href":"https:\/\/api.w.org\/{rel}","templated":true}]}}