{"id":1458,"date":"2018-10-30T17:03:18","date_gmt":"2018-10-30T16:03:18","guid":{"rendered":"https:\/\/www.pamelatarget.com\/?page_id=1458"},"modified":"2018-10-31T08:17:16","modified_gmt":"2018-10-31T07:17:16","slug":"pts01e31-batbruce-versus","status":"publish","type":"page","link":"https:\/\/www.pamelatarget.com\/index.php\/pts01e31-batbruce-versus\/","title":{"rendered":"PTS01E31 : BATBRUCE V.S."},"content":{"rendered":"<h3 style=\"text-align: center;\"><strong>PTS01E31 : BATBRUCE V.S.<\/strong><\/h3>\n<p style=\"text-align: center;\">BatBruce commence \u00e0 nettoyer l&rsquo;arche de sa racaille, mais il ne semble pas \u00eatre le seul \u00e0 vouloir ramener l&rsquo;ordre dans l&rsquo;arche&#8230;<\/p>\n<p style=\"text-align: center;\">Branche tes \u00e9couteurs et Bim ! Lance la lecture :<\/p>\n<p><iframe loading=\"lazy\" src=\"https:\/\/widget.ausha.co\/index.html?showId=b2ENi5XGJM5y&amp;color=%2372238e&amp;display=horizontal&amp;v=2&amp;mode=latest&amp;height=200px\" width=\"100%\" height=\"200px\" frameborder=\"0\">&nbsp;<\/p>\n<p><\/iframe><\/p>\n<p style=\"text-align: center;\">Pour ne pas rater les prochains \u00e9pisodes et si tu n&rsquo;es pas encore abonn\u00e9,<\/p>\n<p style=\"text-align: center;\">c&rsquo;est ici<strong> <a href=\"https:\/\/www.pamelatarget.com\/index.php\/vip-club\/\">CLUB VIP PAMELA TARGET<\/a>\u00a0<\/strong><\/p>\n<p><img loading=\"lazy\" decoding=\"async\" width=\"300\" height=\"300\" class=\"aligncenter size-medium wp-image-1461\" src=\"https:\/\/www.pamelatarget.com\/wp-content\/uploads\/2018\/10\/POCHETTE-PT-S01E31-soundcloud-300x300.jpg\" alt=\"\" \/><\/p>\n<p>&nbsp;<\/p>\n<h3><strong>CREDITS<\/strong><\/h3>\n<p><strong>Ecrit par<\/strong> Katia Grivot, David Neau et Pascal Senicourt<\/p>\n<p><strong>R\u00e9alis\u00e9, mont\u00e9 et mix\u00e9<\/strong> <strong>par<\/strong> Katia Grivot<\/p>\n<p><strong>Anim\u00e9 pour Youtube par<\/strong> Pascal Senicourt<\/p>\n<p><strong>Musiques <\/strong><\/p>\n<p>g\u00e9n\u00e9riques\u00a0par Domingo Olmo Martin<\/p>\n<p>The new order par <a href=\"https:\/\/www.youtube.com\/channel\/UCVAggfwI4hnkA2WO6-xC06Q\" target=\"_blank\" rel=\"noopener\">Aaron Kenny<\/a><\/p>\n<p><span style=\"font-size: medium;\">Cataclysmic_Molten_Core par Jingle Punks<\/span><\/p>\n<h6><\/h6>\n<h6><strong>Par ordre d&rsquo;apparition<\/strong><\/h6>\n<p class=\"western\">BatBruce :\u00a0David Chamalet<\/p>\n<p>BatBill :\u00a0J\u00e9rome Th\u00e9venet<\/p>\n<p class=\"western\">BatPanda :\u00a0Pascal Senicourt<\/p>\n<p>&nbsp;<\/p>\n<p>Dans cet e\u0301pisode de nombreux sons sont tire\u0301s de <strong>Freesound<\/strong>. Voici l\u2019ensemble des cre\u0301dits concerne\u0301s :<\/p>\n<div id=\"122f6f92-e043-478e-aa11-8cbfaf5045fb\">\n<ul>\n<li>S:\u00a0<a href=\"https:\/\/freesound.org\/people\/martian\/sounds\/182262\/\" target=\"_blank\" rel=\"noopener\">Foley bullet hit metal pipe.wav<\/a>\u00a0by\u00a0<a href=\"https:\/\/freesound.org\/people\/martian\/\" target=\"_blank\" rel=\"noopener\">martian<\/a>\u00a0|\u00a0License:\u00a0Creative Commons 0<\/li>\n<li>S:\u00a0<a href=\"https:\/\/freesound.org\/people\/Ekokubza123\/sounds\/104183\/\" target=\"_blank\" rel=\"noopener\">punch.wav<\/a>\u00a0by\u00a0<a href=\"https:\/\/freesound.org\/people\/Ekokubza123\/\" target=\"_blank\" rel=\"noopener\">Ekokubza123<\/a>\u00a0|\u00a0License:\u00a0Creative Commons 0<\/li>\n<li>S:\u00a0<a href=\"https:\/\/freesound.org\/people\/cjosephwalker\/sounds\/94851\/\" target=\"_blank\" rel=\"noopener\">FOLEY &#8211; BODY FALL IMPACT.wav<\/a>\u00a0by\u00a0<a href=\"https:\/\/freesound.org\/people\/cjosephwalker\/\" target=\"_blank\" rel=\"noopener\">cjosephwalker<\/a>\u00a0|\u00a0License:\u00a0Sampling+<\/li>\n<li>S:\u00a0<a href=\"https:\/\/freesound.org\/people\/Tewkesound\/sounds\/140146\/\" target=\"_blank\" rel=\"noopener\">Milk_bottles and cans clatter.wav<\/a>\u00a0by\u00a0<a href=\"https:\/\/freesound.org\/people\/Tewkesound\/\" target=\"_blank\" rel=\"noopener\">Tewkesound<\/a>\u00a0|\u00a0License:\u00a0Attribution<\/li>\n<li>S:\u00a0<a href=\"https:\/\/freesound.org\/people\/hja\/sounds\/67287\/\" target=\"_blank\" rel=\"noopener\">HOSPITAL TROLLEY 1.wav<\/a>\u00a0by\u00a0<a href=\"https:\/\/freesound.org\/people\/hja\/\" target=\"_blank\" rel=\"noopener\">hja<\/a>\u00a0|\u00a0License:\u00a0Creative Commons 0<\/li>\n<li>S:\u00a0<a href=\"https:\/\/freesound.org\/people\/Anandthethird\/sounds\/366754\/\" target=\"_blank\" rel=\"noopener\">Metal trolley with broken wheel.<\/a>\u00a0by\u00a0<a href=\"https:\/\/freesound.org\/people\/Anandthethird\/\" target=\"_blank\" rel=\"noopener\">Anandthethird<\/a>\u00a0|\u00a0License:\u00a0Attribution Noncommercial<\/li>\n<li>S:\u00a0<a href=\"https:\/\/freesound.org\/people\/CosmicEmbers\/sounds\/161415\/\" target=\"_blank\" rel=\"noopener\">cape-swoosh<\/a>\u00a0by\u00a0<a href=\"https:\/\/freesound.org\/people\/CosmicEmbers\/\" target=\"_blank\" rel=\"noopener\">CosmicEmbers<\/a>\u00a0|\u00a0License:\u00a0Attribution<\/li>\n<li>S:\u00a0\u00a0<a href=\"https:\/\/freesound.org\/people\/GowlerMusic\/sounds\/266566\/\" target=\"_blank\" rel=\"noopener\">Gong Hit<\/a>\u00a0by\u00a0<a href=\"https:\/\/freesound.org\/people\/GowlerMusic\/\" target=\"_blank\" rel=\"noopener\">GowlerMusic<\/a>\u00a0|\u00a0License:\u00a0Attribution<\/li>\n<\/ul>\n<\/div>\n<ul>\n<li>S:\u00a0<a href=\"https:\/\/freesound.org\/people\/Willlewis\/sounds\/244345\/\" target=\"_blank\" rel=\"noopener\">Musket Explosion<\/a>\u00a0by\u00a0<a href=\"https:\/\/freesound.org\/people\/Willlewis\/\" target=\"_blank\" rel=\"noopener\">Willlewis<\/a>\u00a0|\u00a0License:\u00a0Creative Commons 0<\/li>\n<li>S:\u00a0<a href=\"https:\/\/freesound.org\/people\/YleArkisto\/sounds\/340735\/\" target=\"_blank\" rel=\"noopener\">Kamera, taskukamera, pokkari \/ Camera, photo camera, small pocket camera, automatic, film, shots, shutter, click, interior, a close sound (Samsung-Zoom)<\/a>\u00a0by\u00a0<a href=\"https:\/\/freesound.org\/people\/YleArkisto\/\" target=\"_blank\" rel=\"noopener\">YleArkisto<\/a>\u00a0|\u00a0License:\u00a0Attribution<\/li>\n<li>S:\u00a0<a href=\"https:\/\/freesound.org\/people\/mitchelk\/sounds\/136804\/\" target=\"_blank\" rel=\"noopener\">Robotfx1<\/a>\u00a0by\u00a0<a href=\"https:\/\/freesound.org\/people\/mitchelk\/\" target=\"_blank\" rel=\"noopener\">mitchelk<\/a>\u00a0|\u00a0License:\u00a0Creative Commons 0<\/li>\n<li>S:\u00a0<a href=\"https:\/\/freesound.org\/people\/duckduckpony\/sounds\/204016\/\" target=\"_blank\" rel=\"noopener\">Clothing_ShirtsandPants_Rustling.wav<\/a>\u00a0by\u00a0<a href=\"https:\/\/freesound.org\/people\/duckduckpony\/\" target=\"_blank\" rel=\"noopener\">duckduckpony<\/a>\u00a0|\u00a0License:\u00a0Attribution<\/li>\n<li>S:\u00a0<a href=\"https:\/\/freesound.org\/people\/jjhouse4\/sounds\/201198\/\" target=\"_blank\" rel=\"noopener\">Best Swim Cap.wav<\/a>\u00a0by\u00a0<a href=\"https:\/\/freesound.org\/people\/jjhouse4\/\" target=\"_blank\" rel=\"noopener\">jjhouse4<\/a>\u00a0|\u00a0License:\u00a0Attribution<\/li>\n<li>S:\u00a0<a href=\"https:\/\/freesound.org\/people\/Deathscyp\/sounds\/443293\/\" target=\"_blank\" rel=\"noopener\">Wood Break.wav<\/a>\u00a0by\u00a0<a href=\"https:\/\/freesound.org\/people\/Deathscyp\/\" target=\"_blank\" rel=\"noopener\">Deathscyp<\/a>\u00a0|\u00a0License:\u00a0Creative Commons 0<\/li>\n<li>S:\u00a0<a href=\"https:\/\/freesound.org\/people\/dxeyes\/sounds\/432669\/\" target=\"_blank\" rel=\"noopener\">crate_break_3.wav<\/a>\u00a0by\u00a0<a href=\"https:\/\/freesound.org\/people\/dxeyes\/\" target=\"_blank\" rel=\"noopener\">dxeyes<\/a>\u00a0|\u00a0License:\u00a0Attribution<\/li>\n<\/ul>\n<p>&nbsp;<\/p>\n<p>Pochette<\/p>\n<div>Icons made by <a title=\"Freepik\" href=\"http:\/\/www.freepik.com\" target=\"_blank\" rel=\"noopener\">Freepik<\/a> from <a title=\"Flaticon\" href=\"https:\/\/www.flaticon.com\/\" target=\"_blank\" rel=\"noopener\">www.flaticon.com<\/a> is licensed by <a title=\"Creative Commons BY 3.0\" href=\"http:\/\/creativecommons.org\/licenses\/by\/3.0\/\" target=\"_blank\" rel=\"noopener\">CC 3.0 BY<\/a><\/div>\n<div>\n<p class=\"no-margin beta\"><span class=\"grey mountain-mist-text\">bat\u00a0<span class=\"blue bleu-de-france-text\"><a class=\"blue bleu-de-france-text\" href=\"https:\/\/stock.adobe.com\/fr\/contributor\/202223264\/willyam?load_type=author&amp;prev_url=detail\" target=\"_blank\" rel=\"noopener\">\u00a9<\/a><\/span><\/span> \u00a0<span class=\"blue bleu-de-france-text\"><a class=\"blue bleu-de-france-text\" href=\"https:\/\/stock.adobe.com\/fr\/contributor\/206900781\/rovshan?load_type=author&amp;prev_url=detail\" target=\"_blank\" rel=\"noopener\">Rovshan<\/a><\/span><span class=\"blue bleu-de-france-text\"><a class=\"blue bleu-de-france-text\" href=\"https:\/\/stock.adobe.com\/fr\/contributor\/202223264\/willyam?load_type=author&amp;prev_url=detail\" target=\"_blank\" rel=\"noopener\">\u00a0<\/a><\/span>&#8211; stock.adobe.com.<\/p>\n<\/div>\n<p>&nbsp;<\/p>\n<p style=\"text-align: center;\">Tu peux aussi choisir un autre moyen d\u2019\u00e9coute. T\u2019inqui\u00e8te, c\u2019est gratuit :<\/p>\n<p><a href=\"https:\/\/itunes.apple.com\/fr\/podcast\/pamela-target-saison-1\/id1347089265?mt=2\" target=\"_blank\" rel=\"noopener\"><img loading=\"lazy\" decoding=\"async\" class=\"size-medium wp-image-479 aligncenter\" src=\"https:\/\/www.pamelatarget.com\/wp-content\/uploads\/2018\/02\/Get_it_on_iTunes_Badge_FR_1114-300x109.png\" alt=\"\" width=\"300\" height=\"109\" srcset=\"https:\/\/www.pamelatarget.com\/wp-content\/uploads\/2018\/02\/Get_it_on_iTunes_Badge_FR_1114-300x109.png 300w, https:\/\/www.pamelatarget.com\/wp-content\/uploads\/2018\/02\/Get_it_on_iTunes_Badge_FR_1114-768x279.png 768w, https:\/\/www.pamelatarget.com\/wp-content\/uploads\/2018\/02\/Get_it_on_iTunes_Badge_FR_1114-1024x372.png 1024w, https:\/\/www.pamelatarget.com\/wp-content\/uploads\/2018\/02\/Get_it_on_iTunes_Badge_FR_1114.png 1194w\" sizes=\"auto, (max-width: 300px) 100vw, 300px\" \/><\/a><\/p>\n<p>&nbsp;<\/p>\n<p>&nbsp;<\/p>\n<p><a href=\"https:\/\/soundcloud.com\/user-149328996\/pts01e29-the-day-before-the-day-after\" target=\"_blank\" rel=\"noopener\"><img loading=\"lazy\" decoding=\"async\" class=\"size-medium wp-image-477 aligncenter\" src=\"https:\/\/www.pamelatarget.com\/wp-content\/uploads\/2018\/02\/SoundCloud_logo_orange_color_plain.svg_-300x171.png\" alt=\"\" width=\"300\" height=\"171\" srcset=\"https:\/\/www.pamelatarget.com\/wp-content\/uploads\/2018\/02\/SoundCloud_logo_orange_color_plain.svg_-300x171.png 300w, https:\/\/www.pamelatarget.com\/wp-content\/uploads\/2018\/02\/SoundCloud_logo_orange_color_plain.svg_-768x438.png 768w, https:\/\/www.pamelatarget.com\/wp-content\/uploads\/2018\/02\/SoundCloud_logo_orange_color_plain.svg_-1024x584.png 1024w, https:\/\/www.pamelatarget.com\/wp-content\/uploads\/2018\/02\/SoundCloud_logo_orange_color_plain.svg_.png 1200w\" sizes=\"auto, (max-width: 300px) 100vw, 300px\" \/><\/a><\/p>\n<p>&nbsp;<\/p>\n<p><a href=\"https:\/\/www.deezer.com\/fr\/episode\/5987417\" target=\"_blank\" rel=\"noopener\"><img loading=\"lazy\" decoding=\"async\" class=\"size-medium wp-image-574 aligncenter\" src=\"https:\/\/www.pamelatarget.com\/wp-content\/uploads\/2018\/02\/deezer-logo-300x168.png\" alt=\"\" width=\"300\" height=\"168\" \/><\/a><\/p>\n<p>&nbsp;<\/p>\n","protected":false},"excerpt":{"rendered":"<p>PTS01E31 : BATBRUCE V.S. BatBruce commence \u00e0 nettoyer l&rsquo;arche de sa racaille, mais il ne semble pas \u00eatre le seul \u00e0 vouloir ramener l&rsquo;ordre dans l&rsquo;arche&#8230; Branche tes \u00e9couteurs et Bim ! Lance la lecture : &nbsp; Pour ne pas rater les prochains \u00e9pisodes et si tu n&rsquo;es pas encore abonn\u00e9, c&rsquo;est ici CLUB VIP [&hellip;]<\/p>\n","protected":false},"author":1,"featured_media":1461,"parent":0,"menu_order":0,"comment_status":"closed","ping_status":"closed","template":"","meta":{"footnotes":""},"class_list":["post-1458","page","type-page","status-publish","has-post-thumbnail","hentry"],"_links":{"self":[{"href":"https:\/\/www.pamelatarget.com\/index.php\/wp-json\/wp\/v2\/pages\/1458","targetHints":{"allow":["GET"]}}],"collection":[{"href":"https:\/\/www.pamelatarget.com\/index.php\/wp-json\/wp\/v2\/pages"}],"about":[{"href":"https:\/\/www.pamelatarget.com\/index.php\/wp-json\/wp\/v2\/types\/page"}],"author":[{"embeddable":true,"href":"https:\/\/www.pamelatarget.com\/index.php\/wp-json\/wp\/v2\/users\/1"}],"replies":[{"embeddable":true,"href":"https:\/\/www.pamelatarget.com\/index.php\/wp-json\/wp\/v2\/comments?post=1458"}],"version-history":[{"count":5,"href":"https:\/\/www.pamelatarget.com\/index.php\/wp-json\/wp\/v2\/pages\/1458\/revisions"}],"predecessor-version":[{"id":1523,"href":"https:\/\/www.pamelatarget.com\/index.php\/wp-json\/wp\/v2\/pages\/1458\/revisions\/1523"}],"wp:featuredmedia":[{"embeddable":true,"href":"https:\/\/www.pamelatarget.com\/index.php\/wp-json\/wp\/v2\/media\/1461"}],"wp:attachment":[{"href":"https:\/\/www.pamelatarget.com\/index.php\/wp-json\/wp\/v2\/media?parent=1458"}],"curies":[{"name":"wp","href":"https:\/\/api.w.org\/{rel}","templated":true}]}}