{"id":1377,"date":"2018-10-10T15:00:26","date_gmt":"2018-10-10T13:00:26","guid":{"rendered":"https:\/\/www.pamelatarget.com\/?page_id=1377"},"modified":"2018-10-11T17:12:51","modified_gmt":"2018-10-11T15:12:51","slug":"pts01e28-sauver-tcherno-lhistoire-dune-amitie-extraordinaire","status":"publish","type":"page","link":"https:\/\/www.pamelatarget.com\/index.php\/pts01e28-sauver-tcherno-lhistoire-dune-amitie-extraordinaire\/","title":{"rendered":"PTS01E28 : Sauver Tcherno &#8211; l&rsquo;histoire d&rsquo;une amiti\u00e9 extraordinaire"},"content":{"rendered":"<h3 style=\"text-align: center;\"><strong>PTS01E28 : Sauver Tcherno &#8211; l&rsquo;histoire d&rsquo;une amiti\u00e9 extraordinaire<\/strong><\/h3>\n<p style=\"text-align: center;\">RYU est un fugu, Tcherno est un cachalot de 24 tonnes. Entre eux deux,<\/p>\n<p style=\"text-align: center;\">c&rsquo;est l&rsquo;histoire d&rsquo;une amiti\u00e9 extraordinaire&#8230; Jusqu&rsquo;au jour o\u00f9 une putain de mousse au chocolat va tout remettre en question.<\/p>\n<p style=\"text-align: center;\">Branche tes \u00e9couteurs et Bim ! Lance la lecture :<\/p>\n<p>&nbsp;<\/p>\n<p><iframe loading=\"lazy\" src=\"https:\/\/widget.ausha.co\/index.html?showId=b2ENi5XGJM5y&amp;color=%2307c8d0&amp;display=horizontal&amp;v=2&amp;mode=latest&amp;height=200px&amp;autoplay=true\" width=\"100%\" height=\"200px\" frameborder=\"0\"><span data-mce-type=\"bookmark\" style=\"display: inline-block; width: 0px; overflow: hidden; line-height: 0;\" class=\"mce_SELRES_start\">\ufeff<\/span>&nbsp;<\/p>\n<p><\/iframe><\/p>\n<p style=\"text-align: center;\">Pour ne pas rater les prochains \u00e9pisodes et si tu n&rsquo;es pas encore abonn\u00e9,<\/p>\n<p style=\"text-align: center;\">c&rsquo;est ici<strong> <a href=\"https:\/\/www.pamelatarget.com\/index.php\/vip-club\/\">CLUB VIP PAMELA TARGET<\/a>\u00a0<\/strong><\/p>\n<p><img loading=\"lazy\" decoding=\"async\" width=\"300\" height=\"300\" class=\"aligncenter size-medium wp-image-1391\" src=\"https:\/\/www.pamelatarget.com\/wp-content\/uploads\/2018\/10\/pamela-target-thumbnails-2-34-5-6-8-9-10BA-gen-11121314151617-18-19-20-21..28-300x300.png\" alt=\"\" \/><\/p>\n<p>&nbsp;<\/p>\n<h3><\/h3>\n<h3><strong>CREDITS<\/strong><\/h3>\n<p><strong>Ecrit par<\/strong> Katia Grivot, David Neau et Pascal Senicourt<\/p>\n<p><strong>R\u00e9alis\u00e9, mont\u00e9 et mix\u00e9<\/strong> <strong>par<\/strong> Katia Grivot<\/p>\n<p><strong>Anim\u00e9 pour Youtube par<\/strong> Pascal Senicourt<\/p>\n<p><strong>Musiques <\/strong><\/p>\n<p>g\u00e9n\u00e9riques\u00a0par Domingo Olmo Martin<\/p>\n<div class=\"audiolibrary-column audiolibrary-column-title\">Eyes of Glory par\u00a0<span id=\"OBJ_PREFIX_DWT60_com_zimbra_url\" class=\"Object\"><a href=\"https:\/\/www.youtube.com\/channel\/UCGH2igDnkXo_J0A7OxMcJJg\" target=\"_blank\" rel=\"noopener\">Aakash Gandh<\/a><a class=\"artist-channel-url\" href=\"https:\/\/www.youtube.com\/channel\/UCGH2igDnkXo_J0A7OxMcJJg\" target=\"_blank\" rel=\"noopener\">i<\/a><\/span><\/div>\n<div><\/div>\n<div class=\"audiolibrary-track-head\">\n<div class=\"audiolibrary-column audiolibrary-column-title\">Black Vortex &#8211; Scoring Action par Kevin MacLeod<\/div>\n<\/div>\n<div class=\"audiolibrary-track-body\">\n<div class=\"music-details\">\n<div class=\"music-attribution license\">distribu\u00e9 sous la licence\u00a0<span class=\"attribution_license\">Creative Commons Attribution<\/span>\u00a0(<a href=\"https:\/\/creativecommons.org\/licenses\/by\/4.0\/\" target=\"blank\" rel=\"noopener\">https:\/\/creativecommons.org\/licenses\/by\/4.0\/<\/a>)<\/div>\n<div class=\"music-attribution track\">Source\u00a0:\u00a0<a href=\"http:\/\/incompetech.com\/music\/royalty-free\/index.html?isrc=USUAN1300037\" target=\"blank\" rel=\"noopener\">http:\/\/incompetech.com\/music\/royalty-free\/index.html?isrc=USUAN1300037<\/a><\/div>\n<div class=\"music-attribution artist\">Artiste\u00a0:\u00a0<a href=\"http:\/\/incompetech.com\/\" target=\"blank\" rel=\"noopener\">__url_artiste__<\/a><\/div>\n<\/div>\n<\/div>\n<h6><\/h6>\n<h6><strong>Par ordre d&rsquo;apparition<\/strong><\/h6>\n<p class=\"western\">Ally, l&rsquo;ordinateur central : Grika<\/p>\n<p>Robot patrouilleur\u00a0 GrOSFAYO : David Neau<\/p>\n<p>Robot patrouilleur 2 : Pascal Senicourt<\/p>\n<p class=\"western\">Korragen le Corbeau : Frans Boyer<\/p>\n<p class=\"western\">Bill le Bousier\u00a0: J\u00e9rome Th\u00e9venet<\/p>\n<p class=\"western\">Ryu le Fugu\u00a0: David Neau<\/p>\n<p class=\"western\">Paulo Le Blaireau \u00a0: Pascal Senicourt<\/p>\n<p>&nbsp;<\/p>\n<p>&nbsp;<\/p>\n<p>Dans cet e\u0301pisode de nombreux sons sont tire\u0301s de <strong>Freesound<\/strong>. Voici l\u2019ensemble des cre\u0301dits concerne\u0301s :<\/p>\n<p>&nbsp;<\/p>\n<div id=\"122f6f92-e043-478e-aa11-8cbfaf5045fb\">\n<ul>\n<li><a href=\"https:\/\/freesound.org\/people\/THE_bizniss\/sounds\/39459\/\" target=\"_blank\" rel=\"noopener\">laser.wav<\/a> by <a href=\"https:\/\/freesound.org\/people\/THE_bizniss\/\" target=\"_blank\" rel=\"noopener\">THE_bizniss<\/a> | <span style=\"color: #808080;\">License: <\/span>Attribution<\/li>\n<li><a href=\"https:\/\/freesound.org\/people\/mitchelk\/sounds\/136804\/\" target=\"_blank\" rel=\"noopener\">Robotfx1<\/a> by <a href=\"https:\/\/freesound.org\/people\/mitchelk\/\" target=\"_blank\" rel=\"noopener\">mitchelk<\/a> | <span style=\"color: #808080;\">License: <\/span>Creative Commons 0<\/li>\n<li><a href=\"https:\/\/freesound.org\/people\/YleArkisto\/sounds\/340735\/\" target=\"_blank\" rel=\"noopener\">Kamera, taskukamera, pokkari \/ Camera, photo camera, small pocket camera, automatic, film, shots, shutter, click, interior, a close sound (Samsung-Zoom)<\/a> by <a href=\"https:\/\/freesound.org\/people\/YleArkisto\/\" target=\"_blank\" rel=\"noopener\">YleArkisto<\/a> | <span style=\"color: #808080;\">License: <\/span>Attribution<\/li>\n<li><a href=\"https:\/\/freesound.org\/people\/rui_aires\/sounds\/417548\/\" target=\"_blank\" rel=\"noopener\">computer_keyboard_fast.aif<\/a>\u00a0by\u00a0<a href=\"https:\/\/freesound.org\/people\/rui_aires\/\" target=\"_blank\" rel=\"noopener\">rui_aires<\/a>\u00a0|\u00a0License:\u00a0Creative Commons 0<\/li>\n<li><a href=\"https:\/\/freesound.org\/people\/stomachache\/sounds\/53266\/\" target=\"_blank\" rel=\"noopener\">whale.wav<\/a>\u00a0by\u00a0<a href=\"https:\/\/freesound.org\/people\/stomachache\/\" target=\"_blank\" rel=\"noopener\">stomachache<\/a>\u00a0|\u00a0License:\u00a0Attribution<\/li>\n<\/ul>\n<p>Pochette<\/p>\n<div>Icons made by <a title=\"Freepik\" href=\"http:\/\/www.freepik.com\" target=\"_blank\" rel=\"noopener\">Freepik<\/a> from <a title=\"Flaticon\" href=\"https:\/\/www.flaticon.com\/\" target=\"_blank\" rel=\"noopener\">www.flaticon.com<\/a> is licensed by <a title=\"Creative Commons BY 3.0\" href=\"http:\/\/creativecommons.org\/licenses\/by\/3.0\/\" target=\"_blank\" rel=\"noopener\">CC 3.0 BY<\/a><\/div>\n<div>\n<p class=\"no-margin\"><span class=\"grey dove-text\">Sperm whale and Freediver\u00a0<\/span><span class=\"grey mountain-mist-text\">Par\u00a0<\/span><span class=\"blue bleu-de-france-text\"><a class=\"blue bleu-de-france-text\" href=\"https:\/\/stock.adobe.com\/fr\/contributor\/202223264\/willyam?load_type=author&amp;prev_url=detail\" target=\"_blank\" rel=\"noopener\">\u00a9\u00a0<\/a><a class=\"blue bleu-de-france-text\" href=\"https:\/\/stock.adobe.com\/fr\/contributor\/202223264\/willyam?load_type=author&amp;prev_url=detail\" target=\"_blank\" rel=\"noopener\">willyam<\/a><\/span> &#8211; stock.adobe.com.<\/p>\n<\/div>\n<p>&nbsp;<\/p>\n<\/div>\n<p>&nbsp;<\/p>\n<div id=\"122f6f92-e043-478e-aa11-8cbfaf5045fb\"><\/div>\n<div><\/div>\n<div><\/div>\n<div><\/div>\n<div>\n<p style=\"text-align: center;\">Tu peux aussi choisir un autre moyen d\u2019\u00e9coute. T\u2019inqui\u00e8te, c\u2019est gratuit :<\/p>\n<p><a href=\"https:\/\/itunes.apple.com\/fr\/podcast\/pamela-target-saison-1\/id1347089265?mt=2\" target=\"_blank\" rel=\"noopener\"><img loading=\"lazy\" decoding=\"async\" class=\"size-medium wp-image-479 aligncenter\" src=\"https:\/\/www.pamelatarget.com\/wp-content\/uploads\/2018\/02\/Get_it_on_iTunes_Badge_FR_1114-300x109.png\" alt=\"\" width=\"300\" height=\"109\" srcset=\"https:\/\/www.pamelatarget.com\/wp-content\/uploads\/2018\/02\/Get_it_on_iTunes_Badge_FR_1114-300x109.png 300w, https:\/\/www.pamelatarget.com\/wp-content\/uploads\/2018\/02\/Get_it_on_iTunes_Badge_FR_1114-768x279.png 768w, https:\/\/www.pamelatarget.com\/wp-content\/uploads\/2018\/02\/Get_it_on_iTunes_Badge_FR_1114-1024x372.png 1024w, https:\/\/www.pamelatarget.com\/wp-content\/uploads\/2018\/02\/Get_it_on_iTunes_Badge_FR_1114.png 1194w\" sizes=\"auto, (max-width: 300px) 100vw, 300px\" \/><\/a><\/p>\n<p>&nbsp;<\/p>\n<p>&nbsp;<\/p>\n<p><a href=\"https:\/\/soundcloud.com\/user-149328996\/pts01e28-sauver-tcherno-lhistoire-dune-amitie-extraordinaire\" target=\"_blank\" rel=\"noopener\"><img loading=\"lazy\" decoding=\"async\" class=\"size-medium wp-image-477 aligncenter\" src=\"https:\/\/www.pamelatarget.com\/wp-content\/uploads\/2018\/02\/SoundCloud_logo_orange_color_plain.svg_-300x171.png\" alt=\"\" width=\"300\" height=\"171\" srcset=\"https:\/\/www.pamelatarget.com\/wp-content\/uploads\/2018\/02\/SoundCloud_logo_orange_color_plain.svg_-300x171.png 300w, https:\/\/www.pamelatarget.com\/wp-content\/uploads\/2018\/02\/SoundCloud_logo_orange_color_plain.svg_-768x438.png 768w, https:\/\/www.pamelatarget.com\/wp-content\/uploads\/2018\/02\/SoundCloud_logo_orange_color_plain.svg_-1024x584.png 1024w, https:\/\/www.pamelatarget.com\/wp-content\/uploads\/2018\/02\/SoundCloud_logo_orange_color_plain.svg_.png 1200w\" sizes=\"auto, (max-width: 300px) 100vw, 300px\" \/><\/a><\/p>\n<p>&nbsp;<\/p>\n<p><a href=\"https:\/\/www.deezer.com\/fr\/episode\/5948091\" target=\"_blank\" rel=\"noopener\"><img loading=\"lazy\" decoding=\"async\" class=\"size-medium wp-image-574 aligncenter\" src=\"https:\/\/www.pamelatarget.com\/wp-content\/uploads\/2018\/02\/deezer-logo-300x168.png\" alt=\"\" width=\"300\" height=\"168\" \/><\/a><\/p>\n<\/div>\n<p>&nbsp;<\/p>\n","protected":false},"excerpt":{"rendered":"<p>PTS01E28 : Sauver Tcherno &#8211; l&rsquo;histoire d&rsquo;une amiti\u00e9 extraordinaire RYU est un fugu, Tcherno est un cachalot de 24 tonnes. Entre eux deux, c&rsquo;est l&rsquo;histoire d&rsquo;une amiti\u00e9 extraordinaire&#8230; Jusqu&rsquo;au jour o\u00f9 une putain de mousse au chocolat va tout remettre en question. Branche tes \u00e9couteurs et Bim ! Lance la lecture : &nbsp; \ufeff&nbsp; Pour [&hellip;]<\/p>\n","protected":false},"author":1,"featured_media":1391,"parent":0,"menu_order":0,"comment_status":"closed","ping_status":"closed","template":"","meta":{"footnotes":""},"class_list":["post-1377","page","type-page","status-publish","has-post-thumbnail","hentry"],"_links":{"self":[{"href":"https:\/\/www.pamelatarget.com\/index.php\/wp-json\/wp\/v2\/pages\/1377","targetHints":{"allow":["GET"]}}],"collection":[{"href":"https:\/\/www.pamelatarget.com\/index.php\/wp-json\/wp\/v2\/pages"}],"about":[{"href":"https:\/\/www.pamelatarget.com\/index.php\/wp-json\/wp\/v2\/types\/page"}],"author":[{"embeddable":true,"href":"https:\/\/www.pamelatarget.com\/index.php\/wp-json\/wp\/v2\/users\/1"}],"replies":[{"embeddable":true,"href":"https:\/\/www.pamelatarget.com\/index.php\/wp-json\/wp\/v2\/comments?post=1377"}],"version-history":[{"count":9,"href":"https:\/\/www.pamelatarget.com\/index.php\/wp-json\/wp\/v2\/pages\/1377\/revisions"}],"predecessor-version":[{"id":1403,"href":"https:\/\/www.pamelatarget.com\/index.php\/wp-json\/wp\/v2\/pages\/1377\/revisions\/1403"}],"wp:featuredmedia":[{"embeddable":true,"href":"https:\/\/www.pamelatarget.com\/index.php\/wp-json\/wp\/v2\/media\/1391"}],"wp:attachment":[{"href":"https:\/\/www.pamelatarget.com\/index.php\/wp-json\/wp\/v2\/media?parent=1377"}],"curies":[{"name":"wp","href":"https:\/\/api.w.org\/{rel}","templated":true}]}}