{"id":1094,"date":"2018-09-19T12:25:08","date_gmt":"2018-09-19T10:25:08","guid":{"rendered":"https:\/\/www.pamelatarget.com\/?page_id=1094"},"modified":"2018-10-11T17:01:44","modified_gmt":"2018-10-11T15:01:44","slug":"pts01e25-credits","status":"publish","type":"page","link":"https:\/\/www.pamelatarget.com\/index.php\/pts01e25-credits\/","title":{"rendered":"PTS01E25 \u2013 Entubons-le \u00e0 la Dr House"},"content":{"rendered":"<h3 style=\"text-align: center;\"><strong>PTS01E25 : Entubons-le \u00e0 la Dr House<\/strong><\/h3>\n<p style=\"text-align: center;\"><em>Les m\u00e9thodes peu conventionnelles \u00e0 la Dr House sont parfois n\u00e9cessaires pour r\u00e9soudre un cas m\u00e9dical inattendu. C&rsquo;est justement ce que Bruce l&rsquo;\u00e9meu va exp\u00e9rimenter \u00e0 son insu.<\/em><\/p>\n<p style=\"text-align: center;\">Branche tes \u00e9couteurs et Bim ! Lance la lecture :<\/p>\n<p>&nbsp;<\/p>\n<p><iframe loading=\"lazy\" src=\"https:\/\/widget.ausha.co\/index.html?podcastId=oaW5UxMP4Mjb&amp;showId=b2ENi5XGJM5y&amp;color=%2372238e&amp;display=horizontal&amp;v=2&amp;height=200px\" width=\"100%\" height=\"200px\" frameborder=\"0\">&nbsp;<\/p>\n<p><\/iframe><\/p>\n<p>&nbsp;<\/p>\n<p style=\"text-align: center;\">Pour ne pas rater les prochains \u00e9pisodes et si tu n&rsquo;es pas encore abonn\u00e9,<\/p>\n<p style=\"text-align: center;\">c&rsquo;est ici<span style=\"color: #800080;\"><strong> <a style=\"color: #800080;\" href=\"https:\/\/www.pamelatarget.com\/index.php\/vip-club\/\">CLUB VIP PAMELA TARGET<\/a>\u00a0<\/strong><\/span><\/p>\n<h3><img loading=\"lazy\" decoding=\"async\" class=\"aligncenter size-medium wp-image-1093\" src=\"https:\/\/www.pamelatarget.com\/wp-content\/uploads\/2018\/09\/POCHETTE-PT-S01E25-soundcloud-300x300.png\" alt=\"\" width=\"300\" height=\"300\" \/><\/h3>\n<h3><strong>\u00a0CREDITS<\/strong><\/h3>\n<p><strong>Ecrit par<\/strong> Katia Grivot, David Neau et Pascal Senicourt<\/p>\n<p><strong>R\u00e9alis\u00e9, mont\u00e9 et mix\u00e9<\/strong> <strong>par<\/strong> Katia Grivot<\/p>\n<p><strong>Anim\u00e9 pour Youtube par<\/strong> Pascal Senicourt<\/p>\n<p><strong>Musiques<\/strong><\/p>\n<p>G\u00e9n\u00e9rique: Domingo Olmo Martin<\/p>\n<p>Musique : White hats de\u00a0Wayne Jones<\/p>\n<p>&nbsp;<\/p>\n<h6><strong>Par ordre al\u00e9atoire (parce que voil\u00e0)<\/strong><\/h6>\n<p>Ally l&rsquo;ordinateur central : Katia Grivot<\/p>\n<p>Darryl Charwin : Pascal Senicourt<\/p>\n<p>Bruce l&#8217;emeu: David Chamalet<\/p>\n<p>&nbsp;<\/p>\n<p>Dans cet e\u0301pisode de nombreux sons sont tire\u0301s de Freesound. Voici l\u2019ensemble des cre\u0301dits concerne\u0301s :<\/p>\n<p>S:\u00a0<a href=\"https:\/\/freesound.org\/people\/duckduckpony\/sounds\/204016\/\" target=\"_blank\" rel=\"noopener\" data-saferedirecturl=\"https:\/\/www.google.com\/url?q=https:\/\/freesound.org\/people\/duckduckpony\/sounds\/204016\/&amp;source=gmail&amp;ust=1537439080205000&amp;usg=AFQjCNFblLiSfayPpLLR4rYcoHhUGj6GPA\">Clothing_ShirtsandPants_<wbr \/>Rustling.wav<\/a>\u00a0by\u00a0<a href=\"https:\/\/freesound.org\/people\/duckduckpony\/\" target=\"_blank\" rel=\"noopener\" data-saferedirecturl=\"https:\/\/www.google.com\/url?q=https:\/\/freesound.org\/people\/duckduckpony\/&amp;source=gmail&amp;ust=1537439080205000&amp;usg=AFQjCNFku-9WeyBjEF1bEg82ojUu-Am_lw\">duckduckpony<\/a>\u00a0|<wbr \/>\u00a0License:\u00a0Attribution<\/p>\n<p>S:\u00a0<a href=\"https:\/\/freesound.org\/people\/m1a2t3z4\/sounds\/112213\/\" target=\"_blank\" rel=\"noopener\" data-saferedirecturl=\"https:\/\/www.google.com\/url?q=https:\/\/freesound.org\/people\/m1a2t3z4\/sounds\/112213\/&amp;source=gmail&amp;ust=1537439080205000&amp;usg=AFQjCNGWIImfooXifyybdOZ-nUbTkzqOyg\">Window breaking.MP3<\/a>\u00a0by\u00a0<a href=\"https:\/\/freesound.org\/people\/m1a2t3z4\/\" target=\"_blank\" rel=\"noopener\" data-saferedirecturl=\"https:\/\/www.google.com\/url?q=https:\/\/freesound.org\/people\/m1a2t3z4\/&amp;source=gmail&amp;ust=1537439080205000&amp;usg=AFQjCNFHbwn6nfP4OVjL0Fn8BGg89HZiDg\">m1a2t3z4<\/a>\u00a0|\u00a0Lic<wbr \/>ense:\u00a0Creative Commons 0<\/p>\n<p>S:\u00a0<a href=\"https:\/\/freesound.org\/people\/HonorHunter\/sounds\/271666\/\" target=\"_blank\" rel=\"noopener\" data-saferedirecturl=\"https:\/\/www.google.com\/url?q=https:\/\/freesound.org\/people\/HonorHunter\/sounds\/271666\/&amp;source=gmail&amp;ust=1537439080205000&amp;usg=AFQjCNEbD2ILHR5tx3JutDktsmaGAtuTAA\">Tomato squish;wet.wav<\/a>\u00a0by\u00a0<a href=\"https:\/\/freesound.org\/people\/HonorHunter\/\" target=\"_blank\" rel=\"noopener\" data-saferedirecturl=\"https:\/\/www.google.com\/url?q=https:\/\/freesound.org\/people\/HonorHunter\/&amp;source=gmail&amp;ust=1537439080205000&amp;usg=AFQjCNGa-AOtKxGLlGSe5FRmHsmrdHfnyA\">HonorHunter<\/a>\u00a0<wbr \/>|\u00a0License:\u00a0Creative Commons 0<\/p>\n<p>S:\u00a0<a href=\"https:\/\/freesound.org\/people\/gelo_papas\/sounds\/47340\/\" target=\"_blank\" rel=\"noopener\" data-saferedirecturl=\"https:\/\/www.google.com\/url?q=https:\/\/freesound.org\/people\/gelo_papas\/sounds\/47340\/&amp;source=gmail&amp;ust=1537439080205000&amp;usg=AFQjCNHQTE_LHvM6gIfimsA3XHqKkGnY9Q\">Filth squash.wav<\/a>\u00a0by\u00a0<a href=\"https:\/\/freesound.org\/people\/gelo_papas\/\" target=\"_blank\" rel=\"noopener\" data-saferedirecturl=\"https:\/\/www.google.com\/url?q=https:\/\/freesound.org\/people\/gelo_papas\/&amp;source=gmail&amp;ust=1537439080205000&amp;usg=AFQjCNEdYkbcflrrCLdoZn_b6adeEEqxSQ\">gelo_papas<\/a>\u00a0|\u00a0Lic<wbr \/>ense:\u00a0Attribution<\/p>\n<p>S:\u00a0<a href=\"https:\/\/freesound.org\/people\/Filipe%20Chagas\/sounds\/91916\/\" target=\"_blank\" rel=\"noopener\" data-saferedirecturl=\"https:\/\/www.google.com\/url?q=https:\/\/freesound.org\/people\/Filipe%2520Chagas\/sounds\/91916\/&amp;source=gmail&amp;ust=1537439080205000&amp;usg=AFQjCNErS2OkoPlhlD0PWfXrn45STlaBYQ\">Lemon,Squeeze,Squishy,<wbr \/>Fruit.wav<\/a>\u00a0by\u00a0<a href=\"https:\/\/freesound.org\/people\/Filipe%20Chagas\/\" target=\"_blank\" rel=\"noopener\" data-saferedirecturl=\"https:\/\/www.google.com\/url?q=https:\/\/freesound.org\/people\/Filipe%2520Chagas\/&amp;source=gmail&amp;ust=1537439080205000&amp;usg=AFQjCNE2FkRiagsAl4kOIIZKYHahryGDSA\">Filipe Chagas<\/a>\u00a0|\u00a0License:\u00a0Creative Commons 0<\/p>\n<p>S:\u00a0<a href=\"https:\/\/freesound.org\/people\/wolick\/sounds\/191852\/\" target=\"_blank\" rel=\"noopener\" data-saferedirecturl=\"https:\/\/www.google.com\/url?q=https:\/\/freesound.org\/people\/wolick\/sounds\/191852\/&amp;source=gmail&amp;ust=1537439080205000&amp;usg=AFQjCNHu1S3EtZ1P_gXGC7GTueicMyb5Bw\">Kaiju Lab Interior Ambience #1.wav<\/a>\u00a0by\u00a0<a href=\"https:\/\/freesound.org\/people\/wolick\/\" target=\"_blank\" rel=\"noopener\" data-saferedirecturl=\"https:\/\/www.google.com\/url?q=https:\/\/freesound.org\/people\/wolick\/&amp;source=gmail&amp;ust=1537439080205000&amp;usg=AFQjCNFnw-RhP0zsb3TQsChnR5xwWwGFnA\">wolick<\/a>\u00a0|\u00a0License:\u00a0Cr<wbr \/>eative Commons 0<\/p>\n<p>S:\u00a0<a href=\"https:\/\/freesound.org\/people\/unfa\/sounds\/183265\/\" target=\"_blank\" rel=\"noopener\" data-saferedirecturl=\"https:\/\/www.google.com\/url?q=https:\/\/freesound.org\/people\/unfa\/sounds\/183265\/&amp;source=gmail&amp;ust=1537439080205000&amp;usg=AFQjCNFI8YAUt065V2fRpqxBOnQMniA40Q\">Beatbox Explosion Take 1<\/a>\u00a0by\u00a0<a href=\"https:\/\/freesound.org\/people\/unfa\/\" target=\"_blank\" rel=\"noopener\" data-saferedirecturl=\"https:\/\/www.google.com\/url?q=https:\/\/freesound.org\/people\/unfa\/&amp;source=gmail&amp;ust=1537439080205000&amp;usg=AFQjCNEjw1Xmii31Ra6ul6RV8-V7a_e1DQ\">unfa<\/a>\u00a0|\u00a0License:\u00a0Attributi<wbr \/>on<\/p>\n<p>S:\u00a0<a href=\"https:\/\/freesound.org\/people\/themfish\/sounds\/34200\/\" target=\"_blank\" rel=\"noopener\" data-saferedirecturl=\"https:\/\/www.google.com\/url?q=https:\/\/freesound.org\/people\/themfish\/sounds\/34200\/&amp;source=gmail&amp;ust=1537439080205000&amp;usg=AFQjCNHMVMfKbeeMb-XrgNkUY77pLsLOiw\">bamf.wav<\/a>\u00a0by\u00a0<a href=\"https:\/\/freesound.org\/people\/themfish\/\" target=\"_blank\" rel=\"noopener\" data-saferedirecturl=\"https:\/\/www.google.com\/url?q=https:\/\/freesound.org\/people\/themfish\/&amp;source=gmail&amp;ust=1537439080205000&amp;usg=AFQjCNHl4I3zs0gMwm-Z8Qi4fZkGOHgT-A\">themfish<\/a>\u00a0|\u00a0Lice<wbr \/>nse:\u00a0Attribution<\/p>\n<p>S:\u00a0<a href=\"https:\/\/freesound.org\/people\/Gniffelbaf\/sounds\/82116\/\" target=\"_blank\" rel=\"noopener\" data-saferedirecturl=\"https:\/\/www.google.com\/url?q=https:\/\/freesound.org\/people\/Gniffelbaf\/sounds\/82116\/&amp;source=gmail&amp;ust=1537439080205000&amp;usg=AFQjCNF3ZaU_lBlI4gZq7bgzxRGhODFVbQ\">Balloon-Burst-04.wav<\/a>\u00a0by\u00a0<a href=\"https:\/\/freesound.org\/people\/Gniffelbaf\/\" target=\"_blank\" rel=\"noopener\" data-saferedirecturl=\"https:\/\/www.google.com\/url?q=https:\/\/freesound.org\/people\/Gniffelbaf\/&amp;source=gmail&amp;ust=1537439080205000&amp;usg=AFQjCNH4jjEtYJlKBBvdJLE_am6eCPUlkA\">Gni<wbr \/>ffelbaf<\/a>\u00a0|\u00a0License:\u00a0Creative Commons 0<\/p>\n<p>S:\u00a0<a href=\"https:\/\/freesound.org\/people\/hja\/sounds\/67287\/\" target=\"_blank\" rel=\"noopener\" data-saferedirecturl=\"https:\/\/www.google.com\/url?q=https:\/\/freesound.org\/people\/hja\/sounds\/67287\/&amp;source=gmail&amp;ust=1537439080205000&amp;usg=AFQjCNFfSnaxcbh7Ik1yzyd3CePx96-ULQ\">HOSPITAL TROLLEY 1.wav<\/a>\u00a0by\u00a0<a href=\"https:\/\/freesound.org\/people\/hja\/\" target=\"_blank\" rel=\"noopener\" data-saferedirecturl=\"https:\/\/www.google.com\/url?q=https:\/\/freesound.org\/people\/hja\/&amp;source=gmail&amp;ust=1537439080205000&amp;usg=AFQjCNHnBK9nkOgriBH2qW6UN37ObyPl7Q\">hja<\/a>\u00a0|\u00a0License:\u00a0Creati<wbr \/>ve Commons 0<\/p>\n<p>S:\u00a0<a href=\"https:\/\/freesound.org\/people\/ArnyDnD\/sounds\/232957\/\" target=\"_blank\" rel=\"noopener\" data-saferedirecturl=\"https:\/\/www.google.com\/url?q=https:\/\/freesound.org\/people\/ArnyDnD\/sounds\/232957\/&amp;source=gmail&amp;ust=1537439080205000&amp;usg=AFQjCNEEvm9IfGosH_hxwnFRFCslIWkQYQ\">AutomaticDoor.wav<\/a>\u00a0by\u00a0<a href=\"https:\/\/freesound.org\/people\/ArnyDnD\/\" target=\"_blank\" rel=\"noopener\" data-saferedirecturl=\"https:\/\/www.google.com\/url?q=https:\/\/freesound.org\/people\/ArnyDnD\/&amp;source=gmail&amp;ust=1537439080205000&amp;usg=AFQjCNFnzch95tbgiujWinR5Lud6nv_r6w\">ArnyDn<wbr \/>D<\/a>\u00a0|\u00a0License:\u00a0Creative Commons 0<\/p>\n<p>S:\u00a0<a href=\"https:\/\/freesound.org\/people\/reg7783\/sounds\/321800\/\" target=\"_blank\" rel=\"noopener\" data-saferedirecturl=\"https:\/\/www.google.com\/url?q=https:\/\/freesound.org\/people\/reg7783\/sounds\/321800\/&amp;source=gmail&amp;ust=1537439080205000&amp;usg=AFQjCNGvc8fU-9yArzG_J5DyhxIvduQgkw\">defibrillator.wav<\/a>\u00a0by\u00a0<a href=\"https:\/\/freesound.org\/people\/reg7783\/\" target=\"_blank\" rel=\"noopener\" data-saferedirecturl=\"https:\/\/www.google.com\/url?q=https:\/\/freesound.org\/people\/reg7783\/&amp;source=gmail&amp;ust=1537439080205000&amp;usg=AFQjCNGGcHhfVGE1nMduYQEmtyVdfj-hpQ\">reg778<wbr \/>3<\/a>\u00a0|\u00a0License:\u00a0Creative Commons 0<\/p>\n<p>S:\u00a0<a href=\"https:\/\/freesound.org\/people\/thegreatperson\/sounds\/210793\/\" target=\"_blank\" rel=\"noopener\" data-saferedirecturl=\"https:\/\/www.google.com\/url?q=https:\/\/freesound.org\/people\/thegreatperson\/sounds\/210793\/&amp;source=gmail&amp;ust=1537439080205000&amp;usg=AFQjCNHEPfr3hqiOZFL_mNWXajPQu5vQGg\">Heart Rate &#8211; Normal, Increased Rate, Cardiac Arrest, Flatline.mp3<\/a>\u00a0by\u00a0<a href=\"https:\/\/freesound.org\/people\/thegreatperson\/\" target=\"_blank\" rel=\"noopener\" data-saferedirecturl=\"https:\/\/www.google.com\/url?q=https:\/\/freesound.org\/people\/thegreatperson\/&amp;source=gmail&amp;ust=1537439080205000&amp;usg=AFQjCNFq0I9KzQ2hccgU8k75B13NGQ0t3Q\">thegreatperson<\/a><wbr \/>\u00a0|\u00a0License:\u00a0Creative Commons 0<\/p>\n<p>S:\u00a0<a href=\"https:\/\/freesound.org\/people\/copyc4t\/sounds\/235736\/\" target=\"_blank\" rel=\"noopener\" data-saferedirecturl=\"https:\/\/www.google.com\/url?q=https:\/\/freesound.org\/people\/copyc4t\/sounds\/235736\/&amp;source=gmail&amp;ust=1537439080205000&amp;usg=AFQjCNFn53g5O_8JhAFCg_26IpFodRlX-w\">TF_Medical-Buzz.flac<\/a>\u00a0by\u00a0<a href=\"https:\/\/freesound.org\/people\/copyc4t\/\" target=\"_blank\" rel=\"noopener\" data-saferedirecturl=\"https:\/\/www.google.com\/url?q=https:\/\/freesound.org\/people\/copyc4t\/&amp;source=gmail&amp;ust=1537439080205000&amp;usg=AFQjCNEudwIv7QCoxC9u0-JFcHH0Cvc4BQ\">cop<wbr \/>yc4t<\/a>\u00a0|\u00a0License:\u00a0Attribution<\/p>\n<p>S:\u00a0<a href=\"https:\/\/freesound.org\/people\/samfk360\/sounds\/148897\/\" target=\"_blank\" rel=\"noopener\" data-saferedirecturl=\"https:\/\/www.google.com\/url?q=https:\/\/freesound.org\/people\/samfk360\/sounds\/148897\/&amp;source=gmail&amp;ust=1537439080205000&amp;usg=AFQjCNGtU84boZusMJQuohyU6wWiuHYHWw\">Heart Monitor Beep<\/a>\u00a0by\u00a0<a href=\"https:\/\/freesound.org\/people\/samfk360\/\" target=\"_blank\" rel=\"noopener\" data-saferedirecturl=\"https:\/\/www.google.com\/url?q=https:\/\/freesound.org\/people\/samfk360\/&amp;source=gmail&amp;ust=1537439080205000&amp;usg=AFQjCNHxAJ8UVp5RsTMX57cei4LJQR1alg\">samfk360<\/a>\u00a0|\u00a0License:\u00a0Cr<wbr \/>eative Commons 0<\/p>\n<p>S:\u00a0<a href=\"https:\/\/freesound.org\/people\/puZZelZ\/sounds\/408876\/\" target=\"_blank\" rel=\"noopener\" data-saferedirecturl=\"https:\/\/www.google.com\/url?q=https:\/\/freesound.org\/people\/puZZelZ\/sounds\/408876\/&amp;source=gmail&amp;ust=1537439080206000&amp;usg=AFQjCNEJuH8zdPJgpgaaB-V4Ygi_N1tC-g\">Ballon Inflating and Balloon Squeeq.wav<\/a>\u00a0by\u00a0<a href=\"https:\/\/freesound.org\/people\/puZZelZ\/\" target=\"_blank\" rel=\"noopener\" data-saferedirecturl=\"https:\/\/www.google.com\/url?q=https:\/\/freesound.org\/people\/puZZelZ\/&amp;source=gmail&amp;ust=1537439080206000&amp;usg=AFQjCNHOI7JncAa8bhaqN1_C5mSnSTu6QA\">puZZelZ<\/a>\u00a0|\u00a0Licens<wbr \/>e:\u00a0Attribution Noncommercial<\/p>\n<p>&nbsp;<\/p>\n<p><strong>Vignette<\/strong> :<\/p>\n<p>Icons made by <a title=\"Vectors Market\" href=\"https:\/\/www.flaticon.com\/authors\/vectors-market\" target=\"_blank\" rel=\"noopener\">Vectors Market<\/a> from <a title=\"Flaticon\" href=\"https:\/\/www.flaticon.com\/\" target=\"_blank\" rel=\"noopener\">www.flaticon.com<\/a> is licensed by <a title=\"Creative Commons BY 3.0\" href=\"http:\/\/creativecommons.org\/licenses\/by\/3.0\/\" target=\"_blank\" rel=\"noopener\">CC 3.0 BY<\/a><\/p>\n<p>&nbsp;<\/p>\n<p style=\"text-align: center;\">Tu peux aussi choisir un autre moyen d\u2019\u00e9coute. T\u2019inqui\u00e8te, c\u2019est gratuit :<\/p>\n<p><a href=\"https:\/\/itunes.apple.com\/fr\/podcast\/pamela-target-saison-1\/id1347089265?mt=2\" target=\"_blank\" rel=\"noopener\"><img loading=\"lazy\" decoding=\"async\" class=\"size-medium wp-image-479 aligncenter\" src=\"https:\/\/www.pamelatarget.com\/wp-content\/uploads\/2018\/02\/Get_it_on_iTunes_Badge_FR_1114-300x109.png\" alt=\"\" width=\"300\" height=\"109\" srcset=\"https:\/\/www.pamelatarget.com\/wp-content\/uploads\/2018\/02\/Get_it_on_iTunes_Badge_FR_1114-300x109.png 300w, https:\/\/www.pamelatarget.com\/wp-content\/uploads\/2018\/02\/Get_it_on_iTunes_Badge_FR_1114-768x279.png 768w, https:\/\/www.pamelatarget.com\/wp-content\/uploads\/2018\/02\/Get_it_on_iTunes_Badge_FR_1114-1024x372.png 1024w, https:\/\/www.pamelatarget.com\/wp-content\/uploads\/2018\/02\/Get_it_on_iTunes_Badge_FR_1114.png 1194w\" sizes=\"auto, (max-width: 300px) 100vw, 300px\" \/><\/a><\/p>\n<p>&nbsp;<\/p>\n<p>&nbsp;<\/p>\n<p><a href=\"https:\/\/soundcloud.com\/user-149328996\/pts01e25-entubonsle-18092018-1143\" target=\"_blank\" rel=\"noopener\"><img loading=\"lazy\" decoding=\"async\" class=\"size-medium wp-image-477 aligncenter\" src=\"https:\/\/www.pamelatarget.com\/wp-content\/uploads\/2018\/02\/SoundCloud_logo_orange_color_plain.svg_-300x171.png\" alt=\"\" width=\"300\" height=\"171\" srcset=\"https:\/\/www.pamelatarget.com\/wp-content\/uploads\/2018\/02\/SoundCloud_logo_orange_color_plain.svg_-300x171.png 300w, https:\/\/www.pamelatarget.com\/wp-content\/uploads\/2018\/02\/SoundCloud_logo_orange_color_plain.svg_-768x438.png 768w, https:\/\/www.pamelatarget.com\/wp-content\/uploads\/2018\/02\/SoundCloud_logo_orange_color_plain.svg_-1024x584.png 1024w, https:\/\/www.pamelatarget.com\/wp-content\/uploads\/2018\/02\/SoundCloud_logo_orange_color_plain.svg_.png 1200w\" sizes=\"auto, (max-width: 300px) 100vw, 300px\" \/><\/a><\/p>\n<p>&nbsp;<\/p>\n<p><a href=\"https:\/\/www.deezer.com\/fr\/episode\/5821038\" target=\"_blank\" rel=\"noopener\"><img loading=\"lazy\" decoding=\"async\" class=\"size-medium wp-image-574 aligncenter\" src=\"https:\/\/www.pamelatarget.com\/wp-content\/uploads\/2018\/02\/deezer-logo-300x168.png\" alt=\"\" width=\"300\" height=\"168\" \/><\/a><\/p>\n","protected":false},"excerpt":{"rendered":"<p>PTS01E25 : Entubons-le \u00e0 la Dr House Les m\u00e9thodes peu conventionnelles \u00e0 la Dr House sont parfois n\u00e9cessaires pour r\u00e9soudre un cas m\u00e9dical inattendu. C&rsquo;est justement ce que Bruce l&rsquo;\u00e9meu va exp\u00e9rimenter \u00e0 son insu. Branche tes \u00e9couteurs et Bim ! Lance la lecture : &nbsp; &nbsp; &nbsp; Pour ne pas rater les prochains \u00e9pisodes [&hellip;]<\/p>\n","protected":false},"author":1,"featured_media":1093,"parent":0,"menu_order":0,"comment_status":"closed","ping_status":"closed","template":"","meta":{"footnotes":""},"class_list":["post-1094","page","type-page","status-publish","has-post-thumbnail","hentry"],"_links":{"self":[{"href":"https:\/\/www.pamelatarget.com\/index.php\/wp-json\/wp\/v2\/pages\/1094","targetHints":{"allow":["GET"]}}],"collection":[{"href":"https:\/\/www.pamelatarget.com\/index.php\/wp-json\/wp\/v2\/pages"}],"about":[{"href":"https:\/\/www.pamelatarget.com\/index.php\/wp-json\/wp\/v2\/types\/page"}],"author":[{"embeddable":true,"href":"https:\/\/www.pamelatarget.com\/index.php\/wp-json\/wp\/v2\/users\/1"}],"replies":[{"embeddable":true,"href":"https:\/\/www.pamelatarget.com\/index.php\/wp-json\/wp\/v2\/comments?post=1094"}],"version-history":[{"count":10,"href":"https:\/\/www.pamelatarget.com\/index.php\/wp-json\/wp\/v2\/pages\/1094\/revisions"}],"predecessor-version":[{"id":1402,"href":"https:\/\/www.pamelatarget.com\/index.php\/wp-json\/wp\/v2\/pages\/1094\/revisions\/1402"}],"wp:featuredmedia":[{"embeddable":true,"href":"https:\/\/www.pamelatarget.com\/index.php\/wp-json\/wp\/v2\/media\/1093"}],"wp:attachment":[{"href":"https:\/\/www.pamelatarget.com\/index.php\/wp-json\/wp\/v2\/media?parent=1094"}],"curies":[{"name":"wp","href":"https:\/\/api.w.org\/{rel}","templated":true}]}}