{"id":1087,"date":"2018-09-12T17:43:18","date_gmt":"2018-09-12T15:43:18","guid":{"rendered":"https:\/\/www.pamelatarget.com\/?page_id=1087"},"modified":"2018-09-23T18:08:51","modified_gmt":"2018-09-23T16:08:51","slug":"pts01e24-credits","status":"publish","type":"page","link":"https:\/\/www.pamelatarget.com\/index.php\/pts01e24-credits\/","title":{"rendered":"PTS01E24 -URGENCES : ALERTE EPIDEMIE"},"content":{"rendered":"<h3 style=\"text-align: center;\"><strong>PTS01E24 : URGENCES: ALERTE EPIDEMIE<\/strong><\/h3>\n<p style=\"text-align: center;\"><em>Des malades toujours plus nombreux affluent aux Urgences de l\u2019arche\u00a0! Face \u00e0 cette vague \u00e9pid\u00e9mique, les robots, impuissants, vont \u00eatre oblig\u00e9s de rappeler le docteur Charwin, en plein voyage d\u2019affaires.<\/em><\/p>\n<p style=\"text-align: center;\">Branche tes \u00e9couteurs et Bim ! Lance la lecture :<\/p>\n<p>&nbsp;<\/p>\n<p><iframe loading=\"lazy\" src=\"https:\/\/w.soundcloud.com\/player\/?url=https%3A\/\/api.soundcloud.com\/tracks\/498859347&amp;color=%23ff5500&amp;auto_play=false&amp;hide_related=false&amp;show_comments=true&amp;show_user=true&amp;show_reposts=false&amp;show_teaser=true\" width=\"100%\" height=\"166\" frameborder=\"no\" scrolling=\"no\" data-mce-fragment=\"1\"><\/iframe><\/p>\n<p style=\"text-align: center;\">Pour ne pas rater les prochains \u00e9pisodes et si tu n&rsquo;es pas encore abonn\u00e9,<\/p>\n<p style=\"text-align: center;\">c&rsquo;est ici<span style=\"color: #800080;\"><strong> <a style=\"color: #800080;\" href=\"https:\/\/www.pamelatarget.com\/index.php\/vip-club\/\">CLUB VIP PAMELA TARGET<\/a>\u00a0<\/strong><\/span><\/p>\n<h3><img loading=\"lazy\" decoding=\"async\" class=\"aligncenter size-medium wp-image-1085\" src=\"https:\/\/www.pamelatarget.com\/wp-content\/uploads\/2018\/09\/POCHETTE-PT-S01E24-soundcloud-300x300.png\" alt=\"\" width=\"300\" height=\"300\" \/><\/h3>\n<h3><strong>\u00a0CREDITS<\/strong><\/h3>\n<p><strong>Ecrit par<\/strong> Katia Grivot, David Neau et Pascal Senicourt<\/p>\n<p><strong>R\u00e9alis\u00e9, mont\u00e9 et mix\u00e9<\/strong> <strong>par<\/strong> Katia Grivot<\/p>\n<p><strong>Anim\u00e9 pour Youtube par<\/strong> Pascal Senicourt<\/p>\n<p><strong>Musiques <\/strong><\/p>\n<p>G\u00e9n\u00e9rique: Domingo Olmo Martin<\/p>\n<p>Musique : White hats de\u00a0Wayne Jones<\/p>\n<p>&nbsp;<\/p>\n<p>&nbsp;<\/p>\n<h6><strong>Par ordre d\u2019apparition<\/strong><\/h6>\n<p>Robot FAYO : David Neau<\/p>\n<p>Robot autre : Pascal Senicourt<\/p>\n<p>Ally l&rsquo;ordinateur central : Katia Grivot<\/p>\n<p>Darryl Charwin : Pascal Senicourt<\/p>\n<p>Bruce l&rsquo;\u00e9meu: David Chamalet<\/p>\n<p>&nbsp;<\/p>\n<p>Dans cet e\u0301pisode de nombreux sons sont tire\u0301s de Freesound. Voici l\u2019ensemble des cre\u0301dits concerne\u0301s :<\/p>\n<ul>\n<li>S:\u00a0<a href=\"https:\/\/freesound.org\/people\/InspectorJ\/sounds\/420878\/\" target=\"_blank\" rel=\"noopener\" data-saferedirecturl=\"https:\/\/www.google.com\/url?q=https:\/\/freesound.org\/people\/InspectorJ\/sounds\/420878\/&amp;source=gmail&amp;ust=1536918778762000&amp;usg=AFQjCNHpTdBecCX7lzZCVqic34aoD5UGIA\">Digging, Ice, Hammer, A.wav<\/a>\u00a0by\u00a0<a href=\"https:\/\/freesound.org\/people\/InspectorJ\/\" target=\"_blank\" rel=\"noopener\" data-saferedirecturl=\"https:\/\/www.google.com\/url?q=https:\/\/freesound.org\/people\/InspectorJ\/&amp;source=gmail&amp;ust=1536918778762000&amp;usg=AFQjCNFE16WxPeKeiuqfxfoicrAi-wlf1w\">InspectorJ<\/a>\u00a0|\u00a0License:<wbr \/>\u00a0Attribution<\/li>\n<li>S:\u00a0<a href=\"https:\/\/freesound.org\/people\/Caitlin_100\/sounds\/398396\/\" target=\"_blank\" rel=\"noopener\" data-saferedirecturl=\"https:\/\/www.google.com\/url?q=https:\/\/freesound.org\/people\/Caitlin_100\/sounds\/398396\/&amp;source=gmail&amp;ust=1536918778762000&amp;usg=AFQjCNFCqPGhLPaSyyEoVbbQdBlGBKfvAQ\">Knife scrape<\/a>\u00a0by\u00a0<a href=\"https:\/\/freesound.org\/people\/Caitlin_100\/\" target=\"_blank\" rel=\"noopener\" data-saferedirecturl=\"https:\/\/www.google.com\/url?q=https:\/\/freesound.org\/people\/Caitlin_100\/&amp;source=gmail&amp;ust=1536918778762000&amp;usg=AFQjCNFP7WTce5qAX1tJgXk8tL59Bvj4Eg\">Caitlin_100<\/a>\u00a0|\u00a0Licens<wbr \/>e:\u00a0Creative Commons 0<\/li>\n<li>S:\u00a0<a href=\"https:\/\/freesound.org\/people\/Jeanet_Henning\/sounds\/328908\/\" target=\"_blank\" rel=\"noopener\" data-saferedirecturl=\"https:\/\/www.google.com\/url?q=https:\/\/freesound.org\/people\/Jeanet_Henning\/sounds\/328908\/&amp;source=gmail&amp;ust=1536918778762000&amp;usg=AFQjCNHWSiMm73hiTb7nGu7RttQuMYqDkQ\">Vacuum cleaner.wav<\/a>\u00a0by\u00a0<a href=\"https:\/\/freesound.org\/people\/Jeanet_Henning\/\" target=\"_blank\" rel=\"noopener\" data-saferedirecturl=\"https:\/\/www.google.com\/url?q=https:\/\/freesound.org\/people\/Jeanet_Henning\/&amp;source=gmail&amp;ust=1536918778762000&amp;usg=AFQjCNGtQAWIIbHg_OQjpV9Mt3fhb4DP1Q\">Jeanet_Henning<\/a>\u00a0<wbr \/>|\u00a0License:\u00a0Attribution Noncommercial<\/li>\n<li>S:\u00a0<a href=\"https:\/\/freesound.org\/people\/wolick\/sounds\/191852\/\" target=\"_blank\" rel=\"noopener\" data-saferedirecturl=\"https:\/\/www.google.com\/url?q=https:\/\/freesound.org\/people\/wolick\/sounds\/191852\/&amp;source=gmail&amp;ust=1536918778762000&amp;usg=AFQjCNH4cLYPwjODjTNJrKcuDBs0VGfuag\">Kaiju Lab Interior Ambience #1.wav<\/a>\u00a0by\u00a0<a href=\"https:\/\/freesound.org\/people\/wolick\/\" target=\"_blank\" rel=\"noopener\" data-saferedirecturl=\"https:\/\/www.google.com\/url?q=https:\/\/freesound.org\/people\/wolick\/&amp;source=gmail&amp;ust=1536918778762000&amp;usg=AFQjCNFN13XduqKrZASh-Z_aMKS-fHZm-A\">wolick<\/a>\u00a0|\u00a0License:\u00a0Cr<wbr \/>eative Commons 0<\/li>\n<li>S:\u00a0<a href=\"https:\/\/freesound.org\/people\/unfa\/sounds\/183265\/\" target=\"_blank\" rel=\"noopener\" data-saferedirecturl=\"https:\/\/www.google.com\/url?q=https:\/\/freesound.org\/people\/unfa\/sounds\/183265\/&amp;source=gmail&amp;ust=1536918778762000&amp;usg=AFQjCNEj4TTndQxaGF4qaXKvRAUWbKytxQ\">Beatbox Explosion Take 1<\/a>\u00a0by\u00a0<a href=\"https:\/\/freesound.org\/people\/unfa\/\" target=\"_blank\" rel=\"noopener\" data-saferedirecturl=\"https:\/\/www.google.com\/url?q=https:\/\/freesound.org\/people\/unfa\/&amp;source=gmail&amp;ust=1536918778762000&amp;usg=AFQjCNHXANb1NYR4nPnb8lk42S6qZ5cBag\">unfa<\/a>\u00a0|\u00a0License:\u00a0Attributi<wbr \/>on<\/li>\n<li>S:\u00a0<a href=\"https:\/\/freesound.org\/people\/Brotherprovisional\/sounds\/42035\/\" target=\"_blank\" rel=\"noopener\" data-saferedirecturl=\"https:\/\/www.google.com\/url?q=https:\/\/freesound.org\/people\/Brotherprovisional\/sounds\/42035\/&amp;source=gmail&amp;ust=1536918778762000&amp;usg=AFQjCNGLSvZ5a419DbE-NDIIySWoitzLwQ\">latex glove1.2.aiff<\/a>\u00a0by\u00a0<a href=\"https:\/\/freesound.org\/people\/Brotherprovisional\/\" target=\"_blank\" rel=\"noopener\" data-saferedirecturl=\"https:\/\/www.google.com\/url?q=https:\/\/freesound.org\/people\/Brotherprovisional\/&amp;source=gmail&amp;ust=1536918778762000&amp;usg=AFQjCNHzk4-zqPt-UF32zdeVaZZLVPTmTw\">Brotherprovis<wbr \/>ional<\/a>\u00a0|\u00a0License:\u00a0Attribution<\/li>\n<li>S:\u00a0<a href=\"https:\/\/freesound.org\/people\/themfish\/sounds\/34200\/\" target=\"_blank\" rel=\"noopener\" data-saferedirecturl=\"https:\/\/www.google.com\/url?q=https:\/\/freesound.org\/people\/themfish\/sounds\/34200\/&amp;source=gmail&amp;ust=1536918778762000&amp;usg=AFQjCNHvF8LR0HLanSHd3BVJPUJcX0Cb0w\">bamf.wav<\/a>\u00a0by\u00a0<a href=\"https:\/\/freesound.org\/people\/themfish\/\" target=\"_blank\" rel=\"noopener\" data-saferedirecturl=\"https:\/\/www.google.com\/url?q=https:\/\/freesound.org\/people\/themfish\/&amp;source=gmail&amp;ust=1536918778762000&amp;usg=AFQjCNEZlz22nPZ15PqHmVrritivXDdKHQ\">themfish<\/a>\u00a0|\u00a0Lice<wbr \/>nse:\u00a0Attribution<\/li>\n<li>S:\u00a0<a href=\"https:\/\/freesound.org\/people\/Gniffelbaf\/sounds\/82116\/\" target=\"_blank\" rel=\"noopener\" data-saferedirecturl=\"https:\/\/www.google.com\/url?q=https:\/\/freesound.org\/people\/Gniffelbaf\/sounds\/82116\/&amp;source=gmail&amp;ust=1536918778762000&amp;usg=AFQjCNEBkgT26POmwB9AKaLhLcyhIS4obQ\">Balloon-Burst-04.wav<\/a>\u00a0by\u00a0<a href=\"https:\/\/freesound.org\/people\/Gniffelbaf\/\" target=\"_blank\" rel=\"noopener\" data-saferedirecturl=\"https:\/\/www.google.com\/url?q=https:\/\/freesound.org\/people\/Gniffelbaf\/&amp;source=gmail&amp;ust=1536918778762000&amp;usg=AFQjCNE7Ye3zZ2kK-gVnGHSC168BEHhKQQ\">Gni<wbr \/>ffelbaf<\/a>\u00a0|\u00a0License:\u00a0Creative Commons 0<\/li>\n<li>S:\u00a0<a href=\"https:\/\/freesound.org\/people\/ArnyDnD\/sounds\/232957\/\" target=\"_blank\" rel=\"noopener\" data-saferedirecturl=\"https:\/\/www.google.com\/url?q=https:\/\/freesound.org\/people\/ArnyDnD\/sounds\/232957\/&amp;source=gmail&amp;ust=1536918778762000&amp;usg=AFQjCNGBTNKCf4uH6CTkgdnzXBzCSCLcMg\">AutomaticDoor.wav<\/a>\u00a0by\u00a0<a href=\"https:\/\/freesound.org\/people\/ArnyDnD\/\" target=\"_blank\" rel=\"noopener\" data-saferedirecturl=\"https:\/\/www.google.com\/url?q=https:\/\/freesound.org\/people\/ArnyDnD\/&amp;source=gmail&amp;ust=1536918778762000&amp;usg=AFQjCNFDYYqnzkPldt4ZUEsp4qVtX1eESQ\">ArnyDn<wbr \/>D<\/a>\u00a0|\u00a0License:\u00a0Creative Commons<\/li>\n<li>S:\u00a0<a href=\"https:\/\/freesound.org\/people\/puZZelZ\/sounds\/408876\/\" target=\"_blank\" rel=\"noopener\" data-saferedirecturl=\"https:\/\/www.google.com\/url?q=https:\/\/freesound.org\/people\/puZZelZ\/sounds\/408876\/&amp;source=gmail&amp;ust=1536918778762000&amp;usg=AFQjCNG0k4youcs7RkKj0WLroplRh__xwA\">Ballon Inflating and Balloon Squeeq.wav<\/a>\u00a0by\u00a0<a href=\"https:\/\/freesound.org\/people\/puZZelZ\/\" target=\"_blank\" rel=\"noopener\" data-saferedirecturl=\"https:\/\/www.google.com\/url?q=https:\/\/freesound.org\/people\/puZZelZ\/&amp;source=gmail&amp;ust=1536918778762000&amp;usg=AFQjCNGKe1pIBMBOlTKggo9IFaK7t5mLgg\">puZZelZ<\/a>\u00a0|\u00a0Licens<wbr \/>e:\u00a0Attribution Noncommercial<\/li>\n<\/ul>\n<p>&nbsp;<\/p>\n<p style=\"text-align: center;\">Tu peux aussi choisir un autre moyen d\u2019\u00e9coute. T\u2019inqui\u00e8te, c\u2019est gratuit :<\/p>\n<p><a href=\"https:\/\/itunes.apple.com\/fr\/podcast\/pamela-target-saison-1\/id1347089265?mt=2\" target=\"_blank\" rel=\"noopener\"><img loading=\"lazy\" decoding=\"async\" class=\"size-medium wp-image-479 aligncenter\" src=\"https:\/\/www.pamelatarget.com\/wp-content\/uploads\/2018\/02\/Get_it_on_iTunes_Badge_FR_1114-300x109.png\" alt=\"\" width=\"300\" height=\"109\" srcset=\"https:\/\/www.pamelatarget.com\/wp-content\/uploads\/2018\/02\/Get_it_on_iTunes_Badge_FR_1114-300x109.png 300w, https:\/\/www.pamelatarget.com\/wp-content\/uploads\/2018\/02\/Get_it_on_iTunes_Badge_FR_1114-768x279.png 768w, https:\/\/www.pamelatarget.com\/wp-content\/uploads\/2018\/02\/Get_it_on_iTunes_Badge_FR_1114-1024x372.png 1024w, https:\/\/www.pamelatarget.com\/wp-content\/uploads\/2018\/02\/Get_it_on_iTunes_Badge_FR_1114.png 1194w\" sizes=\"auto, (max-width: 300px) 100vw, 300px\" \/><\/a><\/p>\n<p>&nbsp;<\/p>\n<p>&nbsp;<\/p>\n<p><a href=\"https:\/\/soundcloud.com\/user-149328996\/pts01e24-urgences-alerte-epidemie\" target=\"_blank\" rel=\"noopener\"><img loading=\"lazy\" decoding=\"async\" class=\"size-medium wp-image-477 aligncenter\" src=\"https:\/\/www.pamelatarget.com\/wp-content\/uploads\/2018\/02\/SoundCloud_logo_orange_color_plain.svg_-300x171.png\" alt=\"\" width=\"300\" height=\"171\" srcset=\"https:\/\/www.pamelatarget.com\/wp-content\/uploads\/2018\/02\/SoundCloud_logo_orange_color_plain.svg_-300x171.png 300w, https:\/\/www.pamelatarget.com\/wp-content\/uploads\/2018\/02\/SoundCloud_logo_orange_color_plain.svg_-768x438.png 768w, https:\/\/www.pamelatarget.com\/wp-content\/uploads\/2018\/02\/SoundCloud_logo_orange_color_plain.svg_-1024x584.png 1024w, https:\/\/www.pamelatarget.com\/wp-content\/uploads\/2018\/02\/SoundCloud_logo_orange_color_plain.svg_.png 1200w\" sizes=\"auto, (max-width: 300px) 100vw, 300px\" \/><\/a><\/p>\n<p>&nbsp;<\/p>\n<p><a href=\"https:\/\/www.deezer.com\/fr\/episode\/5783164\" target=\"_blank\" rel=\"noopener\"><img loading=\"lazy\" decoding=\"async\" class=\"size-medium wp-image-574 aligncenter\" src=\"https:\/\/www.pamelatarget.com\/wp-content\/uploads\/2018\/02\/deezer-logo-300x168.png\" alt=\"\" width=\"300\" height=\"168\" \/><\/a><\/p>\n","protected":false},"excerpt":{"rendered":"<p>PTS01E24 : URGENCES: ALERTE EPIDEMIE Des malades toujours plus nombreux affluent aux Urgences de l\u2019arche\u00a0! Face \u00e0 cette vague \u00e9pid\u00e9mique, les robots, impuissants, vont \u00eatre oblig\u00e9s de rappeler le docteur Charwin, en plein voyage d\u2019affaires. Branche tes \u00e9couteurs et Bim ! Lance la lecture : &nbsp; Pour ne pas rater les prochains \u00e9pisodes et si [&hellip;]<\/p>\n","protected":false},"author":1,"featured_media":1085,"parent":0,"menu_order":0,"comment_status":"closed","ping_status":"closed","template":"","meta":{"footnotes":""},"class_list":["post-1087","page","type-page","status-publish","has-post-thumbnail","hentry"],"_links":{"self":[{"href":"https:\/\/www.pamelatarget.com\/index.php\/wp-json\/wp\/v2\/pages\/1087","targetHints":{"allow":["GET"]}}],"collection":[{"href":"https:\/\/www.pamelatarget.com\/index.php\/wp-json\/wp\/v2\/pages"}],"about":[{"href":"https:\/\/www.pamelatarget.com\/index.php\/wp-json\/wp\/v2\/types\/page"}],"author":[{"embeddable":true,"href":"https:\/\/www.pamelatarget.com\/index.php\/wp-json\/wp\/v2\/users\/1"}],"replies":[{"embeddable":true,"href":"https:\/\/www.pamelatarget.com\/index.php\/wp-json\/wp\/v2\/comments?post=1087"}],"version-history":[{"count":13,"href":"https:\/\/www.pamelatarget.com\/index.php\/wp-json\/wp\/v2\/pages\/1087\/revisions"}],"predecessor-version":[{"id":1278,"href":"https:\/\/www.pamelatarget.com\/index.php\/wp-json\/wp\/v2\/pages\/1087\/revisions\/1278"}],"wp:featuredmedia":[{"embeddable":true,"href":"https:\/\/www.pamelatarget.com\/index.php\/wp-json\/wp\/v2\/media\/1085"}],"wp:attachment":[{"href":"https:\/\/www.pamelatarget.com\/index.php\/wp-json\/wp\/v2\/media?parent=1087"}],"curies":[{"name":"wp","href":"https:\/\/api.w.org\/{rel}","templated":true}]}}