{"id":1068,"date":"2018-07-25T16:04:06","date_gmt":"2018-07-25T14:04:06","guid":{"rendered":"https:\/\/www.pamelatarget.com\/?page_id=1068"},"modified":"2018-09-23T18:03:53","modified_gmt":"2018-09-23T16:03:53","slug":"pts01e22-credits","status":"publish","type":"page","link":"https:\/\/www.pamelatarget.com\/index.php\/pts01e22-credits\/","title":{"rendered":"PTS01E22 &#8211; Une mousse au chocolat fa\u00e7on Super Size Me"},"content":{"rendered":"<h3 style=\"text-align: center;\"><strong>PTS01E22 : Une mousse au chocolat fa\u00e7on Super Size Me<\/strong><\/h3>\n<p style=\"text-align: center;\"><em>Attention ! L\u2019abus de chocolat peut avoir des cons\u00e9quences\u2026 explosives ! <\/em><em>Les membres du Conseil de l&rsquo;Arche, fraichement \u00e9lus, vont vite comprendre qu&rsquo;on ne rigole pas avec Peter Pan Pan le Lapin, <\/em><em>surtout quand il se pointe avec sa mousse au chocolat ?!?\u00a0\u00a0<\/em><em>Vous en voulez plus ? LUI AUSSI !<\/em><\/p>\n<p style=\"text-align: center;\">Branche tes \u00e9couteurs et Bim ! Lance la lecture :<\/p>\n<p>&nbsp;<\/p>\n<p><iframe loading=\"lazy\" src=\"https:\/\/w.soundcloud.com\/player\/?url=https%3A\/\/api.soundcloud.com\/tracks\/492765543&amp;color=%23ff5500&amp;auto_play=false&amp;hide_related=false&amp;show_comments=true&amp;show_user=true&amp;show_reposts=false&amp;show_teaser=true\" width=\"100%\" height=\"166\" frameborder=\"no\" scrolling=\"no\"><\/iframe><\/p>\n<p style=\"text-align: center;\">Pour ne pas rater les prochains \u00e9pisodes et si tu n&rsquo;es pas encore abonn\u00e9,<\/p>\n<p style=\"text-align: center;\">c&rsquo;est ici<span style=\"color: #800080;\"><strong> <a style=\"color: #800080;\" href=\"https:\/\/www.pamelatarget.com\/index.php\/vip-club\/\">CLUB VIP PAMELA TARGET<\/a>\u00a0<\/strong><\/span><\/p>\n<p><img loading=\"lazy\" decoding=\"async\" class=\"size-medium wp-image-1071 aligncenter\" src=\"https:\/\/www.pamelatarget.com\/wp-content\/uploads\/2018\/08\/POCHETTE-PT-S01E22-soundcloud-300x300.png\" alt=\"\" width=\"300\" height=\"300\" srcset=\"https:\/\/www.pamelatarget.com\/wp-content\/uploads\/2018\/08\/POCHETTE-PT-S01E22-soundcloud-300x300.png 300w, https:\/\/www.pamelatarget.com\/wp-content\/uploads\/2018\/08\/POCHETTE-PT-S01E22-soundcloud-150x150.png 150w, https:\/\/www.pamelatarget.com\/wp-content\/uploads\/2018\/08\/POCHETTE-PT-S01E22-soundcloud-768x768.png 768w, https:\/\/www.pamelatarget.com\/wp-content\/uploads\/2018\/08\/POCHETTE-PT-S01E22-soundcloud-1024x1024.png 1024w\" sizes=\"auto, (max-width: 300px) 100vw, 300px\" \/><\/p>\n<p>&nbsp;<\/p>\n<h3>\u00a0<strong>CREDITS<\/strong><\/h3>\n<p><strong>Ecrit par<\/strong> Katia Grivot, David Neau et Pascal Senicourt<\/p>\n<p><strong>R\u00e9alis\u00e9, mont\u00e9 et mix\u00e9<\/strong> <strong>par<\/strong> Katia Grivot<\/p>\n<p><strong>Anim\u00e9 pour Youtube par<\/strong> Pascal Senicourt<\/p>\n<p><strong>Musiques <\/strong><\/p>\n<p>g\u00e9n\u00e9riques\u00a0par Domingo Olmo Martin<\/p>\n<div>musique : Hang for Days by Silent Partner<\/div>\n<div><\/div>\n<h6><\/h6>\n<h6><strong>Par ordre d\u2019apparition<\/strong><\/h6>\n<p>Titus le Tigre : <a href=\"https:\/\/www.facebook.com\/regis.chaussard\" target=\"_blank\" rel=\"noopener\">R\u00e9gis Chaussard<\/a><\/p>\n<p>Victoria la Tortue : <a href=\"https:\/\/www.facebook.com\/noemie.bousquainaudcomedienne\" target=\"_blank\" rel=\"noopener\">No\u00e9mie Bousquainaud<\/a><\/p>\n<p>Korragen le corbeau : <a href=\"https:\/\/www.facebook.com\/frans.boyer\" target=\"_blank\" rel=\"noopener\">Frans Boyer<\/a><\/p>\n<p>Peter Pan Pan : Domingo Olmo Martin<\/p>\n<p>Julius Washington le Hamster : Domingo Olmo Martin<\/p>\n<div><\/div>\n<div><\/div>\n<div><\/div>\n<p>Dans cet e\u0301pisode de nombreux sons sont tire\u0301s de Freesound. Voici l\u2019ensemble des cre\u0301dits concerne\u0301s :<\/p>\n<p>S: <a href=\"https:\/\/freesound.org\/people\/Robinhood76\/sounds\/64628\/\" target=\"_blank\" rel=\"noopener\">00676 baloon bouncing 1.wav<\/a> by <a href=\"https:\/\/freesound.org\/people\/Robinhood76\/\" target=\"_blank\" rel=\"noopener\">Robinhood76<\/a> | License: Attribution Noncommercial<\/p>\n<p>S: <a href=\"https:\/\/freesound.org\/people\/duckduckpony\/sounds\/204016\/\" target=\"_blank\" rel=\"noopener\">Clothing_ShirtsandPants_Rustling.wav<\/a> by <a href=\"https:\/\/freesound.org\/people\/duckduckpony\/\" target=\"_blank\" rel=\"noopener\">duckduckpony<\/a> | License: Attribution<\/p>\n<p>S: <a href=\"https:\/\/freesound.org\/people\/hyo\/sounds\/296\/\" target=\"_blank\" rel=\"noopener\">globo02.aiff<\/a> by <a href=\"https:\/\/freesound.org\/people\/hyo\/\" target=\"_blank\" rel=\"noopener\">hyo<\/a> | License: Attribution<\/p>\n<p>S: <a href=\"https:\/\/freesound.org\/people\/Huminaatio\/sounds\/266979\/\" target=\"_blank\" rel=\"noopener\">Balloon rubbing<\/a> by <a href=\"https:\/\/freesound.org\/people\/Huminaatio\/\" target=\"_blank\" rel=\"noopener\">Huminaatio<\/a> | License: Creative Commons 0<\/p>\n<p>S: <a href=\"https:\/\/freesound.org\/people\/Terhen\/sounds\/234186\/\" target=\"_blank\" rel=\"noopener\">Balloon_Inflate_6.wav<\/a> by <a href=\"https:\/\/freesound.org\/people\/Terhen\/\" target=\"_blank\" rel=\"noopener\">Terhen<\/a> | License: Attribution<\/p>\n<p>S: <a href=\"https:\/\/freesound.org\/people\/fkurz\/sounds\/197719\/\" target=\"_blank\" rel=\"noopener\">big stopwatch.wav<\/a> by <a href=\"https:\/\/freesound.org\/people\/fkurz\/\" target=\"_blank\" rel=\"noopener\">fkurz<\/a> | License: Creative Commons 0<\/p>\n<p>S: <a href=\"https:\/\/freesound.org\/people\/Johnyfer\/sounds\/397243\/\" target=\"_blank\" rel=\"noopener\">Stopwatch.wav<\/a> by <a href=\"https:\/\/freesound.org\/people\/Johnyfer\/\" target=\"_blank\" rel=\"noopener\">Johnyfer<\/a> | License: Creative Commons 0<\/p>\n<p>S: <a href=\"https:\/\/freesound.org\/people\/zerolagtime\/sounds\/70071\/\" target=\"_blank\" rel=\"noopener\">gavel-triplemad.flac<\/a> by <a href=\"https:\/\/freesound.org\/people\/zerolagtime\/\" target=\"_blank\" rel=\"noopener\">zerolagtime<\/a> | License: Attribution<\/p>\n<p>&nbsp;<\/p>\n<p align=\"left\"><strong>Vignette<\/strong> :<\/p>\n<div>Icons made by <a title=\"Vectors Market\" href=\"https:\/\/www.flaticon.com\/authors\/vectors-market\" target=\"_blank\" rel=\"noopener\">Vectors Market<\/a> from <a title=\"Flaticon\" href=\"https:\/\/www.flaticon.com\/\" target=\"_blank\" rel=\"noopener\">www.flaticon.com<\/a> is licensed by <a title=\"Creative Commons BY 3.0\" href=\"http:\/\/creativecommons.org\/licenses\/by\/3.0\/\" target=\"_blank\" rel=\"noopener\">CC 3.0 BY<\/a><\/div>\n<div><\/div>\n<div>\n<p>&nbsp;<\/p>\n<p style=\"text-align: center;\">Tu peux aussi choisir un autre moyen d\u2019\u00e9coute. T\u2019inqui\u00e8te, c\u2019est gratuit :<\/p>\n<p><a href=\"https:\/\/itunes.apple.com\/fr\/podcast\/pamela-target-saison-1\/id1347089265?mt=2\" target=\"_blank\" rel=\"noopener\"><img loading=\"lazy\" decoding=\"async\" class=\"size-medium wp-image-479 aligncenter\" src=\"https:\/\/www.pamelatarget.com\/wp-content\/uploads\/2018\/02\/Get_it_on_iTunes_Badge_FR_1114-300x109.png\" alt=\"\" width=\"300\" height=\"109\" srcset=\"https:\/\/www.pamelatarget.com\/wp-content\/uploads\/2018\/02\/Get_it_on_iTunes_Badge_FR_1114-300x109.png 300w, https:\/\/www.pamelatarget.com\/wp-content\/uploads\/2018\/02\/Get_it_on_iTunes_Badge_FR_1114-768x279.png 768w, https:\/\/www.pamelatarget.com\/wp-content\/uploads\/2018\/02\/Get_it_on_iTunes_Badge_FR_1114-1024x372.png 1024w, https:\/\/www.pamelatarget.com\/wp-content\/uploads\/2018\/02\/Get_it_on_iTunes_Badge_FR_1114.png 1194w\" sizes=\"auto, (max-width: 300px) 100vw, 300px\" \/><\/a><\/p>\n<p><a href=\"https:\/\/soundcloud.com\/user-149328996\/pts01e22-facon_supersize_me\" target=\"_blank\" rel=\"noopener\"><img loading=\"lazy\" decoding=\"async\" class=\"size-medium wp-image-477 aligncenter\" src=\"https:\/\/www.pamelatarget.com\/wp-content\/uploads\/2018\/02\/SoundCloud_logo_orange_color_plain.svg_-300x171.png\" alt=\"\" width=\"300\" height=\"171\" srcset=\"https:\/\/www.pamelatarget.com\/wp-content\/uploads\/2018\/02\/SoundCloud_logo_orange_color_plain.svg_-300x171.png 300w, https:\/\/www.pamelatarget.com\/wp-content\/uploads\/2018\/02\/SoundCloud_logo_orange_color_plain.svg_-768x438.png 768w, https:\/\/www.pamelatarget.com\/wp-content\/uploads\/2018\/02\/SoundCloud_logo_orange_color_plain.svg_-1024x584.png 1024w, https:\/\/www.pamelatarget.com\/wp-content\/uploads\/2018\/02\/SoundCloud_logo_orange_color_plain.svg_.png 1200w\" sizes=\"auto, (max-width: 300px) 100vw, 300px\" \/><\/a><\/p>\n<p>&nbsp;<\/p>\n<p><a href=\"https:\/\/www.deezer.com\/fr\/episode\/5712935\" target=\"_blank\" rel=\"noopener\"><img loading=\"lazy\" decoding=\"async\" class=\"size-medium wp-image-574 aligncenter\" src=\"https:\/\/www.pamelatarget.com\/wp-content\/uploads\/2018\/02\/deezer-logo-300x168.png\" alt=\"\" width=\"300\" height=\"168\" \/><\/a><\/p>\n<\/div>\n","protected":false},"excerpt":{"rendered":"<p>PTS01E22 : Une mousse au chocolat fa\u00e7on Super Size Me Attention ! L\u2019abus de chocolat peut avoir des cons\u00e9quences\u2026 explosives ! Les membres du Conseil de l&rsquo;Arche, fraichement \u00e9lus, vont vite comprendre qu&rsquo;on ne rigole pas avec Peter Pan Pan le Lapin, surtout quand il se pointe avec sa mousse au chocolat ?!?\u00a0\u00a0Vous en voulez [&hellip;]<\/p>\n","protected":false},"author":3,"featured_media":1071,"parent":0,"menu_order":0,"comment_status":"closed","ping_status":"closed","template":"","meta":{"footnotes":""},"class_list":["post-1068","page","type-page","status-publish","has-post-thumbnail","hentry"],"_links":{"self":[{"href":"https:\/\/www.pamelatarget.com\/index.php\/wp-json\/wp\/v2\/pages\/1068","targetHints":{"allow":["GET"]}}],"collection":[{"href":"https:\/\/www.pamelatarget.com\/index.php\/wp-json\/wp\/v2\/pages"}],"about":[{"href":"https:\/\/www.pamelatarget.com\/index.php\/wp-json\/wp\/v2\/types\/page"}],"author":[{"embeddable":true,"href":"https:\/\/www.pamelatarget.com\/index.php\/wp-json\/wp\/v2\/users\/3"}],"replies":[{"embeddable":true,"href":"https:\/\/www.pamelatarget.com\/index.php\/wp-json\/wp\/v2\/comments?post=1068"}],"version-history":[{"count":12,"href":"https:\/\/www.pamelatarget.com\/index.php\/wp-json\/wp\/v2\/pages\/1068\/revisions"}],"predecessor-version":[{"id":1272,"href":"https:\/\/www.pamelatarget.com\/index.php\/wp-json\/wp\/v2\/pages\/1068\/revisions\/1272"}],"wp:featuredmedia":[{"embeddable":true,"href":"https:\/\/www.pamelatarget.com\/index.php\/wp-json\/wp\/v2\/media\/1071"}],"wp:attachment":[{"href":"https:\/\/www.pamelatarget.com\/index.php\/wp-json\/wp\/v2\/media?parent=1068"}],"curies":[{"name":"wp","href":"https:\/\/api.w.org\/{rel}","templated":true}]}}