{"id":1002,"date":"2018-07-05T10:28:10","date_gmt":"2018-07-05T08:28:10","guid":{"rendered":"https:\/\/www.pamelatarget.com\/?page_id=1002"},"modified":"2018-09-23T20:59:41","modified_gmt":"2018-09-23T18:59:41","slug":"pts01hs2-credits","status":"publish","type":"page","link":"https:\/\/www.pamelatarget.com\/index.php\/pts01hs2-credits\/","title":{"rendered":"PTS01 HORS SERIE 2 &#8211; Vous avez un message"},"content":{"rendered":"<h3 style=\"text-align: center;\"><strong>PTS01 HORS SERIE 2 : Vous avez un message<\/strong><\/h3>\n<p style=\"text-align: center;\"><em>Allez vite \u00e9couter le message, auditeurs ador\u00e9s ! Petite Pause pour Pamela target, on revient la semaine prochaine !<\/em><\/p>\n<p style=\"text-align: center;\">Branche tes \u00e9couteurs et Bim ! Lance la lecture :<\/p>\n<p><iframe loading=\"lazy\" src=\"https:\/\/w.soundcloud.com\/player\/?url=https%3A\/\/api.soundcloud.com\/tracks\/467539656&amp;color=%23ff5500&amp;auto_play=false&amp;hide_related=false&amp;show_comments=true&amp;show_user=true&amp;show_reposts=false&amp;show_teaser=true\" width=\"100%\" height=\"166\" frameborder=\"no\" scrolling=\"no\"><\/iframe><\/p>\n<p style=\"text-align: center;\">Pour ne pas rater les prochains \u00e9pisodes et si tu n\u2019es pas encore abonn\u00e9,<\/p>\n<p style=\"text-align: center;\">c\u2019est ici<strong>\u00a0<a href=\"https:\/\/www.pamelatarget.com\/index.php\/vip-club\/\">CLUB VIP PAMELA TARGET<\/a>\u00a0<\/strong><\/p>\n<p><img loading=\"lazy\" decoding=\"async\" class=\"size-medium wp-image-1010 aligncenter\" src=\"https:\/\/www.pamelatarget.com\/wp-content\/uploads\/2018\/07\/Hors-seriekaamelott300-300x300.png\" alt=\"\" width=\"300\" height=\"300\" srcset=\"https:\/\/www.pamelatarget.com\/wp-content\/uploads\/2018\/07\/Hors-seriekaamelott300-300x300.png 300w, https:\/\/www.pamelatarget.com\/wp-content\/uploads\/2018\/07\/Hors-seriekaamelott300-150x150.png 150w, https:\/\/www.pamelatarget.com\/wp-content\/uploads\/2018\/07\/Hors-seriekaamelott300-768x768.png 768w, https:\/\/www.pamelatarget.com\/wp-content\/uploads\/2018\/07\/Hors-seriekaamelott300-1024x1024.png 1024w\" sizes=\"auto, (max-width: 300px) 100vw, 300px\" \/><\/p>\n<p>&nbsp;<\/p>\n<h3><strong>\u00a0CREDITS<\/strong><\/h3>\n<p><strong>Ecrit par<\/strong> Katia Grivot, David Neau et Pascal Senicourt<\/p>\n<p><strong>R\u00e9alis\u00e9, mont\u00e9 et mix\u00e9<\/strong> <strong>par<\/strong> Katia Grivot<\/p>\n<p><strong>Anim\u00e9 pour Youtube par<\/strong> Pascal Senicourt<\/p>\n<p><strong>Musiques <\/strong><\/p>\n<p>g\u00e9n\u00e9riques\u00a0par Domingo Olmo Martin<\/p>\n<div>\n<div class=\"music-attribution license\"><span class=\"attribution_title\">Lord of the Land<\/span> par <span class=\"attribution_artist\">Kevin MacLeod<\/span> est distribu\u00e9 sous la licence <span class=\"attribution_license\">Creative Commons Attribution<\/span> (<a href=\"https:\/\/creativecommons.org\/licenses\/by\/4.0\/\" target=\"blank\" rel=\"noopener\">https:\/\/creativecommons.org\/licenses\/by\/4.0\/<\/a>)<\/div>\n<div class=\"music-attribution track\">Source\u00a0: <a href=\"http:\/\/incompetech.com\/music\/royalty-free\/index.html?isrc=USUAN1400022\" target=\"blank\" rel=\"noopener\">http:\/\/incompetech.com\/music\/royalty-free\/index.html?isrc=USUAN1400022<\/a><\/div>\n<div class=\"music-attribution artist\">Artiste\u00a0: <a href=\"http:\/\/incompetech.com\/\" target=\"blank\" rel=\"noopener\">__url_artiste__<\/a><\/div>\n<\/div>\n<h6><\/h6>\n<h6><strong>Par ordre d\u2019apparition<\/strong><\/h6>\n<p>Paulo le Blaireau : Pascal Senicourt<\/p>\n<p>Giulietta la cochonne : Grika<\/p>\n<p>Ryu le Fugu : David Neau<\/p>\n<p>&nbsp;<\/p>\n<div>\n<div class=\"music-attribution artist\"><strong>Vignette<\/strong> :<\/div>\n<\/div>\n<div>Icons made by <a title=\"Vectors Market\" href=\"https:\/\/www.flaticon.com\/authors\/vectors-market\" target=\"_blank\" rel=\"noopener\">Vectors Market<\/a> from <a title=\"Flaticon\" href=\"https:\/\/www.flaticon.com\/\" target=\"_blank\" rel=\"noopener\">www.flaticon.com<\/a> is licensed by <a title=\"Creative Commons BY 3.0\" href=\"http:\/\/creativecommons.org\/licenses\/by\/3.0\/\" target=\"_blank\" rel=\"noopener\">CC 3.0 BY<\/a><\/div>\n<div>\n<p>&nbsp;<\/p>\n<p style=\"text-align: center;\">Tu peux aussi choisir un autre moyen d\u2019\u00e9coute. T\u2019inqui\u00e8te, c\u2019est gratuit :<\/p>\n<p><a href=\"https:\/\/itunes.apple.com\/fr\/podcast\/pamela-target-saison-1\/id1347089265?mt=2\" target=\"_blank\" rel=\"noopener\"><img loading=\"lazy\" decoding=\"async\" class=\"size-medium wp-image-479 aligncenter\" src=\"https:\/\/www.pamelatarget.com\/wp-content\/uploads\/2018\/02\/Get_it_on_iTunes_Badge_FR_1114-300x109.png\" alt=\"\" width=\"300\" height=\"109\" srcset=\"https:\/\/www.pamelatarget.com\/wp-content\/uploads\/2018\/02\/Get_it_on_iTunes_Badge_FR_1114-300x109.png 300w, https:\/\/www.pamelatarget.com\/wp-content\/uploads\/2018\/02\/Get_it_on_iTunes_Badge_FR_1114-768x279.png 768w, https:\/\/www.pamelatarget.com\/wp-content\/uploads\/2018\/02\/Get_it_on_iTunes_Badge_FR_1114-1024x372.png 1024w, https:\/\/www.pamelatarget.com\/wp-content\/uploads\/2018\/02\/Get_it_on_iTunes_Badge_FR_1114.png 1194w\" sizes=\"auto, (max-width: 300px) 100vw, 300px\" \/><\/a><\/p>\n<p>&nbsp;<\/p>\n<p>&nbsp;<\/p>\n<p><a href=\"https:\/\/soundcloud.com\/user-149328996\/vous-avez-un-message\" target=\"_blank\" rel=\"noopener\"><img loading=\"lazy\" decoding=\"async\" class=\"size-medium wp-image-477 aligncenter\" src=\"https:\/\/www.pamelatarget.com\/wp-content\/uploads\/2018\/02\/SoundCloud_logo_orange_color_plain.svg_-300x171.png\" alt=\"\" width=\"300\" height=\"171\" srcset=\"https:\/\/www.pamelatarget.com\/wp-content\/uploads\/2018\/02\/SoundCloud_logo_orange_color_plain.svg_-300x171.png 300w, https:\/\/www.pamelatarget.com\/wp-content\/uploads\/2018\/02\/SoundCloud_logo_orange_color_plain.svg_-768x438.png 768w, https:\/\/www.pamelatarget.com\/wp-content\/uploads\/2018\/02\/SoundCloud_logo_orange_color_plain.svg_-1024x584.png 1024w, https:\/\/www.pamelatarget.com\/wp-content\/uploads\/2018\/02\/SoundCloud_logo_orange_color_plain.svg_.png 1200w\" sizes=\"auto, (max-width: 300px) 100vw, 300px\" \/><\/a><\/p>\n<p>&nbsp;<\/p>\n<p><a href=\"https:\/\/www.deezer.com\/fr\/show\/56145\" target=\"_blank\" rel=\"noopener\"><img loading=\"lazy\" decoding=\"async\" class=\"size-medium wp-image-574 aligncenter\" src=\"https:\/\/www.pamelatarget.com\/wp-content\/uploads\/2018\/02\/deezer-logo-300x168.png\" alt=\"\" width=\"300\" height=\"168\" \/><\/a><\/p>\n<p>&nbsp;<\/p>\n<\/div>\n<p>&nbsp;<\/p>\n","protected":false},"excerpt":{"rendered":"<p>PTS01 HORS SERIE 2 : Vous avez un message Allez vite \u00e9couter le message, auditeurs ador\u00e9s ! Petite Pause pour Pamela target, on revient la semaine prochaine ! Branche tes \u00e9couteurs et Bim ! Lance la lecture : Pour ne pas rater les prochains \u00e9pisodes et si tu n\u2019es pas encore abonn\u00e9, c\u2019est ici\u00a0CLUB VIP [&hellip;]<\/p>\n","protected":false},"author":3,"featured_media":1010,"parent":0,"menu_order":0,"comment_status":"closed","ping_status":"closed","template":"","meta":{"footnotes":""},"class_list":["post-1002","page","type-page","status-publish","has-post-thumbnail","hentry"],"_links":{"self":[{"href":"https:\/\/www.pamelatarget.com\/index.php\/wp-json\/wp\/v2\/pages\/1002","targetHints":{"allow":["GET"]}}],"collection":[{"href":"https:\/\/www.pamelatarget.com\/index.php\/wp-json\/wp\/v2\/pages"}],"about":[{"href":"https:\/\/www.pamelatarget.com\/index.php\/wp-json\/wp\/v2\/types\/page"}],"author":[{"embeddable":true,"href":"https:\/\/www.pamelatarget.com\/index.php\/wp-json\/wp\/v2\/users\/3"}],"replies":[{"embeddable":true,"href":"https:\/\/www.pamelatarget.com\/index.php\/wp-json\/wp\/v2\/comments?post=1002"}],"version-history":[{"count":8,"href":"https:\/\/www.pamelatarget.com\/index.php\/wp-json\/wp\/v2\/pages\/1002\/revisions"}],"predecessor-version":[{"id":1286,"href":"https:\/\/www.pamelatarget.com\/index.php\/wp-json\/wp\/v2\/pages\/1002\/revisions\/1286"}],"wp:featuredmedia":[{"embeddable":true,"href":"https:\/\/www.pamelatarget.com\/index.php\/wp-json\/wp\/v2\/media\/1010"}],"wp:attachment":[{"href":"https:\/\/www.pamelatarget.com\/index.php\/wp-json\/wp\/v2\/media?parent=1002"}],"curies":[{"name":"wp","href":"https:\/\/api.w.org\/{rel}","templated":true}]}}